{"id":1527,"date":"2024-08-08T16:49:45","date_gmt":"2024-08-08T14:49:45","guid":{"rendered":"https:\/\/blogsaverroes.juntadeandalucia.es\/sanfelipeneri\/?page_id=1527"},"modified":"2025-10-30T13:58:25","modified_gmt":"2025-10-30T12:58:25","slug":"biologia-y-geologia","status":"publish","type":"page","link":"https:\/\/blogsaverroes.juntadeandalucia.es\/sanfelipeneri\/departamentos\/biologia-y-geologia\/","title":{"rendered":"Biolog\u00eda y Geolog\u00eda"},"content":{"rendered":"<p>\u00a1Bienvenidos a la p\u00e1gina web del Departamento de Biolog\u00eda y Geolog\u00eda del IES San Felipe Neri!&nbsp;<\/p>\n<p>En Biolog\u00eda, exploramos los procesos vitales que sustentan la vida, desde el estudio de las c\u00e9lulas hasta la ecolog\u00eda de los ecosistemas. A lo largo del curso, los estudiantes profundizan en temas como la gen\u00e9tica, la evoluci\u00f3n, la anatom\u00eda y fisiolog\u00eda de los seres vivos, y el impacto de los humanos en la biodiversidad. Fomentamos el pensamiento cr\u00edtico y la investigaci\u00f3n cient\u00edfica para que los estudiantes puedan comprender mejor los organismos que habitan nuestro planeta y su interrelaci\u00f3n con el medio ambiente.<\/p>\n<p>En Geolog\u00eda, nos enfocamos en el estudio de la Tierra, sus procesos y su historia. Aprendemos sobre la formaci\u00f3n de rocas, minerales, estructuras geol\u00f3gicas, la din\u00e1mica de las placas tect\u00f3nicas, y fen\u00f3menos como los terremotos y volcanes. Los estudiantes tambi\u00e9n exploran c\u00f3mo los recursos naturales y el relieve terrestre influyen en el desarrollo humano y las implicaciones ambientales de su explotaci\u00f3n.<\/p>\n<p>\u00a1Gracias por visitarnos y te invitamos a sumergirte en el fascinante mundo de la Biolog\u00eda y la Geolog\u00eda con nosotros en el IES San Felipe Neri!<\/p>\n<hr>\n<div class=\"osc-res-tab tabbable   osc-tabs-left\"><div style=\"clear:both;width: 100%;\"><ul class=\"nav osc-res-nav nav-pills osc-tabs-left-ul\" id=\"oscitas-restabs-1-biologia-y-geologia-58615\"><li class=\"active\"><a href=\"#ert_pane1-0\" data-toggle=\"tab\">Profesorado<\/a><\/li><li class=\"\"><a href=\"#ert_pane1-1\" data-toggle=\"tab\">Programaciones <\/a><\/li><li class=\"\"><a href=\"#ert_pane1-2\" data-toggle=\"tab\">Competencias y criterios<\/a><\/li><li class=\"\"><a href=\"#ert_pane1-3\" data-toggle=\"tab\">Otros recursos<\/a><\/li><li class=\"\"><a href=\"#ert_pane1-4\" data-toggle=\"tab\">Noticias<\/a><\/li><\/ul><\/div><div style=\"clear:both;width: 100%;\"><ul class=\"tab-content\" id=\"oscitas-restabcontent-1-biologia-y-geologia-58615\"><li class=\"tab-pane active\" id=\"ert_pane1-0\"><table style=\"width: 99.6725%;height: 250px\" border=\"10px solid rgb(255, 255, 255)\">\n<tbody>\n<tr style=\"height: 36px\">\n<td style=\"background-color: #c5cbe3;border: 10px solid #ffffff;width: 50%;height: 50px;text-align: center\"><strong>S\u00e1nchez Centellas, Daniel<\/strong><\/td>\n<td style=\"background-color: #c5cbe3;border: 10px solid #ffffff;width: 50%;height: 50px;text-align: center\"><strong>Parras Padilla, Mar\u00eda Paz<\/strong><\/td>\n<\/tr>\n<tr class=\"menuContextual snc-row-80\">\n<td class=\"text-left cuerpo1Reducido celdaConEnlaces snc-col-8\" style=\"width: 50%\">\n<div class=\"d-block\" style=\"text-align: center\">\u2709\ufe0f <a href=\"mailto:dsancen855@g.educaand.es\"><span class=\"texto-SNC \">dsancen855@g.educaand.es<\/span><\/a><\/div>\n<\/td>\n<td style=\"background-color: #ffffff;border: 10px solid #ffffff;width: 50%;height: 50px;text-align: center\">\u2709\ufe0f <a href=\"mailto:mparpad019@g.educaand.es\">mparpad019@g.educaand.es<\/a><\/td>\n<\/tr>\n<\/tbody>\n<\/table><\/li><li class=\"tab-pane \" id=\"ert_pane1-1\"><iframe src=\"https:\/\/drive.google.com\/embeddedfolderview?id=1vKttJHgrF0g2985nFt1kJEEvwQ3cvvxP#list\" height=\"600\"><\/iframe><br \/><\/li><li class=\"tab-pane \" id=\"ert_pane1-2\"><iframe src=\"https:\/\/drive.google.com\/embeddedfolderview?id=14GpcsUZlAsnsSeP6hupAfG5a6qAwWpiX#list\" height=\"600\"><\/iframe><br \/><\/li><li class=\"tab-pane \" id=\"ert_pane1-3\"><iframe src=\"https:\/\/drive.google.com\/embeddedfolderview?id=1V1cngNJQwVF4e5XPeIfMDpAszQI4lJsF#list\" height=\"600\"><\/iframe><br \/><\/li><li class=\"tab-pane \" id=\"ert_pane1-4\"><div class=\"pt-cv-wrapper\"><div class=\"pt-cv-view pt-cv-blockgrid iscvblock iscvhybrid list1 layout1\" id=\"pt-cv-view-f2e71abjsp\"><div data-id=\"pt-cv-page-1\" class=\"pt-cv-page\" data-cvc=\"1\"><div class=\" pt-cv-content-item pt-cv-2-col\" ><div class=\"pt-cv-thumb-wrapper pull-left \"><a href=\"https:\/\/blogsaverroes.juntadeandalucia.es\/sanfelipeneri\/aprendiendo-en-la-naturaleza-salida-al-bosque-de-la-banizuela\/\" class=\"_self pt-cv-href-thumbnail pt-cv-thumb-left\" target=\"_self\" ><img loading=\"lazy\" decoding=\"async\" width=\"300\" height=\"300\" src=\"https:\/\/blogsaverroes.juntadeandalucia.es\/sanfelipeneri\/files\/2026\/04\/WhatsApp-Image-2026-04-27-at-18.20.04-300x300.jpeg\" class=\"pt-cv-thumbnail pull-left\" alt=\"\" srcset=\"https:\/\/blogsaverroes.juntadeandalucia.es\/sanfelipeneri\/files\/2026\/04\/WhatsApp-Image-2026-04-27-at-18.20.04-300x300.jpeg 300w, https:\/\/blogsaverroes.juntadeandalucia.es\/sanfelipeneri\/files\/2026\/04\/WhatsApp-Image-2026-04-27-at-18.20.04-1024x1024.jpeg 1024w, https:\/\/blogsaverroes.juntadeandalucia.es\/sanfelipeneri\/files\/2026\/04\/WhatsApp-Image-2026-04-27-at-18.20.04-150x150.jpeg 150w, https:\/\/blogsaverroes.juntadeandalucia.es\/sanfelipeneri\/files\/2026\/04\/WhatsApp-Image-2026-04-27-at-18.20.04-768x768.jpeg 768w, https:\/\/blogsaverroes.juntadeandalucia.es\/sanfelipeneri\/files\/2026\/04\/WhatsApp-Image-2026-04-27-at-18.20.04-1536x1536.jpeg 1536w, https:\/\/blogsaverroes.juntadeandalucia.es\/sanfelipeneri\/files\/2026\/04\/WhatsApp-Image-2026-04-27-at-18.20.04-80x80.jpeg 80w, https:\/\/blogsaverroes.juntadeandalucia.es\/sanfelipeneri\/files\/2026\/04\/WhatsApp-Image-2026-04-27-at-18.20.04-320x320.jpeg 320w, https:\/\/blogsaverroes.juntadeandalucia.es\/sanfelipeneri\/files\/2026\/04\/WhatsApp-Image-2026-04-27-at-18.20.04.jpeg 1600w\" sizes=\"(max-width: 300px) 100vw, 300px\" \/><\/a><\/div>\n<div class=\"pt-cv-colwrap\"><h4 class=\"pt-cv-title\"><a href=\"https:\/\/blogsaverroes.juntadeandalucia.es\/sanfelipeneri\/aprendiendo-en-la-naturaleza-salida-al-bosque-de-la-banizuela\/\" class=\"_self\" target=\"_self\" >Aprendiendo en la naturaleza: salida al bosque de La Ba\u00f1izuela<\/a><\/h4><div class=\"pt-cv-content\">La salida al bosque de La Ba\u00f1izuela con el alumnado de 1\u00ba de Bachillerato A, realizada el pasado 23 de abril de 2026, se convirti\u00f3 en una experiencia educativa de gran valor tanto acad\u00e9mico como personal. La jornada comenz\u00f3 a las 8:15 horas con la salida desde el centro hacia ...<br \/><div class=\"pt-cv-rmwrap\"><a href=\"https:\/\/blogsaverroes.juntadeandalucia.es\/sanfelipeneri\/aprendiendo-en-la-naturaleza-salida-al-bosque-de-la-banizuela\/\" class=\"_self pt-cv-readmore btn btn-success\" target=\"_self\">Leer M\u00e1s<\/a><\/div><\/div><\/div><\/div>\n<div class=\" pt-cv-content-item pt-cv-2-col\" ><div class=\"pt-cv-thumb-wrapper pull-left \"><a href=\"https:\/\/blogsaverroes.juntadeandalucia.es\/sanfelipeneri\/una-jornada-cientifica-inolvidable-en-el-parque-de-las-ciencias-de-granada\/\" class=\"_self pt-cv-href-thumbnail pt-cv-thumb-left\" target=\"_self\" ><img loading=\"lazy\" decoding=\"async\" width=\"300\" height=\"168\" src=\"https:\/\/blogsaverroes.juntadeandalucia.es\/sanfelipeneri\/files\/2026\/04\/WhatsApp-Image-2026-04-10-at-11.55.13-5-300x168.jpeg\" class=\"pt-cv-thumbnail pull-left\" alt=\"\" srcset=\"https:\/\/blogsaverroes.juntadeandalucia.es\/sanfelipeneri\/files\/2026\/04\/WhatsApp-Image-2026-04-10-at-11.55.13-5-300x168.jpeg 300w, https:\/\/blogsaverroes.juntadeandalucia.es\/sanfelipeneri\/files\/2026\/04\/WhatsApp-Image-2026-04-10-at-11.55.13-5-1024x574.jpeg 1024w, https:\/\/blogsaverroes.juntadeandalucia.es\/sanfelipeneri\/files\/2026\/04\/WhatsApp-Image-2026-04-10-at-11.55.13-5-768x431.jpeg 768w, https:\/\/blogsaverroes.juntadeandalucia.es\/sanfelipeneri\/files\/2026\/04\/WhatsApp-Image-2026-04-10-at-11.55.13-5-1536x861.jpeg 1536w, https:\/\/blogsaverroes.juntadeandalucia.es\/sanfelipeneri\/files\/2026\/04\/WhatsApp-Image-2026-04-10-at-11.55.13-5.jpeg 1600w\" sizes=\"(max-width: 300px) 100vw, 300px\" \/><\/a><\/div>\n<div class=\"pt-cv-colwrap\"><h4 class=\"pt-cv-title\"><a href=\"https:\/\/blogsaverroes.juntadeandalucia.es\/sanfelipeneri\/una-jornada-cientifica-inolvidable-en-el-parque-de-las-ciencias-de-granada\/\" class=\"_self\" target=\"_self\" >Una jornada cient\u00edfica inolvidable en el Parque de las Ciencias de Granada<\/a><\/h4><div class=\"pt-cv-content\">El pasado 7 de abril, el alumnado de 4\u00ba de ESO de Ciencias del IES San Felipe Neri tuvo la oportunidad de disfrutar de una enriquecedora jornada educativa en el Parque de las Ciencias de Granada. Desde primera hora de la ma\u00f1ana, el grupo mostr\u00f3 una actitud ejemplar, destacando por ...<br \/><div class=\"pt-cv-rmwrap\"><a href=\"https:\/\/blogsaverroes.juntadeandalucia.es\/sanfelipeneri\/una-jornada-cientifica-inolvidable-en-el-parque-de-las-ciencias-de-granada\/\" class=\"_self pt-cv-readmore btn btn-success\" target=\"_self\">Leer M\u00e1s<\/a><\/div><\/div><\/div><\/div>\n<div class=\" pt-cv-content-item pt-cv-2-col\" ><div class=\"pt-cv-thumb-wrapper pull-left \"><a href=\"https:\/\/blogsaverroes.juntadeandalucia.es\/sanfelipeneri\/el-ies-san-felipe-neri-participa-en-el-programa-explora-ies-con-un-proyecto-sobre-investigacion-en-la-antartida\/\" class=\"_self pt-cv-href-thumbnail pt-cv-thumb-left\" target=\"_self\" ><img loading=\"lazy\" decoding=\"async\" width=\"300\" height=\"225\" src=\"https:\/\/blogsaverroes.juntadeandalucia.es\/sanfelipeneri\/files\/2025\/05\/WhatsApp-Image-2025-05-22-at-12.57.48-300x225.jpeg\" class=\"pt-cv-thumbnail pull-left\" alt=\"\" srcset=\"https:\/\/blogsaverroes.juntadeandalucia.es\/sanfelipeneri\/files\/2025\/05\/WhatsApp-Image-2025-05-22-at-12.57.48-300x225.jpeg 300w, https:\/\/blogsaverroes.juntadeandalucia.es\/sanfelipeneri\/files\/2025\/05\/WhatsApp-Image-2025-05-22-at-12.57.48-1024x768.jpeg 1024w, https:\/\/blogsaverroes.juntadeandalucia.es\/sanfelipeneri\/files\/2025\/05\/WhatsApp-Image-2025-05-22-at-12.57.48-768x576.jpeg 768w, https:\/\/blogsaverroes.juntadeandalucia.es\/sanfelipeneri\/files\/2025\/05\/WhatsApp-Image-2025-05-22-at-12.57.48-1536x1152.jpeg 1536w, https:\/\/blogsaverroes.juntadeandalucia.es\/sanfelipeneri\/files\/2025\/05\/WhatsApp-Image-2025-05-22-at-12.57.48.jpeg 1600w\" sizes=\"(max-width: 300px) 100vw, 300px\" \/><\/a><\/div>\n<div class=\"pt-cv-colwrap\"><h4 class=\"pt-cv-title\"><a href=\"https:\/\/blogsaverroes.juntadeandalucia.es\/sanfelipeneri\/el-ies-san-felipe-neri-participa-en-el-programa-explora-ies-con-un-proyecto-sobre-investigacion-en-la-antartida\/\" class=\"_self\" target=\"_self\" >El IES San Felipe Neri participa en el programa Explora-IES con un proyecto sobre investigaci\u00f3n en la Ant\u00e1rtida\u00a0<\/a><\/h4><div class=\"pt-cv-content\">Un curso m\u00e1s, nuestro centro ha tenido el privilegio de participar en Explora-IES, un ambicioso programa impulsado por la Universidad de Ja\u00e9n cuyo objetivo es estimular la curiosidad cient\u00edfica y la creatividad investigadora del alumnado de Secundaria y Bachillerato. Esta iniciativa pretende generar vocaciones cient\u00edficas ofreciendo a los estudiantes una ...<br \/><div class=\"pt-cv-rmwrap\"><a href=\"https:\/\/blogsaverroes.juntadeandalucia.es\/sanfelipeneri\/el-ies-san-felipe-neri-participa-en-el-programa-explora-ies-con-un-proyecto-sobre-investigacion-en-la-antartida\/\" class=\"_self pt-cv-readmore btn btn-success\" target=\"_self\">Leer M\u00e1s<\/a><\/div><\/div><\/div><\/div><\/div><\/div><\/div>\t\t\t<style type=\"text\/css\" id=\"pt-cv-inline-style-18600225zm\">\n#pt-cv-view-f2e71abjsp .pt-cv-thumb-wrapper:not(.miniwrap) { width: 40%; }#pt-cv-view-f2e71abjsp .pt-cv-thumbnail:not(.pt-cv-thumbnailsm) { height: 300px; }#pt-cv-view-f2e71abjsp > .pt-cv-page {grid-template-columns: repeat(1, 1fr);grid-gap: 15px;}\n@media all and (max-width: 1024px) { \n#pt-cv-view-f2e71abjsp > .pt-cv-page {grid-template-columns: repeat(1, 1fr);}\n} \n@media all and (max-width: 767px) { \n#pt-cv-view-f2e71abjsp > .pt-cv-page {grid-template-columns: repeat(1, 1fr);}\n} <\/style>\r\n\t\t\t<\/li><\/ul><\/div><\/div>\n<p>&nbsp;<\/p>\n","protected":false},"excerpt":{"rendered":"<p>\u00a1Bienvenidos a la p\u00e1gina web del Departamento de Biolog\u00eda y Geolog\u00eda del IES San Felipe Neri!&nbsp; En Biolog\u00eda, exploramos los procesos vitales que sustentan la vida, desde el estudio de las c\u00e9lulas hasta la&#46;&#46;&#46;<\/p>\n","protected":false},"author":13459,"featured_media":2045,"parent":1407,"menu_order":0,"comment_status":"closed","ping_status":"closed","template":"","meta":{"_exactmetrics_skip_tracking":false,"_exactmetrics_sitenote_active":false,"_exactmetrics_sitenote_note":"","_exactmetrics_sitenote_category":0,"ngg_post_thumbnail":0,"footnotes":""},"aioseo_notices":[],"_links":{"self":[{"href":"https:\/\/blogsaverroes.juntadeandalucia.es\/sanfelipeneri\/wp-json\/wp\/v2\/pages\/1527"}],"collection":[{"href":"https:\/\/blogsaverroes.juntadeandalucia.es\/sanfelipeneri\/wp-json\/wp\/v2\/pages"}],"about":[{"href":"https:\/\/blogsaverroes.juntadeandalucia.es\/sanfelipeneri\/wp-json\/wp\/v2\/types\/page"}],"author":[{"embeddable":true,"href":"https:\/\/blogsaverroes.juntadeandalucia.es\/sanfelipeneri\/wp-json\/wp\/v2\/users\/13459"}],"replies":[{"embeddable":true,"href":"https:\/\/blogsaverroes.juntadeandalucia.es\/sanfelipeneri\/wp-json\/wp\/v2\/comments?post=1527"}],"version-history":[{"count":7,"href":"https:\/\/blogsaverroes.juntadeandalucia.es\/sanfelipeneri\/wp-json\/wp\/v2\/pages\/1527\/revisions"}],"predecessor-version":[{"id":6394,"href":"https:\/\/blogsaverroes.juntadeandalucia.es\/sanfelipeneri\/wp-json\/wp\/v2\/pages\/1527\/revisions\/6394"}],"up":[{"embeddable":true,"href":"https:\/\/blogsaverroes.juntadeandalucia.es\/sanfelipeneri\/wp-json\/wp\/v2\/pages\/1407"}],"wp:featuredmedia":[{"embeddable":true,"href":"https:\/\/blogsaverroes.juntadeandalucia.es\/sanfelipeneri\/wp-json\/wp\/v2\/media\/2045"}],"wp:attachment":[{"href":"https:\/\/blogsaverroes.juntadeandalucia.es\/sanfelipeneri\/wp-json\/wp\/v2\/media?parent=1527"}],"curies":[{"name":"wp","href":"https:\/\/api.w.org\/{rel}","templated":true}]}}