{"id":1569,"date":"2024-08-08T17:18:40","date_gmt":"2024-08-08T15:18:40","guid":{"rendered":"https:\/\/blogsaverroes.juntadeandalucia.es\/sanfelipeneri\/?page_id=1569"},"modified":"2024-11-12T16:08:22","modified_gmt":"2024-11-12T15:08:22","slug":"actividades-complementarias-y-extraescolares","status":"publish","type":"page","link":"https:\/\/blogsaverroes.juntadeandalucia.es\/sanfelipeneri\/departamentos\/actividades-complementarias-y-extraescolares\/","title":{"rendered":"Actividades Complementarias y Extraescolares"},"content":{"rendered":"<p>\u00a1Bienvenidos a la p\u00e1gina del Departamento de Actividades Extraescolares y Complementarias del IES San Felipe Neri!&nbsp;<\/p>\n<p>En nuestro departamento, organizamos un amplio abanico de actividades que incluyen excursiones educativas, viajes culturales, talleres, concursos, y proyectos solidarios. Estas actividades no solo fomentan el aprendizaje desde una perspectiva m\u00e1s pr\u00e1ctica y divertida, sino que tambi\u00e9n refuerzan valores como el compa\u00f1erismo, el respeto y la responsabilidad social.<\/p>\n<p>Creemos firmemente que la educaci\u00f3n va m\u00e1s all\u00e1 de las clases, por lo que trabajamos para que nuestros estudiantes puedan disfrutar de experiencias formativas que impulsen su desarrollo personal, cultural y social. Adem\u00e1s, las actividades extraescolares permiten fortalecer el v\u00ednculo entre el alumnado, profesores y la comunidad educativa.<\/p>\n<hr>\n<div class=\"osc-res-tab tabbable   osc-tabs-left\"><div style=\"clear:both;width: 100%;\"><ul class=\"nav osc-res-nav nav-pills osc-tabs-left-ul\" id=\"oscitas-restabs-1-actividades-complementarias-y-extraescolares-59129\"><li class=\"\"><a href=\"#ert_pane1-0\" data-toggle=\"tab\">Jefatura<\/a><\/li><li class=\"\"><a href=\"#ert_pane1-1\" data-toggle=\"tab\">Programaci\u00f3n Anual<\/a><\/li><li class=\"active\"><a href=\"#ert_pane1-2\" data-toggle=\"tab\">Programaci\u00f3n mensual<\/a><\/li><\/ul><\/div><div style=\"clear:both;width: 100%;\"><ul class=\"tab-content\" id=\"oscitas-restabcontent-1-actividades-complementarias-y-extraescolares-59129\"><li class=\"tab-pane \" id=\"ert_pane1-0\"><table style=\"width: 100.218%;height: 267px\" border=\"10px solid rgb(255, 255, 255)\">\n<tbody>\n<tr style=\"height: 36px\">\n<td style=\"background-color: #c5cbe3;border: 10px solid #ffffff;width: 50%;height: 50px;text-align: center\"><strong>Serrano Padilla, Mar\u00eda Aurora<\/strong><\/td>\n<td style=\"background-color: #ffffff;border: 10px solid #ffffff;width: 50%;height: 50px\">&nbsp;<\/td>\n<\/tr>\n<tr style=\"height: 24px\">\n<td style=\"background-color: #ffffff;border: 10px solid #ffffff;width: 50%;height: 50px;text-align: center\">\u2709\ufe0f <a href=\"mailto:mserpad992@g.educaand.es\">mserpad992@g.educaand.es<\/a><\/td>\n<td style=\"background-color: #ffffff;border: 10px solid #ffffff;width: 50%;height: 50px;text-align: center\">&nbsp;<\/td>\n<\/tr>\n<\/tbody>\n<\/table><\/li><li class=\"tab-pane \" id=\"ert_pane1-1\"><p><iframe loading=\"lazy\" src=\"https:\/\/docs.google.com\/spreadsheets\/d\/e\/2PACX-1vSPgpE6UsCzujmez9YECKROeGEe0QJr-seqWZcN8PpuN5AlT9o974SBoXZ0bn8E6g\/pubhtml?widget=true&amp;headers=false\" name=\"calendarioExtraescolares\" width=\"800\" height=\"600\"><\/iframe><br \/><\/li><li class=\"tab-pane active\" id=\"ert_pane1-2\"><p><iframe loading=\"lazy\" src=\"https:\/\/calendar.google.com\/calendar\/embed?height=600&amp;wkst=2&amp;ctz=Europe%2FMadrid&amp;bgcolor=%23ffffff&amp;showTz=0&amp;src=Y180YTIxNjNhNGZjNDcxYWJjYjZkMzY5MDMxNDQ4MzhlM2U0ZTBmMWM0OTQ4YTk0ZmExMmUxYjEyNWU1YmU2MGI3QGdyb3VwLmNhbGVuZGFyLmdvb2dsZS5jb20&amp;color=%238E24AA\" width=\"800\" height=\"600\" frameborder=\"0\" scrolling=\"no\"><\/iframe><\/p><\/li><\/ul><\/div><\/div>\n<p>&nbsp;<\/p>\n","protected":false},"excerpt":{"rendered":"<p>\u00a1Bienvenidos a la p\u00e1gina del Departamento de Actividades Extraescolares y Complementarias del IES San Felipe Neri!&nbsp; En nuestro departamento, organizamos un amplio abanico de actividades que incluyen excursiones educativas, viajes culturales, talleres, concursos, y&#46;&#46;&#46;<\/p>\n","protected":false},"author":13459,"featured_media":2004,"parent":1407,"menu_order":0,"comment_status":"closed","ping_status":"closed","template":"","meta":{"_exactmetrics_skip_tracking":false,"_exactmetrics_sitenote_active":false,"_exactmetrics_sitenote_note":"","_exactmetrics_sitenote_category":0,"ngg_post_thumbnail":0,"footnotes":""},"aioseo_notices":[],"_links":{"self":[{"href":"https:\/\/blogsaverroes.juntadeandalucia.es\/sanfelipeneri\/wp-json\/wp\/v2\/pages\/1569"}],"collection":[{"href":"https:\/\/blogsaverroes.juntadeandalucia.es\/sanfelipeneri\/wp-json\/wp\/v2\/pages"}],"about":[{"href":"https:\/\/blogsaverroes.juntadeandalucia.es\/sanfelipeneri\/wp-json\/wp\/v2\/types\/page"}],"author":[{"embeddable":true,"href":"https:\/\/blogsaverroes.juntadeandalucia.es\/sanfelipeneri\/wp-json\/wp\/v2\/users\/13459"}],"replies":[{"embeddable":true,"href":"https:\/\/blogsaverroes.juntadeandalucia.es\/sanfelipeneri\/wp-json\/wp\/v2\/comments?post=1569"}],"version-history":[{"count":15,"href":"https:\/\/blogsaverroes.juntadeandalucia.es\/sanfelipeneri\/wp-json\/wp\/v2\/pages\/1569\/revisions"}],"predecessor-version":[{"id":2244,"href":"https:\/\/blogsaverroes.juntadeandalucia.es\/sanfelipeneri\/wp-json\/wp\/v2\/pages\/1569\/revisions\/2244"}],"up":[{"embeddable":true,"href":"https:\/\/blogsaverroes.juntadeandalucia.es\/sanfelipeneri\/wp-json\/wp\/v2\/pages\/1407"}],"wp:featuredmedia":[{"embeddable":true,"href":"https:\/\/blogsaverroes.juntadeandalucia.es\/sanfelipeneri\/wp-json\/wp\/v2\/media\/2004"}],"wp:attachment":[{"href":"https:\/\/blogsaverroes.juntadeandalucia.es\/sanfelipeneri\/wp-json\/wp\/v2\/media?parent=1569"}],"curies":[{"name":"wp","href":"https:\/\/api.w.org\/{rel}","templated":true}]}}