{"id":1584,"date":"2024-08-08T17:54:47","date_gmt":"2024-08-08T15:54:47","guid":{"rendered":"https:\/\/blogsaverroes.juntadeandalucia.es\/sanfelipeneri\/?page_id=1584"},"modified":"2025-06-09T13:46:45","modified_gmt":"2025-06-09T11:46:45","slug":"bachillerato","status":"publish","type":"page","link":"https:\/\/blogsaverroes.juntadeandalucia.es\/sanfelipeneri\/bachillerato\/","title":{"rendered":"Bachillerato"},"content":{"rendered":"<hr>\n<p><strong>Oferta Educativa de Bachillerato en el IES San Felipe Neri<\/strong><\/p>\n<p>En el Bachillerato del IES San Felipe Neri, ofrecemos una formaci\u00f3n completa que permite a nuestros estudiantes adquirir las competencias necesarias para su desarrollo acad\u00e9mico y personal. Nuestro objetivo es ofrecer una educaci\u00f3n integral, que prepare a nuestro alumnado para continuar con \u00e9xito sus estudios universitarios o el acceso al mundo laboral, fomentando su creatividad, capacidad cr\u00edtica y su desarrollo personal.<\/p>\n<div class=\"osc-res-tab tabbable   osc-tabs-left\"><div style=\"clear:both;width: 100%;\"><ul class=\"nav osc-res-nav nav-pills osc-tabs-left-ul\" id=\"oscitas-restabs-1-bachillerato-52877\"><li class=\"active\"><a href=\"#ert_pane1-0\" data-toggle=\"tab\">1\u00ba Bachillerato<\/a><\/li><li class=\"\"><a href=\"#ert_pane1-1\" data-toggle=\"tab\">2\u00ba Bachillerato<\/a><\/li><\/ul><\/div><div style=\"clear:both;width: 100%;\"><ul class=\"tab-content\" id=\"oscitas-restabcontent-1-bachillerato-52877\"><li class=\"tab-pane active\" id=\"ert_pane1-0\"><p><strong>Materias Comunes:<\/strong><\/p>\n<ul>\n<li>Educaci\u00f3n F\u00edsica<\/li>\n<li>Filosof\u00eda<\/li>\n<li>Lengua Castellana y Literatura<\/li>\n<\/ul>\n<p>&nbsp;<\/p>\n<p><strong>Primer Idioma:<\/strong><\/p>\n<ul>\n<li>Ingl\u00e9s I<\/li>\n<\/ul>\n<p>&nbsp;<\/p>\n<p><strong>&nbsp;Religi\u00f3n\/Proyecto (elegir una):<\/strong><\/p>\n<ul>\n<li>Religi\u00f3n Cat\u00f3lica<\/li>\n<li>Religi\u00f3n Evang\u00e9lica<\/li>\n<li>Religi\u00f3n Isl\u00e1mica<\/li>\n<li>Proyectos Transversales de Educaci\u00f3n en Valores<\/li>\n<\/ul>\n<p>&nbsp;<\/p>\n<p style=\"text-align: left\"><div class=\"su-tabs su-tabs-style-default su-tabs-mobile-stack\" data-active=\"1\" data-scroll-offset=\"0\" data-anchor-in-url=\"no\"><div class=\"su-tabs-nav\"><span class=\"\" data-url=\"\" data-target=\"blank\" tabindex=\"0\" role=\"button\"><b>ITINERARIO I (Ciencias)<\/b><\/span><span class=\"\" data-url=\"\" data-target=\"blank\" tabindex=\"0\" role=\"button\"><b>ITINERARIO II (Tecnolog\u00eda)<\/b><\/span><span class=\"\" data-url=\"\" data-target=\"blank\" tabindex=\"0\" role=\"button\"><b>ITINERARIO III (Humanidades)<\/b><\/span><span class=\"\" data-url=\"\" data-target=\"blank\" tabindex=\"0\" role=\"button\"><b>ITINERARIO IV (Ciencias Sociales)<\/b><\/span><\/div><div class=\"su-tabs-panes\"><div class=\"su-tabs-pane su-u-clearfix su-u-trim\" data-title=\"&lt;b&gt;ITINERARIO I (Ciencias)&lt;\/b&gt;\">\n<p><strong>Comunes:<\/strong><\/p>\n<ul>\n<li>Matem\u00e1ticas I<\/li>\n<\/ul>\n<p>&nbsp;<\/p>\n<p><strong>Modalidad:<\/strong><\/p>\n<ul>\n<li>Biolog\u00eda y Geolog\u00eda<\/li>\n<li>F\u00edsica y Qu\u00edmica<\/li>\n<\/ul>\n<p>&nbsp;<\/p>\n<p><strong>&nbsp;Optativas Andaluc\u00eda (elegir dos):<\/strong><\/p>\n<ul>\n<li>Dibujo T\u00e9cnico I<\/li>\n<li>Tecnolog\u00eda e Ingenier\u00eda I<\/li>\n<li>Anatom\u00eda Aplicada<\/li>\n<li><span style=\"font-weight: 400\">Antropolog\u00eda y Sociolog\u00eda<\/span><\/li>\n<li><span style=\"font-weight: 400\">Educaci\u00f3n para la Convivencia I<\/span><\/li>\n<li><span style=\"font-weight: 400\">Franc\u00e9s I<\/span><\/li>\n<li><span style=\"font-weight: 400\">Tecnolog\u00edas de la Informaci\u00f3n<\/span><\/li>\n<li><span style=\"font-weight: 400\">Preparaci\u00f3n B2 Ingl\u00e9s<\/span><\/li>\n<\/ul>\n<p style=\"text-align: left\"><\/div>\n<div class=\"su-tabs-pane su-u-clearfix su-u-trim\" data-title=\"&lt;b&gt;ITINERARIO II (Tecnolog\u00eda)&lt;\/b&gt;\">\n<p><strong>Comunes:<\/strong><\/p>\n<ul>\n<li>Matem\u00e1ticas I<\/li>\n<\/ul>\n<p>&nbsp;<\/p>\n<p><strong>Modalidad:<\/strong><\/p>\n<ul>\n<li>F\u00edsica y Qu\u00edmica (obligatoria)<\/li>\n<\/ul>\n<p><strong>&nbsp; &nbsp; &nbsp; Elegir una:<\/strong><\/p>\n<ul>\n<li><span style=\"font-weight: 400\">Dibujo T\u00e9cnico I<\/span><\/li>\n<li>T<span style=\"font-weight: 400\">ecnolog\u00eda e Ingenier\u00eda<\/span><\/li>\n<\/ul>\n<p>&nbsp;<\/p>\n<p><strong>&nbsp;Optativas Andaluc\u00eda (elegir dos):<\/strong><\/p>\n<ul>\n<li><span style=\"font-weight: 400\">Biolog\u00eda y Geolog\u00eda<\/span><\/li>\n<li><span style=\"font-weight: 400\">Tecnolog\u00eda e Ingenier\u00eda<\/span><\/li>\n<li><span style=\"font-weight: 400\">Dibujo T\u00e9cnico I<\/span><\/li>\n<li><span style=\"font-weight: 400\">Creaci\u00f3n Digital<\/span><\/li>\n<li><span style=\"font-weight: 400\">Educaci\u00f3n para la Convivencia I<\/span><\/li>\n<li>Franc\u00e9s<\/li>\n<li><span style=\"font-weight: 400\">Tecnolog\u00edas de la Informaci\u00f3n<\/span><\/li>\n<li><span style=\"font-weight: 400\">Preparaci\u00f3n B2 Ingl\u00e9s<\/span><\/li>\n<\/ul>\n<p style=\"text-align: left\"><\/div>\n<div class=\"su-tabs-pane su-u-clearfix su-u-trim\" data-title=\"&lt;b&gt;ITINERARIO III (Humanidades)&lt;\/b&gt;\">\n<p><strong>Comunes:<\/strong><\/p>\n<ul>\n<li><span style=\"font-weight: 400\">Lat\u00edn I<\/span><\/li>\n<\/ul>\n<p>&nbsp;<\/p>\n<p><strong>Modalidad:<\/strong><\/p>\n<ul>\n<li>Griego I (obligatoria)<\/li>\n<\/ul>\n<p>&nbsp; &nbsp; &nbsp;<strong>Elegir una:<\/strong><\/p>\n<ul>\n<li><span style=\"font-weight: 400\">Historia del Mundo Contempor\u00e1neo<\/span><\/li>\n<li><span style=\"font-weight: 400\">Literatura Universal<\/span><\/li>\n<\/ul>\n<p>&nbsp;<\/p>\n<p><strong>&nbsp;Optativas Andaluc\u00eda (elegir dos):<\/strong><\/p>\n<ul>\n<li><span style=\"font-weight: 400\">Historia del Mundo Contempor\u00e1neo<\/span><\/li>\n<li><span style=\"font-weight: 400\">Literatura Universal<\/span><\/li>\n<li><span style=\"font-weight: 400\">Antropolog\u00eda y Sociolog\u00eda<\/span><\/li>\n<li><span style=\"font-weight: 400\">Educaci\u00f3n para la Convivencia I<\/span><\/li>\n<li>Franc\u00e9s<\/li>\n<li><span style=\"font-weight: 400\">Patrimonio Cultural y Art\u00edstico<\/span><\/li>\n<li><span style=\"font-weight: 400\">Preparaci\u00f3n B2 Ingl\u00e9s<\/span><\/li>\n<\/ul>\n<p style=\"text-align: left\"><\/div>\n<div class=\"su-tabs-pane su-u-clearfix su-u-trim\" data-title=\"&lt;b&gt;ITINERARIO IV (Ciencias Sociales)&lt;\/b&gt;\">\n<p><strong>Comunes:<\/strong><\/p>\n<ul>\n<li><span style=\"font-weight: 400\">Matem\u00e1ticas Aplicadas a las Ciencias Sociales I<\/span><\/li>\n<\/ul>\n<p>&nbsp;<\/p>\n<p><strong>Modalidad:<\/strong><\/p>\n<ul>\n<li>Econom\u00eda (obligatoria)<\/li>\n<\/ul>\n<p>&nbsp; &nbsp; &nbsp;<strong>Elegir una:<\/strong><\/p>\n<ul>\n<li><span style=\"font-weight: 400\">Historia del Mundo Contempor\u00e1neo<\/span><\/li>\n<li><span style=\"font-weight: 400\">Literatura Universal<\/span><\/li>\n<\/ul>\n<p>&nbsp;<\/p>\n<p><strong>&nbsp;Optativas Andaluc\u00eda (elegir dos):<\/strong><\/p>\n<ul>\n<li><span style=\"font-weight: 400\">Historia del Mundo Contempor\u00e1neo<\/span><\/li>\n<li>Literatura Universal<\/li>\n<li><span style=\"font-weight: 400\">Antropolog\u00eda y Sociolog\u00eda<\/span><\/li>\n<li><span style=\"font-weight: 400\">Educaci\u00f3n para la Convivencia I<\/span><\/li>\n<li>Franc\u00e9s<\/li>\n<li><span style=\"font-weight: 400\">Patrimonio Cultural y Art\u00edstico<\/span><\/li>\n<li><span style=\"font-weight: 400\">Tecnolog\u00edas de la Informaci\u00f3n<\/span><\/li>\n<li><span style=\"font-weight: 400\">Preparaci\u00f3n B2 Ingl\u00e9s<\/span><\/li>\n<\/ul>\n<p style=\"text-align: left\"><\/div><\/div><\/div><\/li><li class=\"tab-pane \" id=\"ert_pane1-1\"><p><strong>Materias Comunes:<\/strong><\/p>\n<ul>\n<li>Historia de Espa\u00f1a<\/li>\n<li><strong><span style=\"font-weight: 400\">Historia de la Filosof\u00eda<\/span><\/strong><\/li>\n<li><span style=\"font-weight: 400\">Lengua Castellana y Literatura II<\/span><\/li>\n<\/ul>\n<p>&nbsp;<\/p>\n<p><strong>Primer Idioma:<\/strong><\/p>\n<ul>\n<li>Ingl\u00e9s II<\/li>\n<\/ul>\n<p>&nbsp;<\/p>\n<p><strong>&nbsp;Religi\u00f3n\/Proyecto (elegir una):<\/strong><\/p>\n<ul>\n<li>Religi\u00f3n Cat\u00f3lica<\/li>\n<li>Religi\u00f3n Evang\u00e9lica<\/li>\n<li>Religi\u00f3n Isl\u00e1mica<\/li>\n<li>Proyectos Transversales de Educaci\u00f3n en Valores<\/li>\n<\/ul>\n<p>&nbsp;<\/p>\n<p style=\"text-align: left\"><div class=\"su-tabs su-tabs-style-default su-tabs-mobile-stack\" data-active=\"1\" data-scroll-offset=\"0\" data-anchor-in-url=\"no\"><div class=\"su-tabs-nav\"><span class=\"\" data-url=\"\" data-target=\"blank\" tabindex=\"0\" role=\"button\"><b>ITINERARIO I (Ciencias)<\/b><\/span><span class=\"\" data-url=\"\" data-target=\"blank\" tabindex=\"0\" role=\"button\"><b>ITINERARIO II (Tecnolog\u00eda)<\/b><\/span><span class=\"\" data-url=\"\" data-target=\"blank\" tabindex=\"0\" role=\"button\"><b>ITINERARIO III (Humanidades)<\/b><\/span><span class=\"\" data-url=\"\" data-target=\"blank\" tabindex=\"0\" role=\"button\"><strong>I<\/strong><b>TINERARIO IV (Ciencias Sociales)<\/b><\/span><\/div><div class=\"su-tabs-panes\"><div class=\"su-tabs-pane su-u-clearfix su-u-trim\" data-title=\"&lt;b&gt;ITINERARIO I (Ciencias)&lt;\/b&gt;\">\n<p><strong>Comunes (elegir una):&nbsp;<\/strong><\/p>\n<ul>\n<li><span style=\"font-weight: 400\">Matem\u00e1ticas II<\/span><\/li>\n<li><span style=\"font-weight: 400\">Matem\u00e1ticas Aplicadas a las Ciencias Sociales II<\/span><\/li>\n<\/ul>\n<p>&nbsp;<\/p>\n<p><strong>Modalidad:<\/strong><\/p>\n<ul>\n<li>Qu\u00edmica (obligatoria)<\/li>\n<\/ul>\n<p>&nbsp; &nbsp; &nbsp;<strong>Elegir una:&nbsp;<\/strong><\/p>\n<ul>\n<li>Geolog\u00eda<\/li>\n<li>Biolog\u00eda<\/li>\n<\/ul>\n<p>&nbsp;<\/p>\n<p><strong>&nbsp;Optativas Andaluc\u00eda (elegir 2):<\/strong><\/p>\n<ul>\n<li><span style=\"font-weight: 400\">Dibujo T\u00e9cnico II<\/span><\/li>\n<li><span style=\"font-weight: 400\">Tecnolog\u00eda e Ingenier\u00eda II<\/span><\/li>\n<li>Geolog\u00eda<\/li>\n<li><span style=\"font-weight: 400\">Actividad F\u00edsica, Salud y Sociedad<\/span><\/li>\n<li><span style=\"font-weight: 400\">Ciencias de la Tierra y del Medio Ambiente<\/span><\/li>\n<li>Comentario de Texto<\/li>\n<li><span style=\"font-weight: 400\">Educaci\u00f3n para la Convivencia II<\/span><\/li>\n<li>Estad\u00edstica<\/li>\n<li>Franc\u00e9s<\/li>\n<li><span style=\"font-weight: 400\">Psicolog\u00eda<\/span><\/li>\n<li>Tecnolog\u00edas de la Informaci\u00f3n II<\/li>\n<\/ul>\n<p style=\"text-align: left\"><\/div>\n<div class=\"su-tabs-pane su-u-clearfix su-u-trim\" data-title=\"&lt;b&gt;ITINERARIO II (Tecnolog\u00eda)&lt;\/b&gt;\">\n<p><strong>Comunes:<\/strong><\/p>\n<ul>\n<li><span style=\"font-weight: 400\">Matem\u00e1ticas II<\/span><\/li>\n<\/ul>\n<p>&nbsp;<\/p>\n<p><strong>Modalidad (a elegir 2):<\/strong><\/p>\n<ul>\n<li>F\u00edsica&nbsp; (obligatoria)<\/li>\n<\/ul>\n<p>&nbsp; &nbsp; &nbsp;<strong>Elegir una:<\/strong><\/p>\n<ul>\n<li><span style=\"font-weight: 400\">Tecnolog\u00eda e Ingenier\u00eda II<\/span><\/li>\n<li><span style=\"font-weight: 400\">Dibujo T\u00e9cnico II<\/span><\/li>\n<\/ul>\n<p>&nbsp;<\/p>\n<p><strong>&nbsp;Optativas Andaluc\u00eda (elegir 2):<\/strong><\/p>\n<ul>\n<li>Biolog\u00eda<\/li>\n<li>Geolog\u00eda<\/li>\n<li><span style=\"font-weight: 400\">Dibujo T\u00e9cnico II<\/span><\/li>\n<li>T<span style=\"font-weight: 400\">ecnolog\u00eda e Ingenier\u00eda II<\/span><\/li>\n<li>Qu\u00edmica II<\/li>\n<li><span style=\"font-weight: 400\">Comentario de Texto<\/span><\/li>\n<li><span style=\"font-weight: 400\">Educaci\u00f3n para la Convivencia II<\/span><\/li>\n<li><span style=\"font-weight: 400\">Electrotecnia<\/span><\/li>\n<li>Estad\u00edstica<\/li>\n<li>Franc\u00e9s<\/li>\n<li><span style=\"font-weight: 400\">Programaci\u00f3n y Computaci\u00f3n<\/span><\/li>\n<li>Tecnolog\u00edas de la Informaci\u00f3n II<\/li>\n<\/ul>\n<p style=\"text-align: left\"><\/div>\n<div class=\"su-tabs-pane su-u-clearfix su-u-trim\" data-title=\"&lt;b&gt;ITINERARIO III (Humanidades)&lt;\/b&gt;\">\n<p><strong>Comunes:<\/strong><\/p>\n<ul>\n<li><span style=\"font-weight: 400\">Lat\u00edn II<\/span><\/li>\n<\/ul>\n<p>&nbsp;<\/p>\n<p><strong>Modalidad (a elegir 2):<\/strong><\/p>\n<ul>\n<li><span style=\"font-weight: 400\">Historia del Arte (obligatoria)<\/span><\/li>\n<\/ul>\n<p>&nbsp; &nbsp; &nbsp;<strong>Elegir una:<\/strong><\/p>\n<ul>\n<li><span style=\"font-weight: 400\">Griego II<\/span><\/li>\n<li>Geograf\u00eda<\/li>\n<\/ul>\n<p>&nbsp;<\/p>\n<p><strong>&nbsp;Optativas Andaluc\u00eda (elegir 2):<\/strong><\/p>\n<ul>\n<li>Geograf\u00eda<\/li>\n<li><span style=\"font-weight: 400\">Griego II<\/span><\/li>\n<li><span style=\"font-weight: 400\">Comentario de Texto<\/span><\/li>\n<li><span style=\"font-weight: 400\">Educaci\u00f3n para la Convivencia II<\/span><\/li>\n<li>Franc\u00e9s<\/li>\n<li><span style=\"font-weight: 400\">Mitolog\u00eda Cl\u00e1sica<\/span><\/li>\n<li><span style=\"font-weight: 400\">Psicolog\u00eda<\/span><\/li>\n<\/ul>\n<p style=\"text-align: left\"><\/div>\n<div class=\"su-tabs-pane su-u-clearfix su-u-trim\" data-title=\"&lt;strong&gt;I&lt;\/strong&gt;&lt;b&gt;TINERARIO IV (Ciencias Sociales)&lt;\/b&gt;\">\n<p><strong>Comunes:<\/strong><\/p>\n<ul>\n<li><span style=\"font-weight: 400\">Matem\u00e1ticas Aplicadas a las Ciencias Sociales II<\/span><\/li>\n<\/ul>\n<p>&nbsp;<\/p>\n<p><strong>Modalidad:<\/strong><\/p>\n<ul>\n<li>Empresa<\/li>\n<li>Geograf\u00eda<\/li>\n<\/ul>\n<p>&nbsp;<\/p>\n<p><strong>&nbsp;Optativas Andaluc\u00eda (elegir 2):<\/strong><\/p>\n<ul>\n<li><span style=\"font-weight: 400\">Historia del Arte<\/span><\/li>\n<li>Comentario de Texto<\/li>\n<li><span style=\"font-weight: 400\">Educaci\u00f3n para la Convivencia II<\/span><\/li>\n<li><span style=\"font-weight: 400\">Finanzas y Econom\u00eda<\/span><\/li>\n<li>Actividad F\u00edsica<\/li>\n<li>Fundamentos de Administraci\u00f3n<\/li>\n<li>Franc\u00e9s<\/li>\n<li><span style=\"font-weight: 400\">Psicolog\u00eda<\/span><\/li>\n<li><span style=\"font-weight: 400\">Tecnolog\u00edas de la Informaci\u00f3n II<\/span><\/li>\n<\/ul>\n<p style=\"text-align: left\"><\/div><\/div><\/div><\/li><\/ul><\/div><\/div>\n<p>&nbsp;<\/p>\n<p>&nbsp;<\/p>\n","protected":false},"excerpt":{"rendered":"<p>Oferta Educativa de Bachillerato en el IES San Felipe Neri En el Bachillerato del IES San Felipe Neri, ofrecemos una formaci\u00f3n completa que permite a nuestros estudiantes adquirir las competencias necesarias para su desarrollo&#46;&#46;&#46;<\/p>\n","protected":false},"author":13459,"featured_media":0,"parent":0,"menu_order":0,"comment_status":"closed","ping_status":"closed","template":"","meta":{"_exactmetrics_skip_tracking":false,"_exactmetrics_sitenote_active":false,"_exactmetrics_sitenote_note":"","_exactmetrics_sitenote_category":0,"ngg_post_thumbnail":0,"footnotes":""},"aioseo_notices":[],"_links":{"self":[{"href":"https:\/\/blogsaverroes.juntadeandalucia.es\/sanfelipeneri\/wp-json\/wp\/v2\/pages\/1584"}],"collection":[{"href":"https:\/\/blogsaverroes.juntadeandalucia.es\/sanfelipeneri\/wp-json\/wp\/v2\/pages"}],"about":[{"href":"https:\/\/blogsaverroes.juntadeandalucia.es\/sanfelipeneri\/wp-json\/wp\/v2\/types\/page"}],"author":[{"embeddable":true,"href":"https:\/\/blogsaverroes.juntadeandalucia.es\/sanfelipeneri\/wp-json\/wp\/v2\/users\/13459"}],"replies":[{"embeddable":true,"href":"https:\/\/blogsaverroes.juntadeandalucia.es\/sanfelipeneri\/wp-json\/wp\/v2\/comments?post=1584"}],"version-history":[{"count":11,"href":"https:\/\/blogsaverroes.juntadeandalucia.es\/sanfelipeneri\/wp-json\/wp\/v2\/pages\/1584\/revisions"}],"predecessor-version":[{"id":4371,"href":"https:\/\/blogsaverroes.juntadeandalucia.es\/sanfelipeneri\/wp-json\/wp\/v2\/pages\/1584\/revisions\/4371"}],"wp:attachment":[{"href":"https:\/\/blogsaverroes.juntadeandalucia.es\/sanfelipeneri\/wp-json\/wp\/v2\/media?parent=1584"}],"curies":[{"name":"wp","href":"https:\/\/api.w.org\/{rel}","templated":true}]}}