{"id":1882,"date":"2024-10-25T16:06:29","date_gmt":"2024-10-25T14:06:29","guid":{"rendered":"https:\/\/blogsaverroes.juntadeandalucia.es\/sanfelipeneri\/?page_id=1882"},"modified":"2024-11-15T10:06:58","modified_gmt":"2024-11-15T09:06:58","slug":"religion","status":"publish","type":"page","link":"https:\/\/blogsaverroes.juntadeandalucia.es\/sanfelipeneri\/departamentos\/religion\/","title":{"rendered":"Religi\u00f3n"},"content":{"rendered":"<p>\u00a1Bienvenidos al Departamento de Religi\u00f3n del IES San Felipe Neri!&nbsp;<\/p>\n<p>La asignatura de Religi\u00f3n es la puerta de entrada a una de las dimensiones m\u00e1s importantes y tal vez menos valoradas del ser humano: su espiritualidad. Pretendemos hacernos preguntas y abrir nuestra mente a las respuestas que la humanidad ha ido forjando a lo largo de su historia. \u00bfQui\u00e9n no se ha preguntado alguna vez eso de \u201c\u00bfqu\u00e9 hacemos aqu\u00ed?, \u00bfqui\u00e9nes somos?, \u00bfa d\u00f3nde vamos?, \u00bfc\u00f3mo ser felices?\u201d. Pues aqu\u00ed nos hacemos esas preguntas y tratamos de conocer algunas respuestas.<br \/>\nUna oportunidad de escuchar y opinar, conocer y reconocer al otro y sus opiniones, acercarnos un poco m\u00e1s a la verdad y darle sentido a nuestra existencia construyendo un mundo mejor para todos. Valoramos la experiencia religiosa presente desde siempre en la historia de la humanidad, viajamos para apreciar el arte y la experiencia que han dejado en nuestro entorno las tres grandes culturas monote\u00edstas, investigamos y debatimos, hablamos y hacemos.<br \/>\nAqu\u00ed cabemos todos, cristianos o no. Jes\u00fas de Nazaret nos inspira como encarnaci\u00f3n de un Dios que acoge y quiere a todo ser humano sin distinci\u00f3n de ning\u00fan tipo. A cualquier ser humano de mente y coraz\u00f3n inquieto le gusta esta experiencia.<\/p>\n<p>Aqu\u00ed encontrar\u00e1s informaci\u00f3n sobre los contenidos que tratamos, actividades, proyectos solidarios y recursos que invitan a la reflexi\u00f3n y al crecimiento personal:<\/p>\n<p><a href=\"https:\/\/sites.google.com\/g.educaand.es\/religiondelneri\">https:\/\/sites.google.com\/g.educaand.es\/religiondelneri<\/a><\/p>\n<hr>\n<div class=\"osc-res-tab tabbable   osc-tabs-left\"><div style=\"clear:both;width: 100%;\"><ul class=\"nav osc-res-nav nav-pills osc-tabs-left-ul\" id=\"oscitas-restabs-1-religion-54217\"><li class=\"active\"><a href=\"#ert_pane1-0\" data-toggle=\"tab\">Profesorado<\/a><\/li><li class=\"\"><a href=\"#ert_pane1-1\" data-toggle=\"tab\">Programaciones <\/a><\/li><li class=\"\"><a href=\"#ert_pane1-2\" data-toggle=\"tab\">Competencias y criterios<\/a><\/li><li class=\"\"><a href=\"#ert_pane1-3\" data-toggle=\"tab\">Otros recursos<\/a><\/li><li class=\"\"><a href=\"#ert_pane1-4\" data-toggle=\"tab\">Enlaces de inter\u00e9s<\/a><\/li><\/ul><\/div><div style=\"clear:both;width: 100%;\"><ul class=\"tab-content\" id=\"oscitas-restabcontent-1-religion-54217\"><li class=\"tab-pane active\" id=\"ert_pane1-0\"><table style=\"width: 100.109%;height: 340px\" border=\"10px solid rgb(255, 255, 255)\">\n<tbody>\n<tr style=\"height: 36px\">\n<td style=\"background-color: #c5cbe3;border: 10px solid #ffffff;width: 50%;height: 50px;text-align: center\"><strong>Borrego Schorgenhofer, Gabriel<\/strong><\/td>\n<td style=\"background-color: #ffffff;border: 10px solid #ffffff;width: 50%;height: 50px\">&nbsp;<\/td>\n<\/tr>\n<tr style=\"height: 24px\">\n<td style=\"background-color: #ffffff;border: 10px solid #ffffff;width: 50%;height: 50px;text-align: center\">\u2709\ufe0f <a href=\"mailto:gborsch866@g.educaand.es\">gborsch866@g.educaand.es<\/a><\/td>\n<td style=\"background-color: #ffffff;border: 10px solid #ffffff;width: 50%;height: 50px;text-align: center\">&nbsp;<\/td>\n<\/tr>\n<\/tbody>\n<\/table><\/li><li class=\"tab-pane \" id=\"ert_pane1-1\"><iframe src=\"https:\/\/drive.google.com\/embeddedfolderview?id=1Wt_b5eSV3y78tvVV9tPCAsAzrF357XoO#list\" height=\"600\"><\/iframe><br \/><\/li><li class=\"tab-pane \" id=\"ert_pane1-2\"><iframe src=\"https:\/\/drive.google.com\/embeddedfolderview?id=1P06eofnHNS59_U-AEQUEqcEgbBVzBlaq#list\" height=\"600\"><\/iframe><br \/><\/li><li class=\"tab-pane \" id=\"ert_pane1-3\"><p><iframe src=\"https:\/\/drive.google.com\/embeddedfolderview?id=1mAEFITEQuK76xIBujjqPyc7y_M-NSWQH#list\" height=\"600\"><\/iframe><br \/><\/li><li class=\"tab-pane \" id=\"ert_pane1-4\"><ul>\n<li>Web personal de Gabriel&nbsp; Borrego Schorgenhofer <a href=\"https:\/\/sites.google.com\/g.educaand.es\/religiondelneri\" target=\"_blank\" rel=\"noopener\">Enlace<\/a><\/li>\n<\/ul><\/li><\/ul><\/div><\/div>\n<p>&nbsp;<\/p>\n","protected":false},"excerpt":{"rendered":"<p>\u00a1Bienvenidos al Departamento de Religi\u00f3n del IES San Felipe Neri!&nbsp; La asignatura de Religi\u00f3n es la puerta de entrada a una de las dimensiones m\u00e1s importantes y tal vez menos valoradas del ser humano:&#46;&#46;&#46;<\/p>\n","protected":false},"author":13459,"featured_media":2013,"parent":1407,"menu_order":0,"comment_status":"closed","ping_status":"closed","template":"","meta":{"_exactmetrics_skip_tracking":false,"_exactmetrics_sitenote_active":false,"_exactmetrics_sitenote_note":"","_exactmetrics_sitenote_category":0,"ngg_post_thumbnail":0,"footnotes":""},"aioseo_notices":[],"_links":{"self":[{"href":"https:\/\/blogsaverroes.juntadeandalucia.es\/sanfelipeneri\/wp-json\/wp\/v2\/pages\/1882"}],"collection":[{"href":"https:\/\/blogsaverroes.juntadeandalucia.es\/sanfelipeneri\/wp-json\/wp\/v2\/pages"}],"about":[{"href":"https:\/\/blogsaverroes.juntadeandalucia.es\/sanfelipeneri\/wp-json\/wp\/v2\/types\/page"}],"author":[{"embeddable":true,"href":"https:\/\/blogsaverroes.juntadeandalucia.es\/sanfelipeneri\/wp-json\/wp\/v2\/users\/13459"}],"replies":[{"embeddable":true,"href":"https:\/\/blogsaverroes.juntadeandalucia.es\/sanfelipeneri\/wp-json\/wp\/v2\/comments?post=1882"}],"version-history":[{"count":7,"href":"https:\/\/blogsaverroes.juntadeandalucia.es\/sanfelipeneri\/wp-json\/wp\/v2\/pages\/1882\/revisions"}],"predecessor-version":[{"id":2559,"href":"https:\/\/blogsaverroes.juntadeandalucia.es\/sanfelipeneri\/wp-json\/wp\/v2\/pages\/1882\/revisions\/2559"}],"up":[{"embeddable":true,"href":"https:\/\/blogsaverroes.juntadeandalucia.es\/sanfelipeneri\/wp-json\/wp\/v2\/pages\/1407"}],"wp:featuredmedia":[{"embeddable":true,"href":"https:\/\/blogsaverroes.juntadeandalucia.es\/sanfelipeneri\/wp-json\/wp\/v2\/media\/2013"}],"wp:attachment":[{"href":"https:\/\/blogsaverroes.juntadeandalucia.es\/sanfelipeneri\/wp-json\/wp\/v2\/media?parent=1882"}],"curies":[{"name":"wp","href":"https:\/\/api.w.org\/{rel}","templated":true}]}}