{"id":1904,"date":"2024-10-25T12:32:39","date_gmt":"2024-10-25T10:32:39","guid":{"rendered":"https:\/\/blogsaverroes.juntadeandalucia.es\/sanfelipeneri\/?page_id=1904"},"modified":"2024-11-15T14:05:17","modified_gmt":"2024-11-15T13:05:17","slug":"aula-de-jaque","status":"publish","type":"page","link":"https:\/\/blogsaverroes.juntadeandalucia.es\/sanfelipeneri\/aula-de-jaque\/","title":{"rendered":"Aula de Jaque"},"content":{"rendered":"<p>El ajedrez favorece la agilidad mental, el esfuerzo intelectual y la capacidad de concentraci\u00f3n, con lo que nos ayuda en el desarrollo de la personalidad. Adem\u00e1s, es socializador e integrador. Si te pasas un recreo por el aula T10 podr\u00e1s comprobarlo.<br \/>\nSiete motivos para jugar al ajedrez*<\/p>\n<ul style=\"list-style-type: square\">\n<li>Estimula la creatividad: para intentar ganar una partida hay que colocar las piezas de una manera, teniendo en cuenta todo un contexto. El jugador crea en su mente la posici\u00f3n, y la ha de llevar al tablero. Dependiendo de los movimientos del contrario, deber\u00e1 adaptar su idea a las circunstancias, forzando a reconsiderar una y otra vez la idea inicial para llevarla a la realidad.<\/li>\n<li>Favorece la capacidad de decisi\u00f3n y el esp\u00edritu cr\u00edtico: Desde el primer momento de la partida el jugador se ve obligado a decidir. Cada decisi\u00f3n tiene efectos inmediatos en la partida y consecuencias que asumir.<\/li>\n<li>Desarrolla la \u00e9tica: para jugar una partida es necesario observar las normas y respetarlas, y su mera infracci\u00f3n ya de por s\u00ed produce rechazo en los jugadores<\/li>\n<li>Estimula la capacidad matem\u00e1tica: en cada partida debemos calcular las variantes que se producen tras un hipot\u00e9tico movimiento; las piezas tienen un determinado valor; nos enfrentamos a conceptos matem\u00e1ticos, puesto que los movimientos de las piezas obedecen a patrones geom\u00e9tricos; los planes consisten en el c\u00e1lculo de una sucesi\u00f3n de movimientos\u2026<\/li>\n<li>Estimula la memoria y la capacidad de atenci\u00f3n: el ajedrecista ha de recordar posiciones ya aprendidas y aplicar el modelo ya conocido en un tiempo pasado al momento actual. Hay que esforzarse por estar atento durante todo el juego, ya que cualquier descuido le puede suponer la p\u00e9rdida la partida.<br \/>\n<em>*Tomado de <a href=\"https:\/\/www.lacasadelajedrez.com\/colegios\/por-que-ajedrez\/\">https:\/\/www.lacasadelajedrez.com\/colegios\/por-que-ajedrez\/<\/a><\/em><\/li>\n<\/ul>\n<div class=\"flex-shrink-0 flex flex-col relative items-end\">\n<div>\n<div class=\"pt-0\">\n<div class=\"gizmo-bot-avatar flex h-8 w-8 items-center justify-center overflow-hidden rounded-full\">\n<div class=\"relative p-1 rounded-sm flex items-center justify-center bg-token-main-surface-primary text-token-text-primary h-8 w-8\">&nbsp;<\/div>\n<\/div>\n<\/div>\n<\/div>\n<\/div>\n<div class=\"group\/conversation-turn relative flex w-full min-w-0 flex-col agent-turn\">\n<div class=\"flex-col gap-1 md:gap-3\">\n<div class=\"flex max-w-full flex-col flex-grow\">\n<div class=\"min-h-8 text-message flex w-full flex-col items-end gap-2 whitespace-normal break-words [.text-message+&amp;]:mt-5\" dir=\"auto\" data-message-author-role=\"assistant\" data-message-id=\"54310dd4-4412-4bc3-af87-12a495fd2f07\" data-message-model-slug=\"gpt-4o\">\n<div class=\"flex w-full flex-col gap-1 empty:hidden first:pt-[3px]\">\n<div class=\"markdown prose w-full break-words dark:prose-invert light\">\n<p>Si quieres seguir el <strong>Aula de Jaque del IES San Felipe Neri<\/strong> y estar al tanto de todas nuestras actividades y novedades, te dejamos el siguiente enlace: &nbsp; <a href=\"https:\/\/sites.google.com\/g.educaand.es\/religiondelneri\/ajedrez-en-el-neri\"><span style=\"font-size: 20px\"><strong>PULSAR AQUI<\/strong><\/span><\/a><\/p>\n<p>\u00a1\u00danete y descubre el apasionante mundo del ajedrez con nosotros! \u265f\ufe0f\n<\/p><\/div>\n<\/div>\n<\/div>\n<\/div>\n<\/div>\n<\/div>\n","protected":false},"excerpt":{"rendered":"<p>El ajedrez favorece la agilidad mental, el esfuerzo intelectual y la capacidad de concentraci\u00f3n, con lo que nos ayuda en el desarrollo de la personalidad. Adem\u00e1s, es socializador e integrador. Si te pasas un&#46;&#46;&#46;<\/p>\n","protected":false},"author":13459,"featured_media":1950,"parent":0,"menu_order":0,"comment_status":"closed","ping_status":"closed","template":"","meta":{"_exactmetrics_skip_tracking":false,"_exactmetrics_sitenote_active":false,"_exactmetrics_sitenote_note":"","_exactmetrics_sitenote_category":0,"ngg_post_thumbnail":0,"footnotes":""},"aioseo_notices":[],"_links":{"self":[{"href":"https:\/\/blogsaverroes.juntadeandalucia.es\/sanfelipeneri\/wp-json\/wp\/v2\/pages\/1904"}],"collection":[{"href":"https:\/\/blogsaverroes.juntadeandalucia.es\/sanfelipeneri\/wp-json\/wp\/v2\/pages"}],"about":[{"href":"https:\/\/blogsaverroes.juntadeandalucia.es\/sanfelipeneri\/wp-json\/wp\/v2\/types\/page"}],"author":[{"embeddable":true,"href":"https:\/\/blogsaverroes.juntadeandalucia.es\/sanfelipeneri\/wp-json\/wp\/v2\/users\/13459"}],"replies":[{"embeddable":true,"href":"https:\/\/blogsaverroes.juntadeandalucia.es\/sanfelipeneri\/wp-json\/wp\/v2\/comments?post=1904"}],"version-history":[{"count":13,"href":"https:\/\/blogsaverroes.juntadeandalucia.es\/sanfelipeneri\/wp-json\/wp\/v2\/pages\/1904\/revisions"}],"predecessor-version":[{"id":2592,"href":"https:\/\/blogsaverroes.juntadeandalucia.es\/sanfelipeneri\/wp-json\/wp\/v2\/pages\/1904\/revisions\/2592"}],"wp:featuredmedia":[{"embeddable":true,"href":"https:\/\/blogsaverroes.juntadeandalucia.es\/sanfelipeneri\/wp-json\/wp\/v2\/media\/1950"}],"wp:attachment":[{"href":"https:\/\/blogsaverroes.juntadeandalucia.es\/sanfelipeneri\/wp-json\/wp\/v2\/media?parent=1904"}],"curies":[{"name":"wp","href":"https:\/\/api.w.org\/{rel}","templated":true}]}}