{"id":2154,"date":"2024-11-11T12:10:54","date_gmt":"2024-11-11T11:10:54","guid":{"rendered":"https:\/\/blogsaverroes.juntadeandalucia.es\/sanfelipeneri\/?page_id=2154"},"modified":"2025-11-15T19:03:41","modified_gmt":"2025-11-15T18:03:41","slug":"cima","status":"publish","type":"page","link":"https:\/\/blogsaverroes.juntadeandalucia.es\/sanfelipeneri\/cima\/","title":{"rendered":"CIMA"},"content":{"rendered":"<p>PROGRAMA PARA LA INNOVACI\u00d3N Y MEJORA DEL APRENDIZAJE<\/p>\n<ul>\n<li><strong>\u00bfEn qu\u00e9 consiste?<\/strong><\/li>\n<\/ul>\n<p>Se trata de una herramienta para el desarrollo del nuevo marco curricular y de las pr\u00e1cticas educativas que permita integrarlas en su Proyecto Educativo, fomente el trabajo cooperativo y la mejora continua del aprendizaje y los conocimientos del alumnado andaluz.<\/p>\n<ul>\n<li><strong>\u00bfQu\u00e9 objetivos tiene?<\/strong><\/li>\n<\/ul>\n<p>Son objetivos del Programa, los siguientes:<\/p>\n<ol>\n<li>Facilitar el desarrollo de proyectos para la mejora del aprendizaje incluidos en el Proyecto Educativo de cada centro.<\/li>\n<li>Promover los cambios y mejoras a partir del diagn\u00f3stico de las posibilidades de intervenci\u00f3n, desde el an\u00e1lisis de las necesidades y realidades educativas del centro.<\/li>\n<li>Fomentar una cultura de la participaci\u00f3n, el an\u00e1lisis y la reflexi\u00f3n compartida para la mejora de los procesos de ense\u00f1anza y aprendizaje y la adquisici\u00f3n de conocimientos por parte del alumnado.<\/li>\n<li>Favorecer la participaci\u00f3n de la comunidad en las actuaciones de los centros.<\/li>\n<li>Impulsar la difusi\u00f3n y comunicaci\u00f3n de pr\u00e1cticas eficaces para el aprendizaje y la adquisici\u00f3n de conocimientos por parte del alumnado.<\/li>\n<\/ol>\n<p>&nbsp;<\/p>\n<hr>\n<div class=\"osc-res-tab tabbable   osc-tabs-left\"><div style=\"clear:both;width: 100%;\"><ul class=\"nav osc-res-nav nav-pills osc-tabs-left-ul\" id=\"oscitas-restabs-1-cima-67362\"><li class=\"\"><a href=\"#ert_pane1-0\" data-toggle=\"tab\">Coordinadora<\/a><\/li><li class=\"\"><a href=\"#ert_pane1-1\" data-toggle=\"tab\">L\u00edneas de actuaci\u00f3n curso 2024\/2025<\/a><\/li><li class=\"active\"><a href=\"#ert_pane1-2\" data-toggle=\"tab\">Noticias<\/a><\/li><\/ul><\/div><div style=\"clear:both;width: 100%;\"><ul class=\"tab-content\" id=\"oscitas-restabcontent-1-cima-67362\"><li class=\"tab-pane \" id=\"ert_pane1-0\"><table style=\"width: 99.7817%;height: 250px\" border=\"10px solid rgb(255, 255, 255)\">\n<tbody>\n<tr style=\"height: 36px\">\n<td style=\"background-color: #c5cbe3;border: 10px solid #ffffff;width: 50%;height: 50px;text-align: center\"><strong>Quero de la Fuente, Elisabet<\/strong><\/td>\n<td style=\"background-color: #ffffff;border: 10px solid #ffffff;width: 50%;height: 50px\">&nbsp;<\/td>\n<\/tr>\n<tr style=\"height: 24px\">\n<td style=\"background-color: #ffffff;border: 10px solid #ffffff;width: 50%;height: 50px;text-align: center\">\u2709\ufe0f<a href=\"mailto:equefue438@g.educaand.es\"> equefue438@g.educaand.es<\/a><\/td>\n<td style=\"background-color: #ffffff;border: 10px solid #ffffff;width: 50%;height: 50px;text-align: center\">&nbsp;<\/td>\n<\/tr>\n<\/tbody>\n<\/table><\/li><li class=\"tab-pane \" id=\"ert_pane1-1\"><table style=\"border-collapse: collapse;width: 100%;height: 450px\">\n<tbody>\n<tr style=\"height: 354px\">\n<td style=\"width: 13.3224%;height: 354px;vertical-align: top;background-color: #ffffff;text-align: left\"><img loading=\"lazy\" decoding=\"async\" class=\"aligncenter size-full wp-image-2490\" src=\"https:\/\/blogsaverroes.juntadeandalucia.es\/sanfelipeneri\/files\/2024\/11\/Imagen-1.png\" alt=\"\" width=\"135\" height=\"116\"><\/td>\n<td style=\"width: 86.6776%;height: 354px;background-color: #ffffff;text-align: left\"><strong>1. Promoci\u00f3n de H\u00e1bitos de Vida Saludable&nbsp;<\/strong><\/p>\n<p>OBJETIVO GENERAL: Desarrollar competencias en materia de promoci\u00f3n de la salud que faciliten la elecci\u00f3n y adopci\u00f3n de estilos de vida saludables contribuyendo al desarrollo integral del alumnado.<\/p>\n<p>L\u00cdNEAS DE ACTUACI\u00d3N<\/p>\n<ul>\n<li>Educaci\u00f3n emocional&nbsp;<\/li>\n<li>Alimentaci\u00f3n saludable<\/li>\n<li>Actividad f\u00edsica y deporte<\/li>\n<li>Sue\u00f1o saludable y autocuidado<\/li>\n<li>Educaci\u00f3n afectivo sexual<\/li>\n<li>Higiene digital<\/li>\n<li>Ocio saludable y seguro<\/li>\n<\/ul>\n<p>&nbsp;<\/p>\n<p>RESPONSABLE: Francisco Javier Tineo Pe\u00f1a<\/td>\n<\/tr>\n<tr style=\"height: 24px\">\n<td style=\"width: 13.3224%;height: 24px;vertical-align: top;background-color: #ffffff;text-align: left\"><img loading=\"lazy\" decoding=\"async\" class=\"aligncenter size-full wp-image-2491\" src=\"https:\/\/blogsaverroes.juntadeandalucia.es\/sanfelipeneri\/files\/2024\/11\/Imagen-2.png\" alt=\"\" width=\"150\" height=\"129\"><\/td>\n<td style=\"width: 86.6776%;height: 24px;background-color: #ffffff;text-align: left\"><strong>2. Educaci\u00f3n Ambiental para la SOSTENIBILIDAD<\/strong><\/p>\n<p>OBJETIVO GENERAL: Promover el desarrollo integrado de proyectos de educaci\u00f3n ambiental, fomentando la participaci\u00f3n de toda la comunidad educativa, a trav\u00e9s de l\u00edneas de actuaci\u00f3n sobre distintos escenarios y problem\u00e1ticas ambientales: medio urbano, cambio clim\u00e1tico, energ\u00edas, biodiversidad, h\u00e1bitats y espacios naturales, litoral, agua, bosques, residuos, erosi\u00f3n y degradaci\u00f3n de suelos, consumo, entre otros factores.<\/p>\n<p>L\u00cdNEAS DE ACTUACI\u00d3N<\/p>\n<ul>\n<li>Educaci\u00f3n para la circularidad.<\/li>\n<li>Huertos escolares.<\/li>\n<\/ul>\n<p>&nbsp;<\/p>\n<p>RESPONSABLE: Jos\u00e9 Luis Rodr\u00edguez Lara<\/td>\n<\/tr>\n<tr style=\"height: 24px\">\n<td style=\"width: 13.3224%;height: 24px;vertical-align: top;background-color: #ffffff;text-align: left\"><img loading=\"lazy\" decoding=\"async\" class=\"aligncenter size-full wp-image-2492\" src=\"https:\/\/blogsaverroes.juntadeandalucia.es\/sanfelipeneri\/files\/2024\/11\/Imagen-3.png\" alt=\"\" width=\"164\" height=\"143\"><\/td>\n<td style=\"width: 86.6776%;height: 24px;background-color: #ffffff;text-align: left\"><strong>3. STEAM<\/strong><\/p>\n<p>OBJETIVO GENERAL: Promover un entorno educativo integral que estimule la resoluci\u00f3n de problemas cotidianos mediante conocimientos interdisciplinarios impulsando el trabajo colaborativo, que a su vez fomente la investigaci\u00f3n y experimentaci\u00f3n en el alumnado y mejore la competencia digital del profesorado, favoreciendo la integraci\u00f3n de la metodolog\u00eda STEAM en el curr\u00edculo para desarrollar vocaciones cient\u00edfico-tecnol\u00f3gicas, especialmente en las alumnas.<\/p>\n<p>L\u00cdNEAS DE ACTUACI\u00d3N<\/p>\n<ul>\n<li>Razonamiento matem\u00e1tico.<\/li>\n<li>Pensamiento computacional.<\/li>\n<li>Programaci\u00f3n y rob\u00f3tica.<\/li>\n<\/ul>\n<p>&nbsp;<\/p>\n<p>RESPONSABLE: Esteban Arcos Garc\u00eda<\/td>\n<\/tr>\n<tr style=\"height: 24px\">\n<td style=\"width: 13.3224%;height: 24px;vertical-align: top;background-color: #ffffff;text-align: left\"><img loading=\"lazy\" decoding=\"async\" class=\"aligncenter size-full wp-image-2493\" src=\"https:\/\/blogsaverroes.juntadeandalucia.es\/sanfelipeneri\/files\/2024\/11\/Imagen-4.png\" alt=\"\" width=\"164\" height=\"143\"><\/td>\n<td style=\"width: 86.6776%;height: 24px;background-color: #ffffff;text-align: left\"><strong>4. Arte, Cultura&nbsp; y Creatividad<\/strong><strong>:<\/strong><\/p>\n<p>OBJETIVO GENERAL: Promover el desarrollo integral de proyectos de educaci\u00f3n art\u00edstica y creativa fomentando la participaci\u00f3n activa de toda la comunidad educativa. Las l\u00edneas de actuaci\u00f3n abarcar\u00e1n diversas especialidades y modalidades, como m\u00fasica y danza, flamenco, teatro, cine, artes pl\u00e1sticas, visuales y dise\u00f1o gr\u00e1fico, as\u00ed como la conservaci\u00f3n y difusi\u00f3n del patrimonio andaluz.<\/p>\n<p>&nbsp;L\u00cdNEAS DE ACTUACI\u00d3N<\/p>\n<ul>\n<li>Cine<\/li>\n<li>Patrimonio andaluz.<\/li>\n<\/ul>\n<p>&nbsp;<\/p>\n<p>RESPONSABLE: Daniel Ruiz Ord\u00f3\u00f1ez<\/td>\n<\/tr>\n<tr style=\"height: 24px\">\n<td style=\"width: 13.3224%;height: 24px;vertical-align: top;background-color: #ffffff;text-align: left\"><img loading=\"lazy\" decoding=\"async\" class=\"aligncenter size-full wp-image-2495\" src=\"https:\/\/blogsaverroes.juntadeandalucia.es\/sanfelipeneri\/files\/2024\/11\/Imagen-5.png\" alt=\"\" width=\"164\" height=\"143\"><\/td>\n<td style=\"width: 86.6776%;height: 24px;background-color: #ffffff;text-align: left\"><strong>5. Innovaci\u00f3n Social y Educaci\u00f3n para el Desarrollo<\/strong><\/p>\n<p>OBJETIVO GENERAL: Promover el desarrollo integral de proyectos de emprendimiento y educaci\u00f3n para el desarrollo, fomentando la participaci\u00f3n activa de toda la comunidad educativa en proyectos rurales, comarcales, nacionales e internacionales. Las l\u00edneas de actuaci\u00f3n abarcar\u00e1n diversas especialidades y modalidades, como Proyectos Internacionales CIMA, Desarrollo sostenible y emprendimiento educativo.<\/p>\n<p>L\u00cdNEAS DE ACTUACI\u00d3N<\/p>\n<ul>\n<li>Desarrollo sostenible<\/li>\n<li>Emprendimiento educativo<\/li>\n<\/ul>\n<p>&nbsp;<\/p>\n<p>RESPONSABLE: Juan Carlos Moral Rubio<\/td>\n<\/tr>\n<\/tbody>\n<\/table>\n<p>&nbsp;<\/p>\n<p><strong>Para saber m\u00e1s\u2026.<\/strong><\/p>\n<ul>\n<li><a href=\"https:\/\/www.juntadeandalucia.es\/educacion\/eaprendizaje\/cima\/\">https:\/\/www.juntadeandalucia.es\/educacion\/eaprendizaje\/cima\/<\/a><\/li>\n<li>Dosier CIMA 2024-25:<\/li>\n<\/ul>\n<p><embed src=\"https:\/\/blogsaverroes.juntadeandalucia.es\/sanfelipeneri\/files\/2024\/11\/DOSIERCIMA.pdf\" type=\"application\/pdf\" width=\"100%\" height=\"800px\"><\/p>\n<p style=\"text-align: center\"><a href=\"https:\/\/blogsaverroes.juntadeandalucia.es\/sanfelipeneri\/files\/2024\/11\/DOSIERCIMA.pdf\" target=\"_blank\" rel=\"noopener\">Descargar<\/a><\/p><\/li><li class=\"tab-pane active\" id=\"ert_pane1-2\"><p style=\"text-align: center\"><div class=\"pt-cv-wrapper\"><div class=\"pt-cv-view pt-cv-blockgrid iscvblock iscvhybrid list1 layout1\" id=\"pt-cv-view-c51cf06u4a\"><div data-id=\"pt-cv-page-1\" class=\"pt-cv-page\" data-cvc=\"1\"><div class=\" pt-cv-content-item pt-cv-2-col\" ><div class=\"pt-cv-thumb-wrapper pull-left \"><a href=\"https:\/\/blogsaverroes.juntadeandalucia.es\/sanfelipeneri\/nuestros-olivares-vivos-brillan-en-la-fiesta-de-la-aceituna-de-martos\/\" class=\"_self pt-cv-href-thumbnail pt-cv-thumb-left\" target=\"_self\" ><img loading=\"lazy\" decoding=\"async\" width=\"1024\" height=\"576\" src=\"https:\/\/blogsaverroes.juntadeandalucia.es\/sanfelipeneri\/files\/2025\/12\/WhatsApp-Image-2025-12-02-at-08.47.10-4-1024x576.jpeg\" class=\"pt-cv-thumbnail pull-left\" alt=\"\" srcset=\"https:\/\/blogsaverroes.juntadeandalucia.es\/sanfelipeneri\/files\/2025\/12\/WhatsApp-Image-2025-12-02-at-08.47.10-4-1024x576.jpeg 1024w, https:\/\/blogsaverroes.juntadeandalucia.es\/sanfelipeneri\/files\/2025\/12\/WhatsApp-Image-2025-12-02-at-08.47.10-4-300x169.jpeg 300w, https:\/\/blogsaverroes.juntadeandalucia.es\/sanfelipeneri\/files\/2025\/12\/WhatsApp-Image-2025-12-02-at-08.47.10-4-768x432.jpeg 768w, https:\/\/blogsaverroes.juntadeandalucia.es\/sanfelipeneri\/files\/2025\/12\/WhatsApp-Image-2025-12-02-at-08.47.10-4-1536x864.jpeg 1536w, https:\/\/blogsaverroes.juntadeandalucia.es\/sanfelipeneri\/files\/2025\/12\/WhatsApp-Image-2025-12-02-at-08.47.10-4-2048x1152.jpeg 2048w\" sizes=\"(max-width: 1024px) 100vw, 1024px\" \/><\/a><\/div>\n<div class=\"pt-cv-colwrap\"><h4 class=\"pt-cv-title\"><a href=\"https:\/\/blogsaverroes.juntadeandalucia.es\/sanfelipeneri\/nuestros-olivares-vivos-brillan-en-la-fiesta-de-la-aceituna-de-martos\/\" class=\"_self\" target=\"_self\" >Nuestros Olivares Vivos brillan en la Fiesta de la Aceituna de Martos<\/a><\/h4><div class=\"pt-cv-content\">La exposici\u00f3n \u201cOlivares Vivos\u201d, un proyecto excepcional desarrollado por nuestro alumnado de Diversificaci\u00f3n del curso pasado, y enriquecido por las aportaciones del grupo de Patrimonio Cultural, est\u00e1 siendo uno de los grandes protagonistas de la Fiesta de la Aceituna de ...<br \/><div class=\"pt-cv-rmwrap\"><a href=\"https:\/\/blogsaverroes.juntadeandalucia.es\/sanfelipeneri\/nuestros-olivares-vivos-brillan-en-la-fiesta-de-la-aceituna-de-martos\/\" class=\"_self pt-cv-readmore btn btn-success\" target=\"_self\">Leer M\u00e1s<\/a><\/div><\/div><\/div><\/div>\n<div class=\" pt-cv-content-item pt-cv-2-col\" ><div class=\"pt-cv-thumb-wrapper pull-left \"><a href=\"https:\/\/blogsaverroes.juntadeandalucia.es\/sanfelipeneri\/nuestro-centro-premio-de-medio-ambiente-un-proyecto-en-defensa-del-olivar-y-su-patrimonio\/\" class=\"_self pt-cv-href-thumbnail pt-cv-thumb-left\" target=\"_self\" ><img loading=\"lazy\" decoding=\"async\" width=\"640\" height=\"352\" src=\"https:\/\/blogsaverroes.juntadeandalucia.es\/sanfelipeneri\/files\/2025\/06\/olivo31.jpg\" class=\"pt-cv-thumbnail pull-left\" alt=\"\" srcset=\"https:\/\/blogsaverroes.juntadeandalucia.es\/sanfelipeneri\/files\/2025\/06\/olivo31.jpg 640w, https:\/\/blogsaverroes.juntadeandalucia.es\/sanfelipeneri\/files\/2025\/06\/olivo31-300x165.jpg 300w\" sizes=\"(max-width: 640px) 100vw, 640px\" \/><\/a><\/div>\n<div class=\"pt-cv-colwrap\"><h4 class=\"pt-cv-title\"><a href=\"https:\/\/blogsaverroes.juntadeandalucia.es\/sanfelipeneri\/nuestro-centro-premio-de-medio-ambiente-un-proyecto-en-defensa-del-olivar-y-su-patrimonio\/\" class=\"_self\" target=\"_self\" >Nuestro Centro, Premio de Medio Ambiente: Un Proyecto en Defensa del Olivar y su Patrimonio<\/a><\/h4><div class=\"pt-cv-content\">El alumnado de 3\u00ba de ESO DC, junto a un equipo de profesoras del centro, ha sido galardonado con un Premio de Medio Ambiente gracias a un completo proyecto de investigaci\u00f3n y acci\u00f3n en torno al olivar tradicional, el proyecto ...<br \/><div class=\"pt-cv-rmwrap\"><a href=\"https:\/\/blogsaverroes.juntadeandalucia.es\/sanfelipeneri\/nuestro-centro-premio-de-medio-ambiente-un-proyecto-en-defensa-del-olivar-y-su-patrimonio\/\" class=\"_self pt-cv-readmore btn btn-success\" target=\"_self\">Leer M\u00e1s<\/a><\/div><\/div><\/div><\/div>\n<div class=\" pt-cv-content-item pt-cv-2-col\" ><div class=\"pt-cv-thumb-wrapper pull-left \"><a href=\"https:\/\/blogsaverroes.juntadeandalucia.es\/sanfelipeneri\/el-ies-san-felipe-neri-participa-en-fantec-2025-con-su-proyecto-interdisciplinar-olivo-circuit\/\" class=\"_self pt-cv-href-thumbnail pt-cv-thumb-left\" target=\"_self\" ><img loading=\"lazy\" decoding=\"async\" width=\"1024\" height=\"768\" src=\"https:\/\/blogsaverroes.juntadeandalucia.es\/sanfelipeneri\/files\/2025\/06\/WhatsApp-Image-2025-06-03-at-13.02.43-1-1024x768.jpeg\" class=\"pt-cv-thumbnail pull-left\" alt=\"\" srcset=\"https:\/\/blogsaverroes.juntadeandalucia.es\/sanfelipeneri\/files\/2025\/06\/WhatsApp-Image-2025-06-03-at-13.02.43-1-1024x768.jpeg 1024w, https:\/\/blogsaverroes.juntadeandalucia.es\/sanfelipeneri\/files\/2025\/06\/WhatsApp-Image-2025-06-03-at-13.02.43-1-300x225.jpeg 300w, https:\/\/blogsaverroes.juntadeandalucia.es\/sanfelipeneri\/files\/2025\/06\/WhatsApp-Image-2025-06-03-at-13.02.43-1-768x576.jpeg 768w, https:\/\/blogsaverroes.juntadeandalucia.es\/sanfelipeneri\/files\/2025\/06\/WhatsApp-Image-2025-06-03-at-13.02.43-1-1536x1152.jpeg 1536w, https:\/\/blogsaverroes.juntadeandalucia.es\/sanfelipeneri\/files\/2025\/06\/WhatsApp-Image-2025-06-03-at-13.02.43-1.jpeg 1600w\" sizes=\"(max-width: 1024px) 100vw, 1024px\" \/><\/a><\/div>\n<div class=\"pt-cv-colwrap\"><h4 class=\"pt-cv-title\"><a href=\"https:\/\/blogsaverroes.juntadeandalucia.es\/sanfelipeneri\/el-ies-san-felipe-neri-participa-en-fantec-2025-con-su-proyecto-interdisciplinar-olivo-circuit\/\" class=\"_self\" target=\"_self\" >El IES San Felipe Neri participa en FANTEC 2025 con su proyecto interdisciplinar \u201cOlivo Circuit\u201d<\/a><\/h4><div class=\"pt-cv-content\">Este a\u00f1o, el IES San Felipe Neri ha tenido el honor de participar en la Feria Andaluza de Tecnolog\u00eda (FANTEC), celebrada en Ja\u00e9n, presentando su innovador proyecto interdisciplinar \u201cOlivo Circuit\u201d. Este proyecto a\u00fana tecnolog\u00eda, rob\u00f3tica, medio ambiente y creatividad, integrando ...<br \/><div class=\"pt-cv-rmwrap\"><a href=\"https:\/\/blogsaverroes.juntadeandalucia.es\/sanfelipeneri\/el-ies-san-felipe-neri-participa-en-fantec-2025-con-su-proyecto-interdisciplinar-olivo-circuit\/\" class=\"_self pt-cv-readmore btn btn-success\" target=\"_self\">Leer M\u00e1s<\/a><\/div><\/div><\/div><\/div>\n<div class=\" pt-cv-content-item pt-cv-2-col\" ><div class=\"pt-cv-thumb-wrapper pull-left \"><a href=\"https:\/\/blogsaverroes.juntadeandalucia.es\/sanfelipeneri\/un-dia-entre-arte-y-naturaleza-descubriendo-martos-y-su-patrimonio-olivarero\/\" class=\"_self pt-cv-href-thumbnail pt-cv-thumb-left\" target=\"_self\" ><img loading=\"lazy\" decoding=\"async\" width=\"887\" height=\"664\" src=\"https:\/\/blogsaverroes.juntadeandalucia.es\/sanfelipeneri\/files\/2025\/05\/5-1.png\" class=\"pt-cv-thumbnail pull-left\" alt=\"\" srcset=\"https:\/\/blogsaverroes.juntadeandalucia.es\/sanfelipeneri\/files\/2025\/05\/5-1.png 887w, https:\/\/blogsaverroes.juntadeandalucia.es\/sanfelipeneri\/files\/2025\/05\/5-1-300x225.png 300w, https:\/\/blogsaverroes.juntadeandalucia.es\/sanfelipeneri\/files\/2025\/05\/5-1-768x575.png 768w\" sizes=\"(max-width: 887px) 100vw, 887px\" \/><\/a><\/div>\n<div class=\"pt-cv-colwrap\"><h4 class=\"pt-cv-title\"><a href=\"https:\/\/blogsaverroes.juntadeandalucia.es\/sanfelipeneri\/un-dia-entre-arte-y-naturaleza-descubriendo-martos-y-su-patrimonio-olivarero\/\" class=\"_self\" target=\"_self\" >Un d\u00eda entre arte y naturaleza: descubriendo Martos y su patrimonio olivarero<\/a><\/h4><div class=\"pt-cv-content\">Ayer tuvimos la oportunidad de disfrutar de una jornada muy especial que combin\u00f3 arte, historia y naturaleza. Comenzamos la ma\u00f1ana visitando la exposici\u00f3n \"Un paseo por Martos. Rincones y paisajes\", del pintor Jos\u00e9 Dom\u00ednguez. El propio artista nos recibi\u00f3 con ...<br \/><div class=\"pt-cv-rmwrap\"><a href=\"https:\/\/blogsaverroes.juntadeandalucia.es\/sanfelipeneri\/un-dia-entre-arte-y-naturaleza-descubriendo-martos-y-su-patrimonio-olivarero\/\" class=\"_self pt-cv-readmore btn btn-success\" target=\"_self\">Leer M\u00e1s<\/a><\/div><\/div><\/div><\/div>\n<div class=\" pt-cv-content-item pt-cv-2-col\" ><div class=\"pt-cv-thumb-wrapper pull-left \"><a href=\"https:\/\/blogsaverroes.juntadeandalucia.es\/sanfelipeneri\/taller-de-emprendimiento-creatividad-autoconfianza-e-innovacion-en-las-aulas\/\" class=\"_self pt-cv-href-thumbnail pt-cv-thumb-left\" target=\"_self\" ><img loading=\"lazy\" decoding=\"async\" width=\"769\" height=\"1024\" src=\"https:\/\/blogsaverroes.juntadeandalucia.es\/sanfelipeneri\/files\/2025\/05\/6-769x1024.png\" class=\"pt-cv-thumbnail pull-left\" alt=\"\" srcset=\"https:\/\/blogsaverroes.juntadeandalucia.es\/sanfelipeneri\/files\/2025\/05\/6-769x1024.png 769w, https:\/\/blogsaverroes.juntadeandalucia.es\/sanfelipeneri\/files\/2025\/05\/6-225x300.png 225w, https:\/\/blogsaverroes.juntadeandalucia.es\/sanfelipeneri\/files\/2025\/05\/6-768x1023.png 768w, https:\/\/blogsaverroes.juntadeandalucia.es\/sanfelipeneri\/files\/2025\/05\/6.png 887w\" sizes=\"(max-width: 769px) 100vw, 769px\" \/><\/a><\/div>\n<div class=\"pt-cv-colwrap\"><h4 class=\"pt-cv-title\"><a href=\"https:\/\/blogsaverroes.juntadeandalucia.es\/sanfelipeneri\/taller-de-emprendimiento-creatividad-autoconfianza-e-innovacion-en-las-aulas\/\" class=\"_self\" target=\"_self\" >Taller de Emprendimiento: Creatividad, Autoconfianza e Innovaci\u00f3n en las Aulas<\/a><\/h4><div class=\"pt-cv-content\">El pasado 25 de abril, nuestro centro acogi\u00f3 un Taller de Emprendimiento dirigido a una selecci\u00f3n de alumnos y alumnas de 3\u00ba de ESO, en el marco del Programa CIMA. Durante cuatro horas, el alumnado particip\u00f3 en distintas din\u00e1micas grupales ...<br \/><div class=\"pt-cv-rmwrap\"><a href=\"https:\/\/blogsaverroes.juntadeandalucia.es\/sanfelipeneri\/taller-de-emprendimiento-creatividad-autoconfianza-e-innovacion-en-las-aulas\/\" class=\"_self pt-cv-readmore btn btn-success\" target=\"_self\">Leer M\u00e1s<\/a><\/div><\/div><\/div><\/div><\/div><\/div>\n<div class=\" pt-cv-pagination-wrapper\"><ul class=\"pt-cv-pagination pt-cv-ajax pagination\" data-totalpages=\"6\" data-currentpage=\"1\" data-sid=\"c51cf06u4a\" data-unid=\"\" data-isblock=\"\" data-postid=\"\"><li class=\"active\"><a href=\"#\">1<\/a><\/li>\n\t<li ><a class=\"\" href=\"https:\/\/blogsaverroes.juntadeandalucia.es\/sanfelipeneri\/wp-json\/wp\/v2\/pages\/2154\/?_page=2\">2<\/a><\/li>\n\t<li ><a class=\"\" href=\"https:\/\/blogsaverroes.juntadeandalucia.es\/sanfelipeneri\/wp-json\/wp\/v2\/pages\/2154\/?_page=3\">3<\/a><\/li>\n\t<li ><a href=\"#\">&hellip;<\/a><\/li>\n\t<li ><a class=\"\" href=\"https:\/\/blogsaverroes.juntadeandalucia.es\/sanfelipeneri\/wp-json\/wp\/v2\/pages\/2154\/?_page=6\">6<\/a><\/li>\n\t<li ><a class=\" \" href=\"https:\/\/blogsaverroes.juntadeandalucia.es\/sanfelipeneri\/wp-json\/wp\/v2\/pages\/2154\/?_page=2\">&rsaquo;<\/a><\/li>\n\t<\/ul><img loading=\"lazy\" decoding=\"async\" width=\"15\" height=\"15\" class=\"pt-cv-spinner\" alt=\"Cargando...\" src=\"data:image\/gif;base64,R0lGODlhDwAPALMPAMrKygwMDJOTkz09PZWVla+vr3p6euTk5M7OzuXl5TMzMwAAAJmZmWZmZszMzP\/\/\/yH\/C05FVFNDQVBFMi4wAwEAAAAh+QQFCgAPACwAAAAADwAPAAAEQvDJaZaZOIcV8iQK8VRX4iTYoAwZ4iCYoAjZ4RxejhVNoT+mRGP4cyF4Pp0N98sBGIBMEMOotl6YZ3S61Bmbkm4mAgAh+QQFCgAPACwAAAAADQANAAAENPDJSRSZeA418itN8QiK8BiLITVsFiyBBIoYqnoewAD4xPw9iY4XLGYSjkQR4UAUD45DLwIAIfkEBQoADwAsAAAAAA8ACQAABC\/wyVlamTi3nSdgwFNdhEJgTJoNyoB9ISYoQmdjiZPcj7EYCAeCF1gEDo4Dz2eIAAAh+QQFCgAPACwCAAAADQANAAAEM\/DJBxiYeLKdX3IJZT1FU0iIg2RNKx3OkZVnZ98ToRD4MyiDnkAh6BkNC0MvsAj0kMpHBAAh+QQFCgAPACwGAAAACQAPAAAEMDC59KpFDll73HkAA2wVY5KgiK5b0RRoI6MuzG6EQqCDMlSGheEhUAgqgUUAFRySIgAh+QQFCgAPACwCAAIADQANAAAEM\/DJKZNLND\/kkKaHc3xk+QAMYDKsiaqmZCxGVjSFFCxB1vwy2oOgIDxuucxAMTAJFAJNBAAh+QQFCgAPACwAAAYADwAJAAAEMNAs86q1yaWwwv2Ig0jUZx3OYa4XoRAfwADXoAwfo1+CIjyFRuEho60aSNYlOPxEAAAh+QQFCgAPACwAAAIADQANAAAENPA9s4y8+IUVcqaWJ4qEQozSoAzoIyhCK2NFU2SJk0hNnyEOhKR2AzAAj4Pj4GE4W0bkJQIAOw==\" \/><div class=\"clear pt-cv-clear-pagination\"><\/div><\/div><\/div>\t\t\t<style type=\"text\/css\" id=\"pt-cv-inline-style-fa031f3cl4\">\n#pt-cv-view-c51cf06u4a .pt-cv-thumb-wrapper:not(.miniwrap) { width: 30%; }#pt-cv-view-c51cf06u4a .pt-cv-thumbnail:not(.pt-cv-thumbnailsm) { height: 200px; }#pt-cv-view-c51cf06u4a > .pt-cv-page {grid-template-columns: repeat(1, 1fr);grid-gap: 15px;}\n@media all and (max-width: 1024px) { \n#pt-cv-view-c51cf06u4a > .pt-cv-page {grid-template-columns: repeat(1, 1fr);}\n} \n@media all and (max-width: 767px) { \n#pt-cv-view-c51cf06u4a > .pt-cv-page {grid-template-columns: repeat(1, 1fr);}\n} <\/style>\r\n\t\t\t<\/li><\/ul><\/div><\/div>\n<p>&nbsp;<\/p>\n","protected":false},"excerpt":{"rendered":"<p>PROGRAMA PARA LA INNOVACI\u00d3N Y MEJORA DEL APRENDIZAJE \u00bfEn qu\u00e9 consiste? Se trata de una herramienta para el desarrollo del nuevo marco curricular y de las pr\u00e1cticas educativas que permita integrarlas en su Proyecto&#46;&#46;&#46;<\/p>\n","protected":false},"author":13459,"featured_media":2511,"parent":0,"menu_order":0,"comment_status":"closed","ping_status":"closed","template":"","meta":{"_exactmetrics_skip_tracking":false,"_exactmetrics_sitenote_active":false,"_exactmetrics_sitenote_note":"","_exactmetrics_sitenote_category":0,"ngg_post_thumbnail":0,"footnotes":""},"aioseo_notices":[],"_links":{"self":[{"href":"https:\/\/blogsaverroes.juntadeandalucia.es\/sanfelipeneri\/wp-json\/wp\/v2\/pages\/2154"}],"collection":[{"href":"https:\/\/blogsaverroes.juntadeandalucia.es\/sanfelipeneri\/wp-json\/wp\/v2\/pages"}],"about":[{"href":"https:\/\/blogsaverroes.juntadeandalucia.es\/sanfelipeneri\/wp-json\/wp\/v2\/types\/page"}],"author":[{"embeddable":true,"href":"https:\/\/blogsaverroes.juntadeandalucia.es\/sanfelipeneri\/wp-json\/wp\/v2\/users\/13459"}],"replies":[{"embeddable":true,"href":"https:\/\/blogsaverroes.juntadeandalucia.es\/sanfelipeneri\/wp-json\/wp\/v2\/comments?post=2154"}],"version-history":[{"count":25,"href":"https:\/\/blogsaverroes.juntadeandalucia.es\/sanfelipeneri\/wp-json\/wp\/v2\/pages\/2154\/revisions"}],"predecessor-version":[{"id":2627,"href":"https:\/\/blogsaverroes.juntadeandalucia.es\/sanfelipeneri\/wp-json\/wp\/v2\/pages\/2154\/revisions\/2627"}],"wp:featuredmedia":[{"embeddable":true,"href":"https:\/\/blogsaverroes.juntadeandalucia.es\/sanfelipeneri\/wp-json\/wp\/v2\/media\/2511"}],"wp:attachment":[{"href":"https:\/\/blogsaverroes.juntadeandalucia.es\/sanfelipeneri\/wp-json\/wp\/v2\/media?parent=2154"}],"curies":[{"name":"wp","href":"https:\/\/api.w.org\/{rel}","templated":true}]}}