{"id":295,"date":"2020-01-23T11:42:26","date_gmt":"2020-01-23T10:42:26","guid":{"rendered":"http:\/\/blogsaverroes.juntadeandalucia.es\/pre\/nuevoiesv2\/?page_id=295"},"modified":"2023-06-20T14:59:24","modified_gmt":"2023-06-20T12:59:24","slug":"nuestra-historia","status":"publish","type":"page","link":"https:\/\/blogsaverroes.juntadeandalucia.es\/sanfelipeneri\/nuestra-historia\/","title":{"rendered":"Nuestra Historia"},"content":{"rendered":"<div>\n<p>&nbsp;&nbsp; &nbsp;Nuestro Centro Educativo est\u00e1 situado actualmente en la zona sur de Martos en las postrimer\u00edas de la ladera de la Pe\u00f1a, ocupando la parte llana de la localidad, pero \u00e9sta no ha sido siempre su ubicaci\u00f3n. En sus inicios en el a\u00f1o 1957, el Taller Escuela Sindical de F.P. \u201cSAN FELIPE NERI\u201d estaba situado en la calle Dolores Torres.<\/p>\n<p>&nbsp;&nbsp; &nbsp;Hasta el a\u00f1o 1978 estuvo dependiendo de los sindicatos y en el curso 1978-79 cambi\u00f3 el nombre por el de CENTRO DE F.P. En el a\u00f1o 1983-84 pas\u00f3 a llamarse INSTITUTO de F.P. dependiendo del MEC y, m\u00e1s tarde, de la Junta de Andaluc\u00eda. A partir del curso 1995-96 se denomina I.E.S. &#8220;San Felipe Neri&#8221;.<\/p>\n<p>&nbsp;&nbsp; &nbsp;Los directores de los Centros han sido:<\/p>\n<p>&nbsp;&nbsp; &nbsp;\u00b7 D. Antonio S\u00e1nchez \u00c1lvarez (1957-58)<\/p>\n<p>&nbsp;&nbsp; &nbsp;\u00b7 D. Jos\u00e9 Luna S\u00e1nchez (1958-59)<\/p>\n<p>&nbsp;&nbsp; &nbsp;\u00b7 D. Rafael Espejo de la Hoz (1965-73)<\/p>\n<p>&nbsp;&nbsp; &nbsp;\u00b7 D. Seraf\u00edn Navidad (1973-83)<\/p>\n<p>&nbsp;&nbsp; &nbsp;\u00b7 D. Rafael Fern\u00e1ndez Aranda (1983-92)<\/p>\n<p>&nbsp;&nbsp; &nbsp;\u00b7 D. Jos\u00e9 L\u00f3pez Jim\u00e9nez (1992-2000)<\/p>\n<p>&nbsp;&nbsp; &nbsp;\u00b7 D\u00aa \u00c1ngeles L\u00f3pez Carrillo (2000-12)<\/p>\n<p>&nbsp;&nbsp; &nbsp;\u00b7 D. Pablo Moreno Hermoso (2012-23).<\/p>\n<p>&nbsp;&nbsp; &nbsp;\u00b7 D. Juan Ruiz Jim\u00e9nez (2023- ).<\/p>\n<p>&nbsp;&nbsp; &nbsp;Actualmente se trata de un Instituto de Educaci\u00f3n Secundaria que ha sufrido una importante reconversi\u00f3n desde su creaci\u00f3n como Centro de Formaci\u00f3n Profesional. Su evoluci\u00f3n se ha basado en los cambios de las ense\u00f1anzas que ha ofertado, debido a la demanda educativa de nuestro alumnado, habiendo sido \u00e9sta como sigue:<\/p>\n<p>&nbsp;<\/p>\n<ul>\n<li>1958 a 1975 Taller Escuela Sindical de Formaci\u00f3n Profesional<\/li>\n<li>Dos cursos de adaptaci\u00f3n. o Oficial\u00eda Industrial Fresa.<\/li>\n<li>Metal (Forja, Ajuste, Fresa, Matricer\u00eda, Moldes).<\/li>\n<li>Madera (Carpinter\u00eda).<\/li>\n<li>Electricidad (Instaladores, Bobinadores).<\/li>\n<li>1975 a 1988 Centro de Formaci\u00f3n Profesional o Formaci\u00f3n Profesional Reglada.&nbsp;<\/li>\n<li>FP 1 (Metal, Electricidad, Delineaci\u00f3n Industrial).<\/li>\n<li>FP 2 (Metal, Delineaci\u00f3n Industrial).<\/li>\n<li>1988 a 1992 Instituto de Formaci\u00f3n Profesional o Ciclo Polivalente (Ense\u00f1anzas Experimentales de la Reforma).<\/li>\n<li>FP 1 y FP 2 en las mismas ramas antes mencionadas.<\/li>\n<li>M\u00f3dulos Profesionales de Nivel II (Mantenimiento en L\u00ednea y Administraci\u00f3n y Gesti\u00f3n).<\/li>\n<\/ul>\n<ul>\n<li>1992 Instituto de Formaci\u00f3n Profesional&nbsp;<\/li>\n<li>Segundo Ciclo de ESO (se incorpora a ense\u00f1anzas del periodo anterior).<\/li>\n<li>Desaparece el Ciclo Polivalente y FP 1 y FP 2.<\/li>\n<\/ul>\n<ul>\n<li>A partir de 1995-1996 Instituto de Educaci\u00f3n Secundaria<\/li>\n<li>Bachillerato de Humanidades y Ciencias Sociales.<\/li>\n<li>Bachillerato Tecnol\u00f3gico.<\/li>\n<li>Segundo Ciclo de ESO.<\/li>\n<li>M\u00f3dulos Profesionales de Nivel II (Mantenimiento en L\u00ednea y Administraci\u00f3n y Gesti\u00f3n).<\/li>\n<\/ul>\n<p>&nbsp;<\/p>\n<\/div>\n<div>\n<p>Desde este momento se van incorporando progresivamente las siguientes ense\u00f1anzas:&nbsp;<\/p>\n<div><strong>1998<\/strong><\/div>\n<ul>\n<li>Primer Ciclo de ESO.&nbsp;<\/li>\n<\/ul>\n<div><strong>2000<\/strong><\/div>\n<ul>\n<li>Grado Superior del Ciclo Formativo de Mantenimiento de Equipo Industrial.&nbsp;<\/li>\n<\/ul>\n<div><strong>2002<\/strong><\/div>\n<ul>\n<li>Programa de Diversificaci\u00f3n Curricular.&nbsp;<\/li>\n<\/ul>\n<div><strong>2003<\/strong><\/div>\n<ul>\n<li>Bachillerato de Ciencias de la Salud.<\/li>\n<li>Programa de Garant\u00eda Social \u201cOperario de Manipulados Auxiliares de la Industria\u201d.<\/li>\n<li>Grado Superior del Ciclo Formativo de Administraci\u00f3n y Finanzas.<\/li>\n<li>Educaci\u00f3n Especial Espec\u00edfica.&nbsp;<\/li>\n<\/ul>\n<div><strong>2007-2008<\/strong> Configuraci\u00f3n Actual de Ense\u00f1anzas<\/div>\n<ul>\n<li>ESO: Nuestro formato es de 4 l\u00edneas, que oscilan en determinados cursos en 5 \u00f3 3 seg\u00fan la promoci\u00f3n del alumnado, con una unidad de Apoyo a la Integraci\u00f3n.<\/li>\n<li>PCPI: Operario de soldadura y construcciones met\u00e1licas y tecnopl\u00e1sticas.<\/li>\n<li>Educaci\u00f3n Especial Espec\u00edfica : 1 unidad.<\/li>\n<li>Bachillerato<\/li>\n<\/ul>\n<div>\n<ul>\n<li>Humanidades y Ciencias Sociales&nbsp;<\/li>\n<li>Ciencias y Tecnolog\u00eda: nuestra dotaci\u00f3n es de 1,5 unidades en cada uno de los cursos.&nbsp;<\/li>\n<\/ul>\n<\/div>\n<ul>\n<li>Formaci\u00f3n Profesional Espec\u00edfica<\/li>\n<\/ul>\n<div>\n<ul>\n<li>Ciclo Formativo de Grado Medio de Instalaci\u00f3n y Mantenimiento Electromec\u00e1nico de Maquinaria y Conducci\u00f3n de L\u00edneas.<\/li>\n<\/ul>\n<p style=\"padding-left: 40px\">\u00b7 1\u00ba Curso (1 unidad).<\/p>\n<\/div>\n<\/div>\n<div>\n<div style=\"padding-left: 40px\">\u00b7 2\u00ba Curso (1 unidad).<\/div>\n<div>\n<ul>\n<li>Ciclo Formativo de Grado Medio de Gesti\u00f3n Administrativa.<\/li>\n<\/ul>\n<\/div>\n<div style=\"padding-left: 40px\">\u00b7 1\u00ba Curso (1 unidad).<\/div>\n<div style=\"padding-left: 40px\">\u00b7 2\u00ba Curso (1 unidad).<\/div>\n<div>\n<ul>\n<li>Ciclo Formativo de Grado Superior de Administraci\u00f3n y Finanzas&nbsp;<\/li>\n<\/ul>\n<\/div>\n<div style=\"padding-left: 40px\">\u00b7 1\u00ba Curso (1 unidad).<\/div>\n<div style=\"padding-left: 40px\">\u00b7 2\u00ba Curso (1 unidad).<\/div>\n<\/div>\n","protected":false},"excerpt":{"rendered":"<p>&nbsp;&nbsp; &nbsp;Nuestro Centro Educativo est\u00e1 situado actualmente en la zona sur de Martos en las postrimer\u00edas de la ladera de la Pe\u00f1a, ocupando la parte llana de la localidad, pero \u00e9sta no ha sido&#46;&#46;&#46;<\/p>\n","protected":false},"author":13459,"featured_media":0,"parent":0,"menu_order":0,"comment_status":"closed","ping_status":"closed","template":"","meta":{"_exactmetrics_skip_tracking":false,"_exactmetrics_sitenote_active":false,"_exactmetrics_sitenote_note":"","_exactmetrics_sitenote_category":0,"ngg_post_thumbnail":0,"footnotes":""},"aioseo_notices":[],"_links":{"self":[{"href":"https:\/\/blogsaverroes.juntadeandalucia.es\/sanfelipeneri\/wp-json\/wp\/v2\/pages\/295"}],"collection":[{"href":"https:\/\/blogsaverroes.juntadeandalucia.es\/sanfelipeneri\/wp-json\/wp\/v2\/pages"}],"about":[{"href":"https:\/\/blogsaverroes.juntadeandalucia.es\/sanfelipeneri\/wp-json\/wp\/v2\/types\/page"}],"author":[{"embeddable":true,"href":"https:\/\/blogsaverroes.juntadeandalucia.es\/sanfelipeneri\/wp-json\/wp\/v2\/users\/13459"}],"replies":[{"embeddable":true,"href":"https:\/\/blogsaverroes.juntadeandalucia.es\/sanfelipeneri\/wp-json\/wp\/v2\/comments?post=295"}],"version-history":[{"count":10,"href":"https:\/\/blogsaverroes.juntadeandalucia.es\/sanfelipeneri\/wp-json\/wp\/v2\/pages\/295\/revisions"}],"predecessor-version":[{"id":670,"href":"https:\/\/blogsaverroes.juntadeandalucia.es\/sanfelipeneri\/wp-json\/wp\/v2\/pages\/295\/revisions\/670"}],"wp:attachment":[{"href":"https:\/\/blogsaverroes.juntadeandalucia.es\/sanfelipeneri\/wp-json\/wp\/v2\/media?parent=295"}],"curies":[{"name":"wp","href":"https:\/\/api.w.org\/{rel}","templated":true}]}}