{"id":3306,"date":"2025-02-26T19:01:24","date_gmt":"2025-02-26T18:01:24","guid":{"rendered":"https:\/\/blogsaverroes.juntadeandalucia.es\/sanfelipeneri\/?page_id=3306"},"modified":"2025-05-12T16:52:53","modified_gmt":"2025-05-12T14:52:53","slug":"language-assistants","status":"publish","type":"page","link":"https:\/\/blogsaverroes.juntadeandalucia.es\/sanfelipeneri\/language-assistants\/","title":{"rendered":"Language Assistants"},"content":{"rendered":"<div class=\"osc-res-tab tabbable   osc-tabs-left\"><div style=\"clear:both;width: 100%;\"><ul class=\"nav osc-res-nav nav-pills osc-tabs-left-ul\" id=\"oscitas-restabs-1-language-assistants-42853\"><li class=\"\"><a href=\"#ert_pane1-0\" data-toggle=\"tab\">Information sheet<\/a><\/li><li class=\"active\"><a href=\"#ert_pane1-1\" data-toggle=\"tab\">Language Assistants 2024\/2025<\/a><\/li><\/ul><\/div><div style=\"clear:both;width: 100%;\"><ul class=\"tab-content\" id=\"oscitas-restabcontent-1-language-assistants-42853\"><li class=\"tab-pane \" id=\"ert_pane1-0\"><p><embed src=\"https:\/\/blogsaverroes.juntadeandalucia.es\/sanfelipeneri\/files\/2025\/02\/English_Information-sheet-for-LA-25.26-rellena.pdf\" type=\"application\/pdf\" width=\"100%\" height=\"800px\"><\/p>\n<p style=\"text-align: center\"><a href=\"https:\/\/blogsaverroes.juntadeandalucia.es\/sanfelipeneri\/files\/2025\/02\/English_Information-sheet-for-LA-25.26-rellena.pdf\" target=\"_blank\" rel=\"noopener\">Descargar<\/a><\/p>\n<p><embed src=\"https:\/\/blogsaverroes.juntadeandalucia.es\/sanfelipeneri\/files\/2025\/02\/Moving-to-Jaen-Checklist-.pdf\" type=\"application\/pdf\" width=\"100%\" height=\"800px\"><\/p>\n<p style=\"text-align: center\"><a href=\"https:\/\/blogsaverroes.juntadeandalucia.es\/sanfelipeneri\/files\/2025\/02\/Moving-to-Jaen-Checklist-.pdf\" target=\"_blank\" rel=\"noopener\">Descargar<\/a><\/p><\/li><li class=\"tab-pane active\" id=\"ert_pane1-1\"><div class=\"su-youtube su-u-responsive-media-yes\"><iframe loading=\"lazy\" width=\"600\" height=\"400\" src=\"https:\/\/www.youtube.com\/embed\/JfNkhbilt7A?autohide=2&amp;autoplay=0&amp;mute=0&amp;controls=1&amp;fs=1&amp;loop=0&amp;modestbranding=0&amp;rel=1&amp;showinfo=1&amp;theme=dark&amp;wmode=&amp;playsinline=0\" frameborder=\"0\" allowfullscreen allow=\"autoplay; encrypted-media; picture-in-picture\" title=\"\"><\/iframe><\/div>\n<div style=\"width: 680px;\" class=\"wp-video\"><!--[if lt IE 9]><script>document.createElement('video');<\/script><![endif]-->\n<video class=\"wp-video-shortcode\" id=\"video-3306-1\" width=\"680\" height=\"120\" preload=\"metadata\" controls=\"controls\"><source type=\"video\/mp4\" src=\"https:\/\/blogsaverroes.juntadeandalucia.es\/sanfelipeneri\/files\/2025\/05\/IMG_1910.mp4?_=1\" \/><a href=\"https:\/\/blogsaverroes.juntadeandalucia.es\/sanfelipeneri\/files\/2025\/05\/IMG_1910.mp4\">https:\/\/blogsaverroes.juntadeandalucia.es\/sanfelipeneri\/files\/2025\/05\/IMG_1910.mp4<\/a><\/video><\/div>\n<div class=\"pt-cv-wrapper\"><div class=\"pt-cv-view pt-cv-blockgrid iscvblock iscvhybrid list1 layout1\" id=\"pt-cv-view-51fd62f3hs\"><div data-id=\"pt-cv-page-1\" class=\"pt-cv-page\" data-cvc=\"1\"><div class=\" pt-cv-content-item pt-cv-2-col\" ><div class=\"pt-cv-thumb-wrapper pull-left \"><a href=\"https:\/\/blogsaverroes.juntadeandalucia.es\/sanfelipeneri\/nuestras-auxiliares-2024-2025\/\" class=\"_self pt-cv-href-thumbnail pt-cv-thumb-left\" target=\"_self\" ><img loading=\"lazy\" decoding=\"async\" width=\"640\" height=\"341\" src=\"https:\/\/blogsaverroes.juntadeandalucia.es\/sanfelipeneri\/files\/2024\/11\/communication-1991849_640.png\" class=\"pt-cv-thumbnail pull-left\" alt=\"\" srcset=\"https:\/\/blogsaverroes.juntadeandalucia.es\/sanfelipeneri\/files\/2024\/11\/communication-1991849_640.png 640w, https:\/\/blogsaverroes.juntadeandalucia.es\/sanfelipeneri\/files\/2024\/11\/communication-1991849_640-300x160.png 300w\" sizes=\"(max-width: 640px) 100vw, 640px\" \/><\/a><\/div>\n<div class=\"pt-cv-colwrap\"><h4 class=\"pt-cv-title\"><a href=\"https:\/\/blogsaverroes.juntadeandalucia.es\/sanfelipeneri\/nuestras-auxiliares-2024-2025\/\" class=\"_self\" target=\"_self\" >Nuestras auxiliares 2024\/2025<\/a><\/h4><div class=\"pt-cv-content\">Estas son Luc\u00eda y Pilar, nuestras asistentes ling\u00fc\u00edsticas durante este curso 2024\/2025, dentro del programa FSE+. Luc\u00eda McKeag llega desde ...<br \/><div class=\"pt-cv-rmwrap\"><a href=\"https:\/\/blogsaverroes.juntadeandalucia.es\/sanfelipeneri\/nuestras-auxiliares-2024-2025\/\" class=\"_self pt-cv-readmore btn btn-success\" target=\"_self\">Leer M\u00e1s<\/a><\/div><\/div><\/div><\/div><\/div><\/div><\/div>\t\t\t<style type=\"text\/css\" id=\"pt-cv-inline-style-3e864ef4kv\">\n#pt-cv-view-51fd62f3hs .pt-cv-thumb-wrapper:not(.miniwrap) { width: 50%; }#pt-cv-view-51fd62f3hs .pt-cv-thumbnail:not(.pt-cv-thumbnailsm) { height: 300px; }#pt-cv-view-51fd62f3hs > .pt-cv-page {grid-template-columns: repeat(1, 1fr);grid-gap: 15px;}\n@media all and (max-width: 1024px) { \n#pt-cv-view-51fd62f3hs > .pt-cv-page {grid-template-columns: repeat(1, 1fr);}\n} \n@media all and (max-width: 767px) { \n#pt-cv-view-51fd62f3hs > .pt-cv-page {grid-template-columns: repeat(1, 1fr);}\n} <\/style>\r\n\t\t\t<\/li><\/ul><\/div><\/div>\n","protected":false},"excerpt":{"rendered":"","protected":false},"author":13459,"featured_media":3321,"parent":0,"menu_order":0,"comment_status":"closed","ping_status":"closed","template":"","meta":{"_exactmetrics_skip_tracking":false,"_exactmetrics_sitenote_active":false,"_exactmetrics_sitenote_note":"","_exactmetrics_sitenote_category":0,"ngg_post_thumbnail":0,"footnotes":""},"aioseo_notices":[],"_links":{"self":[{"href":"https:\/\/blogsaverroes.juntadeandalucia.es\/sanfelipeneri\/wp-json\/wp\/v2\/pages\/3306"}],"collection":[{"href":"https:\/\/blogsaverroes.juntadeandalucia.es\/sanfelipeneri\/wp-json\/wp\/v2\/pages"}],"about":[{"href":"https:\/\/blogsaverroes.juntadeandalucia.es\/sanfelipeneri\/wp-json\/wp\/v2\/types\/page"}],"author":[{"embeddable":true,"href":"https:\/\/blogsaverroes.juntadeandalucia.es\/sanfelipeneri\/wp-json\/wp\/v2\/users\/13459"}],"replies":[{"embeddable":true,"href":"https:\/\/blogsaverroes.juntadeandalucia.es\/sanfelipeneri\/wp-json\/wp\/v2\/comments?post=3306"}],"version-history":[{"count":32,"href":"https:\/\/blogsaverroes.juntadeandalucia.es\/sanfelipeneri\/wp-json\/wp\/v2\/pages\/3306\/revisions"}],"predecessor-version":[{"id":4110,"href":"https:\/\/blogsaverroes.juntadeandalucia.es\/sanfelipeneri\/wp-json\/wp\/v2\/pages\/3306\/revisions\/4110"}],"wp:featuredmedia":[{"embeddable":true,"href":"https:\/\/blogsaverroes.juntadeandalucia.es\/sanfelipeneri\/wp-json\/wp\/v2\/media\/3321"}],"wp:attachment":[{"href":"https:\/\/blogsaverroes.juntadeandalucia.es\/sanfelipeneri\/wp-json\/wp\/v2\/media?parent=3306"}],"curies":[{"name":"wp","href":"https:\/\/api.w.org\/{rel}","templated":true}]}}