{"id":3336,"date":"2025-02-27T11:25:52","date_gmt":"2025-02-27T10:25:52","guid":{"rendered":"https:\/\/blogsaverroes.juntadeandalucia.es\/sanfelipeneri\/?page_id=3336"},"modified":"2025-02-27T11:25:52","modified_gmt":"2025-02-27T10:25:52","slug":"acreditacion-de-competencias","status":"publish","type":"page","link":"https:\/\/blogsaverroes.juntadeandalucia.es\/sanfelipeneri\/acreditacion-de-competencias\/","title":{"rendered":"Acreditaci\u00f3n de competencias"},"content":{"rendered":"<ul>\n<li style=\"text-align: justify\">El I.E.S. San Felipe Neri es Centro Sede para la Acreditaci\u00f3n de Competencias.<\/li>\n<\/ul>\n<p style=\"text-align: left\"><strong><span style=\"color: #3366ff\">&nbsp; &nbsp; &nbsp; &nbsp; &nbsp; &nbsp; &nbsp; &nbsp; &nbsp; &nbsp; &nbsp; &nbsp; &nbsp; &nbsp; &nbsp; &nbsp; &nbsp; &nbsp; &nbsp; &nbsp; &nbsp; &nbsp; &nbsp; &nbsp; &nbsp; &nbsp; &nbsp; &nbsp;<a class=\"customize-unpreviewable\" style=\"color: #3366ff\" title=\"Convocatorias\" href=\"https:\/\/www.juntadeandalucia.es\/educacion\/portals\/web\/iacp\/convocatorias\" target=\"_blank\" rel=\"noopener\">Convocatorias<\/a><\/span><\/strong><\/p>\n<ul>\n<li>El Programa Operativo Fondo Social Europeo + 2021-2027 cofinancia las siguientes actuaciones que se desarrollan en el I.E.S. San Felipe Neri:\n<ul>\n<li style=\"text-align: justify\">Asistentes Ling\u00fc\u00edsticos.<\/li>\n<li style=\"text-align: justify\">Ense\u00f1anzas Biling\u00fces.<\/li>\n<li style=\"text-align: justify\">PROA Andaluc\u00eda.<\/li>\n<li style=\"text-align: justify\">Transporte Escolar.<\/li>\n<\/ul>\n<\/li>\n<\/ul>\n<p>&nbsp;<\/p>\n<ul>\n<li>En el IES San Felipe Neri se han implantado Aulas Biling\u00fces en:\n<ul>\n<li style=\"text-align: justify\">Ciclo Formativo de Grado Medio en Mantenimiento Electromec\u00e1nico.<\/li>\n<li style=\"text-align: justify\">Ciclo Formativo de Grado Superior en Administraci\u00f3n y Finanzas.<\/li>\n<\/ul>\n<\/li>\n<\/ul>\n<p>&nbsp;<\/p>\n<ul>\n<li>El I.E.S. San Felipe Neri participa en los siguientes Programas ERASMUS+ cofinanciados por la Uni\u00f3n Europea:\n<ul>\n<li><strong>Acreditaci\u00f3n 2020-1-ES01-KA120-VET-0694823<\/strong>\n<ul>\n<li>&#8220;JA\u00c9N+VII: FORMACI\u00d3N PROFESIONAL CON PLUS EN EUROPA&#8221;.\n<ul>\n<li style=\"text-align: justify\"><strong>Convocatoria 2022-1-ESO1-KA121-VET-00059345<\/strong><\/li>\n<li style=\"text-align: justify\"><strong>Convocatoria 2023-1-ES01-KA121-VET-00012632<\/strong><\/li>\n<\/ul>\n<\/li>\n<li style=\"text-align: justify\">&#8220;JA\u00c9N+VIII: FORMACI\u00d3N PROFESIONAL CON PLUS EN EUROPA&#8221;\n<ul>\n<li style=\"text-align: justify\"><strong>Convocatoria 2023-1-ESO1-KA121-VET-000126532<\/strong><\/li>\n<li style=\"text-align: justify\"><strong>Convocatoria 2024-1-ES01-KA122-SCH-000238228<\/strong><\/li>\n<\/ul>\n<\/li>\n<\/ul>\n<\/li>\n<li><strong>Acreditaci\u00f3n 2024-1-ES01-KA122-SCH-00232280694823<\/strong>\n<ul>\n<li>Proyecto de corta duraci\u00f3n para la movilidad del alumnado y personal<\/li>\n<\/ul>\n<\/li>\n<\/ul>\n<\/li>\n<\/ul>\n<p style=\"text-align: justify\"><strong>M\u00e1s informaci\u00f3n en&nbsp;<a class=\"customize-unpreviewable\" title=\"SEPIE\" href=\"http:\/\/sepie.es\/\" target=\"_blank\" rel=\"noopener\"><span style=\"color: #3366ff\">Portal del Servicio Espa\u00f1ol Para la Internacionalizaci\u00f3n de la Educaci\u00f3n (SEPIE)<\/span><\/a><\/strong><\/p>\n<p>&nbsp;<\/p>\n<p>&nbsp;<\/p>\n<p style=\"text-align: justify\">&nbsp;<\/p>\n","protected":false},"excerpt":{"rendered":"<p>El I.E.S. San Felipe Neri es Centro Sede para la Acreditaci\u00f3n de Competencias. &nbsp; &nbsp; &nbsp; &nbsp; &nbsp; &nbsp; &nbsp; &nbsp; &nbsp; &nbsp; &nbsp; &nbsp; &nbsp; &nbsp; &nbsp; &nbsp; &nbsp; &nbsp; &nbsp; &nbsp; &nbsp;&#46;&#46;&#46;<\/p>\n","protected":false},"author":13459,"featured_media":0,"parent":0,"menu_order":0,"comment_status":"closed","ping_status":"closed","template":"","meta":{"_exactmetrics_skip_tracking":false,"_exactmetrics_sitenote_active":false,"_exactmetrics_sitenote_note":"","_exactmetrics_sitenote_category":0,"ngg_post_thumbnail":0,"footnotes":""},"aioseo_notices":[],"_links":{"self":[{"href":"https:\/\/blogsaverroes.juntadeandalucia.es\/sanfelipeneri\/wp-json\/wp\/v2\/pages\/3336"}],"collection":[{"href":"https:\/\/blogsaverroes.juntadeandalucia.es\/sanfelipeneri\/wp-json\/wp\/v2\/pages"}],"about":[{"href":"https:\/\/blogsaverroes.juntadeandalucia.es\/sanfelipeneri\/wp-json\/wp\/v2\/types\/page"}],"author":[{"embeddable":true,"href":"https:\/\/blogsaverroes.juntadeandalucia.es\/sanfelipeneri\/wp-json\/wp\/v2\/users\/13459"}],"replies":[{"embeddable":true,"href":"https:\/\/blogsaverroes.juntadeandalucia.es\/sanfelipeneri\/wp-json\/wp\/v2\/comments?post=3336"}],"version-history":[{"count":1,"href":"https:\/\/blogsaverroes.juntadeandalucia.es\/sanfelipeneri\/wp-json\/wp\/v2\/pages\/3336\/revisions"}],"predecessor-version":[{"id":3337,"href":"https:\/\/blogsaverroes.juntadeandalucia.es\/sanfelipeneri\/wp-json\/wp\/v2\/pages\/3336\/revisions\/3337"}],"wp:attachment":[{"href":"https:\/\/blogsaverroes.juntadeandalucia.es\/sanfelipeneri\/wp-json\/wp\/v2\/media?parent=3336"}],"curies":[{"name":"wp","href":"https:\/\/api.w.org\/{rel}","templated":true}]}}