{"id":4480,"date":"2025-06-11T10:12:25","date_gmt":"2025-06-11T08:12:25","guid":{"rendered":"https:\/\/blogsaverroes.juntadeandalucia.es\/sanfelipeneri\/?page_id=4480"},"modified":"2025-06-11T10:19:51","modified_gmt":"2025-06-11T08:19:51","slug":"sfn-solidario","status":"publish","type":"page","link":"https:\/\/blogsaverroes.juntadeandalucia.es\/sanfelipeneri\/sfn-solidario\/","title":{"rendered":"SFN Solidario"},"content":{"rendered":"<p>En el IES San Felipe Neri creemos firmemente en el poder transformador de la solidaridad. A trav\u00e9s de <strong data-start=\"225\" data-end=\"242\">SFN Solidario<\/strong>, nuestro alumnado, profesorado y toda la comunidad educativa se implican en numerosas iniciativas destinadas a ayudar, concienciar y construir un mundo m\u00e1s justo. Desde campa\u00f1as de recogida de alimentos hasta colaboraciones con ONG, actividades de sensibilizaci\u00f3n o proyectos de voluntariado, cada acci\u00f3n suma y refleja nuestro compromiso con los valores de empat\u00eda, responsabilidad y ciudadan\u00eda global.<\/p>\n<p>&nbsp;<\/p>\n<div class=\"pt-cv-wrapper\"><div class=\"pt-cv-view pt-cv-blockgrid iscvblock iscvhybrid list1 layout1\" id=\"pt-cv-view-4a6ca4ei0v\"><div data-id=\"pt-cv-page-1\" class=\"pt-cv-page\" data-cvc=\"1\"><div class=\" pt-cv-content-item pt-cv-2-col\" ><div class=\"pt-cv-thumb-wrapper pull-left \"><a href=\"https:\/\/blogsaverroes.juntadeandalucia.es\/sanfelipeneri\/creatividad-solidaria-que-deja-huella\/\" class=\"_self pt-cv-href-thumbnail pt-cv-thumb-left\" target=\"_self\" ><img loading=\"lazy\" decoding=\"async\" width=\"768\" height=\"543\" src=\"https:\/\/blogsaverroes.juntadeandalucia.es\/sanfelipeneri\/files\/2026\/03\/cartel-marcapaginas-1-768x543.jpg\" class=\"pt-cv-thumbnail pull-left\" alt=\"\" srcset=\"https:\/\/blogsaverroes.juntadeandalucia.es\/sanfelipeneri\/files\/2026\/03\/cartel-marcapaginas-1-768x543.jpg 768w, https:\/\/blogsaverroes.juntadeandalucia.es\/sanfelipeneri\/files\/2026\/03\/cartel-marcapaginas-1-300x212.jpg 300w, https:\/\/blogsaverroes.juntadeandalucia.es\/sanfelipeneri\/files\/2026\/03\/cartel-marcapaginas-1-1024x724.jpg 1024w, https:\/\/blogsaverroes.juntadeandalucia.es\/sanfelipeneri\/files\/2026\/03\/cartel-marcapaginas-1-1536x1086.jpg 1536w, https:\/\/blogsaverroes.juntadeandalucia.es\/sanfelipeneri\/files\/2026\/03\/cartel-marcapaginas-1-2048x1448.jpg 2048w\" sizes=\"(max-width: 768px) 100vw, 768px\" \/><\/a><\/div>\n<div class=\"pt-cv-colwrap\"><h4 class=\"pt-cv-title\"><a href=\"https:\/\/blogsaverroes.juntadeandalucia.es\/sanfelipeneri\/creatividad-solidaria-que-deja-huella\/\" class=\"_self\" target=\"_self\" >Creatividad solidaria que deja huella<\/a><\/h4><div class=\"pt-cv-content\">El II Concurso de Marcap\u00e1ginas Solidario ya tiene ganador, tras una fase final marcada por la alta participaci\u00f3n y el ...<br \/><div class=\"pt-cv-rmwrap\"><a href=\"https:\/\/blogsaverroes.juntadeandalucia.es\/sanfelipeneri\/creatividad-solidaria-que-deja-huella\/\" class=\"_self pt-cv-readmore btn btn-success\" target=\"_self\">Leer M\u00e1s<\/a><\/div><\/div><\/div><\/div>\n<div class=\" pt-cv-content-item pt-cv-2-col\" ><div class=\"pt-cv-thumb-wrapper pull-left \"><a href=\"https:\/\/blogsaverroes.juntadeandalucia.es\/sanfelipeneri\/camino-de-monedas-solidario-en-el-ies-san-felipe-neri\/\" class=\"_self pt-cv-href-thumbnail pt-cv-thumb-left\" target=\"_self\" ><img loading=\"lazy\" decoding=\"async\" width=\"768\" height=\"1086\" src=\"https:\/\/blogsaverroes.juntadeandalucia.es\/sanfelipeneri\/files\/2026\/03\/CaminoMonedasFinal-768x1086.jpg\" class=\"pt-cv-thumbnail pull-left\" alt=\"\" srcset=\"https:\/\/blogsaverroes.juntadeandalucia.es\/sanfelipeneri\/files\/2026\/03\/CaminoMonedasFinal-768x1086.jpg 768w, https:\/\/blogsaverroes.juntadeandalucia.es\/sanfelipeneri\/files\/2026\/03\/CaminoMonedasFinal-212x300.jpg 212w, https:\/\/blogsaverroes.juntadeandalucia.es\/sanfelipeneri\/files\/2026\/03\/CaminoMonedasFinal-724x1024.jpg 724w, https:\/\/blogsaverroes.juntadeandalucia.es\/sanfelipeneri\/files\/2026\/03\/CaminoMonedasFinal-1086x1536.jpg 1086w, https:\/\/blogsaverroes.juntadeandalucia.es\/sanfelipeneri\/files\/2026\/03\/CaminoMonedasFinal.jpg 1414w\" sizes=\"(max-width: 768px) 100vw, 768px\" \/><\/a><\/div>\n<div class=\"pt-cv-colwrap\"><h4 class=\"pt-cv-title\"><a href=\"https:\/\/blogsaverroes.juntadeandalucia.es\/sanfelipeneri\/camino-de-monedas-solidario-en-el-ies-san-felipe-neri\/\" class=\"_self\" target=\"_self\" >Camino de Monedas solidario en el IES San Felipe Neri<\/a><\/h4><div class=\"pt-cv-content\">Hoy ha tenido lugar en el IES San Felipe Neri una de esas iniciativas que demuestran que la solidaridad tambi\u00e9n ...<br \/><div class=\"pt-cv-rmwrap\"><a href=\"https:\/\/blogsaverroes.juntadeandalucia.es\/sanfelipeneri\/camino-de-monedas-solidario-en-el-ies-san-felipe-neri\/\" class=\"_self pt-cv-readmore btn btn-success\" target=\"_self\">Leer M\u00e1s<\/a><\/div><\/div><\/div><\/div>\n<div class=\" pt-cv-content-item pt-cv-2-col\" ><div class=\"pt-cv-thumb-wrapper pull-left \"><a href=\"https:\/\/blogsaverroes.juntadeandalucia.es\/sanfelipeneri\/7692-2\/\" class=\"_self pt-cv-href-thumbnail pt-cv-thumb-left\" target=\"_self\" ><img loading=\"lazy\" decoding=\"async\" width=\"768\" height=\"543\" src=\"https:\/\/blogsaverroes.juntadeandalucia.es\/sanfelipeneri\/files\/2026\/03\/cartel-marcapaginas-768x543.jpg\" class=\"pt-cv-thumbnail pull-left\" alt=\"\" srcset=\"https:\/\/blogsaverroes.juntadeandalucia.es\/sanfelipeneri\/files\/2026\/03\/cartel-marcapaginas-768x543.jpg 768w, https:\/\/blogsaverroes.juntadeandalucia.es\/sanfelipeneri\/files\/2026\/03\/cartel-marcapaginas-300x212.jpg 300w, https:\/\/blogsaverroes.juntadeandalucia.es\/sanfelipeneri\/files\/2026\/03\/cartel-marcapaginas-1024x724.jpg 1024w, https:\/\/blogsaverroes.juntadeandalucia.es\/sanfelipeneri\/files\/2026\/03\/cartel-marcapaginas-1536x1086.jpg 1536w, https:\/\/blogsaverroes.juntadeandalucia.es\/sanfelipeneri\/files\/2026\/03\/cartel-marcapaginas-2048x1448.jpg 2048w\" sizes=\"(max-width: 768px) 100vw, 768px\" \/><\/a><\/div>\n<div class=\"pt-cv-colwrap\"><h4 class=\"pt-cv-title\"><a href=\"https:\/\/blogsaverroes.juntadeandalucia.es\/sanfelipeneri\/7692-2\/\" class=\"_self\" target=\"_self\" >II Concurso de Marcap\u00e1ginas Solidario<\/a><\/h4><div class=\"pt-cv-content\">El IES San Felipe Neri organiza el II Concurso de Marcap\u00e1ginas Solidario con el objetivo de fomentar la creatividad de ...<br \/><div class=\"pt-cv-rmwrap\"><a href=\"https:\/\/blogsaverroes.juntadeandalucia.es\/sanfelipeneri\/7692-2\/\" class=\"_self pt-cv-readmore btn btn-success\" target=\"_self\">Leer M\u00e1s<\/a><\/div><\/div><\/div><\/div>\n<div class=\" pt-cv-content-item pt-cv-2-col\" ><div class=\"pt-cv-thumb-wrapper pull-left \"><a href=\"https:\/\/blogsaverroes.juntadeandalucia.es\/sanfelipeneri\/proyecto-solwezi-zambia-educacion-que-transforma-vidas-desde-el-ies-san-felipe-neri\/\" class=\"_self pt-cv-href-thumbnail pt-cv-thumb-left\" target=\"_self\" ><img loading=\"lazy\" decoding=\"async\" width=\"768\" height=\"582\" src=\"https:\/\/blogsaverroes.juntadeandalucia.es\/sanfelipeneri\/files\/2026\/02\/Captura-de-Pantalla-2026-02-24-a-las-16.53.46-768x582.png\" class=\"pt-cv-thumbnail pull-left\" alt=\"\" srcset=\"https:\/\/blogsaverroes.juntadeandalucia.es\/sanfelipeneri\/files\/2026\/02\/Captura-de-Pantalla-2026-02-24-a-las-16.53.46-768x582.png 768w, https:\/\/blogsaverroes.juntadeandalucia.es\/sanfelipeneri\/files\/2026\/02\/Captura-de-Pantalla-2026-02-24-a-las-16.53.46-300x227.png 300w, https:\/\/blogsaverroes.juntadeandalucia.es\/sanfelipeneri\/files\/2026\/02\/Captura-de-Pantalla-2026-02-24-a-las-16.53.46-1024x777.png 1024w, https:\/\/blogsaverroes.juntadeandalucia.es\/sanfelipeneri\/files\/2026\/02\/Captura-de-Pantalla-2026-02-24-a-las-16.53.46.png 1324w\" sizes=\"(max-width: 768px) 100vw, 768px\" \/><\/a><\/div>\n<div class=\"pt-cv-colwrap\"><h4 class=\"pt-cv-title\"><a href=\"https:\/\/blogsaverroes.juntadeandalucia.es\/sanfelipeneri\/proyecto-solwezi-zambia-educacion-que-transforma-vidas-desde-el-ies-san-felipe-neri\/\" class=\"_self\" target=\"_self\" >Proyecto Solwezi (Zambia): Educaci\u00f3n que transforma vidas desde el IES San Felipe Neri<\/a><\/h4><div class=\"pt-cv-content\">Este curso, desde la asignatura de Religi\u00f3n del IES San Felipe Neri, nos hemos implicado en un proyecto solidario de ...<br \/><div class=\"pt-cv-rmwrap\"><a href=\"https:\/\/blogsaverroes.juntadeandalucia.es\/sanfelipeneri\/proyecto-solwezi-zambia-educacion-que-transforma-vidas-desde-el-ies-san-felipe-neri\/\" class=\"_self pt-cv-readmore btn btn-success\" target=\"_self\">Leer M\u00e1s<\/a><\/div><\/div><\/div><\/div>\n<div class=\" pt-cv-content-item pt-cv-2-col\" ><div class=\"pt-cv-thumb-wrapper pull-left \"><a href=\"https:\/\/blogsaverroes.juntadeandalucia.es\/sanfelipeneri\/juntos-somos-mas-fuertes-dia-internacional-del-cancer-infantil\/\" class=\"_self pt-cv-href-thumbnail pt-cv-thumb-left\" target=\"_self\" ><img loading=\"lazy\" decoding=\"async\" width=\"768\" height=\"455\" src=\"https:\/\/blogsaverroes.juntadeandalucia.es\/sanfelipeneri\/files\/2026\/02\/Historia-de-Instagram-Cancer-de-Mama-Simple-Rosa-1350-x-1080-px-1350-x-800-px-2-768x455.png\" class=\"pt-cv-thumbnail pull-left\" alt=\"\" srcset=\"https:\/\/blogsaverroes.juntadeandalucia.es\/sanfelipeneri\/files\/2026\/02\/Historia-de-Instagram-Cancer-de-Mama-Simple-Rosa-1350-x-1080-px-1350-x-800-px-2-768x455.png 768w, https:\/\/blogsaverroes.juntadeandalucia.es\/sanfelipeneri\/files\/2026\/02\/Historia-de-Instagram-Cancer-de-Mama-Simple-Rosa-1350-x-1080-px-1350-x-800-px-2-300x178.png 300w, https:\/\/blogsaverroes.juntadeandalucia.es\/sanfelipeneri\/files\/2026\/02\/Historia-de-Instagram-Cancer-de-Mama-Simple-Rosa-1350-x-1080-px-1350-x-800-px-2-1024x607.png 1024w, https:\/\/blogsaverroes.juntadeandalucia.es\/sanfelipeneri\/files\/2026\/02\/Historia-de-Instagram-Cancer-de-Mama-Simple-Rosa-1350-x-1080-px-1350-x-800-px-2.png 1350w\" sizes=\"(max-width: 768px) 100vw, 768px\" \/><\/a><\/div>\n<div class=\"pt-cv-colwrap\"><h4 class=\"pt-cv-title\"><a href=\"https:\/\/blogsaverroes.juntadeandalucia.es\/sanfelipeneri\/juntos-somos-mas-fuertes-dia-internacional-del-cancer-infantil\/\" class=\"_self\" target=\"_self\" >Juntos somos m\u00e1s fuertes: D\u00eda Internacional del C\u00e1ncer Infantil<\/a><\/h4><div class=\"pt-cv-content\">El alumnado del Aula Espec\u00edfica, FBO y PTVAL del IES San Felipe Neri ha preparado una pancarta conmemorativa para sumarse ...<br \/><div class=\"pt-cv-rmwrap\"><a href=\"https:\/\/blogsaverroes.juntadeandalucia.es\/sanfelipeneri\/juntos-somos-mas-fuertes-dia-internacional-del-cancer-infantil\/\" class=\"_self pt-cv-readmore btn btn-success\" target=\"_self\">Leer M\u00e1s<\/a><\/div><\/div><\/div><\/div><\/div><\/div>\n<div class=\" pt-cv-pagination-wrapper\"><ul class=\"pt-cv-pagination pt-cv-ajax pagination\" data-totalpages=\"5\" data-currentpage=\"1\" data-sid=\"4a6ca4ei0v\" data-unid=\"\" data-isblock=\"\" data-postid=\"\"><li class=\"active\"><a href=\"#\">1<\/a><\/li>\n\t<li ><a class=\"\" href=\"https:\/\/blogsaverroes.juntadeandalucia.es\/sanfelipeneri\/wp-json\/wp\/v2\/pages\/4480\/?_page=2\">2<\/a><\/li>\n\t<li ><a class=\"\" href=\"https:\/\/blogsaverroes.juntadeandalucia.es\/sanfelipeneri\/wp-json\/wp\/v2\/pages\/4480\/?_page=3\">3<\/a><\/li>\n\t<li ><a href=\"#\">&hellip;<\/a><\/li>\n\t<li ><a class=\"\" href=\"https:\/\/blogsaverroes.juntadeandalucia.es\/sanfelipeneri\/wp-json\/wp\/v2\/pages\/4480\/?_page=5\">5<\/a><\/li>\n\t<li ><a class=\" \" href=\"https:\/\/blogsaverroes.juntadeandalucia.es\/sanfelipeneri\/wp-json\/wp\/v2\/pages\/4480\/?_page=2\">&rsaquo;<\/a><\/li>\n\t<\/ul><img loading=\"lazy\" decoding=\"async\" width=\"15\" height=\"15\" class=\"pt-cv-spinner\" alt=\"Cargando...\" src=\"data:image\/gif;base64,R0lGODlhDwAPALMPAMrKygwMDJOTkz09PZWVla+vr3p6euTk5M7OzuXl5TMzMwAAAJmZmWZmZszMzP\/\/\/yH\/C05FVFNDQVBFMi4wAwEAAAAh+QQFCgAPACwAAAAADwAPAAAEQvDJaZaZOIcV8iQK8VRX4iTYoAwZ4iCYoAjZ4RxejhVNoT+mRGP4cyF4Pp0N98sBGIBMEMOotl6YZ3S61Bmbkm4mAgAh+QQFCgAPACwAAAAADQANAAAENPDJSRSZeA418itN8QiK8BiLITVsFiyBBIoYqnoewAD4xPw9iY4XLGYSjkQR4UAUD45DLwIAIfkEBQoADwAsAAAAAA8ACQAABC\/wyVlamTi3nSdgwFNdhEJgTJoNyoB9ISYoQmdjiZPcj7EYCAeCF1gEDo4Dz2eIAAAh+QQFCgAPACwCAAAADQANAAAEM\/DJBxiYeLKdX3IJZT1FU0iIg2RNKx3OkZVnZ98ToRD4MyiDnkAh6BkNC0MvsAj0kMpHBAAh+QQFCgAPACwGAAAACQAPAAAEMDC59KpFDll73HkAA2wVY5KgiK5b0RRoI6MuzG6EQqCDMlSGheEhUAgqgUUAFRySIgAh+QQFCgAPACwCAAIADQANAAAEM\/DJKZNLND\/kkKaHc3xk+QAMYDKsiaqmZCxGVjSFFCxB1vwy2oOgIDxuucxAMTAJFAJNBAAh+QQFCgAPACwAAAYADwAJAAAEMNAs86q1yaWwwv2Ig0jUZx3OYa4XoRAfwADXoAwfo1+CIjyFRuEho60aSNYlOPxEAAAh+QQFCgAPACwAAAIADQANAAAENPA9s4y8+IUVcqaWJ4qEQozSoAzoIyhCK2NFU2SJk0hNnyEOhKR2AzAAj4Pj4GE4W0bkJQIAOw==\" \/><div class=\"clear pt-cv-clear-pagination\"><\/div><\/div><\/div>\t\t\t<style type=\"text\/css\" id=\"pt-cv-inline-style-497c35bhj1\">\n#pt-cv-view-4a6ca4ei0v .pt-cv-thumb-wrapper:not(.miniwrap) { width: 30%; }#pt-cv-view-4a6ca4ei0v .pt-cv-thumbnail:not(.pt-cv-thumbnailsm) { height: 300px; }#pt-cv-view-4a6ca4ei0v > .pt-cv-page {grid-template-columns: repeat(1, 1fr);grid-gap: 15px;}\n@media all and (max-width: 1024px) { \n#pt-cv-view-4a6ca4ei0v > .pt-cv-page {grid-template-columns: repeat(1, 1fr);}\n} \n@media all and (max-width: 767px) { \n#pt-cv-view-4a6ca4ei0v > .pt-cv-page {grid-template-columns: repeat(1, 1fr);}\n} <\/style>\r\n\t\t\t\n","protected":false},"excerpt":{"rendered":"<p>En el IES San Felipe Neri creemos firmemente en el poder transformador de la solidaridad. A trav\u00e9s de SFN Solidario, nuestro alumnado, profesorado y toda la comunidad educativa se implican en numerosas iniciativas destinadas&#46;&#46;&#46;<\/p>\n","protected":false},"author":13459,"featured_media":4484,"parent":0,"menu_order":0,"comment_status":"closed","ping_status":"closed","template":"","meta":{"_exactmetrics_skip_tracking":false,"_exactmetrics_sitenote_active":false,"_exactmetrics_sitenote_note":"","_exactmetrics_sitenote_category":0,"ngg_post_thumbnail":0,"footnotes":""},"aioseo_notices":[],"_links":{"self":[{"href":"https:\/\/blogsaverroes.juntadeandalucia.es\/sanfelipeneri\/wp-json\/wp\/v2\/pages\/4480"}],"collection":[{"href":"https:\/\/blogsaverroes.juntadeandalucia.es\/sanfelipeneri\/wp-json\/wp\/v2\/pages"}],"about":[{"href":"https:\/\/blogsaverroes.juntadeandalucia.es\/sanfelipeneri\/wp-json\/wp\/v2\/types\/page"}],"author":[{"embeddable":true,"href":"https:\/\/blogsaverroes.juntadeandalucia.es\/sanfelipeneri\/wp-json\/wp\/v2\/users\/13459"}],"replies":[{"embeddable":true,"href":"https:\/\/blogsaverroes.juntadeandalucia.es\/sanfelipeneri\/wp-json\/wp\/v2\/comments?post=4480"}],"version-history":[{"count":3,"href":"https:\/\/blogsaverroes.juntadeandalucia.es\/sanfelipeneri\/wp-json\/wp\/v2\/pages\/4480\/revisions"}],"predecessor-version":[{"id":4485,"href":"https:\/\/blogsaverroes.juntadeandalucia.es\/sanfelipeneri\/wp-json\/wp\/v2\/pages\/4480\/revisions\/4485"}],"wp:featuredmedia":[{"embeddable":true,"href":"https:\/\/blogsaverroes.juntadeandalucia.es\/sanfelipeneri\/wp-json\/wp\/v2\/media\/4484"}],"wp:attachment":[{"href":"https:\/\/blogsaverroes.juntadeandalucia.es\/sanfelipeneri\/wp-json\/wp\/v2\/media?parent=4480"}],"curies":[{"name":"wp","href":"https:\/\/api.w.org\/{rel}","templated":true}]}}