{"id":6684,"date":"2025-11-15T18:51:52","date_gmt":"2025-11-15T17:51:52","guid":{"rendered":"https:\/\/blogsaverroes.juntadeandalucia.es\/sanfelipeneri\/?page_id=6684"},"modified":"2025-11-15T18:52:46","modified_gmt":"2025-11-15T17:52:46","slug":"proyectos-stem","status":"publish","type":"page","link":"https:\/\/blogsaverroes.juntadeandalucia.es\/sanfelipeneri\/proyectos-stem\/","title":{"rendered":"Proyectos STEM"},"content":{"rendered":"<p>En el IES San Felipe Neri mantenemos una l\u00ednea de trabajo STEM consolidada, que busca acercar la Ciencia, la Tecnolog\u00eda, la Ingenier\u00eda y las Matem\u00e1ticas a nuestro alumnado de una manera pr\u00e1ctica y significativa. Uno de los pilares fundamentales del proyecto es la participaci\u00f3n de profesionales, expertos y agentes del entorno que visitan el centro para compartir sus experiencias y mostrar c\u00f3mo se aplican estas disciplinas en la vida real.<\/p>\n<p>Gracias a estas charlas, talleres y encuentros, el alumnado tiene la oportunidad de conocer de primera mano proyectos innovadores, perfiles profesionales diversos y retos actuales del \u00e1mbito cient\u00edfico y tecnol\u00f3gico. Estas sesiones se convierten en una ventana al mundo laboral y en un impulso para despertar vocaciones, resolver dudas y fortalecer su motivaci\u00f3n.<\/p>\n<p>A lo largo del curso iremos compartiendo en este blog las experiencias, aprendizajes y testimonios que vayan surgiendo de esta iniciativa.<br \/>\n\u00a1Te invitamos a descubrir c\u00f3mo el STEM cobra vida en nuestro centro gracias a quienes comparten su pasi\u00f3n y conocimiento con nuestro alumnado!<\/p>\n<p>&nbsp;<\/p>\n<h2>Noticias relacionadas<\/h2>\n<div class=\"pt-cv-wrapper\"><div class=\"pt-cv-view pt-cv-blockgrid iscvblock iscvhybrid list1 layout1\" id=\"pt-cv-view-17a4a0c1n3\"><div data-id=\"pt-cv-page-1\" class=\"pt-cv-page\" data-cvc=\"1\"><div class=\" pt-cv-content-item pt-cv-2-col\" ><div class=\"pt-cv-thumb-wrapper pull-left \"><a href=\"https:\/\/blogsaverroes.juntadeandalucia.es\/sanfelipeneri\/stem-tour-2025-en-el-ies-san-felipe-neri\/\" class=\"_self pt-cv-href-thumbnail pt-cv-thumb-left\" target=\"_self\" ><img loading=\"lazy\" decoding=\"async\" width=\"768\" height=\"440\" src=\"https:\/\/blogsaverroes.juntadeandalucia.es\/sanfelipeneri\/files\/2026\/01\/Captura-de-Pantalla-2026-01-09-a-las-14.24.28-768x440.png\" class=\"pt-cv-thumbnail pull-left\" alt=\"\" srcset=\"https:\/\/blogsaverroes.juntadeandalucia.es\/sanfelipeneri\/files\/2026\/01\/Captura-de-Pantalla-2026-01-09-a-las-14.24.28-768x440.png 768w, https:\/\/blogsaverroes.juntadeandalucia.es\/sanfelipeneri\/files\/2026\/01\/Captura-de-Pantalla-2026-01-09-a-las-14.24.28-300x172.png 300w, https:\/\/blogsaverroes.juntadeandalucia.es\/sanfelipeneri\/files\/2026\/01\/Captura-de-Pantalla-2026-01-09-a-las-14.24.28-1024x587.png 1024w, https:\/\/blogsaverroes.juntadeandalucia.es\/sanfelipeneri\/files\/2026\/01\/Captura-de-Pantalla-2026-01-09-a-las-14.24.28-1536x880.png 1536w, https:\/\/blogsaverroes.juntadeandalucia.es\/sanfelipeneri\/files\/2026\/01\/Captura-de-Pantalla-2026-01-09-a-las-14.24.28.png 2038w\" sizes=\"(max-width: 768px) 100vw, 768px\" \/><\/a><\/div>\n<div class=\"pt-cv-colwrap\"><h4 class=\"pt-cv-title\"><a href=\"https:\/\/blogsaverroes.juntadeandalucia.es\/sanfelipeneri\/stem-tour-2025-en-el-ies-san-felipe-neri\/\" class=\"_self\" target=\"_self\" >STEM TOUR 2025 en el IES San Felipe Neri<\/a><\/h4><div class=\"pt-cv-content\">Durante el trimestre anterior, en el IES San Felipe Neri tuvimos la oportunidad de disfrutar del STEM TOUR 2025 en nuestro centro educativo. Fue un verdadero placer compartir esta experiencia tanto con nuestro alumnado como con el profesorado, que participaron de forma activa y entusiasta en todas las actividades propuestas. Se trat\u00f3 de una iniciativa muy enriquecedora cuyo principal objetivo fue despertar vocaciones cient\u00edficas y tecnol\u00f3gicas, poniendo un especial \u00e9nfasis en fomentar el inter\u00e9s de las ni\u00f1as por el \u00e1mbito STEM. A trav\u00e9s de talleres, demostraciones y actividades pr\u00e1cticas, el alumnado pudo acercarse de manera real y motivadora al mundo ...<br \/><div class=\"pt-cv-rmwrap\"><a href=\"https:\/\/blogsaverroes.juntadeandalucia.es\/sanfelipeneri\/stem-tour-2025-en-el-ies-san-felipe-neri\/\" class=\"_self pt-cv-readmore btn btn-success\" target=\"_self\">Leer M\u00e1s<\/a><\/div><\/div><\/div><\/div>\n<div class=\" pt-cv-content-item pt-cv-2-col\" ><div class=\"pt-cv-thumb-wrapper pull-left \"><a href=\"https:\/\/blogsaverroes.juntadeandalucia.es\/sanfelipeneri\/mujeres-ingenieras-valeo-inspirando-vocaciones-stem-en-el-ies-san-felipe-neri\/\" class=\"_self pt-cv-href-thumbnail pt-cv-thumb-left\" target=\"_self\" ><img loading=\"lazy\" decoding=\"async\" width=\"768\" height=\"1024\" src=\"https:\/\/blogsaverroes.juntadeandalucia.es\/sanfelipeneri\/files\/2025\/10\/WhatsApp-Image-2025-10-29-at-09.50.05-3-768x1024.jpeg\" class=\"pt-cv-thumbnail pull-left\" alt=\"\" srcset=\"https:\/\/blogsaverroes.juntadeandalucia.es\/sanfelipeneri\/files\/2025\/10\/WhatsApp-Image-2025-10-29-at-09.50.05-3-768x1024.jpeg 768w, https:\/\/blogsaverroes.juntadeandalucia.es\/sanfelipeneri\/files\/2025\/10\/WhatsApp-Image-2025-10-29-at-09.50.05-3-225x300.jpeg 225w, https:\/\/blogsaverroes.juntadeandalucia.es\/sanfelipeneri\/files\/2025\/10\/WhatsApp-Image-2025-10-29-at-09.50.05-3-1152x1536.jpeg 1152w, https:\/\/blogsaverroes.juntadeandalucia.es\/sanfelipeneri\/files\/2025\/10\/WhatsApp-Image-2025-10-29-at-09.50.05-3.jpeg 1200w\" sizes=\"(max-width: 768px) 100vw, 768px\" \/><\/a><\/div>\n<div class=\"pt-cv-colwrap\"><h4 class=\"pt-cv-title\"><a href=\"https:\/\/blogsaverroes.juntadeandalucia.es\/sanfelipeneri\/mujeres-ingenieras-valeo-inspirando-vocaciones-stem-en-el-ies-san-felipe-neri\/\" class=\"_self\" target=\"_self\" >Mujeres ingenieras Valeo: inspirando vocaciones STEM en el IES San Felipe Neri<\/a><\/h4><div class=\"pt-cv-content\">Desde el Plan de Igualdad del IES San Felipe Neri se ha organizado hoy una interesante actividad en colaboraci\u00f3n con la empresa Valeo, dentro de su proyecto \u201cMujeres Ingenieras Valeo\u201d. Nos han visitado Luc\u00eda y Gracia, ingenieras de la planta de Martos, acompa\u00f1adas por Antonio, del departamento de Recursos Humanos. Durante la sesi\u00f3n, compartieron con nuestro alumnado su experiencia personal y los motivos que las llevaron a estudiar ingenier\u00eda, mostrando el valor del esfuerzo, la curiosidad y la perseverancia en el \u00e1mbito tecnol\u00f3gico. Tras la charla, propusieron un reto pr\u00e1ctico al alumnado: el montaje de un faro de Audi Q7, ...<br \/><div class=\"pt-cv-rmwrap\"><a href=\"https:\/\/blogsaverroes.juntadeandalucia.es\/sanfelipeneri\/mujeres-ingenieras-valeo-inspirando-vocaciones-stem-en-el-ies-san-felipe-neri\/\" class=\"_self pt-cv-readmore btn btn-success\" target=\"_self\">Leer M\u00e1s<\/a><\/div><\/div><\/div><\/div><\/div><\/div><\/div>\t\t\t<style type=\"text\/css\" id=\"pt-cv-inline-style-4c33ece2gn\">\n#pt-cv-view-17a4a0c1n3 .pt-cv-thumb-wrapper:not(.miniwrap) { width: 40%; }#pt-cv-view-17a4a0c1n3 .pt-cv-thumbnail:not(.pt-cv-thumbnailsm) { height: 300px; }#pt-cv-view-17a4a0c1n3 > .pt-cv-page {grid-template-columns: repeat(1, 1fr);grid-gap: 15px;}\n@media all and (max-width: 1024px) { \n#pt-cv-view-17a4a0c1n3 > .pt-cv-page {grid-template-columns: repeat(1, 1fr);}\n} \n@media all and (max-width: 767px) { \n#pt-cv-view-17a4a0c1n3 > .pt-cv-page {grid-template-columns: repeat(1, 1fr);}\n} <\/style>\r\n\t\t\t\n<p>&nbsp;<\/p>\n","protected":false},"excerpt":{"rendered":"<p>En el IES San Felipe Neri mantenemos una l\u00ednea de trabajo STEM consolidada, que busca acercar la Ciencia, la Tecnolog\u00eda, la Ingenier\u00eda y las Matem\u00e1ticas a nuestro alumnado de una manera pr\u00e1ctica y significativa.&#46;&#46;&#46;<\/p>\n","protected":false},"author":13459,"featured_media":6685,"parent":0,"menu_order":0,"comment_status":"closed","ping_status":"closed","template":"","meta":{"_exactmetrics_skip_tracking":false,"_exactmetrics_sitenote_active":false,"_exactmetrics_sitenote_note":"","_exactmetrics_sitenote_category":0,"ngg_post_thumbnail":0,"footnotes":""},"aioseo_notices":[],"_links":{"self":[{"href":"https:\/\/blogsaverroes.juntadeandalucia.es\/sanfelipeneri\/wp-json\/wp\/v2\/pages\/6684"}],"collection":[{"href":"https:\/\/blogsaverroes.juntadeandalucia.es\/sanfelipeneri\/wp-json\/wp\/v2\/pages"}],"about":[{"href":"https:\/\/blogsaverroes.juntadeandalucia.es\/sanfelipeneri\/wp-json\/wp\/v2\/types\/page"}],"author":[{"embeddable":true,"href":"https:\/\/blogsaverroes.juntadeandalucia.es\/sanfelipeneri\/wp-json\/wp\/v2\/users\/13459"}],"replies":[{"embeddable":true,"href":"https:\/\/blogsaverroes.juntadeandalucia.es\/sanfelipeneri\/wp-json\/wp\/v2\/comments?post=6684"}],"version-history":[{"count":1,"href":"https:\/\/blogsaverroes.juntadeandalucia.es\/sanfelipeneri\/wp-json\/wp\/v2\/pages\/6684\/revisions"}],"predecessor-version":[{"id":6687,"href":"https:\/\/blogsaverroes.juntadeandalucia.es\/sanfelipeneri\/wp-json\/wp\/v2\/pages\/6684\/revisions\/6687"}],"wp:featuredmedia":[{"embeddable":true,"href":"https:\/\/blogsaverroes.juntadeandalucia.es\/sanfelipeneri\/wp-json\/wp\/v2\/media\/6685"}],"wp:attachment":[{"href":"https:\/\/blogsaverroes.juntadeandalucia.es\/sanfelipeneri\/wp-json\/wp\/v2\/media?parent=6684"}],"curies":[{"name":"wp","href":"https:\/\/api.w.org\/{rel}","templated":true}]}}