{"id":6704,"date":"2025-11-15T19:35:15","date_gmt":"2025-11-15T18:35:15","guid":{"rendered":"https:\/\/blogsaverroes.juntadeandalucia.es\/sanfelipeneri\/?page_id=6704"},"modified":"2025-11-30T16:51:01","modified_gmt":"2025-11-30T15:51:01","slug":"departamento-impulso-de-fp","status":"publish","type":"page","link":"https:\/\/blogsaverroes.juntadeandalucia.es\/sanfelipeneri\/departamentos\/departamento-impulso-de-fp\/","title":{"rendered":"Departamento Impulso de FP"},"content":{"rendered":"<p data-start=\"221\" data-end=\"574\">Bienvenidos al espacio del Departamento de Impulso de Formaci\u00f3n Profesional del IES San Felipe Neri.<br data-start=\"321\" data-end=\"324\">Nuestro objetivo es potenciar la formaci\u00f3n profesional como una v\u00eda de desarrollo acad\u00e9mico y profesional, ofreciendo al alumnado oportunidades de aprendizaje pr\u00e1ctico, competencias profesionales y orientaci\u00f3n para su inserci\u00f3n en el mundo laboral.<\/p>\n<p data-start=\"576\" data-end=\"883\">Trabajamos en la coordinaci\u00f3n de proyectos, programas y actividades que fomentan la innovaci\u00f3n, la motivaci\u00f3n y la excelencia en la FP. Nos comprometemos a acompa\u00f1ar a los estudiantes, docentes y empresas colaboradoras, promoviendo la conexi\u00f3n entre la educaci\u00f3n y las necesidades del entorno profesional.<\/p>\n<hr>\n<div class=\"osc-res-tab tabbable   osc-tabs-left\"><div style=\"clear:both;width: 100%;\"><ul class=\"nav osc-res-nav nav-pills osc-tabs-left-ul\" id=\"oscitas-restabs-1-departamento-impulso-de-fp-24979\"><li class=\"active\"><a href=\"#ert_pane1-0\" data-toggle=\"tab\">Jefatura<\/a><\/li><li class=\"\"><a href=\"#ert_pane1-1\" data-toggle=\"tab\">Documentaci\u00f3n<\/a><\/li><\/ul><\/div><div style=\"clear:both;width: 100%;\"><ul class=\"tab-content\" id=\"oscitas-restabcontent-1-departamento-impulso-de-fp-24979\"><li class=\"tab-pane active\" id=\"ert_pane1-0\"><table style=\"width: 99.3448%;height: 291px\" border=\"10px solid rgb(255, 255, 255)\">\n<tbody>\n<tr style=\"height: 36px\">\n<td style=\"background-color: #c5cbe3;border: 10px solid #ffffff;width: 50%;height: 50px;text-align: center\"><strong>Conde Gallardo, Custodio<\/strong><\/td>\n<td style=\"background-color: #ffffff;border: 10px solid #ffffff;width: 50%;height: 50px\">&nbsp;<\/td>\n<\/tr>\n<tr style=\"height: 24px\">\n<td style=\"background-color: #ffffff;border: 10px solid #ffffff;width: 50%;height: 50px;text-align: center\">\u2709\ufe0f <a href=\"mailto:ccongal901@g.educaand.es\">ccongal901@g.educaand.es<\/a><\/td>\n<td style=\"background-color: #ffffff;border: 10px solid #ffffff;width: 50%;height: 50px;text-align: center\">&nbsp;<\/td>\n<\/tr>\n<\/tbody>\n<\/table><\/li><li class=\"tab-pane \" id=\"ert_pane1-1\"><iframe src=\"https:\/\/drive.google.com\/embeddedfolderview?id=1HIgxE8TpqZKmOc3farCxXdDJknewHvvH#list\"><\/iframe><br \/><\/li><\/ul><\/div><\/div>\n<p>&nbsp;<\/p>\n","protected":false},"excerpt":{"rendered":"<p>Bienvenidos al espacio del Departamento de Impulso de Formaci\u00f3n Profesional del IES San Felipe Neri.Nuestro objetivo es potenciar la formaci\u00f3n profesional como una v\u00eda de desarrollo acad\u00e9mico y profesional, ofreciendo al alumnado oportunidades de&#46;&#46;&#46;<\/p>\n","protected":false},"author":13459,"featured_media":6705,"parent":1407,"menu_order":0,"comment_status":"closed","ping_status":"closed","template":"","meta":{"_exactmetrics_skip_tracking":false,"_exactmetrics_sitenote_active":false,"_exactmetrics_sitenote_note":"","_exactmetrics_sitenote_category":0,"ngg_post_thumbnail":0,"footnotes":""},"aioseo_notices":[],"_links":{"self":[{"href":"https:\/\/blogsaverroes.juntadeandalucia.es\/sanfelipeneri\/wp-json\/wp\/v2\/pages\/6704"}],"collection":[{"href":"https:\/\/blogsaverroes.juntadeandalucia.es\/sanfelipeneri\/wp-json\/wp\/v2\/pages"}],"about":[{"href":"https:\/\/blogsaverroes.juntadeandalucia.es\/sanfelipeneri\/wp-json\/wp\/v2\/types\/page"}],"author":[{"embeddable":true,"href":"https:\/\/blogsaverroes.juntadeandalucia.es\/sanfelipeneri\/wp-json\/wp\/v2\/users\/13459"}],"replies":[{"embeddable":true,"href":"https:\/\/blogsaverroes.juntadeandalucia.es\/sanfelipeneri\/wp-json\/wp\/v2\/comments?post=6704"}],"version-history":[{"count":3,"href":"https:\/\/blogsaverroes.juntadeandalucia.es\/sanfelipeneri\/wp-json\/wp\/v2\/pages\/6704\/revisions"}],"predecessor-version":[{"id":7008,"href":"https:\/\/blogsaverroes.juntadeandalucia.es\/sanfelipeneri\/wp-json\/wp\/v2\/pages\/6704\/revisions\/7008"}],"up":[{"embeddable":true,"href":"https:\/\/blogsaverroes.juntadeandalucia.es\/sanfelipeneri\/wp-json\/wp\/v2\/pages\/1407"}],"wp:featuredmedia":[{"embeddable":true,"href":"https:\/\/blogsaverroes.juntadeandalucia.es\/sanfelipeneri\/wp-json\/wp\/v2\/media\/6705"}],"wp:attachment":[{"href":"https:\/\/blogsaverroes.juntadeandalucia.es\/sanfelipeneri\/wp-json\/wp\/v2\/media?parent=6704"}],"curies":[{"name":"wp","href":"https:\/\/api.w.org\/{rel}","templated":true}]}}