{"id":16,"date":"2020-01-10T08:42:15","date_gmt":"2020-01-10T07:42:15","guid":{"rendered":"http:\/\/blogsaverroes.juntadeandalucia.es\/pre\/nuevoies2v2\/?page_id=16"},"modified":"2022-03-25T10:20:05","modified_gmt":"2022-03-25T09:20:05","slug":"infantil","status":"publish","type":"page","link":"https:\/\/blogsaverroes.juntadeandalucia.es\/sanjose\/infantil\/","title":{"rendered":"Segundo Ciclo Educaci\u00f3n Infantil"},"content":{"rendered":"<p>[et_pb_section fb_built=&#8221;1&#8243; _builder_version=&#8221;3.23.3&#8243; custom_padding=&#8221;0px||0px|&#8221; z_index_tablet=&#8221;500&#8243; box_shadow_horizontal_tablet=&#8221;0px&#8221; box_shadow_vertical_tablet=&#8221;0px&#8221; box_shadow_blur_tablet=&#8221;40px&#8221; box_shadow_spread_tablet=&#8221;0px&#8221; global_colors_info=&#8221;{}&#8221;][et_pb_row _builder_version=&#8221;3.25&#8243; background_size=&#8221;initial&#8221; background_position=&#8221;top_left&#8221; background_repeat=&#8221;repeat&#8221; global_colors_info=&#8221;{}&#8221;][et_pb_column type=&#8221;4_4&#8243; _builder_version=&#8221;3.0.47&#8243; custom_padding=&#8221;|||&#8221; global_colors_info=&#8221;{}&#8221; custom_padding__hover=&#8221;|||&#8221;][et_pb_image src=&#8221;https:\/\/blogsaverroes.juntadeandalucia.es\/sanjose\/files\/2022\/03\/INFANTIL.png&#8221; admin_label=&#8221;Imagen de la portada&#8221; _builder_version=&#8221;4.14.5&#8243; vertical_offset_tablet=&#8221;0&#8243; horizontal_offset_tablet=&#8221;0&#8243; hover_enabled=&#8221;0&#8243; z_index_tablet=&#8221;500&#8243; box_shadow_horizontal_tablet=&#8221;0px&#8221; box_shadow_vertical_tablet=&#8221;0px&#8221; box_shadow_blur_tablet=&#8221;40px&#8221; box_shadow_spread_tablet=&#8221;0px&#8221; global_colors_info=&#8221;{}&#8221; title_text=&#8221;INFANTIL&#8221; sticky_enabled=&#8221;0&#8243;][\/et_pb_image][et_pb_text admin_label=&#8221;Texto descriptivo&#8221; _builder_version=&#8221;4.14.5&#8243; hover_enabled=&#8221;0&#8243; z_index_tablet=&#8221;500&#8243; text_text_shadow_horizontal_length_tablet=&#8221;0px&#8221; text_text_shadow_vertical_length_tablet=&#8221;0px&#8221; text_text_shadow_blur_strength_tablet=&#8221;1px&#8221; link_text_shadow_horizontal_length_tablet=&#8221;0px&#8221; link_text_shadow_vertical_length_tablet=&#8221;0px&#8221; link_text_shadow_blur_strength_tablet=&#8221;1px&#8221; ul_text_shadow_horizontal_length_tablet=&#8221;0px&#8221; ul_text_shadow_vertical_length_tablet=&#8221;0px&#8221; ul_text_shadow_blur_strength_tablet=&#8221;1px&#8221; ol_text_shadow_horizontal_length_tablet=&#8221;0px&#8221; ol_text_shadow_vertical_length_tablet=&#8221;0px&#8221; ol_text_shadow_blur_strength_tablet=&#8221;1px&#8221; quote_text_shadow_horizontal_length_tablet=&#8221;0px&#8221; quote_text_shadow_vertical_length_tablet=&#8221;0px&#8221; quote_text_shadow_blur_strength_tablet=&#8221;1px&#8221; header_text_shadow_horizontal_length_tablet=&#8221;0px&#8221; header_text_shadow_vertical_length_tablet=&#8221;0px&#8221; header_text_shadow_blur_strength_tablet=&#8221;1px&#8221; header_2_text_shadow_horizontal_length_tablet=&#8221;0px&#8221; header_2_text_shadow_vertical_length_tablet=&#8221;0px&#8221; header_2_text_shadow_blur_strength_tablet=&#8221;1px&#8221; header_3_text_shadow_horizontal_length_tablet=&#8221;0px&#8221; header_3_text_shadow_vertical_length_tablet=&#8221;0px&#8221; header_3_text_shadow_blur_strength_tablet=&#8221;1px&#8221; header_4_text_shadow_horizontal_length_tablet=&#8221;0px&#8221; header_4_text_shadow_vertical_length_tablet=&#8221;0px&#8221; header_4_text_shadow_blur_strength_tablet=&#8221;1px&#8221; header_5_text_shadow_horizontal_length_tablet=&#8221;0px&#8221; header_5_text_shadow_vertical_length_tablet=&#8221;0px&#8221; header_5_text_shadow_blur_strength_tablet=&#8221;1px&#8221; header_6_text_shadow_horizontal_length_tablet=&#8221;0px&#8221; header_6_text_shadow_vertical_length_tablet=&#8221;0px&#8221; header_6_text_shadow_blur_strength_tablet=&#8221;1px&#8221; box_shadow_horizontal_tablet=&#8221;0px&#8221; box_shadow_vertical_tablet=&#8221;0px&#8221; box_shadow_blur_tablet=&#8221;40px&#8221; box_shadow_spread_tablet=&#8221;0px&#8221; global_colors_info=&#8221;{}&#8221; custom_padding=&#8221;||0px|||&#8221; sticky_enabled=&#8221;0&#8243;]<\/p>\n<header class=\"portlet-topper\">\n<h1 class=\"portlet-title\"><span class=\"portlet-title-text\">Infantil Segundo Ciclo (3-6 a\u00f1os): Descripci\u00f3n de la etapa<\/span><\/h1>\n<menu class=\"portlet-topper-toolbar\" id=\"portlet-topper-toolbar_ABACO_WEB_WAR_abacoportlet_INSTANCE_KWFGsAFwNfQr\" type=\"toolbar\"><\/menu>\n<\/header>\n<div class=\"portlet-content\">\n<div class=\" portlet-content-container\">\n<div class=\"portlet-body\">\n<div class=\"contenido_portlet \">\n<div class=\"portlet_web\">\n<div class=\"detalle web\">\n<div class=\"contenido_detalle\">\n<section class=\"cuerpo detalle_html\">\n<div class=\"inner_cuerpo\">\n<p>El segundo ciclo de Educaci\u00f3n Infantil abarca de los 3 a los 6 a\u00f1os. Es de car\u00e1cter voluntario, por lo que el alumnado puede incorporarse a esta etapa en cualquiera de los cursos.<\/p>\n<p>La Educaci\u00f3n Infantil tiene como principal finalidad contribuir al desarrollo f\u00edsico, afectivo, social e intelectual de los ni\u00f1os y las ni\u00f1as, respetando los derechos de la infancia y atendiendo a su bienestar.<\/p>\n<p>En esta etapa se atender\u00e1 progresivamente al desarrollo afectivo, al movimiento y a los h\u00e1bitos de control corporal, a las manifestaciones de la comunicaci\u00f3n y del lenguaje, a las pautas elementales de convivencia y relaci\u00f3n social, as\u00ed como al descubrimiento de las caracter\u00edsticas f\u00edsicas y sociales del medio. Adem\u00e1s se facilitar\u00e1 que los ni\u00f1os y las ni\u00f1as elaboren una imagen de s\u00ed mismos positiva y equilibrada y adquieran autonom\u00eda personal.<\/p>\n<p>La Educaci\u00f3n Infantil es la etapa en la que se sientan las bases para el desarrollo futuro de las ni\u00f1as y los ni\u00f1os tanto en su dimensi\u00f3n personal como social. En ella se cimientan los valores que hacen posible la vida en sociedad, se inicia la adquisici\u00f3n de h\u00e1bitos de convivencia democr\u00e1tica y de respeto mutuo y se trabaja con los ni\u00f1os y las ni\u00f1as para que, en el futuro, participen responsablemente en la vida social y ciudadana.<\/p>\n<p>El segundo ciclo de Educaci\u00f3n Infantil se imparte en centros propios (escuelas infantiles) o compartidos con la etapa de Educaci\u00f3n Primaria en los Centros de Educaci\u00f3n Infantil y Primaria (CEIP).<\/p>\n<\/div>\n<\/section>\n<\/div>\n<\/div>\n<\/div>\n<\/div>\n<\/div>\n<\/div>\n<\/div>\n<p>[\/et_pb_text][\/et_pb_column][\/et_pb_row][\/et_pb_section]<\/p>\n","protected":false},"excerpt":{"rendered":"<p>Infantil Segundo Ciclo (3-6 a\u00f1os): Descripci\u00f3n de la etapa El segundo ciclo de Educaci\u00f3n Infantil abarca de los 3 a los 6 a\u00f1os. Es de car\u00e1cter voluntario, por lo que el alumnado puede incorporarse a esta etapa en cualquiera de los cursos. La Educaci\u00f3n Infantil tiene como principal finalidad contribuir al desarrollo f\u00edsico, afectivo, social [&hellip;]<\/p>\n","protected":false},"author":14823,"featured_media":0,"parent":0,"menu_order":0,"comment_status":"closed","ping_status":"closed","template":"","meta":{"_et_pb_use_builder":"on","_et_pb_old_content":"","_et_gb_content_width":"","ngg_post_thumbnail":0,"footnotes":""},"aioseo_notices":[],"_links":{"self":[{"href":"https:\/\/blogsaverroes.juntadeandalucia.es\/sanjose\/wp-json\/wp\/v2\/pages\/16"}],"collection":[{"href":"https:\/\/blogsaverroes.juntadeandalucia.es\/sanjose\/wp-json\/wp\/v2\/pages"}],"about":[{"href":"https:\/\/blogsaverroes.juntadeandalucia.es\/sanjose\/wp-json\/wp\/v2\/types\/page"}],"author":[{"embeddable":true,"href":"https:\/\/blogsaverroes.juntadeandalucia.es\/sanjose\/wp-json\/wp\/v2\/users\/14823"}],"replies":[{"embeddable":true,"href":"https:\/\/blogsaverroes.juntadeandalucia.es\/sanjose\/wp-json\/wp\/v2\/comments?post=16"}],"version-history":[{"count":4,"href":"https:\/\/blogsaverroes.juntadeandalucia.es\/sanjose\/wp-json\/wp\/v2\/pages\/16\/revisions"}],"predecessor-version":[{"id":656,"href":"https:\/\/blogsaverroes.juntadeandalucia.es\/sanjose\/wp-json\/wp\/v2\/pages\/16\/revisions\/656"}],"wp:attachment":[{"href":"https:\/\/blogsaverroes.juntadeandalucia.es\/sanjose\/wp-json\/wp\/v2\/media?parent=16"}],"curies":[{"name":"wp","href":"https:\/\/api.w.org\/{rel}","templated":true}]}}