{"id":21,"date":"2020-01-10T08:47:08","date_gmt":"2020-01-10T07:47:08","guid":{"rendered":"http:\/\/blogsaverroes.juntadeandalucia.es\/pre\/nuevoies2v2\/?page_id=21"},"modified":"2022-03-25T10:30:04","modified_gmt":"2022-03-25T09:30:04","slug":"primaria","status":"publish","type":"page","link":"https:\/\/blogsaverroes.juntadeandalucia.es\/sanjose\/primaria\/","title":{"rendered":"PRIMARIA"},"content":{"rendered":"<p>[et_pb_section fb_built=&#8221;1&#8243; _builder_version=&#8221;3.23.3&#8243; custom_padding=&#8221;0px||0px|&#8221; z_index_tablet=&#8221;500&#8243; box_shadow_horizontal_tablet=&#8221;0px&#8221; box_shadow_vertical_tablet=&#8221;0px&#8221; box_shadow_blur_tablet=&#8221;40px&#8221; box_shadow_spread_tablet=&#8221;0px&#8221; global_colors_info=&#8221;{}&#8221;][et_pb_row _builder_version=&#8221;3.25&#8243; background_size=&#8221;initial&#8221; background_position=&#8221;top_left&#8221; background_repeat=&#8221;repeat&#8221; global_colors_info=&#8221;{}&#8221;][et_pb_column type=&#8221;4_4&#8243; _builder_version=&#8221;3.0.47&#8243; custom_padding=&#8221;|||&#8221; global_colors_info=&#8221;{}&#8221; custom_padding__hover=&#8221;|||&#8221;][et_pb_image src=&#8221;https:\/\/blogsaverroes.juntadeandalucia.es\/sanjose\/files\/2022\/03\/PRIMARIA.png&#8221; admin_label=&#8221;Imagen de la portada&#8221; _builder_version=&#8221;4.14.5&#8243; vertical_offset_tablet=&#8221;0&#8243; horizontal_offset_tablet=&#8221;0&#8243; hover_enabled=&#8221;0&#8243; z_index_tablet=&#8221;500&#8243; box_shadow_horizontal_tablet=&#8221;0px&#8221; box_shadow_vertical_tablet=&#8221;0px&#8221; box_shadow_blur_tablet=&#8221;40px&#8221; box_shadow_spread_tablet=&#8221;0px&#8221; global_colors_info=&#8221;{}&#8221; title_text=&#8221;PRIMARIA&#8221; sticky_enabled=&#8221;0&#8243;][\/et_pb_image][et_pb_text admin_label=&#8221;Texto descriptivo&#8221; _builder_version=&#8221;4.14.5&#8243; hover_enabled=&#8221;0&#8243; z_index_tablet=&#8221;500&#8243; text_text_shadow_horizontal_length_tablet=&#8221;0px&#8221; text_text_shadow_vertical_length_tablet=&#8221;0px&#8221; text_text_shadow_blur_strength_tablet=&#8221;1px&#8221; link_text_shadow_horizontal_length_tablet=&#8221;0px&#8221; link_text_shadow_vertical_length_tablet=&#8221;0px&#8221; link_text_shadow_blur_strength_tablet=&#8221;1px&#8221; ul_text_shadow_horizontal_length_tablet=&#8221;0px&#8221; ul_text_shadow_vertical_length_tablet=&#8221;0px&#8221; ul_text_shadow_blur_strength_tablet=&#8221;1px&#8221; ol_text_shadow_horizontal_length_tablet=&#8221;0px&#8221; ol_text_shadow_vertical_length_tablet=&#8221;0px&#8221; ol_text_shadow_blur_strength_tablet=&#8221;1px&#8221; quote_text_shadow_horizontal_length_tablet=&#8221;0px&#8221; quote_text_shadow_vertical_length_tablet=&#8221;0px&#8221; quote_text_shadow_blur_strength_tablet=&#8221;1px&#8221; header_text_shadow_horizontal_length_tablet=&#8221;0px&#8221; header_text_shadow_vertical_length_tablet=&#8221;0px&#8221; header_text_shadow_blur_strength_tablet=&#8221;1px&#8221; header_2_text_shadow_horizontal_length_tablet=&#8221;0px&#8221; header_2_text_shadow_vertical_length_tablet=&#8221;0px&#8221; header_2_text_shadow_blur_strength_tablet=&#8221;1px&#8221; header_3_text_shadow_horizontal_length_tablet=&#8221;0px&#8221; header_3_text_shadow_vertical_length_tablet=&#8221;0px&#8221; header_3_text_shadow_blur_strength_tablet=&#8221;1px&#8221; header_4_text_shadow_horizontal_length_tablet=&#8221;0px&#8221; header_4_text_shadow_vertical_length_tablet=&#8221;0px&#8221; header_4_text_shadow_blur_strength_tablet=&#8221;1px&#8221; header_5_text_shadow_horizontal_length_tablet=&#8221;0px&#8221; header_5_text_shadow_vertical_length_tablet=&#8221;0px&#8221; header_5_text_shadow_blur_strength_tablet=&#8221;1px&#8221; header_6_text_shadow_horizontal_length_tablet=&#8221;0px&#8221; header_6_text_shadow_vertical_length_tablet=&#8221;0px&#8221; header_6_text_shadow_blur_strength_tablet=&#8221;1px&#8221; box_shadow_horizontal_tablet=&#8221;0px&#8221; box_shadow_vertical_tablet=&#8221;0px&#8221; box_shadow_blur_tablet=&#8221;40px&#8221; box_shadow_spread_tablet=&#8221;0px&#8221; global_colors_info=&#8221;{}&#8221; sticky_enabled=&#8221;0&#8243;]<\/p>\n<header class=\"portlet-topper\">\n<h1 class=\"portlet-title\"><span class=\"portlet-title-text\">Primaria: Descripci\u00f3n de la etapa<\/span><\/h1>\n<menu class=\"portlet-topper-toolbar\" id=\"portlet-topper-toolbar_ABACO_WEB_WAR_abacoportlet_INSTANCE_1Q6EwL0wntKi\" type=\"toolbar\"><\/menu>\n<\/header>\n<div class=\"portlet-content\">\n<div class=\" portlet-content-container\">\n<div class=\"portlet-body\">\n<div class=\"contenido_portlet \">\n<div class=\"portlet_web\">\n<div class=\"detalle web\">\n<div class=\"contenido_detalle\">\n<section class=\"cuerpo detalle_html\">\n<div class=\"inner_cuerpo\">\n<p>La etapa de Educaci\u00f3n Primaria comprende seis cursos acad\u00e9micos, que se cursar\u00e1n ordinariamente entre los seis y los doce a\u00f1os de edad, y se organiza en \u00e1reas, que tendr\u00e1n un car\u00e1cter global e integrador.<\/p>\n<p>El curr\u00edculo de esta etapa est\u00e1 organizado en tres ciclos de dos cursos cada uno:<\/p>\n<ul>\n<li>Primer ciclo: primer y segundo curso.<\/li>\n<li>Segundo ciclo: tercer y cuarto curso.<\/li>\n<li>Tercer ciclo: quinto y sexto curso.<\/li>\n<\/ul>\n<p>La finalidad de la Educaci\u00f3n Primaria es facilitar a los alumnos y alumnas los aprendizajes de la expresi\u00f3n y comprensi\u00f3n oral, la lectura, la escritura, el c\u00e1lculo, la adquisici\u00f3n de nociones b\u00e1sicas de la cultura, y el h\u00e1bito de convivencia as\u00ed como los de estudio y trabajo, el sentido art\u00edstico, la creatividad y la afectividad, con el fin de garantizar una formaci\u00f3n integral que contribuya al pleno desarrollo de la personalidad de los alumnos y alumnas y de prepararlos para cursar con aprovechamiento la Educaci\u00f3n Secundaria Obligatoria.<\/p>\n<p>El curr\u00edculo de esta etapa tiene un car\u00e1cter global e integrador, potenci\u00e1ndose el Dise\u00f1o Universal de Aprendizaje (DUA) que garantice una efectiva educaci\u00f3n inclusiva permitiendo el acceso al curr\u00edculo a todo el alumnado.<\/p>\n<p>Este curr\u00edculo concreta los conocimientos, las habilidades para aplicarlos en diferentes situaciones y las actitudes ante la vida para la adquisici\u00f3n de las competencias clave. Todo ello mediante el desarrollo de aprendizajes significativos y motivadores, realizando actividades y tareas relevantes, as\u00ed como resolviendo problemas complejos en contextos determinados. Asimismo, toma como eje estrat\u00e9gico y vertebrador del proceso de ense\u00f1anza y aprendizaje el desarrollo de las capacidades del alumnado y la integraci\u00f3n de las competencias clave en el curr\u00edculo educativo y en las pr\u00e1cticas docentes.<\/p>\n<p>El alumnado de esta etapa es el que en el futuro necesitar\u00e1 desarrollar capacidades de crear, innovar, imaginar, pensar, etc., adquiriendo competencias tanto cognitivas como no cognitivas y habilidades esenciales que se complementan con las competencias clave. Se destacan como habilidades esenciales (soft skills) la capacidad de di\u00e1logo y habilidades comunicativas (debate, comunicaci\u00f3n oral), la capacidad resolutiva (habilidades de c\u00e1lculo, resoluci\u00f3n de problemas, razonamiento matem\u00e1tico), el pensamiento cr\u00edtico y anal\u00edtico (capacidad de reflexi\u00f3n, aprender a pensar y elaborar nuestros propios juicios), la inteligencia emocional (habilidades sociales, control de las emociones, integridad, tolerancia, optimismo, empat\u00eda\u2026), la capacidad de responsabilidad, iniciativa, perseverancia (h\u00e1bitos de vida saludable y deporte), el equilibrio f\u00edsico, mental y espiritual (cuidado de nuestro cuerpo), etc. Dichas competencias y habilidades se desarrollar\u00e1n mediante la implementaci\u00f3n de estrategias metodol\u00f3gicas de manera transversal en todas las \u00e1reas de la etapa.<\/p>\n<\/div>\n<\/section>\n<\/div>\n<\/div>\n<\/div>\n<\/div>\n<\/div>\n<\/div>\n<\/div>\n<p>[\/et_pb_text][\/et_pb_column][\/et_pb_row][\/et_pb_section]<\/p>\n","protected":false},"excerpt":{"rendered":"<p>Primaria: Descripci\u00f3n de la etapa La etapa de Educaci\u00f3n Primaria comprende seis cursos acad\u00e9micos, que se cursar\u00e1n ordinariamente entre los seis y los doce a\u00f1os de edad, y se organiza en \u00e1reas, que tendr\u00e1n un car\u00e1cter global e integrador. El curr\u00edculo de esta etapa est\u00e1 organizado en tres ciclos de dos cursos cada uno: Primer [&hellip;]<\/p>\n","protected":false},"author":14823,"featured_media":0,"parent":0,"menu_order":0,"comment_status":"closed","ping_status":"closed","template":"","meta":{"_et_pb_use_builder":"on","_et_pb_old_content":"","_et_gb_content_width":"","ngg_post_thumbnail":0,"footnotes":""},"aioseo_notices":[],"_links":{"self":[{"href":"https:\/\/blogsaverroes.juntadeandalucia.es\/sanjose\/wp-json\/wp\/v2\/pages\/21"}],"collection":[{"href":"https:\/\/blogsaverroes.juntadeandalucia.es\/sanjose\/wp-json\/wp\/v2\/pages"}],"about":[{"href":"https:\/\/blogsaverroes.juntadeandalucia.es\/sanjose\/wp-json\/wp\/v2\/types\/page"}],"author":[{"embeddable":true,"href":"https:\/\/blogsaverroes.juntadeandalucia.es\/sanjose\/wp-json\/wp\/v2\/users\/14823"}],"replies":[{"embeddable":true,"href":"https:\/\/blogsaverroes.juntadeandalucia.es\/sanjose\/wp-json\/wp\/v2\/comments?post=21"}],"version-history":[{"count":4,"href":"https:\/\/blogsaverroes.juntadeandalucia.es\/sanjose\/wp-json\/wp\/v2\/pages\/21\/revisions"}],"predecessor-version":[{"id":662,"href":"https:\/\/blogsaverroes.juntadeandalucia.es\/sanjose\/wp-json\/wp\/v2\/pages\/21\/revisions\/662"}],"wp:attachment":[{"href":"https:\/\/blogsaverroes.juntadeandalucia.es\/sanjose\/wp-json\/wp\/v2\/media?parent=21"}],"curies":[{"name":"wp","href":"https:\/\/api.w.org\/{rel}","templated":true}]}}