{"id":30,"date":"2020-01-10T08:56:11","date_gmt":"2020-01-10T07:56:11","guid":{"rendered":"http:\/\/blogsaverroes.juntadeandalucia.es\/pre\/nuevoies2v2\/?page_id=30"},"modified":"2022-06-03T09:47:22","modified_gmt":"2022-06-03T08:47:22","slug":"actividades-extraescolares","status":"publish","type":"page","link":"https:\/\/blogsaverroes.juntadeandalucia.es\/sanjose\/actividades-extraescolares\/","title":{"rendered":"Actividades extraescolares"},"content":{"rendered":"<p>[et_pb_section fb_built=&#8221;1&#8243; _builder_version=&#8221;3.23.3&#8243; custom_padding=&#8221;0px||0px|&#8221; z_index_tablet=&#8221;500&#8243; box_shadow_horizontal_tablet=&#8221;0px&#8221; box_shadow_vertical_tablet=&#8221;0px&#8221; box_shadow_blur_tablet=&#8221;40px&#8221; box_shadow_spread_tablet=&#8221;0px&#8221; global_colors_info=&#8221;{}&#8221;][et_pb_row _builder_version=&#8221;3.25&#8243; background_size=&#8221;initial&#8221; background_position=&#8221;top_left&#8221; background_repeat=&#8221;repeat&#8221; global_colors_info=&#8221;{}&#8221;][et_pb_column type=&#8221;4_4&#8243; _builder_version=&#8221;3.0.47&#8243; custom_padding=&#8221;|||&#8221; global_colors_info=&#8221;{}&#8221; custom_padding__hover=&#8221;|||&#8221;][et_pb_image src=&#8221;https:\/\/blogsaverroes.juntadeandalucia.es\/sanjose\/files\/2020\/01\/cabecera-interior-ies-2.png&#8221; admin_label=&#8221;Imagen de la portada&#8221; _builder_version=&#8221;4.5.0&#8243; vertical_offset_tablet=&#8221;0&#8243; horizontal_offset_tablet=&#8221;0&#8243; z_index_tablet=&#8221;500&#8243; box_shadow_horizontal_tablet=&#8221;0px&#8221; box_shadow_vertical_tablet=&#8221;0px&#8221; box_shadow_blur_tablet=&#8221;40px&#8221; box_shadow_spread_tablet=&#8221;0px&#8221; global_colors_info=&#8221;{}&#8221;][\/et_pb_image][et_pb_text admin_label=&#8221;Texto descriptivo&#8221; _builder_version=&#8221;4.14.5&#8243; hover_enabled=&#8221;0&#8243; z_index_tablet=&#8221;500&#8243; text_text_shadow_horizontal_length_tablet=&#8221;0px&#8221; text_text_shadow_vertical_length_tablet=&#8221;0px&#8221; text_text_shadow_blur_strength_tablet=&#8221;1px&#8221; link_text_shadow_horizontal_length_tablet=&#8221;0px&#8221; link_text_shadow_vertical_length_tablet=&#8221;0px&#8221; link_text_shadow_blur_strength_tablet=&#8221;1px&#8221; ul_text_shadow_horizontal_length_tablet=&#8221;0px&#8221; ul_text_shadow_vertical_length_tablet=&#8221;0px&#8221; ul_text_shadow_blur_strength_tablet=&#8221;1px&#8221; ol_text_shadow_horizontal_length_tablet=&#8221;0px&#8221; ol_text_shadow_vertical_length_tablet=&#8221;0px&#8221; ol_text_shadow_blur_strength_tablet=&#8221;1px&#8221; quote_text_shadow_horizontal_length_tablet=&#8221;0px&#8221; quote_text_shadow_vertical_length_tablet=&#8221;0px&#8221; quote_text_shadow_blur_strength_tablet=&#8221;1px&#8221; header_text_shadow_horizontal_length_tablet=&#8221;0px&#8221; header_text_shadow_vertical_length_tablet=&#8221;0px&#8221; header_text_shadow_blur_strength_tablet=&#8221;1px&#8221; header_2_text_shadow_horizontal_length_tablet=&#8221;0px&#8221; header_2_text_shadow_vertical_length_tablet=&#8221;0px&#8221; header_2_text_shadow_blur_strength_tablet=&#8221;1px&#8221; header_3_text_shadow_horizontal_length_tablet=&#8221;0px&#8221; header_3_text_shadow_vertical_length_tablet=&#8221;0px&#8221; header_3_text_shadow_blur_strength_tablet=&#8221;1px&#8221; header_4_text_shadow_horizontal_length_tablet=&#8221;0px&#8221; header_4_text_shadow_vertical_length_tablet=&#8221;0px&#8221; header_4_text_shadow_blur_strength_tablet=&#8221;1px&#8221; header_5_text_shadow_horizontal_length_tablet=&#8221;0px&#8221; header_5_text_shadow_vertical_length_tablet=&#8221;0px&#8221; header_5_text_shadow_blur_strength_tablet=&#8221;1px&#8221; header_6_text_shadow_horizontal_length_tablet=&#8221;0px&#8221; header_6_text_shadow_vertical_length_tablet=&#8221;0px&#8221; header_6_text_shadow_blur_strength_tablet=&#8221;1px&#8221; box_shadow_horizontal_tablet=&#8221;0px&#8221; box_shadow_vertical_tablet=&#8221;0px&#8221; box_shadow_blur_tablet=&#8221;40px&#8221; box_shadow_spread_tablet=&#8221;0px&#8221; global_colors_info=&#8221;{}&#8221; sticky_enabled=&#8221;0&#8243;]<\/p>\n<h2>Actividades extraescolares<\/h2>\n<p>&nbsp;<\/p>\n<h3>Programa Escuelas Deportivas<\/h3>\n<p>&nbsp;<\/p>\n<p style=\"text-align: justify\">Descripci\u00f3n<\/p>\n<p style=\"text-align: justify\">Programa que se proyecta como veh\u00edculo de iniciaci\u00f3n y promoci\u00f3n deportiva. La finalidad principal es realizar una oferta multideportiva, en horario no lectivo, con la intenci\u00f3n de fomentar el deporte en edad escolar, promocionando la educaci\u00f3n en valores y el desarrollo pleno e integral de la personalidad del alumnado.<\/p>\n<p style=\"text-align: center\"><img loading=\"lazy\" decoding=\"async\" src=\"https:\/\/blogsaverroes.juntadeandalucia.es\/sanjose\/files\/2022\/06\/escuelasdeportivas-300x141.png\" width=\"300\" height=\"141\" alt=\"\" class=\"wp-image-719 alignnone size-medium\" srcset=\"https:\/\/blogsaverroes.juntadeandalucia.es\/sanjose\/files\/2022\/06\/escuelasdeportivas-300x141.png 300w, https:\/\/blogsaverroes.juntadeandalucia.es\/sanjose\/files\/2022\/06\/escuelasdeportivas.png 330w\" sizes=\"(max-width: 300px) 100vw, 300px\" \/><\/p>\n<p>&nbsp;<\/p>\n<p style=\"text-align: justify\">Participa alumnado de Educaci\u00f3n Primaria y Secundaria de los centros p\u00fablicos de Andaluc\u00eda.<\/p>\n<p style=\"text-align: justify\">\u00a0<\/p>\n<p style=\"text-align: justify\">Objetivos concretos<\/p>\n<ol style=\"text-align: justify\">\n<li>a) Propiciar un marco adecuado, integrado y sistem\u00e1tico de salud din\u00e1mica como un indicador de calidad de vida, educando en h\u00e1bitos que contribuyan a paliar las altas tasas de sobrepeso y obesidad de los ni\u00f1os y ni\u00f1as en Andaluc\u00eda. b) Reforzar la adquisici\u00f3n, a trav\u00e9s del deporte, de actitudes positivas y valores, tanto individuales como colectivos, permitiendo al alumnado participante estimular y reforzar sus competencias sociales. La pr\u00e1ctica de actividad f\u00edsica impulsar\u00e1 la educaci\u00f3n en la tolerancia y en el respeto a la diversidad, la solidaridad, el compa\u00f1erismo y el juego limpio, la superaci\u00f3n, la cultura del esfuerzo y del compromiso, la cooperaci\u00f3n, el trabajo en equipo, la consideraci\u00f3n de la persona adversaria y del juez-\u00e1rbitro, el respeto al entorno natural y la igualdad de g\u00e9nero.\u00a0\u00a0\u00a0\u00a0 c) Contribuir a la buena convivencia escolar a trav\u00e9s del conocimiento y la apreciaci\u00f3n de la multiculturalidad y de las diferencias individuales derivadas de las condiciones ps\u00edquicas, f\u00edsicas y sociales del alumnado, como aspecto fundamental del crecimiento personal y social.\u00a0\u00a0\u00a0\u00a0 d) Valorar los diferentes comportamientos que se manifiestan en la pr\u00e1ctica deportiva y tomar una postura cr\u00edtica ante determinados fen\u00f3menos an\u00f3malos ligados a la misma.\u00a0\u00a0\u00a0\u00a0 e) Desarrollar la capacidad de movimiento a trav\u00e9s de las habilidades y destrezas que hacen posible la pr\u00e1ctica f\u00edsica, t\u00e9cnica, t\u00e1ctica y ps\u00edquica de cada deporte.\u00a0\u00a0\u00a0\u00a0 f) Aprender los fundamentos t\u00e9cnicos, t\u00e1cticos y f\u00edsicos e identificar principios de juego que van aumentando progresivamente su complejidad estructural y funcional.\u00a0\u00a0\u00a0\u00a0 g) Conseguir que el alumnado participante desarrolle, en los roles que asume en cada una de las modalidades deportivas, mecanismos de percepci\u00f3n y decisi\u00f3n que fomenten una capacidad de juego aut\u00f3noma e intencional.\u00a0\u00a0\u00a0\u00a0 h) Favorecer la cultura deportiva en el centro escolar facilitando el asociacionismo deportivo.\u00a0\u00a0\u00a0\u00a0 i) Facilitar la introducci\u00f3n y la pr\u00e1ctica de la actividad l\u00fadica, mediante los juegos recreativos y populares, desarrollando el contacto con el entorno y el grupo de iguales.<\/li>\n<\/ol>\n<p style=\"text-align: justify\">\u00a0<\/p>\n<p style=\"text-align: justify\">En el CEIP SAN JOS\u00c9 ofertamos la posibilidad de participar al alumnado del centro en este programa realizando actividades de multideportes.<\/p>\n<p>[\/et_pb_text][\/et_pb_column][\/et_pb_row][\/et_pb_section]<\/p>\n","protected":false},"excerpt":{"rendered":"<p>Actividades extraescolares &nbsp; Programa Escuelas Deportivas &nbsp; Descripci\u00f3n Programa que se proyecta como veh\u00edculo de iniciaci\u00f3n y promoci\u00f3n deportiva. La finalidad principal es realizar una oferta multideportiva, en horario no lectivo, con la intenci\u00f3n de fomentar el deporte en edad escolar, promocionando la educaci\u00f3n en valores y el desarrollo pleno e integral de la personalidad [&hellip;]<\/p>\n","protected":false},"author":14823,"featured_media":0,"parent":0,"menu_order":0,"comment_status":"closed","ping_status":"closed","template":"","meta":{"_et_pb_use_builder":"on","_et_pb_old_content":"","_et_gb_content_width":"","ngg_post_thumbnail":0,"footnotes":""},"aioseo_notices":[],"_links":{"self":[{"href":"https:\/\/blogsaverroes.juntadeandalucia.es\/sanjose\/wp-json\/wp\/v2\/pages\/30"}],"collection":[{"href":"https:\/\/blogsaverroes.juntadeandalucia.es\/sanjose\/wp-json\/wp\/v2\/pages"}],"about":[{"href":"https:\/\/blogsaverroes.juntadeandalucia.es\/sanjose\/wp-json\/wp\/v2\/types\/page"}],"author":[{"embeddable":true,"href":"https:\/\/blogsaverroes.juntadeandalucia.es\/sanjose\/wp-json\/wp\/v2\/users\/14823"}],"replies":[{"embeddable":true,"href":"https:\/\/blogsaverroes.juntadeandalucia.es\/sanjose\/wp-json\/wp\/v2\/comments?post=30"}],"version-history":[{"count":3,"href":"https:\/\/blogsaverroes.juntadeandalucia.es\/sanjose\/wp-json\/wp\/v2\/pages\/30\/revisions"}],"predecessor-version":[{"id":720,"href":"https:\/\/blogsaverroes.juntadeandalucia.es\/sanjose\/wp-json\/wp\/v2\/pages\/30\/revisions\/720"}],"wp:attachment":[{"href":"https:\/\/blogsaverroes.juntadeandalucia.es\/sanjose\/wp-json\/wp\/v2\/media?parent=30"}],"curies":[{"name":"wp","href":"https:\/\/api.w.org\/{rel}","templated":true}]}}