{"id":36,"date":"2020-01-10T09:31:25","date_gmt":"2020-01-10T08:31:25","guid":{"rendered":"http:\/\/blogsaverroes.juntadeandalucia.es\/pre\/nuevoies2v2\/?page_id=36"},"modified":"2022-06-03T10:24:42","modified_gmt":"2022-06-03T09:24:42","slug":"biblioteca","status":"publish","type":"page","link":"https:\/\/blogsaverroes.juntadeandalucia.es\/sanjose\/biblioteca\/","title":{"rendered":"Biblioteca"},"content":{"rendered":"<p>[et_pb_section fb_built=&#8221;1&#8243; _builder_version=&#8221;3.23.3&#8243; custom_padding=&#8221;0px||0px|&#8221; z_index_tablet=&#8221;500&#8243; box_shadow_horizontal_tablet=&#8221;0px&#8221; box_shadow_vertical_tablet=&#8221;0px&#8221; box_shadow_blur_tablet=&#8221;40px&#8221; box_shadow_spread_tablet=&#8221;0px&#8221; global_colors_info=&#8221;{}&#8221;][et_pb_row _builder_version=&#8221;3.25&#8243; background_size=&#8221;initial&#8221; background_position=&#8221;top_left&#8221; background_repeat=&#8221;repeat&#8221; global_colors_info=&#8221;{}&#8221;][et_pb_column type=&#8221;4_4&#8243; _builder_version=&#8221;3.0.47&#8243; custom_padding=&#8221;|||&#8221; global_colors_info=&#8221;{}&#8221; custom_padding__hover=&#8221;|||&#8221;][et_pb_image src=&#8221;https:\/\/blogsaverroes.juntadeandalucia.es\/sanjose\/files\/2020\/01\/cabecera-interior-ies-1.png&#8221; admin_label=&#8221;Imagen de la portada&#8221; _builder_version=&#8221;4.5.0&#8243; vertical_offset_tablet=&#8221;0&#8243; horizontal_offset_tablet=&#8221;0&#8243; z_index_tablet=&#8221;500&#8243; box_shadow_horizontal_tablet=&#8221;0px&#8221; box_shadow_vertical_tablet=&#8221;0px&#8221; box_shadow_blur_tablet=&#8221;40px&#8221; box_shadow_spread_tablet=&#8221;0px&#8221; global_colors_info=&#8221;{}&#8221;][\/et_pb_image][et_pb_text admin_label=&#8221;Texto descriptivo&#8221; _builder_version=&#8221;4.14.5&#8243; hover_enabled=&#8221;0&#8243; z_index_tablet=&#8221;500&#8243; text_text_shadow_horizontal_length_tablet=&#8221;0px&#8221; text_text_shadow_vertical_length_tablet=&#8221;0px&#8221; text_text_shadow_blur_strength_tablet=&#8221;1px&#8221; link_text_shadow_horizontal_length_tablet=&#8221;0px&#8221; link_text_shadow_vertical_length_tablet=&#8221;0px&#8221; link_text_shadow_blur_strength_tablet=&#8221;1px&#8221; ul_text_shadow_horizontal_length_tablet=&#8221;0px&#8221; ul_text_shadow_vertical_length_tablet=&#8221;0px&#8221; ul_text_shadow_blur_strength_tablet=&#8221;1px&#8221; ol_text_shadow_horizontal_length_tablet=&#8221;0px&#8221; ol_text_shadow_vertical_length_tablet=&#8221;0px&#8221; ol_text_shadow_blur_strength_tablet=&#8221;1px&#8221; quote_text_shadow_horizontal_length_tablet=&#8221;0px&#8221; quote_text_shadow_vertical_length_tablet=&#8221;0px&#8221; quote_text_shadow_blur_strength_tablet=&#8221;1px&#8221; header_text_shadow_horizontal_length_tablet=&#8221;0px&#8221; header_text_shadow_vertical_length_tablet=&#8221;0px&#8221; header_text_shadow_blur_strength_tablet=&#8221;1px&#8221; header_2_text_shadow_horizontal_length_tablet=&#8221;0px&#8221; header_2_text_shadow_vertical_length_tablet=&#8221;0px&#8221; header_2_text_shadow_blur_strength_tablet=&#8221;1px&#8221; header_3_text_shadow_horizontal_length_tablet=&#8221;0px&#8221; header_3_text_shadow_vertical_length_tablet=&#8221;0px&#8221; header_3_text_shadow_blur_strength_tablet=&#8221;1px&#8221; header_4_text_shadow_horizontal_length_tablet=&#8221;0px&#8221; header_4_text_shadow_vertical_length_tablet=&#8221;0px&#8221; header_4_text_shadow_blur_strength_tablet=&#8221;1px&#8221; header_5_text_shadow_horizontal_length_tablet=&#8221;0px&#8221; header_5_text_shadow_vertical_length_tablet=&#8221;0px&#8221; header_5_text_shadow_blur_strength_tablet=&#8221;1px&#8221; header_6_text_shadow_horizontal_length_tablet=&#8221;0px&#8221; header_6_text_shadow_vertical_length_tablet=&#8221;0px&#8221; header_6_text_shadow_blur_strength_tablet=&#8221;1px&#8221; box_shadow_horizontal_tablet=&#8221;0px&#8221; box_shadow_vertical_tablet=&#8221;0px&#8221; box_shadow_blur_tablet=&#8221;40px&#8221; box_shadow_spread_tablet=&#8221;0px&#8221; global_colors_info=&#8221;{}&#8221; sticky_enabled=&#8221;0&#8243;]<\/p>\n<h2 style=\"text-align: justify\">Nuestra Biblioteca.<\/h2>\n<p style=\"text-align: justify\">\n<p style=\"text-align: justify\">La biblioteca escolar no es s\u00f3lo un espacio lleno de libros, sino que forma parte del proyecto pedag\u00f3gico del centro que da respuesta a las necesidades de informaci\u00f3n y formaci\u00f3n. Es un espacio en permanente construcci\u00f3n, un centro de recursos para el aprendizaje, un espacio de encuentro entre la comunidad educativa y la escuela. La biblioteca funciona para dar respuesta a las necesidades de cada una de las aulas, proyectos y lectores individuales.<\/p>\n<p style=\"text-align: justify\">Debe representar un modelo educativo que se acerque cada vez m\u00e1s a las formas de aprendizaje contempor\u00e1neas y donde los verbos elegir, buscar, desechar, contrastar o discrepar tengan cabida. Tiene un objetivo fundamental que es formar lectores aut\u00f3nomos que sepan manejar informaci\u00f3n en cualquier tipo de formato ya sea en papel, audiovisual o multimedia.<\/p>\n<p style=\"text-align: justify\">Es una ventana al mundo de los libros de imaginaci\u00f3n, fantas\u00eda, terror, libros sobre animales, plantas, planetas y todo lo que te pueda servir o interesar. A trav\u00e9s de la lectura, la biblioteca te permitir\u00e1 viajar en el tiempo, en el espacio, visitar \u00e9pocas pasadas, lugares maravillosos y desconocidos. Tambi\u00e9n te ofrece los recursos necesarios para el estudio, la realizaci\u00f3n de trabajos y de las tareas escolares. A continuaci\u00f3n exponemos informaci\u00f3n que debes conocer antes de hacer uso de los m\u00faltiples servicios de la biblioteca.<\/p>\n<p style=\"text-align: justify\">\n<h3>\u00bfQui\u00e9nes la pueden usar?<\/h3>\n<p style=\"text-align: justify\">Pueden utilizar la biblioteca escolar los alumn@s y maestr@s del centro.<\/p>\n<p style=\"text-align: justify\">\n<h4>Fondos de nuestra biblioteca.<\/h4>\n<p style=\"text-align: justify\">Puede consultar nuestro catalogo de fondos a trav\u00e9s del siguiente enlace:<\/p>\n<p><a href=\"https:\/\/www.juntadeandalucia.es\/educacion\/senecav2\/seneca\/biblioweb\/portal\/04003378\">ACCESO A CAT\u00c1LOGO DE BIBLIOTECA<\/a><\/p>\n<p>[\/et_pb_text][\/et_pb_column][\/et_pb_row][\/et_pb_section]<\/p>\n","protected":false},"excerpt":{"rendered":"<p>Nuestra Biblioteca. La biblioteca escolar no es s\u00f3lo un espacio lleno de libros, sino que forma parte del proyecto pedag\u00f3gico del centro que da respuesta a las necesidades de informaci\u00f3n y formaci\u00f3n. Es un espacio en permanente construcci\u00f3n, un centro de recursos para el aprendizaje, un espacio de encuentro entre la comunidad educativa y la [&hellip;]<\/p>\n","protected":false},"author":14823,"featured_media":0,"parent":0,"menu_order":0,"comment_status":"closed","ping_status":"closed","template":"","meta":{"_et_pb_use_builder":"on","_et_pb_old_content":"","_et_gb_content_width":"","ngg_post_thumbnail":0,"footnotes":""},"aioseo_notices":[],"_links":{"self":[{"href":"https:\/\/blogsaverroes.juntadeandalucia.es\/sanjose\/wp-json\/wp\/v2\/pages\/36"}],"collection":[{"href":"https:\/\/blogsaverroes.juntadeandalucia.es\/sanjose\/wp-json\/wp\/v2\/pages"}],"about":[{"href":"https:\/\/blogsaverroes.juntadeandalucia.es\/sanjose\/wp-json\/wp\/v2\/types\/page"}],"author":[{"embeddable":true,"href":"https:\/\/blogsaverroes.juntadeandalucia.es\/sanjose\/wp-json\/wp\/v2\/users\/14823"}],"replies":[{"embeddable":true,"href":"https:\/\/blogsaverroes.juntadeandalucia.es\/sanjose\/wp-json\/wp\/v2\/comments?post=36"}],"version-history":[{"count":5,"href":"https:\/\/blogsaverroes.juntadeandalucia.es\/sanjose\/wp-json\/wp\/v2\/pages\/36\/revisions"}],"predecessor-version":[{"id":725,"href":"https:\/\/blogsaverroes.juntadeandalucia.es\/sanjose\/wp-json\/wp\/v2\/pages\/36\/revisions\/725"}],"wp:attachment":[{"href":"https:\/\/blogsaverroes.juntadeandalucia.es\/sanjose\/wp-json\/wp\/v2\/media?parent=36"}],"curies":[{"name":"wp","href":"https:\/\/api.w.org\/{rel}","templated":true}]}}