{"id":23,"date":"2024-05-02T12:03:44","date_gmt":"2024-05-02T10:03:44","guid":{"rendered":"https:\/\/blogsaverroes.juntadeandalucia.es\/sanjose1\/?page_id=23"},"modified":"2024-05-02T13:01:46","modified_gmt":"2024-05-02T11:01:46","slug":"matematicas","status":"publish","type":"page","link":"https:\/\/blogsaverroes.juntadeandalucia.es\/sanjose1\/matematicas\/","title":{"rendered":"Matem\u00e1ticas"},"content":{"rendered":"<p>Desde esta p\u00e1gina podr\u00e1s visualizar todos los contenidos de matem\u00e1ticas de primer curso y organizados por bloques. <img loading=\"lazy\" decoding=\"async\" class=\" wp-image-26 alignleft\" src=\"https:\/\/blogsaverroes.juntadeandalucia.es\/sanjose1\/files\/2024\/05\/imagen-mates-282x300.png\" alt=\"\" width=\"164\" height=\"175\" srcset=\"https:\/\/blogsaverroes.juntadeandalucia.es\/sanjose1\/files\/2024\/05\/imagen-mates-282x300.png 282w, https:\/\/blogsaverroes.juntadeandalucia.es\/sanjose1\/files\/2024\/05\/imagen-mates.png 562w\" sizes=\"(max-width: 164px) 100vw, 164px\" \/><\/p>\n<ul>\n<li>N\u00fameraci\u00f3n<\/li>\n<li>C\u00e1lculo y operaciones<\/li>\n<li>Sumas<\/li>\n<li>Restas<\/li>\n<li>Espacial y geometr\u00eda<\/li>\n<li>Medida<\/li>\n<li>Resoluci\u00f3n de problemas<\/li>\n<\/ul>\n","protected":false},"excerpt":{"rendered":"<p>Desde esta p\u00e1gina podr\u00e1s visualizar todos los contenidos de matem\u00e1ticas de primer curso y organizados por bloques. N\u00fameraci\u00f3n C\u00e1lculo y operaciones Sumas Restas Espacial y geometr\u00eda Medida Resoluci\u00f3n de problemas<\/p>\n","protected":false},"author":18562,"featured_media":0,"parent":0,"menu_order":0,"comment_status":"closed","ping_status":"closed","template":"","meta":{"footnotes":""},"aioseo_notices":[],"_links":{"self":[{"href":"https:\/\/blogsaverroes.juntadeandalucia.es\/sanjose1\/wp-json\/wp\/v2\/pages\/23"}],"collection":[{"href":"https:\/\/blogsaverroes.juntadeandalucia.es\/sanjose1\/wp-json\/wp\/v2\/pages"}],"about":[{"href":"https:\/\/blogsaverroes.juntadeandalucia.es\/sanjose1\/wp-json\/wp\/v2\/types\/page"}],"author":[{"embeddable":true,"href":"https:\/\/blogsaverroes.juntadeandalucia.es\/sanjose1\/wp-json\/wp\/v2\/users\/18562"}],"replies":[{"embeddable":true,"href":"https:\/\/blogsaverroes.juntadeandalucia.es\/sanjose1\/wp-json\/wp\/v2\/comments?post=23"}],"version-history":[{"count":3,"href":"https:\/\/blogsaverroes.juntadeandalucia.es\/sanjose1\/wp-json\/wp\/v2\/pages\/23\/revisions"}],"predecessor-version":[{"id":29,"href":"https:\/\/blogsaverroes.juntadeandalucia.es\/sanjose1\/wp-json\/wp\/v2\/pages\/23\/revisions\/29"}],"wp:attachment":[{"href":"https:\/\/blogsaverroes.juntadeandalucia.es\/sanjose1\/wp-json\/wp\/v2\/media?parent=23"}],"curies":[{"name":"wp","href":"https:\/\/api.w.org\/{rel}","templated":true}]}}