{"id":17,"date":"2024-05-02T11:55:21","date_gmt":"2024-05-02T09:55:21","guid":{"rendered":"https:\/\/blogsaverroes.juntadeandalucia.es\/sanjose5\/?page_id=17"},"modified":"2024-05-13T15:43:39","modified_gmt":"2024-05-13T13:43:39","slug":"lengua","status":"publish","type":"page","link":"https:\/\/blogsaverroes.juntadeandalucia.es\/sanjose5\/lengua\/","title":{"rendered":"Lengua"},"content":{"rendered":"<p>Desde el men\u00fa desplegable de esta p\u00e1gina podr\u00e1s visualizar todos los contenidos de lengua de primer curso y organizados por bloques.<\/p>\n<p><img loading=\"lazy\" decoding=\"async\" class=\" wp-image-18 alignleft\" src=\"https:\/\/blogsaverroes.juntadeandalucia.es\/sanjose2\/files\/2024\/05\/libros-300x235.png\" alt=\"\" width=\"327\" height=\"256\"><\/p>\n<ul>\n<li>Lecturas y fichas de repaso<\/li>\n<li>Ortograf\u00eda<\/li>\n<li>Gram\u00e1tica<\/li>\n<li>Dictados<\/li>\n<li>Fichas de lectura<\/li>\n<li>Lecturas comprensivas<\/li>\n<li>Velocidad lectora<\/li>\n<li>Expresi\u00f3n escrita<\/li>\n<\/ul>\n","protected":false},"excerpt":{"rendered":"<p>Desde el men\u00fa desplegable de esta p\u00e1gina podr\u00e1s visualizar todos los contenidos de lengua de primer curso y organizados por bloques. Lecturas y fichas de repaso Ortograf\u00eda Gram\u00e1tica Dictados Fichas de lectura Lecturas comprensivas&#46;&#46;&#46;<\/p>\n","protected":false},"author":18562,"featured_media":0,"parent":0,"menu_order":0,"comment_status":"closed","ping_status":"closed","template":"","meta":{"ngg_post_thumbnail":0,"footnotes":""},"aioseo_notices":[],"_links":{"self":[{"href":"https:\/\/blogsaverroes.juntadeandalucia.es\/sanjose5\/wp-json\/wp\/v2\/pages\/17"}],"collection":[{"href":"https:\/\/blogsaverroes.juntadeandalucia.es\/sanjose5\/wp-json\/wp\/v2\/pages"}],"about":[{"href":"https:\/\/blogsaverroes.juntadeandalucia.es\/sanjose5\/wp-json\/wp\/v2\/types\/page"}],"author":[{"embeddable":true,"href":"https:\/\/blogsaverroes.juntadeandalucia.es\/sanjose5\/wp-json\/wp\/v2\/users\/18562"}],"replies":[{"embeddable":true,"href":"https:\/\/blogsaverroes.juntadeandalucia.es\/sanjose5\/wp-json\/wp\/v2\/comments?post=17"}],"version-history":[{"count":3,"href":"https:\/\/blogsaverroes.juntadeandalucia.es\/sanjose5\/wp-json\/wp\/v2\/pages\/17\/revisions"}],"predecessor-version":[{"id":47,"href":"https:\/\/blogsaverroes.juntadeandalucia.es\/sanjose5\/wp-json\/wp\/v2\/pages\/17\/revisions\/47"}],"wp:attachment":[{"href":"https:\/\/blogsaverroes.juntadeandalucia.es\/sanjose5\/wp-json\/wp\/v2\/media?parent=17"}],"curies":[{"name":"wp","href":"https:\/\/api.w.org\/{rel}","templated":true}]}}