{"id":19,"date":"2024-05-02T12:47:02","date_gmt":"2024-05-02T10:47:02","guid":{"rendered":"https:\/\/blogsaverroes.juntadeandalucia.es\/sanjose5\/?page_id=19"},"modified":"2024-05-02T12:58:21","modified_gmt":"2024-05-02T10:58:21","slug":"matematicas","status":"publish","type":"page","link":"https:\/\/blogsaverroes.juntadeandalucia.es\/sanjose5\/matematicas\/","title":{"rendered":"Matem\u00e1ticas"},"content":{"rendered":"<p>Desde esta p\u00e1gina podr\u00e1s visualizar todos los contenidos de matem\u00e1ticas de quinto curso y organizados por bloques.<\/p>\n<p><img loading=\"lazy\" decoding=\"async\" class=\"size-medium wp-image-20 alignleft\" src=\"https:\/\/blogsaverroes.juntadeandalucia.es\/sanjose5\/files\/2024\/05\/mates-5o-y-6o-imagenes-300x300.jpeg\" alt=\"\" width=\"300\" height=\"300\" srcset=\"https:\/\/blogsaverroes.juntadeandalucia.es\/sanjose5\/files\/2024\/05\/mates-5o-y-6o-imagenes-300x300.jpeg 300w, https:\/\/blogsaverroes.juntadeandalucia.es\/sanjose5\/files\/2024\/05\/mates-5o-y-6o-imagenes-150x150.jpeg 150w, https:\/\/blogsaverroes.juntadeandalucia.es\/sanjose5\/files\/2024\/05\/mates-5o-y-6o-imagenes-80x80.jpeg 80w, https:\/\/blogsaverroes.juntadeandalucia.es\/sanjose5\/files\/2024\/05\/mates-5o-y-6o-imagenes-320x320.jpeg 320w, https:\/\/blogsaverroes.juntadeandalucia.es\/sanjose5\/files\/2024\/05\/mates-5o-y-6o-imagenes.jpeg 360w\" sizes=\"(max-width: 300px) 100vw, 300px\" \/><\/p>\n<ul>\n<li>N\u00fameraci\u00f3n<\/li>\n<li>C\u00e1lculo y operaciones<\/li>\n<li>Sumas<\/li>\n<li>Restas<\/li>\n<li>Espacial y geometr\u00eda<\/li>\n<li>Medida<\/li>\n<li>Resoluci\u00f3n de problemas<\/li>\n<\/ul>\n","protected":false},"excerpt":{"rendered":"<p>Desde esta p\u00e1gina podr\u00e1s visualizar todos los contenidos de matem\u00e1ticas de quinto curso y organizados por bloques. N\u00fameraci\u00f3n C\u00e1lculo y operaciones Sumas Restas Espacial y geometr\u00eda Medida Resoluci\u00f3n de problemas<\/p>\n","protected":false},"author":18562,"featured_media":0,"parent":0,"menu_order":0,"comment_status":"closed","ping_status":"closed","template":"","meta":{"ngg_post_thumbnail":0,"footnotes":""},"aioseo_notices":[],"_links":{"self":[{"href":"https:\/\/blogsaverroes.juntadeandalucia.es\/sanjose5\/wp-json\/wp\/v2\/pages\/19"}],"collection":[{"href":"https:\/\/blogsaverroes.juntadeandalucia.es\/sanjose5\/wp-json\/wp\/v2\/pages"}],"about":[{"href":"https:\/\/blogsaverroes.juntadeandalucia.es\/sanjose5\/wp-json\/wp\/v2\/types\/page"}],"author":[{"embeddable":true,"href":"https:\/\/blogsaverroes.juntadeandalucia.es\/sanjose5\/wp-json\/wp\/v2\/users\/18562"}],"replies":[{"embeddable":true,"href":"https:\/\/blogsaverroes.juntadeandalucia.es\/sanjose5\/wp-json\/wp\/v2\/comments?post=19"}],"version-history":[{"count":1,"href":"https:\/\/blogsaverroes.juntadeandalucia.es\/sanjose5\/wp-json\/wp\/v2\/pages\/19\/revisions"}],"predecessor-version":[{"id":21,"href":"https:\/\/blogsaverroes.juntadeandalucia.es\/sanjose5\/wp-json\/wp\/v2\/pages\/19\/revisions\/21"}],"wp:attachment":[{"href":"https:\/\/blogsaverroes.juntadeandalucia.es\/sanjose5\/wp-json\/wp\/v2\/media?parent=19"}],"curies":[{"name":"wp","href":"https:\/\/api.w.org\/{rel}","templated":true}]}}