{"id":2397,"date":"2017-07-11T15:06:13","date_gmt":"2017-07-11T15:06:13","guid":{"rendered":"http:\/\/blogsaverroes.juntadeandalucia.es\/sanjosecartuja\/?page_id=2397"},"modified":"2018-03-18T16:54:08","modified_gmt":"2018-03-18T16:54:08","slug":"futbol","status":"publish","type":"page","link":"https:\/\/blogsaverroes.juntadeandalucia.es\/sanjosecartuja\/futbol\/","title":{"rendered":"Apoyo escolar"},"content":{"rendered":"<p><a href=\"https:\/\/blogsaverroes.juntadeandalucia.es\/sanjosecartuja\/files\/2014\/12\/libros1.png\"><img loading=\"lazy\" decoding=\"async\" class=\"wp-image-551 size-thumbnail alignright\" src=\"https:\/\/blogsaverroes.juntadeandalucia.es\/sanjosecartuja\/files\/2014\/12\/libros1-150x150.png\" alt=\"\" width=\"150\" height=\"150\" srcset=\"https:\/\/blogsaverroes.juntadeandalucia.es\/sanjosecartuja\/files\/2014\/12\/libros1-150x150.png 150w, https:\/\/blogsaverroes.juntadeandalucia.es\/sanjosecartuja\/files\/2014\/12\/libros1-160x160.png 160w\" sizes=\"(max-width: 150px) 100vw, 150px\" \/><\/a>El apoyo escolar es la ayuda individual proporcionada a los alumnos que, brevemente o durante m\u00e1s tiempo, necesitan complementar la formaci\u00f3n recibida en el centro educativo.<\/p>\n<p>Se trata de desarrollar un proceso de motivaci\u00f3n y apoyo escolar con ni\u00f1os\/as que necesitan mejorar sus procesos de aprendizaje, contribuyendo a mejorar su rendimiento escolar y a prevenir situaciones de desmotivaci\u00f3n, absentismo y fracaso escolar.<\/p>\n<p>El Colegio pone a disposici\u00f3n de los alumnos los siguientes d\u00edas:<\/p>\n<p>Martes y Jueves: 17:00 &#8211; 18:30 h<\/p>\n<p>&nbsp;<\/p>\n","protected":false},"excerpt":{"rendered":"<p>El apoyo escolar es la ayuda individual proporcionada a los alumnos que, brevemente o durante m\u00e1s tiempo, necesitan complementar la formaci\u00f3n recibida en el centro educativo. Se trata de desarrollar un proceso de motivaci\u00f3n&#46;&#46;&#46;<\/p>\n","protected":false},"author":2941,"featured_media":0,"parent":0,"menu_order":0,"comment_status":"closed","ping_status":"closed","template":"","meta":{"ngg_post_thumbnail":0,"footnotes":"","_mc_calendar":[]},"aioseo_notices":[],"_links":{"self":[{"href":"https:\/\/blogsaverroes.juntadeandalucia.es\/sanjosecartuja\/wp-json\/wp\/v2\/pages\/2397"}],"collection":[{"href":"https:\/\/blogsaverroes.juntadeandalucia.es\/sanjosecartuja\/wp-json\/wp\/v2\/pages"}],"about":[{"href":"https:\/\/blogsaverroes.juntadeandalucia.es\/sanjosecartuja\/wp-json\/wp\/v2\/types\/page"}],"author":[{"embeddable":true,"href":"https:\/\/blogsaverroes.juntadeandalucia.es\/sanjosecartuja\/wp-json\/wp\/v2\/users\/2941"}],"replies":[{"embeddable":true,"href":"https:\/\/blogsaverroes.juntadeandalucia.es\/sanjosecartuja\/wp-json\/wp\/v2\/comments?post=2397"}],"version-history":[{"count":4,"href":"https:\/\/blogsaverroes.juntadeandalucia.es\/sanjosecartuja\/wp-json\/wp\/v2\/pages\/2397\/revisions"}],"predecessor-version":[{"id":2800,"href":"https:\/\/blogsaverroes.juntadeandalucia.es\/sanjosecartuja\/wp-json\/wp\/v2\/pages\/2397\/revisions\/2800"}],"wp:attachment":[{"href":"https:\/\/blogsaverroes.juntadeandalucia.es\/sanjosecartuja\/wp-json\/wp\/v2\/media?parent=2397"}],"curies":[{"name":"wp","href":"https:\/\/api.w.org\/{rel}","templated":true}]}}