{"id":2424,"date":"2017-07-11T15:24:18","date_gmt":"2017-07-11T15:24:18","guid":{"rendered":"http:\/\/blogsaverroes.juntadeandalucia.es\/sanjosecartuja\/?page_id=2424"},"modified":"2018-03-17T19:48:08","modified_gmt":"2018-03-17T19:48:08","slug":"mjs","status":"publish","type":"page","link":"https:\/\/blogsaverroes.juntadeandalucia.es\/sanjosecartuja\/mjs\/","title":{"rendered":"MSJ"},"content":{"rendered":"<h4>1. <span style=\"text-decoration: underline\">\u00bfQuienes somos?<\/span><\/h4>\n<p>Se trata de un movimiento de ocio y tiempo libre cristiano, impulsado desde el carisma de las Siervas de San Jos\u00e9, que pretende ser un mediopara la vivencia de la espiritualidad de Nazaret.<\/p>\n<ul>\n<li><span style=\"text-decoration: underline\">Movimiento<\/span>: Formado por grupos de ni\u00f1os\/as, adolescentes y j\u00f3venes en diferentes lugares, siendo un proceso que abarca distintas etapas, desde una identidad com\u00fan.<\/li>\n<li><span style=\"text-decoration: underline\">Ocio y tiempo libre<\/span>: Espacio l\u00fadico, como respuesta alternativa a lo que la sociedad nos propone, basado en el encuentro y las relaciones personales.<\/li>\n<li><span style=\"text-decoration: underline\">Critianismo, para la vivencia de la espiritualidad de Nazaret<\/span>: Donde se&nbsp; transmite el evangelio y se provoca una experiencia personal de fe, teniendo como referente el estilo de vida de la familia de Nazaret.<\/li>\n<li><span style=\"text-decoration: underline\">Desde el carisma de las Siervas de San Jos\u00e9<\/span>: el Taller, elemento transversal en el movimiento, es un espacio y estilo de vida creado por Bonifacia y Buti\u00f1\u00e1<\/li>\n<\/ul>\n<p><a href=\"https:\/\/blogsaverroes.juntadeandalucia.es\/sanjosecartuja\/files\/2017\/07\/bonifaciasanjose.jpg\"><img loading=\"lazy\" decoding=\"async\" class=\"size-medium wp-image-2716 aligncenter\" src=\"https:\/\/blogsaverroes.juntadeandalucia.es\/sanjosecartuja\/files\/2017\/07\/bonifaciasanjose-300x206.jpg\" alt=\"\" width=\"300\" height=\"206\" srcset=\"https:\/\/blogsaverroes.juntadeandalucia.es\/sanjosecartuja\/files\/2017\/07\/bonifaciasanjose.jpg 300w, https:\/\/blogsaverroes.juntadeandalucia.es\/sanjosecartuja\/files\/2017\/07\/bonifaciasanjose-24x16.jpg 24w, https:\/\/blogsaverroes.juntadeandalucia.es\/sanjosecartuja\/files\/2017\/07\/bonifaciasanjose-36x25.jpg 36w, https:\/\/blogsaverroes.juntadeandalucia.es\/sanjosecartuja\/files\/2017\/07\/bonifaciasanjose-48x33.jpg 48w\" sizes=\"(max-width: 300px) 100vw, 300px\" \/><\/a><\/p>\n<p>&nbsp;<\/p>\n<p><a href=\"https:\/\/blogsaverroes.juntadeandalucia.es\/sanjosecartuja\/files\/2017\/07\/amor.jpg\"><img loading=\"lazy\" decoding=\"async\" class=\"size-full wp-image-2718 alignleft\" src=\"https:\/\/blogsaverroes.juntadeandalucia.es\/sanjosecartuja\/files\/2017\/07\/amor.jpg\" alt=\"\" width=\"150\" height=\"90\" srcset=\"https:\/\/blogsaverroes.juntadeandalucia.es\/sanjosecartuja\/files\/2017\/07\/amor.jpg 150w, https:\/\/blogsaverroes.juntadeandalucia.es\/sanjosecartuja\/files\/2017\/07\/amor-24x14.jpg 24w, https:\/\/blogsaverroes.juntadeandalucia.es\/sanjosecartuja\/files\/2017\/07\/amor-36x22.jpg 36w, https:\/\/blogsaverroes.juntadeandalucia.es\/sanjosecartuja\/files\/2017\/07\/amor-48x29.jpg 48w\" sizes=\"(max-width: 150px) 100vw, 150px\" \/><\/a>Donde lo primordial es la persona y las relaciones del Grupo: el acompa\u00f1amiento, la acogida, la cercan\u00eda, la aceptaci\u00f3n, la compresi\u00f3n, el perd\u00f3n, la valoraci\u00f3n de cada persona, el mirar compasivamente &#8230;<\/p>\n<p><a href=\"https:\/\/blogsaverroes.juntadeandalucia.es\/sanjosecartuja\/files\/2017\/07\/trabajo.jpg\"><img loading=\"lazy\" decoding=\"async\" class=\"size-full wp-image-2720 alignright\" src=\"https:\/\/blogsaverroes.juntadeandalucia.es\/sanjosecartuja\/files\/2017\/07\/trabajo.jpg\" alt=\"\" width=\"150\" height=\"91\" srcset=\"https:\/\/blogsaverroes.juntadeandalucia.es\/sanjosecartuja\/files\/2017\/07\/trabajo.jpg 150w, https:\/\/blogsaverroes.juntadeandalucia.es\/sanjosecartuja\/files\/2017\/07\/trabajo-24x15.jpg 24w, https:\/\/blogsaverroes.juntadeandalucia.es\/sanjosecartuja\/files\/2017\/07\/trabajo-36x22.jpg 36w, https:\/\/blogsaverroes.juntadeandalucia.es\/sanjosecartuja\/files\/2017\/07\/trabajo-48x29.jpg 48w\" sizes=\"(max-width: 150px) 100vw, 150px\" \/><\/a>Desde la valoraci\u00f3n de la tarea bien hecha: el inter\u00e9s por conocer, aprender y formarse, por saber hacer con calidad y responsabilidad, como tarea autorrealizadora de la persona, cauce de entrega a las dem\u00e1s y posibilitadora de la construcci\u00f3n de una sociedad ,m\u00e1s justa al estilo de Jes\u00fas de Nazaret<\/p>\n<p><a href=\"https:\/\/blogsaverroes.juntadeandalucia.es\/sanjosecartuja\/files\/2017\/07\/fe.jpg\"><img loading=\"lazy\" decoding=\"async\" class=\"size-full wp-image-2719 alignleft\" src=\"https:\/\/blogsaverroes.juntadeandalucia.es\/sanjosecartuja\/files\/2017\/07\/fe.jpg\" alt=\"\" width=\"150\" height=\"85\" srcset=\"https:\/\/blogsaverroes.juntadeandalucia.es\/sanjosecartuja\/files\/2017\/07\/fe.jpg 150w, https:\/\/blogsaverroes.juntadeandalucia.es\/sanjosecartuja\/files\/2017\/07\/fe-24x14.jpg 24w, https:\/\/blogsaverroes.juntadeandalucia.es\/sanjosecartuja\/files\/2017\/07\/fe-36x20.jpg 36w, https:\/\/blogsaverroes.juntadeandalucia.es\/sanjosecartuja\/files\/2017\/07\/fe-48x27.jpg 48w\" sizes=\"(max-width: 150px) 100vw, 150px\" \/><\/a>Con la confianza puesta en Dios: desde la confianza puesta en Jes\u00fas, dando respuesta a trav\u00e9s de la fe a las dificultades, siendo fiel a la llamada personal dentro de la vocaci\u00f3n cristiana.<\/p>\n<p>&nbsp;<\/p>\n<h4>2. <span style=\"text-decoration: underline\">Qu\u00e9 pretende<\/span>:<\/h4>\n<p>El MSJ pretende formar un tipo de persona:<\/p>\n<ul>\n<li>Capaz de unir fe y vida: Desarrollar una lectura creyente de los acontecimientos del d\u00eda a d\u00eda, haciendo del trabajo y el estudio, un lugar de encuentro con Dios.<\/li>\n<li>Sensible a la realidad desfavorecida: Con la mirada atenta y compasiva a las diferentes situaciones de desigualdad, injusticia y probreza que se dan en el mundo.<\/li>\n<li>Comprometida con su entorno cotidiano: Responsable con la transformaci\u00f3n de la realidad en sus \u00e1mbitos cercanos y vivencias diarias (clase, amigos, familia, etc).<\/li>\n<li>Con opci\u00f3n por ser iglesia: Desde la apuesta por seguir a Jes\u00fas por medio del servicio y la entrega desinteresada, creciendo junto a otros y otras en la misi\u00f3n por construir un mundo m\u00e1s justo y solidario.<\/li>\n<\/ul>\n<h4><a href=\"https:\/\/blogsaverroes.juntadeandalucia.es\/sanjosecartuja\/files\/2017\/07\/paisajemsj.png\"><img loading=\"lazy\" decoding=\"async\" class=\"size-medium wp-image-2746 aligncenter\" src=\"https:\/\/blogsaverroes.juntadeandalucia.es\/sanjosecartuja\/files\/2017\/07\/paisajemsj-300x225.png\" alt=\"\" width=\"300\" height=\"225\" srcset=\"https:\/\/blogsaverroes.juntadeandalucia.es\/sanjosecartuja\/files\/2017\/07\/paisajemsj.png 300w, https:\/\/blogsaverroes.juntadeandalucia.es\/sanjosecartuja\/files\/2017\/07\/paisajemsj-24x18.png 24w, https:\/\/blogsaverroes.juntadeandalucia.es\/sanjosecartuja\/files\/2017\/07\/paisajemsj-36x27.png 36w, https:\/\/blogsaverroes.juntadeandalucia.es\/sanjosecartuja\/files\/2017\/07\/paisajemsj-48x36.png 48w\" sizes=\"(max-width: 300px) 100vw, 300px\" \/><\/a><\/h4>\n<h4>3. <span style=\"text-decoration: underline\">S\u00edmbolos de MSJ<\/span>:<\/h4>\n<p>Los s\u00edmbolos en el MJS tienen una gran importancia porque quieren expresar nuestro compromiso y el sentido de pertenencia al Movimiento. Aparecen desde el comienzo, en la gestaci\u00f3n del MJS y estamos invitad@s a utilizarlos y a hacer de ellos elementos que nos identifican con una manera de ser y de hacer.<\/p>\n<ul style=\"list-style-type: square\">\n<li><span style=\"text-decoration: underline\">CORD\u00d3N<\/span><\/li>\n<\/ul>\n<p>S\u00edmbolo de pertenencia, de compromiso para vivir los valores de Nazaret. Esta es la raiz del Taller. Bonifacia fue cordonera. La elaboraci\u00f3n del cord\u00f3n es una manera de identificarnos con su manera de vivir el trabajo y la oraci\u00f3n hermanados. Es decir, de hacer un trabajo bien hecho poniendo lo mejor de nosotr@s mismos en \u00e9l y sinti\u00e9ndonos colaboradores\/as de Dios en todo lo que hacemos.<\/p>\n<p>Hacemos el cord\u00f3n como lo hac\u00eda Bonifacia. Utilizamos el mismo nudo. Utilizamos nuestras manos \u201clo que tenemos\u201d y vamos poco a poco viendo el fruto de nuestro trabajo.<\/p>\n<p><a href=\"https:\/\/blogsaverroes.juntadeandalucia.es\/sanjosecartuja\/files\/2017\/07\/grupomsj.jpg\"><img loading=\"lazy\" decoding=\"async\" class=\"size-medium wp-image-2745 aligncenter\" src=\"https:\/\/blogsaverroes.juntadeandalucia.es\/sanjosecartuja\/files\/2017\/07\/grupomsj-300x225.jpg\" alt=\"\" width=\"300\" height=\"225\" srcset=\"https:\/\/blogsaverroes.juntadeandalucia.es\/sanjosecartuja\/files\/2017\/07\/grupomsj.jpg 300w, https:\/\/blogsaverroes.juntadeandalucia.es\/sanjosecartuja\/files\/2017\/07\/grupomsj-24x18.jpg 24w, https:\/\/blogsaverroes.juntadeandalucia.es\/sanjosecartuja\/files\/2017\/07\/grupomsj-36x27.jpg 36w, https:\/\/blogsaverroes.juntadeandalucia.es\/sanjosecartuja\/files\/2017\/07\/grupomsj-48x36.jpg 48w\" sizes=\"(max-width: 300px) 100vw, 300px\" \/><\/a><\/p>\n<p>Es importante que lo elaboren ell@s mism@s, ayudados cuando sea necesario, por el monitor\/a. No tiene que salir perfecto si se ha puesto todo el inter\u00e9s y capacidad en su elaboraci\u00f3n. Es una manera tambi\u00e9n de hacer ver a los chic@s que tampoco todo es perfecto en nuestra vida y no pasa nada cuando se ha hecho todo lo que se ha podido.<\/p>\n<p>El cord\u00f3n se impone en la fiesta de Bonifacia junto con el escudo del MSJ como paso de etapa. La f\u00f3rmula de entrega es:<\/p>\n<p style=\"text-align: center\"><strong>Trabaja y ora como Jes\u00fas, Mar\u00eda y Jos\u00e9 en Nazaret<\/strong><\/p>\n<p>En cada etapa los colores del cord\u00f3n son diferentes. Son los Siguientes:<\/p>\n<ol>\n<li>Amarillo (5\u00ba y 6\u00ba de Primaria)<\/li>\n<li>Naranja (1\u00ba y 2\u00ba ESO)<\/li>\n<li>Verde (3\u00ba y 4\u00ba ESO)<\/li>\n<li>Rojo (1\u00ba y 2\u00ba de Bachillerato y Premonitorres)<\/li>\n<li>Azul (Monitores)<\/li>\n<\/ol>\n<ul style=\"list-style-type: square\">\n<li>ESCUDO<\/li>\n<\/ul>\n<p>El escudo es una versi\u00f3n adaptada al Movimiento, del escudo de las Siervas de San Jos\u00e9. En el escudo aparecen las iniciales del movimiento, los colores que identifican las etapas y los tres valores fundamentales que queremos vivir y que deben caracterizar a todo@s aquell@s que pertenecen al MSJ.<\/p>\n<p><a href=\"https:\/\/blogsaverroes.juntadeandalucia.es\/sanjosecartuja\/files\/2017\/07\/escudomsj.jpg\"><img loading=\"lazy\" decoding=\"async\" class=\"size-full wp-image-2730 aligncenter\" src=\"https:\/\/blogsaverroes.juntadeandalucia.es\/sanjosecartuja\/files\/2017\/07\/escudomsj.jpg\" alt=\"\" width=\"150\" height=\"149\" srcset=\"https:\/\/blogsaverroes.juntadeandalucia.es\/sanjosecartuja\/files\/2017\/07\/escudomsj.jpg 150w, https:\/\/blogsaverroes.juntadeandalucia.es\/sanjosecartuja\/files\/2017\/07\/escudomsj-100x100.jpg 100w, https:\/\/blogsaverroes.juntadeandalucia.es\/sanjosecartuja\/files\/2017\/07\/escudomsj-24x24.jpg 24w, https:\/\/blogsaverroes.juntadeandalucia.es\/sanjosecartuja\/files\/2017\/07\/escudomsj-36x36.jpg 36w, https:\/\/blogsaverroes.juntadeandalucia.es\/sanjosecartuja\/files\/2017\/07\/escudomsj-48x48.jpg 48w\" sizes=\"(max-width: 150px) 100vw, 150px\" \/><\/a><\/p>\n<ul>\n<li><span style=\"text-decoration: underline\">TRABAJO<\/span>:&nbsp;No es una palabra m\u00e1s, es un valor que queremos sea una realidad en nuestra vida. Con nuestro quehacer diario hecho con responsabilidad (estudio, trabajo) estamos preparando nuestro futuro, y a trav\u00e9s de \u00e9l queremos ser personas \u00fatiles a la sociedad.<\/li>\n<li><span style=\"text-decoration: underline\">FE<\/span>: Somos un grupo cristiano y para nosotros la Fe es un elemento fundamental. Oramos a Dios, hablamos de \u00c9l y fomentamos que los chic@s lo conozcan y lo amen. Es la LUZ que ilumina nuestro caminar d\u00eda a d\u00eda.<\/li>\n<li><span style=\"text-decoration: underline\">AMOR<\/span>: Pedimos al Se\u00f1or que sea un amor universal, que sintamos cari\u00f1o, comprensi\u00f3n y ternura por tod@s y, especialmente, igual que Bonifacia, por aquellas personas m\u00e1s necesitadas.<\/li>\n<\/ul>\n<ul style=\"list-style-type: square\">\n<li><span style=\"text-decoration: underline\">TALLER<\/span><\/li>\n<\/ul>\n<p>En el Taller y desde \u00e9l surge nuestra espiritualidad, los valores y el estilo de vida que queremos transmitir: Un estilo de vida basado en la forma de vivir de la Sagrada Familia de Nazaret donde <span style=\"text-decoration: underline\">las relaciones <\/span>se establecen desde la gratuidad, sencillez y respeto, acogiendo al otr@ como es y donde el perd\u00f3n siempre est\u00e1 presente. Donde <u>el trabajo bien hecho y la oraci\u00f3n<\/u> caracterizan nuestro d\u00eda a d\u00eda. Vivimos con humildad, aportando lo que somos y tenemos, sin aspavientos y sin buscar el reconocimiento, dispuest@s a servir.<\/p>\n<p>Cada vez que utilizamos la palabra <strong>Taller&nbsp;<\/strong>hacemos referencia a este estilo de vida que es propio de nuestra espiritualidad y lo hacemos presente tanto tanto con los nombres que utilizamos en las diferentes etapas:<\/p>\n<ul>\n<li>Aprendices.<\/li>\n<li>Operarios.<\/li>\n<li>Oficiales Juven.<\/li>\n<li>Apredices de maestro\/a.<\/li>\n<li>Maestros\/as de taller.<\/li>\n<\/ul>\n<p>Como en los espacios y actividades que llevamos a cabo:<\/p>\n<ul>\n<li>Las reuniones se llaman Talleres.<\/li>\n<li>El lugar de reuni\u00f3n se llama Taller.<\/li>\n<li>Las actividades de verano llevan el nombre de Talleres.<\/li>\n<\/ul>\n<p>El Taller por tanto es el elemento transversal en el Movimiento. Tenemos siempre presentes a Bonifacia y Buti\u00f1\u00e1 que lo hicieron posible.<\/p>\n<ul style=\"list-style-type: square\">\n<li><span style=\"text-decoration: underline\">HIMNO<\/span><\/li>\n<\/ul>\n<p>Recoge los valores y la identidad del movimiento.<\/p>\n<h4>4. <span style=\"text-decoration: underline\">Experiencias importantes dentro del proceso formativo en el MSJ<\/span><\/h4>\n<ul>\n<li><strong>TALLER DE VERANO<\/strong> de 5\u00ba a 2\u00ba de ESO. APRENDICES. S\u00f3lo para los que pertenecen al movimiento.<\/li>\n<li><strong>TALLER DE MARCHA<\/strong> de 3\u00ba de ESO a 1\u00ba de Bachillerato. A partir de 41 de ESO pueden participar aunque no pertenezcan al movimiento.<\/li>\n<li><strong>OTROS ENCUENTROS:<\/strong><\/li>\n<\/ul>\n<ol style=\"list-style-type: lower-alpha\">\n<li>Encuentro de formaci\u00f3n para premonitores, monitores y coordinadores del MSJ.<\/li>\n<li>Convivencias.<\/li>\n<li>Pascua, a partir de oficiales juven y abierta a otras personas que no pertenezcan al Movimiento.<\/li>\n<\/ol>\n<p><strong><span style=\"text-decoration: underline\">A partir de 18 a\u00f1os y abierto a personas que no pertenezcan al Movimiento<\/span><\/strong>:<\/p>\n<ul>\n<li>Campo de Oraci\u00f3n-Trabajo (COT).<\/li>\n<li>Camino de Santiago.<\/li>\n<\/ul>\n<p><a href=\"https:\/\/blogsaverroes.juntadeandalucia.es\/sanjosecartuja\/files\/2017\/07\/llave.jpg\"><img loading=\"lazy\" decoding=\"async\" class=\"size-medium wp-image-2749 aligncenter\" src=\"https:\/\/blogsaverroes.juntadeandalucia.es\/sanjosecartuja\/files\/2017\/07\/llave-300x119.jpg\" alt=\"\" width=\"300\" height=\"119\" srcset=\"https:\/\/blogsaverroes.juntadeandalucia.es\/sanjosecartuja\/files\/2017\/07\/llave.jpg 300w, https:\/\/blogsaverroes.juntadeandalucia.es\/sanjosecartuja\/files\/2017\/07\/llave-24x10.jpg 24w, https:\/\/blogsaverroes.juntadeandalucia.es\/sanjosecartuja\/files\/2017\/07\/llave-36x14.jpg 36w, https:\/\/blogsaverroes.juntadeandalucia.es\/sanjosecartuja\/files\/2017\/07\/llave-48x19.jpg 48w\" sizes=\"(max-width: 300px) 100vw, 300px\" \/><\/a><\/p>\n<p>Puedes encontrarnos en las siguientes redes sociales:<\/p>\n<table class=\" alignleft\" style=\"width: 359px;height: 29px\" cellspacing=\"10\">\n<tbody>\n<tr style=\"height: 46.3906px\">\n<td style=\"width: 49px;height: 46.3906px\"><a href=\"https:\/\/ssjovenes.blogspot.com.es\/\" target=\"_blank\" rel=\"noopener\"><img loading=\"lazy\" decoding=\"async\" class=\"size-full wp-image-2752 alignnone\" src=\"https:\/\/blogsaverroes.juntadeandalucia.es\/sanjosecartuja\/files\/2017\/07\/blogger.jpg\" alt=\"\" width=\"82\" height=\"79\" srcset=\"https:\/\/blogsaverroes.juntadeandalucia.es\/sanjosecartuja\/files\/2017\/07\/blogger.jpg 82w, https:\/\/blogsaverroes.juntadeandalucia.es\/sanjosecartuja\/files\/2017\/07\/blogger-24x24.jpg 24w, https:\/\/blogsaverroes.juntadeandalucia.es\/sanjosecartuja\/files\/2017\/07\/blogger-36x36.jpg 36w, https:\/\/blogsaverroes.juntadeandalucia.es\/sanjosecartuja\/files\/2017\/07\/blogger-48x46.jpg 48w\" sizes=\"(max-width: 82px) 100vw, 82px\" \/><\/a><\/td>\n<td style=\"width: 50px;height: 46.3906px\"><a href=\"https:\/\/twitter.com\/ssjovenes?lang=es\" target=\"_blank\" rel=\"noopener\"><img loading=\"lazy\" decoding=\"async\" class=\"alignnone size-full wp-image-2756\" src=\"https:\/\/blogsaverroes.juntadeandalucia.es\/sanjosecartuja\/files\/2017\/07\/twit.jpg\" alt=\"\" width=\"82\" height=\"79\" srcset=\"https:\/\/blogsaverroes.juntadeandalucia.es\/sanjosecartuja\/files\/2017\/07\/twit.jpg 82w, https:\/\/blogsaverroes.juntadeandalucia.es\/sanjosecartuja\/files\/2017\/07\/twit-24x24.jpg 24w, https:\/\/blogsaverroes.juntadeandalucia.es\/sanjosecartuja\/files\/2017\/07\/twit-36x36.jpg 36w, https:\/\/blogsaverroes.juntadeandalucia.es\/sanjosecartuja\/files\/2017\/07\/twit-48x46.jpg 48w\" sizes=\"(max-width: 82px) 100vw, 82px\" \/><\/a><\/td>\n<td style=\"width: 50px;height: 46.3906px\"><a href=\"https:\/\/es-es.facebook.com\/ssjovenes\/\" target=\"_blank\" rel=\"noopener\"><img loading=\"lazy\" decoding=\"async\" class=\"alignnone size-full wp-image-2753\" src=\"https:\/\/blogsaverroes.juntadeandalucia.es\/sanjosecartuja\/files\/2017\/07\/face.jpg\" alt=\"\" width=\"82\" height=\"79\" srcset=\"https:\/\/blogsaverroes.juntadeandalucia.es\/sanjosecartuja\/files\/2017\/07\/face.jpg 82w, https:\/\/blogsaverroes.juntadeandalucia.es\/sanjosecartuja\/files\/2017\/07\/face-24x24.jpg 24w, https:\/\/blogsaverroes.juntadeandalucia.es\/sanjosecartuja\/files\/2017\/07\/face-36x36.jpg 36w, https:\/\/blogsaverroes.juntadeandalucia.es\/sanjosecartuja\/files\/2017\/07\/face-48x46.jpg 48w\" sizes=\"(max-width: 82px) 100vw, 82px\" \/><\/a><\/td>\n<td style=\"width: 51px;height: 46.3906px\"><a href=\"https:\/\/www.instagram.com\/ssjovenes\/\" target=\"_blank\" rel=\"noopener\"><img loading=\"lazy\" decoding=\"async\" class=\"alignnone size-full wp-image-2754\" src=\"https:\/\/blogsaverroes.juntadeandalucia.es\/sanjosecartuja\/files\/2017\/07\/instagram.jpg\" alt=\"\" width=\"82\" height=\"79\" srcset=\"https:\/\/blogsaverroes.juntadeandalucia.es\/sanjosecartuja\/files\/2017\/07\/instagram.jpg 82w, https:\/\/blogsaverroes.juntadeandalucia.es\/sanjosecartuja\/files\/2017\/07\/instagram-24x24.jpg 24w, https:\/\/blogsaverroes.juntadeandalucia.es\/sanjosecartuja\/files\/2017\/07\/instagram-36x36.jpg 36w, https:\/\/blogsaverroes.juntadeandalucia.es\/sanjosecartuja\/files\/2017\/07\/instagram-48x46.jpg 48w\" sizes=\"(max-width: 82px) 100vw, 82px\" \/><\/a><\/td>\n<td style=\"width: 79px;height: 47px;text-align: center;vertical-align: middle\"><a href=\"https:\/\/www.youtube.com\/channel\/UCPXE_ecwEcHL8UBr1oAWzvQ\" target=\"_blank\" rel=\"noopener\"><img loading=\"lazy\" decoding=\"async\" class=\"size-full wp-image-2755 alignnone\" src=\"https:\/\/blogsaverroes.juntadeandalucia.es\/sanjosecartuja\/files\/2017\/07\/tube.jpg\" alt=\"\" width=\"141\" height=\"52\" srcset=\"https:\/\/blogsaverroes.juntadeandalucia.es\/sanjosecartuja\/files\/2017\/07\/tube.jpg 141w, https:\/\/blogsaverroes.juntadeandalucia.es\/sanjosecartuja\/files\/2017\/07\/tube-24x9.jpg 24w, https:\/\/blogsaverroes.juntadeandalucia.es\/sanjosecartuja\/files\/2017\/07\/tube-36x13.jpg 36w, https:\/\/blogsaverroes.juntadeandalucia.es\/sanjosecartuja\/files\/2017\/07\/tube-48x18.jpg 48w\" sizes=\"(max-width: 141px) 100vw, 141px\" \/><\/a><\/td>\n<\/tr>\n<\/tbody>\n<\/table>\n<p>&nbsp;<\/p>\n","protected":false},"excerpt":{"rendered":"<p>1. \u00bfQuienes somos? Se trata de un movimiento de ocio y tiempo libre cristiano, impulsado desde el carisma de las Siervas de San Jos\u00e9, que pretende ser un mediopara la vivencia de la espiritualidad&#46;&#46;&#46;<\/p>\n","protected":false},"author":2941,"featured_media":0,"parent":0,"menu_order":0,"comment_status":"closed","ping_status":"closed","template":"","meta":{"ngg_post_thumbnail":0,"footnotes":"","_mc_calendar":[]},"aioseo_notices":[],"_links":{"self":[{"href":"https:\/\/blogsaverroes.juntadeandalucia.es\/sanjosecartuja\/wp-json\/wp\/v2\/pages\/2424"}],"collection":[{"href":"https:\/\/blogsaverroes.juntadeandalucia.es\/sanjosecartuja\/wp-json\/wp\/v2\/pages"}],"about":[{"href":"https:\/\/blogsaverroes.juntadeandalucia.es\/sanjosecartuja\/wp-json\/wp\/v2\/types\/page"}],"author":[{"embeddable":true,"href":"https:\/\/blogsaverroes.juntadeandalucia.es\/sanjosecartuja\/wp-json\/wp\/v2\/users\/2941"}],"replies":[{"embeddable":true,"href":"https:\/\/blogsaverroes.juntadeandalucia.es\/sanjosecartuja\/wp-json\/wp\/v2\/comments?post=2424"}],"version-history":[{"count":31,"href":"https:\/\/blogsaverroes.juntadeandalucia.es\/sanjosecartuja\/wp-json\/wp\/v2\/pages\/2424\/revisions"}],"predecessor-version":[{"id":2763,"href":"https:\/\/blogsaverroes.juntadeandalucia.es\/sanjosecartuja\/wp-json\/wp\/v2\/pages\/2424\/revisions\/2763"}],"wp:attachment":[{"href":"https:\/\/blogsaverroes.juntadeandalucia.es\/sanjosecartuja\/wp-json\/wp\/v2\/media?parent=2424"}],"curies":[{"name":"wp","href":"https:\/\/api.w.org\/{rel}","templated":true}]}}