{"id":224,"date":"2019-04-11T10:50:31","date_gmt":"2019-04-11T10:50:31","guid":{"rendered":"https:\/\/blogsaverroes.juntadeandalucia.es\/sanjosedecalasanz\/?page_id=224"},"modified":"2026-03-09T08:12:20","modified_gmt":"2026-03-09T08:12:20","slug":"proa","status":"publish","type":"page","link":"https:\/\/blogsaverroes.juntadeandalucia.es\/sanjosedecalasanz\/proa\/","title":{"rendered":"E. FONDO SOCIAL EUROPEO. PROA-PT."},"content":{"rendered":"<p>&nbsp;<\/p>\n<h1>Ense\u00f1anzas cofinanciadas por el Fondo Social Europeo.<\/h1>\n<h1><img loading=\"lazy\" decoding=\"async\" class=\"alignnone size-medium wp-image-2179\" src=\"https:\/\/blogsaverroes.juntadeandalucia.es\/sanjosedecalasanz\/files\/2026\/03\/Anexo_II_Cartel_Prioridad-7-212x300.png\" alt=\"\" width=\"212\" height=\"300\" srcset=\"https:\/\/blogsaverroes.juntadeandalucia.es\/sanjosedecalasanz\/files\/2026\/03\/Anexo_II_Cartel_Prioridad-7-212x300.png 212w, https:\/\/blogsaverroes.juntadeandalucia.es\/sanjosedecalasanz\/files\/2026\/03\/Anexo_II_Cartel_Prioridad-7-724x1024.png 724w, https:\/\/blogsaverroes.juntadeandalucia.es\/sanjosedecalasanz\/files\/2026\/03\/Anexo_II_Cartel_Prioridad-7-768x1086.png 768w, https:\/\/blogsaverroes.juntadeandalucia.es\/sanjosedecalasanz\/files\/2026\/03\/Anexo_II_Cartel_Prioridad-7-1086x1536.png 1086w, https:\/\/blogsaverroes.juntadeandalucia.es\/sanjosedecalasanz\/files\/2026\/03\/Anexo_II_Cartel_Prioridad-7-1448x2048.png 1448w, https:\/\/blogsaverroes.juntadeandalucia.es\/sanjosedecalasanz\/files\/2026\/03\/Anexo_II_Cartel_Prioridad-7-1200x1698.png 1200w, https:\/\/blogsaverroes.juntadeandalucia.es\/sanjosedecalasanz\/files\/2026\/03\/Anexo_II_Cartel_Prioridad-7.png 1587w\" sizes=\"(max-width: 212px) 85vw, 212px\" \/><img loading=\"lazy\" decoding=\"async\" class=\"alignnone wp-image-923\" src=\"https:\/\/blogsaverroes.juntadeandalucia.es\/sanjosedecalasanz\/files\/2021\/06\/descarga.jpg\" alt=\"\" width=\"213\" height=\"301\"><img loading=\"lazy\" decoding=\"async\" class=\"alignnone wp-image-1980\" src=\"https:\/\/blogsaverroes.juntadeandalucia.es\/sanjosedecalasanz\/files\/2025\/03\/FSE.-Prioridad-3.-PT-PROA-Estival-ZTS-Orient-212x300.png\" alt=\"\" width=\"214\" height=\"302\" srcset=\"https:\/\/blogsaverroes.juntadeandalucia.es\/sanjosedecalasanz\/files\/2025\/03\/FSE.-Prioridad-3.-PT-PROA-Estival-ZTS-Orient-212x300.png 212w, https:\/\/blogsaverroes.juntadeandalucia.es\/sanjosedecalasanz\/files\/2025\/03\/FSE.-Prioridad-3.-PT-PROA-Estival-ZTS-Orient-724x1024.png 724w, https:\/\/blogsaverroes.juntadeandalucia.es\/sanjosedecalasanz\/files\/2025\/03\/FSE.-Prioridad-3.-PT-PROA-Estival-ZTS-Orient-768x1086.png 768w, https:\/\/blogsaverroes.juntadeandalucia.es\/sanjosedecalasanz\/files\/2025\/03\/FSE.-Prioridad-3.-PT-PROA-Estival-ZTS-Orient-1086x1536.png 1086w, https:\/\/blogsaverroes.juntadeandalucia.es\/sanjosedecalasanz\/files\/2025\/03\/FSE.-Prioridad-3.-PT-PROA-Estival-ZTS-Orient-1448x2048.png 1448w, https:\/\/blogsaverroes.juntadeandalucia.es\/sanjosedecalasanz\/files\/2025\/03\/FSE.-Prioridad-3.-PT-PROA-Estival-ZTS-Orient.png 1587w\" sizes=\"(max-width: 214px) 85vw, 214px\" \/><\/h1>\n<p>El Fondo Social Europeo (FSE) tiene entre sus misiones promover el aumento y la mejora del capital humano y facilitar el acceso de los ciudadanos y ciudadanas europeas a mejores puestos de trabajo.<\/p>\n<p>La educaci\u00f3n, la formaci\u00f3n profesional y el aprendizaje permanente ofrecen a las personas la oportunidad de acceder a nuevas cualificaciones que posibilitan mejorar su empleabilidad, contribuyendo con ello a la competitividad y cohesi\u00f3n social.<\/p>\n<p>En cumplimiento de la normativa europea informamos que:<\/p>\n<p><b>Las retribuciones del Profesorado de este centro que imparte las ense\u00f1anzas detalladas a continuaci\u00f3n son cofinanciadas a trav\u00e9s del Programa Operativo Fondo Social Europeo:<\/b><\/p>\n<ul>\n<li>Apoyo escolar (PROA).<\/li>\n<li>Pedagog\u00eda Terap\u00e9utica.<\/li>\n<li>Audici\u00f3n y Lenguaje.<\/li>\n<li>Servicios de apoyo educativo.<\/li>\n<\/ul>\n<p><b>En concreto en este curso y anteriores han sido susceptibles de cofinanciaci\u00f3n las siguientes operaciones:<\/b><\/p>\n<ul>\n<li>Las acciones formativas conducentes a reducir el abandono educativo y a mejorar los resultados de los alumnos y alumnas con Necesidades Espec\u00edficas de Apoyo Educativo (NEAE), atendidas por el profesorado de pedagog\u00eda terap\u00e9utica y Audici\u00f3n y Lenguaje, as\u00ed como el acompa\u00f1amiento escolar de \u00e1reas instrumentales ejercido por maestros\/as y el programa de acompa\u00f1amiento en lengua extranjera (ingl\u00e9s) llevado a cabo a trav\u00e9s de mentores externos.<\/li>\n<\/ul>\n<p><b>Y a trav\u00e9s del Programa Operativo Fondo Social Europeo han sido cofinanciadas las retribuciones del profesorado relacionados a continuaci\u00f3n:<\/b><\/p>\n<ul>\n<li>Maestros y Maestras especialistas en Pedagog\u00eda Terap\u00e9utica, Audici\u00f3n y Lenguaje.<\/li>\n<li>Profesorado de pedagog\u00eda terap\u00e9utica y Audici\u00f3n y Lenguaje, as\u00ed como del acompa\u00f1amiento escolar de \u00e1reas instrumentales y mentores del Programa de Acompa\u00f1amiento en Lengua Extranjera (ingl\u00e9s).<\/li>\n<\/ul>\n<p>&nbsp;<\/p>\n<p><img loading=\"lazy\" decoding=\"async\" class=\"alignnone wp-image-770\" src=\"https:\/\/blogsaverroes.juntadeandalucia.es\/sanjosedecalasanz\/files\/2020\/10\/acompa\u00f1amiento-escolar1-300x276.jpg\" alt=\"\" width=\"814\" height=\"749\" srcset=\"https:\/\/blogsaverroes.juntadeandalucia.es\/sanjosedecalasanz\/files\/2020\/10\/acompa\u00f1amiento-escolar1-300x276.jpg 300w, https:\/\/blogsaverroes.juntadeandalucia.es\/sanjosedecalasanz\/files\/2020\/10\/acompa\u00f1amiento-escolar1-1024x941.jpg 1024w, https:\/\/blogsaverroes.juntadeandalucia.es\/sanjosedecalasanz\/files\/2020\/10\/acompa\u00f1amiento-escolar1-768x706.jpg 768w, https:\/\/blogsaverroes.juntadeandalucia.es\/sanjosedecalasanz\/files\/2020\/10\/acompa\u00f1amiento-escolar1-1536x1411.jpg 1536w, https:\/\/blogsaverroes.juntadeandalucia.es\/sanjosedecalasanz\/files\/2020\/10\/acompa\u00f1amiento-escolar1-24x22.jpg 24w, https:\/\/blogsaverroes.juntadeandalucia.es\/sanjosedecalasanz\/files\/2020\/10\/acompa\u00f1amiento-escolar1-36x33.jpg 36w, https:\/\/blogsaverroes.juntadeandalucia.es\/sanjosedecalasanz\/files\/2020\/10\/acompa\u00f1amiento-escolar1-48x44.jpg 48w, https:\/\/blogsaverroes.juntadeandalucia.es\/sanjosedecalasanz\/files\/2020\/10\/acompa\u00f1amiento-escolar1.jpg 1600w\" sizes=\"(max-width: 814px) 85vw, 814px\" \/><\/p>\n","protected":false},"excerpt":{"rendered":"<p>&nbsp; Ense\u00f1anzas cofinanciadas por el Fondo Social Europeo. El Fondo Social Europeo (FSE) tiene entre sus misiones promover el aumento y la mejora del capital humano y facilitar el acceso de los ciudadanos y ciudadanas europeas a mejores puestos de trabajo. La educaci\u00f3n, la formaci\u00f3n profesional y el aprendizaje permanente ofrecen a las personas la &hellip; <a href=\"https:\/\/blogsaverroes.juntadeandalucia.es\/sanjosedecalasanz\/proa\/\" class=\"more-link\">Continuar leyendo<span class=\"screen-reader-text\"> \u00abE. FONDO SOCIAL EUROPEO. PROA-PT.\u00bb<\/span><\/a><\/p>\n","protected":false},"author":6715,"featured_media":0,"parent":0,"menu_order":0,"comment_status":"closed","ping_status":"closed","template":"","meta":{"ngg_post_thumbnail":0,"footnotes":""},"aioseo_notices":[],"_links":{"self":[{"href":"https:\/\/blogsaverroes.juntadeandalucia.es\/sanjosedecalasanz\/wp-json\/wp\/v2\/pages\/224"}],"collection":[{"href":"https:\/\/blogsaverroes.juntadeandalucia.es\/sanjosedecalasanz\/wp-json\/wp\/v2\/pages"}],"about":[{"href":"https:\/\/blogsaverroes.juntadeandalucia.es\/sanjosedecalasanz\/wp-json\/wp\/v2\/types\/page"}],"author":[{"embeddable":true,"href":"https:\/\/blogsaverroes.juntadeandalucia.es\/sanjosedecalasanz\/wp-json\/wp\/v2\/users\/6715"}],"replies":[{"embeddable":true,"href":"https:\/\/blogsaverroes.juntadeandalucia.es\/sanjosedecalasanz\/wp-json\/wp\/v2\/comments?post=224"}],"version-history":[{"count":16,"href":"https:\/\/blogsaverroes.juntadeandalucia.es\/sanjosedecalasanz\/wp-json\/wp\/v2\/pages\/224\/revisions"}],"predecessor-version":[{"id":2181,"href":"https:\/\/blogsaverroes.juntadeandalucia.es\/sanjosedecalasanz\/wp-json\/wp\/v2\/pages\/224\/revisions\/2181"}],"wp:attachment":[{"href":"https:\/\/blogsaverroes.juntadeandalucia.es\/sanjosedecalasanz\/wp-json\/wp\/v2\/media?parent=224"}],"curies":[{"name":"wp","href":"https:\/\/api.w.org\/{rel}","templated":true}]}}