{"id":230,"date":"2019-04-12T00:46:26","date_gmt":"2019-04-12T00:46:26","guid":{"rendered":"https:\/\/blogsaverroes.juntadeandalucia.es\/sanjosedecalasanz\/?page_id=230"},"modified":"2025-10-16T19:46:10","modified_gmt":"2025-10-16T19:46:10","slug":"planes-y-proyectos","status":"publish","type":"page","link":"https:\/\/blogsaverroes.juntadeandalucia.es\/sanjosedecalasanz\/planes-y-proyectos\/","title":{"rendered":"D. PLANES Y PROYECTOS."},"content":{"rendered":"<p><strong>EN NUESTRO COLEGIO SE LLEVAN A CABO LOS SIGUIENTES PLANES Y PROYECTOS:<\/strong><\/p>\n<p>-ESCUELA ESPACIO DE PAZ.<\/p>\n<p>-PLAN DE IGUALDAD DE G\u00c9NERO.<\/p>\n<p>-PLAN DE LECTURA Y BIBLIOTECA.<\/p>\n<p>-H\u00c1BITOS DE VIDA SALUDABLE.<\/p>\n<p>-ACOMPA\u00d1AMIENTO MATERIAS INSTRUMENTALES.<\/p>\n<p>-PLAN DE TRANSFORMACI\u00d3N DIGITAL.<\/p>\n<p>-PR\u00c1CTICUM.<\/p>\n<p>-BIENESTAR EMOCIONAL.<\/p>\n<p>&#8211; AULAS VERDES ABIERTAS.<\/p>\n<p>&#8211; PROA TRANSF\u00d3RMATE +.<\/p>\n<p>&#8211; PACTO DE ESTADO CONTRA LA VIOLENCIA DE G\u00c9NERO.<\/p>\n<p>&#8211; PLAN STEAM&nbsp; 4.0.<\/p>\n<p>-PLAN DE APERTURA:<\/p>\n<p>&nbsp; &nbsp; &nbsp; &nbsp; &nbsp; &nbsp; &nbsp; &nbsp; &nbsp; &nbsp; &nbsp; &nbsp; &nbsp; &nbsp; &nbsp; &nbsp; &nbsp;-TRANSPORTE ESCOLAR.<\/p>\n<p>&nbsp; &nbsp; &nbsp; &nbsp; &nbsp; &nbsp; &nbsp; &nbsp; &nbsp; &nbsp; &nbsp; &nbsp; &nbsp; &nbsp; &nbsp; &nbsp; &nbsp;-AULA MATINAL.<\/p>\n<p>&nbsp; &nbsp; &nbsp; &nbsp; &nbsp; &nbsp; &nbsp; &nbsp; &nbsp; &nbsp; &nbsp; &nbsp; &nbsp; &nbsp; &nbsp; &nbsp; &nbsp;-COMEDOR ESCOLAR.<\/p>\n<p>&nbsp; &nbsp; &nbsp; &nbsp; &nbsp; &nbsp; &nbsp; &nbsp; &nbsp; &nbsp; &nbsp; &nbsp; &nbsp; &nbsp; &nbsp; &nbsp; &nbsp;-ACTIVIDADES EXTRAESCOLARES.<\/p>\n","protected":false},"excerpt":{"rendered":"<p>EN NUESTRO COLEGIO SE LLEVAN A CABO LOS SIGUIENTES PLANES Y PROYECTOS: -ESCUELA ESPACIO DE PAZ. -PLAN DE IGUALDAD DE G\u00c9NERO. -PLAN DE LECTURA Y BIBLIOTECA. -H\u00c1BITOS DE VIDA SALUDABLE. -ACOMPA\u00d1AMIENTO MATERIAS INSTRUMENTALES. -PLAN DE TRANSFORMACI\u00d3N DIGITAL. -PR\u00c1CTICUM. -BIENESTAR EMOCIONAL. &#8211; AULAS VERDES ABIERTAS. &#8211; PROA TRANSF\u00d3RMATE +. &#8211; PACTO DE ESTADO CONTRA LA VIOLENCIA &hellip; <a href=\"https:\/\/blogsaverroes.juntadeandalucia.es\/sanjosedecalasanz\/planes-y-proyectos\/\" class=\"more-link\">Continuar leyendo<span class=\"screen-reader-text\"> \u00abD. PLANES Y PROYECTOS.\u00bb<\/span><\/a><\/p>\n","protected":false},"author":6715,"featured_media":0,"parent":0,"menu_order":0,"comment_status":"closed","ping_status":"closed","template":"","meta":{"ngg_post_thumbnail":0,"footnotes":""},"aioseo_notices":[],"_links":{"self":[{"href":"https:\/\/blogsaverroes.juntadeandalucia.es\/sanjosedecalasanz\/wp-json\/wp\/v2\/pages\/230"}],"collection":[{"href":"https:\/\/blogsaverroes.juntadeandalucia.es\/sanjosedecalasanz\/wp-json\/wp\/v2\/pages"}],"about":[{"href":"https:\/\/blogsaverroes.juntadeandalucia.es\/sanjosedecalasanz\/wp-json\/wp\/v2\/types\/page"}],"author":[{"embeddable":true,"href":"https:\/\/blogsaverroes.juntadeandalucia.es\/sanjosedecalasanz\/wp-json\/wp\/v2\/users\/6715"}],"replies":[{"embeddable":true,"href":"https:\/\/blogsaverroes.juntadeandalucia.es\/sanjosedecalasanz\/wp-json\/wp\/v2\/comments?post=230"}],"version-history":[{"count":14,"href":"https:\/\/blogsaverroes.juntadeandalucia.es\/sanjosedecalasanz\/wp-json\/wp\/v2\/pages\/230\/revisions"}],"predecessor-version":[{"id":2130,"href":"https:\/\/blogsaverroes.juntadeandalucia.es\/sanjosedecalasanz\/wp-json\/wp\/v2\/pages\/230\/revisions\/2130"}],"wp:attachment":[{"href":"https:\/\/blogsaverroes.juntadeandalucia.es\/sanjosedecalasanz\/wp-json\/wp\/v2\/media?parent=230"}],"curies":[{"name":"wp","href":"https:\/\/api.w.org\/{rel}","templated":true}]}}