{"id":232,"date":"2019-04-12T00:51:39","date_gmt":"2019-04-12T00:51:39","guid":{"rendered":"https:\/\/blogsaverroes.juntadeandalucia.es\/sanjosedecalasanz\/?page_id=232"},"modified":"2025-10-16T19:43:48","modified_gmt":"2025-10-16T19:43:48","slug":"recursos-humanos","status":"publish","type":"page","link":"https:\/\/blogsaverroes.juntadeandalucia.es\/sanjosedecalasanz\/recursos-humanos\/","title":{"rendered":"C. RECURSOS HUMANOS."},"content":{"rendered":"<h3><b>Equipo Directivo:<\/b><\/h3>\n<p><span style=\"font-weight: 400\">L\u00f3pez Rueda, Antonio Jos\u00e9 (DIRECTOR\/A).<\/span><span style=\"font-weight: 400\"><br \/>\n<\/span><span style=\"font-weight: 400\">Bergillos Guerra, Lourdes (JEFE\/A DE ESTUDIOS).<\/span><span style=\"font-weight: 400\"><br \/>\n<\/span><span style=\"font-weight: 400\">Gir\u00e1ldez Rueda, Jos\u00e9 Antonio (SECRETARIO\/A).<\/span><\/p>\n<p><b>Nuestro colegio dispone de los siguientes recursos humanos para atender al alumnado y familiares:<\/b><\/p>\n<p><span style=\"font-weight: 400\">5 maestros\/as de Educaci\u00f3n Infantil.<\/span><\/p>\n<p><span style=\"font-weight: 400\">8 maestros\/as de Educaci\u00f3n Primaria.<\/span><\/p>\n<p><span style=\"font-weight: 400\">2 maestros\/as especialistas en Ingl\u00e9s.<\/span><\/p>\n<p><span style=\"font-weight: 400\">1 maestro\/a especialista en Franc\u00e9s.<\/span><\/p>\n<p><span style=\"font-weight: 400\">2 maestros\/as&nbsp; especialistas en Educaci\u00f3n F\u00edsica.<\/span><\/p>\n<p><span style=\"font-weight: 400\">1 maestro\/a especialista en M\u00fasica.<\/span><\/p>\n<p><span style=\"font-weight: 400\">2 maestro\/as especialista en Pedagog\u00eda Terape\u00fatica.<\/span><\/p>\n<p><span style=\"font-weight: 400\">1 maestro\/a especialista en Audici\u00f3n y Lenguaje.<\/span><\/p>\n<p><span style=\"font-weight: 400\">1 maestro\/a especialista en Religi\u00f3n Cat\u00f3lica.<\/span><\/p>\n<p><span style=\"font-weight: 400\">1 monitor\/a de Educaci\u00f3n Especial.<\/span><\/p>\n<p><span style=\"font-weight: 400\">1 monitor\/a escolar\/administrativo.<\/span><\/p>\n<p><span style=\"font-weight: 400\">1 conserje.<\/span><\/p>\n<p><span style=\"font-weight: 400\">1 responsable de la limpieza.<\/span><\/p>\n<p><span style=\"font-weight: 400\">Tambi\u00e9n tenemos a nuestra disposici\u00f3n un m\u00e9dico\/a, orientador\/a y logopeda cuando se requiera.<\/span><\/p>\n<p><b>Tutor\u00edas y distribuci\u00f3n de ciclos 25-26.<\/b><\/p>\n<p><b>Infantil.<\/b><\/p>\n<p><span style=\"font-weight: 400\">Valle Aguilar Sede\u00f1o (3 a\u00f1os).<\/span><\/p>\n<p><span style=\"font-weight: 400\">Mercedes L\u00f3pez Castillejo (4 a\u00f1os). Coordinadora de ciclo.<\/span><\/p>\n<p><span style=\"font-weight: 400\">Cristina Buz\u00f3n Benjumea (5 a\u00f1os A).<\/span><\/p>\n<p>M\u00aa del Pilar Rodr\u00edguez Mart\u00ednez (5 a\u00f1os B).<\/p>\n<p><span style=\"font-weight: 400\">M\u00aa del Carmen Li\u00f1an (Religi\u00f3n).&nbsp;<\/span><\/p>\n<p>Cristina Velasco \u00c1lvarez (apoyo).<\/p>\n<p><b>Primer ciclo E. Primaria.<\/b><\/p>\n<p><span style=\"font-weight: 400\">Inmaculada Gonz\u00e1lez Jabega (1\u00ba).<\/span><\/p>\n<p><span style=\"font-weight: 400\">Rosa M\u00aa Mart\u00ednez Carballo (2\u00ba).<\/span><\/p>\n<p><span style=\"font-weight: 400\">M\u00aa \u00c1ngeles Cano (Ingl\u00e9s).c<\/span><\/p>\n<p><b>Segundo ciclo.<\/b><\/p>\n<p><span style=\"font-weight: 400\">Ana L\u00e1zaro Jurado (3\u00baA)&nbsp;<\/span><\/p>\n<p><span style=\"font-weight: 400\">Sonia L\u00f3pez Jim\u00e9nez (3\u00baB)<\/span><\/p>\n<p><span style=\"font-weight: 400\">Cristina Ram\u00edrez Duwison (4\u00ba A).<\/span><\/p>\n<p><span style=\"font-weight: 400\">M.\u00aa J. Garc\u00eda de la Torre (4\u00ba B). Coordinadora de ciclo.<\/span><\/p>\n<p><span style=\"font-weight: 400\">Enrique C\u00e1mara Zafra (EF).<\/span><\/p>\n<p><b>Tercer ciclo.<\/b><\/p>\n<p><span style=\"font-weight: 400\">Lola P\u00e9rez Rosa&nbsp; (5\u00ba A).&nbsp;<\/span><\/p>\n<p><span style=\"font-weight: 400\">Lourdes Bergillos Guerra (5\u00ba B).<\/span><\/p>\n<p><span style=\"font-weight: 400\">Jos\u00e9 Manuel Gonz\u00e1lez Romero (6\u00baA). Coordinador de ciclo.<\/span><\/p>\n<p><span style=\"font-weight: 400\">J.A. Gir\u00e1ldez Rueda (6\u00ba B).<\/span><\/p>\n<p><span style=\"font-weight: 400\">Antonio J. L\u00f3pez Rueda.<\/span><\/p>\n<p><b>EO.<\/b><\/p>\n<p><span style=\"font-weight: 400\">Cristina Leal Mesa (Audici\u00f3n y lenguaje).<\/span><\/p>\n<p><span style=\"font-weight: 400\">Teresa Mar\u00eda Morales Mart\u00edn (Apoyo). Coordinadora de ciclo.<\/span><\/p>\n<p><span style=\"font-weight: 400\">\u00c1ngeles Bru\u00f1a Romero (Pedagog\u00eda Terap\u00e9utica Transf\u00f3rmate).<\/span><\/p>\n<p>Irene S\u00e1nchez Barriga (PT).<\/p>\n<p><b>Coordinadores de ciclos y proyectos:<\/b><\/p>\n<p><span style=\"font-weight: 400\">Coordinador\/a Transformaci\u00f3n digital: D. Antonio J. L\u00f3pez Rueda.<\/span><\/p>\n<p><span style=\"font-weight: 400\">Coordinador\/a biblioteca escolar: D\u00f1a. Lola P\u00e9rez Rosa.<\/span><\/p>\n<p><span style=\"font-weight: 400\">Coordinador\/a de Plan de igualdad y Coeducaci\u00f3n: D\u00f1a. \u00c1ngeles Bru\u00f1a.<\/span><\/p>\n<p><span style=\"font-weight: 400\">Coordinado\/ar escuela espacio de Paz: D\u00f1a. Sonia L\u00f3pez Jim\u00e9nez.<\/span><\/p>\n<p><span style=\"font-weight: 400\">Coordinador\/a Plan Cima (h\u00e1bitos de vida saludable): D\u00f1a. Rosa Mart\u00ednez Carballo.<\/span><\/p>\n<p><span style=\"font-weight: 400\">Coordinador autoprotecci\u00f3n y riesgos laborales: D\u00f1a. Cristina Ram\u00edrez Duwison.<\/span><\/p>\n<p><span style=\"font-weight: 400\">Coordinador\/a del Plan de bienestar y protecci\u00f3n de la infancia: D\u00f1a. Cristina Buz\u00f3n.<\/span><\/p>\n<p>Coordinador Plan Transf\u00f3rmate +: <span style=\"font-weight: 400\">D. Antonio J. L\u00f3pez Rueda.<\/span><\/p>\n<p>Coordinador Plan de apertura: <span style=\"font-weight: 400\">D. Antonio J. L\u00f3pez Rueda.<\/span><\/p>\n<p>Coordinador Plan Steam 4.0: D\u00f1a. Lola P\u00e9rez.<\/p>\n<p><span style=\"font-weight: 400\">Coordinador\/a equipo de Orientaci\u00f3n: D\u00f1a. Teresa Morales.<\/span><\/p>\n<p><span style=\"font-weight: 400\">Coordinadora del ciclo de Infantil: D\u00f1a. Mercedes L\u00f3pez.<\/span><\/p>\n<p><span style=\"font-weight: 400\">Coordinadora de Primer Ciclo: D\u00f1a. M\u00aa \u00c1ngeles Cano.<\/span><\/p>\n<p><span style=\"font-weight: 400\">Coordinador de Segundo Ciclo: D\u00f1a. M\u00aa Jos\u00e9 Garc\u00eda.<\/span><\/p>\n<p><span style=\"font-weight: 400\">Coordinador de Tercer Ciclo: D. Jos\u00e9 Manuel Gonz\u00e1lez Romero.<\/span><\/p>\n<h3>&nbsp;<\/h3>\n<h3>&nbsp;<\/h3>\n<h3>&nbsp;<\/h3>\n<h3>&nbsp;<\/h3>\n<h3>&nbsp;<\/h3>\n<h3>&nbsp;<\/h3>\n<h3>&nbsp;<\/h3>\n<h3>&nbsp;<\/h3>\n<h3>&nbsp;<\/h3>\n<h3>&nbsp;<\/h3>\n<h3>&nbsp;<\/h3>\n<p>&nbsp;<\/p>\n","protected":false},"excerpt":{"rendered":"<p>Equipo Directivo: L\u00f3pez Rueda, Antonio Jos\u00e9 (DIRECTOR\/A). Bergillos Guerra, Lourdes (JEFE\/A DE ESTUDIOS). Gir\u00e1ldez Rueda, Jos\u00e9 Antonio (SECRETARIO\/A). Nuestro colegio dispone de los siguientes recursos humanos para atender al alumnado y familiares: 5 maestros\/as de Educaci\u00f3n Infantil. 8 maestros\/as de Educaci\u00f3n Primaria. 2 maestros\/as especialistas en Ingl\u00e9s. 1 maestro\/a especialista en Franc\u00e9s. 2 maestros\/as&nbsp; especialistas &hellip; <a href=\"https:\/\/blogsaverroes.juntadeandalucia.es\/sanjosedecalasanz\/recursos-humanos\/\" class=\"more-link\">Continuar leyendo<span class=\"screen-reader-text\"> \u00abC. RECURSOS HUMANOS.\u00bb<\/span><\/a><\/p>\n","protected":false},"author":6715,"featured_media":0,"parent":0,"menu_order":0,"comment_status":"closed","ping_status":"closed","template":"","meta":{"ngg_post_thumbnail":0,"footnotes":""},"aioseo_notices":[],"_links":{"self":[{"href":"https:\/\/blogsaverroes.juntadeandalucia.es\/sanjosedecalasanz\/wp-json\/wp\/v2\/pages\/232"}],"collection":[{"href":"https:\/\/blogsaverroes.juntadeandalucia.es\/sanjosedecalasanz\/wp-json\/wp\/v2\/pages"}],"about":[{"href":"https:\/\/blogsaverroes.juntadeandalucia.es\/sanjosedecalasanz\/wp-json\/wp\/v2\/types\/page"}],"author":[{"embeddable":true,"href":"https:\/\/blogsaverroes.juntadeandalucia.es\/sanjosedecalasanz\/wp-json\/wp\/v2\/users\/6715"}],"replies":[{"embeddable":true,"href":"https:\/\/blogsaverroes.juntadeandalucia.es\/sanjosedecalasanz\/wp-json\/wp\/v2\/comments?post=232"}],"version-history":[{"count":38,"href":"https:\/\/blogsaverroes.juntadeandalucia.es\/sanjosedecalasanz\/wp-json\/wp\/v2\/pages\/232\/revisions"}],"predecessor-version":[{"id":2128,"href":"https:\/\/blogsaverroes.juntadeandalucia.es\/sanjosedecalasanz\/wp-json\/wp\/v2\/pages\/232\/revisions\/2128"}],"wp:attachment":[{"href":"https:\/\/blogsaverroes.juntadeandalucia.es\/sanjosedecalasanz\/wp-json\/wp\/v2\/media?parent=232"}],"curies":[{"name":"wp","href":"https:\/\/api.w.org\/{rel}","templated":true}]}}