{"id":427,"date":"2020-02-18T16:40:04","date_gmt":"2020-02-18T16:40:04","guid":{"rendered":"https:\/\/blogsaverroes.juntadeandalucia.es\/sanjosedecalasanz\/?page_id=427"},"modified":"2021-09-27T06:57:33","modified_gmt":"2021-09-27T06:57:33","slug":"pasen","status":"publish","type":"page","link":"https:\/\/blogsaverroes.juntadeandalucia.es\/sanjosedecalasanz\/pasen\/","title":{"rendered":"\u00d1. PASEN-EDUCAAND"},"content":{"rendered":"<p>Entrar en el classroom de la clase de nuestro colegio. <a href=\"https:\/\/youtu.be\/-q6WQnbyRLI\">https:\/\/youtu.be\/-q6WQnbyRLI<\/a><\/p>\n<p>PUNTO DE RECOGIDA.<\/p>\n<p><a href=\"https:\/\/www.youtube.com\/watch?v=ewK-h2s6Snc\">https:\/\/www.youtube.com\/watch?v=ewK-h2s6Snc<\/a><\/p>\n<p><a href=\"https:\/\/www.youtube.com\/watch?v=2ktEeEs63Kc\">https:\/\/www.youtube.com\/watch?v=2ktEeEs63Kc<\/a><\/p>\n<p>\u00bfQU\u00c9 ES LA APLICACI\u00d3N PASEN?<\/p>\n<p><iframe loading=\"lazy\" title=\"PASEN en el programa #enRed de @canalsur\" width=\"840\" height=\"473\" src=\"https:\/\/www.youtube.com\/embed\/GJtXr0mPkAY?start=10&#038;feature=oembed\" frameborder=\"0\" allow=\"accelerometer; autoplay; clipboard-write; encrypted-media; gyroscope; picture-in-picture; web-share\" referrerpolicy=\"strict-origin-when-cross-origin\" allowfullscreen><\/iframe><\/p>\n<p><iframe loading=\"lazy\" title=\"PASEN\" width=\"840\" height=\"473\" src=\"https:\/\/www.youtube.com\/embed\/7ShGT1uK_Wg?start=7&#038;feature=oembed\" frameborder=\"0\" allow=\"accelerometer; autoplay; clipboard-write; encrypted-media; gyroscope; picture-in-picture; web-share\" referrerpolicy=\"strict-origin-when-cross-origin\" allowfullscreen><\/iframe><\/p>\n<p>ENLACE PARA APRENDER A CREAR LAS FAMILIAS DE FORMA AUT\u00d3NOMA LA CONTRASE\u00d1A PARA ACCEDER A PASEN.<\/p>\n<p>Hay que tener cuidado con el formato de la fecha. Debe ser d\u00eda\/mes\/a\u00f1o (00\/00\/0000). Por ejemplo, la fecha 2 de enero de 2015 ser\u00eda 02\/01\/2015. Si no se pone as\u00ed no os dejar\u00e1 acceder.<\/p>\n<p>&nbsp;<\/p>\n<p><iframe loading=\"lazy\" title=\"Autologin o autorregistro en iPasen\" width=\"840\" height=\"630\" src=\"https:\/\/www.youtube.com\/embed\/cHLova48ULE?start=4&#038;feature=oembed\" frameborder=\"0\" allow=\"accelerometer; autoplay; clipboard-write; encrypted-media; gyroscope; picture-in-picture; web-share\" referrerpolicy=\"strict-origin-when-cross-origin\" allowfullscreen><\/iframe><\/p>\n<p><iframe loading=\"lazy\" title=\"Tutorial iPasen\" width=\"840\" height=\"473\" src=\"https:\/\/www.youtube.com\/embed\/SiGPrsi2Wgc?start=52&#038;feature=oembed\" frameborder=\"0\" allow=\"accelerometer; autoplay; clipboard-write; encrypted-media; gyroscope; picture-in-picture; web-share\" referrerpolicy=\"strict-origin-when-cross-origin\" allowfullscreen><\/iframe><\/p>\n<p>&nbsp;<\/p>\n<p><iframe loading=\"lazy\" title=\"Aplicaci\u00f3n iPasen para el seguimiento del alumnado\" width=\"840\" height=\"473\" src=\"https:\/\/www.youtube.com\/embed\/Lt02ZPIbSoI?feature=oembed\" frameborder=\"0\" allow=\"accelerometer; autoplay; clipboard-write; encrypted-media; gyroscope; picture-in-picture; web-share\" referrerpolicy=\"strict-origin-when-cross-origin\" allowfullscreen><\/iframe><\/p>\n<p><iframe loading=\"lazy\" title=\"PASEN. \u00bfC\u00f3mo hacer el autologin?\" width=\"840\" height=\"473\" src=\"https:\/\/www.youtube.com\/embed\/3z6eWjQWnuc?feature=oembed\" frameborder=\"0\" allow=\"accelerometer; autoplay; clipboard-write; encrypted-media; gyroscope; picture-in-picture; web-share\" referrerpolicy=\"strict-origin-when-cross-origin\" allowfullscreen><\/iframe><\/p>\n<p>ENLACE A LA WEB PASEN<\/p>\n<p><a href=\"http:\/\/www.juntadeandalucia.es\/educacion\/portals\/web\/ced\/pasen\">http:\/\/www.juntadeandalucia.es\/educacion\/portals\/web\/ced\/pasen<\/a><\/p>\n<p>ENVIAR COMUNICADOS A LOS MAESTROS.<\/p>\n<p><iframe loading=\"lazy\" title=\"Enviar comunicaciones al profesorado usando iPasen\" width=\"840\" height=\"473\" src=\"https:\/\/www.youtube.com\/embed\/RnQz2uH3EtM?feature=oembed\" frameborder=\"0\" allow=\"accelerometer; autoplay; clipboard-write; encrypted-media; gyroscope; picture-in-picture; web-share\" referrerpolicy=\"strict-origin-when-cross-origin\" allowfullscreen><\/iframe><\/p>\n","protected":false},"excerpt":{"rendered":"<p>Entrar en el classroom de la clase de nuestro colegio. https:\/\/youtu.be\/-q6WQnbyRLI PUNTO DE RECOGIDA. https:\/\/www.youtube.com\/watch?v=ewK-h2s6Snc https:\/\/www.youtube.com\/watch?v=2ktEeEs63Kc \u00bfQU\u00c9 ES LA APLICACI\u00d3N PASEN? ENLACE PARA APRENDER A CREAR LAS FAMILIAS DE FORMA AUT\u00d3NOMA LA CONTRASE\u00d1A PARA ACCEDER A PASEN. Hay que tener cuidado con el formato de la fecha. Debe ser d\u00eda\/mes\/a\u00f1o (00\/00\/0000). Por ejemplo, la fecha &hellip; <a href=\"https:\/\/blogsaverroes.juntadeandalucia.es\/sanjosedecalasanz\/pasen\/\" class=\"more-link\">Continuar leyendo<span class=\"screen-reader-text\"> \u00ab\u00d1. PASEN-EDUCAAND\u00bb<\/span><\/a><\/p>\n","protected":false},"author":6715,"featured_media":0,"parent":0,"menu_order":0,"comment_status":"closed","ping_status":"closed","template":"","meta":{"ngg_post_thumbnail":0,"footnotes":""},"aioseo_notices":[],"_links":{"self":[{"href":"https:\/\/blogsaverroes.juntadeandalucia.es\/sanjosedecalasanz\/wp-json\/wp\/v2\/pages\/427"}],"collection":[{"href":"https:\/\/blogsaverroes.juntadeandalucia.es\/sanjosedecalasanz\/wp-json\/wp\/v2\/pages"}],"about":[{"href":"https:\/\/blogsaverroes.juntadeandalucia.es\/sanjosedecalasanz\/wp-json\/wp\/v2\/types\/page"}],"author":[{"embeddable":true,"href":"https:\/\/blogsaverroes.juntadeandalucia.es\/sanjosedecalasanz\/wp-json\/wp\/v2\/users\/6715"}],"replies":[{"embeddable":true,"href":"https:\/\/blogsaverroes.juntadeandalucia.es\/sanjosedecalasanz\/wp-json\/wp\/v2\/comments?post=427"}],"version-history":[{"count":21,"href":"https:\/\/blogsaverroes.juntadeandalucia.es\/sanjosedecalasanz\/wp-json\/wp\/v2\/pages\/427\/revisions"}],"predecessor-version":[{"id":999,"href":"https:\/\/blogsaverroes.juntadeandalucia.es\/sanjosedecalasanz\/wp-json\/wp\/v2\/pages\/427\/revisions\/999"}],"wp:attachment":[{"href":"https:\/\/blogsaverroes.juntadeandalucia.es\/sanjosedecalasanz\/wp-json\/wp\/v2\/media?parent=427"}],"curies":[{"name":"wp","href":"https:\/\/api.w.org\/{rel}","templated":true}]}}