{"id":447,"date":"2020-02-18T18:53:55","date_gmt":"2020-02-18T18:53:55","guid":{"rendered":"https:\/\/blogsaverroes.juntadeandalucia.es\/sanjosedecalasanz\/?page_id=447"},"modified":"2021-04-20T07:41:51","modified_gmt":"2021-04-20T07:41:51","slug":"r-autorizacion-excursion","status":"publish","type":"page","link":"https:\/\/blogsaverroes.juntadeandalucia.es\/sanjosedecalasanz\/r-autorizacion-excursion\/","title":{"rendered":"R. DOCUMENTOS FAMILIAS."},"content":{"rendered":"<p><a title=\"Todos los documentos\" href=\"http:\/\/www.juntadeandalucia.es\/averroes\/centros-tic\/41008830\/helvia\/sitio\/print.cgi?wid_seccion=7&amp;wid_item=&amp;wOut=print\">http:\/\/www.juntadeandalucia.es\/averroes\/centros-tic\/41008830\/helvia\/sitio\/print.cgi?wid_seccion=7&amp;wid_item=&amp;wOut=print<\/a><\/p>\n<p><a href=\"https:\/\/blogsaverroes.juntadeandalucia.es\/sanjosedecalasanz\/files\/2020\/09\/bonificacion-comedor-aula-matinal.pdf\">bonificacion comedor-aula matinal<\/a><\/p>\n<p><a href=\"https:\/\/blogsaverroes.juntadeandalucia.es\/sanjosedecalasanz\/files\/2020\/09\/solicitud-comedor-aula-matinal.pdf\">solicitud comedor-aula matinal<\/a><\/p>\n<p><a href=\"https:\/\/blogsaverroes.juntadeandalucia.es\/sanjosedecalasanz\/files\/2020\/02\/Autorizaci\u00f3n-excursi\u00f3n.-1.pdf\">Autorizaci\u00f3n excursi\u00f3n.<\/a><\/p>\n<p><a href=\"https:\/\/blogsaverroes.juntadeandalucia.es\/sanjosedecalasanz\/files\/2020\/11\/Qu\u00e9-es-el-absentismo-1.pdf\">Qu\u00e9 es el absentismo<\/a><\/p>\n<p>&nbsp;<\/p>\n","protected":false},"excerpt":{"rendered":"<p>http:\/\/www.juntadeandalucia.es\/averroes\/centros-tic\/41008830\/helvia\/sitio\/print.cgi?wid_seccion=7&amp;wid_item=&amp;wOut=print bonificacion comedor-aula matinal solicitud comedor-aula matinal Autorizaci\u00f3n excursi\u00f3n. Qu\u00e9 es el absentismo &nbsp;<\/p>\n","protected":false},"author":6715,"featured_media":0,"parent":0,"menu_order":0,"comment_status":"closed","ping_status":"closed","template":"","meta":{"ngg_post_thumbnail":0,"footnotes":""},"aioseo_notices":[],"_links":{"self":[{"href":"https:\/\/blogsaverroes.juntadeandalucia.es\/sanjosedecalasanz\/wp-json\/wp\/v2\/pages\/447"}],"collection":[{"href":"https:\/\/blogsaverroes.juntadeandalucia.es\/sanjosedecalasanz\/wp-json\/wp\/v2\/pages"}],"about":[{"href":"https:\/\/blogsaverroes.juntadeandalucia.es\/sanjosedecalasanz\/wp-json\/wp\/v2\/types\/page"}],"author":[{"embeddable":true,"href":"https:\/\/blogsaverroes.juntadeandalucia.es\/sanjosedecalasanz\/wp-json\/wp\/v2\/users\/6715"}],"replies":[{"embeddable":true,"href":"https:\/\/blogsaverroes.juntadeandalucia.es\/sanjosedecalasanz\/wp-json\/wp\/v2\/comments?post=447"}],"version-history":[{"count":11,"href":"https:\/\/blogsaverroes.juntadeandalucia.es\/sanjosedecalasanz\/wp-json\/wp\/v2\/pages\/447\/revisions"}],"predecessor-version":[{"id":886,"href":"https:\/\/blogsaverroes.juntadeandalucia.es\/sanjosedecalasanz\/wp-json\/wp\/v2\/pages\/447\/revisions\/886"}],"wp:attachment":[{"href":"https:\/\/blogsaverroes.juntadeandalucia.es\/sanjosedecalasanz\/wp-json\/wp\/v2\/media?parent=447"}],"curies":[{"name":"wp","href":"https:\/\/api.w.org\/{rel}","templated":true}]}}