{"id":52,"date":"2018-11-09T04:13:22","date_gmt":"2018-11-09T04:13:22","guid":{"rendered":"https:\/\/blogsaverroes.juntadeandalucia.es\/sanjosedecalasanz\/?page_id=52"},"modified":"2023-08-21T11:37:19","modified_gmt":"2023-08-21T11:37:19","slug":"contactar","status":"publish","type":"page","link":"https:\/\/blogsaverroes.juntadeandalucia.es\/sanjosedecalasanz\/contactar\/","title":{"rendered":"k. CONTACTAR."},"content":{"rendered":"<p>CEIP SAN JOS\u00c9 DE CALASANZ.<\/p>\n<p>AVDA. PRIM N\u00ba 69<\/p>\n<p>41440 LORA DEL R\u00cdO (SEVILLA)<\/p>\n<p>TEL\u00c9FONO: 955808541.<\/p>\n<p>EMAIL: 41002402.edu@juntadeandalucia.es<\/p>\n<p>Horario de Secretar\u00eda-Direcci\u00f3n de atenci\u00f3n a las familias de 12:00 a !4:00 de lunes a viernes. Si desean mantener una reuni\u00f3n con alg\u00fan miembro del Equipo Directivo pida cita antes.<\/p>\n","protected":false},"excerpt":{"rendered":"<p>CEIP SAN JOS\u00c9 DE CALASANZ. AVDA. PRIM N\u00ba 69 41440 LORA DEL R\u00cdO (SEVILLA) TEL\u00c9FONO: 955808541. EMAIL: 41002402.edu@juntadeandalucia.es Horario de Secretar\u00eda-Direcci\u00f3n de atenci\u00f3n a las familias de 12:00 a !4:00 de lunes a viernes. Si desean mantener una reuni\u00f3n con alg\u00fan miembro del Equipo Directivo pida cita antes.<\/p>\n","protected":false},"author":6715,"featured_media":0,"parent":0,"menu_order":0,"comment_status":"closed","ping_status":"closed","template":"","meta":{"ngg_post_thumbnail":0,"footnotes":""},"aioseo_notices":[],"_links":{"self":[{"href":"https:\/\/blogsaverroes.juntadeandalucia.es\/sanjosedecalasanz\/wp-json\/wp\/v2\/pages\/52"}],"collection":[{"href":"https:\/\/blogsaverroes.juntadeandalucia.es\/sanjosedecalasanz\/wp-json\/wp\/v2\/pages"}],"about":[{"href":"https:\/\/blogsaverroes.juntadeandalucia.es\/sanjosedecalasanz\/wp-json\/wp\/v2\/types\/page"}],"author":[{"embeddable":true,"href":"https:\/\/blogsaverroes.juntadeandalucia.es\/sanjosedecalasanz\/wp-json\/wp\/v2\/users\/6715"}],"replies":[{"embeddable":true,"href":"https:\/\/blogsaverroes.juntadeandalucia.es\/sanjosedecalasanz\/wp-json\/wp\/v2\/comments?post=52"}],"version-history":[{"count":8,"href":"https:\/\/blogsaverroes.juntadeandalucia.es\/sanjosedecalasanz\/wp-json\/wp\/v2\/pages\/52\/revisions"}],"predecessor-version":[{"id":468,"href":"https:\/\/blogsaverroes.juntadeandalucia.es\/sanjosedecalasanz\/wp-json\/wp\/v2\/pages\/52\/revisions\/468"}],"wp:attachment":[{"href":"https:\/\/blogsaverroes.juntadeandalucia.es\/sanjosedecalasanz\/wp-json\/wp\/v2\/media?parent=52"}],"curies":[{"name":"wp","href":"https:\/\/api.w.org\/{rel}","templated":true}]}}