{"id":559,"date":"2021-12-16T11:56:21","date_gmt":"2021-12-16T10:56:21","guid":{"rendered":"https:\/\/blogsaverroes.juntadeandalucia.es\/sanjosedecalasanzjaen\/?page_id=559"},"modified":"2022-12-01T23:05:38","modified_gmt":"2022-12-01T22:05:38","slug":"transformacion-digital-docente","status":"publish","type":"page","link":"https:\/\/blogsaverroes.juntadeandalucia.es\/sanjosedecalasanzjaen\/transformacion-digital-docente\/","title":{"rendered":"TRANSFORMACI\u00d3N DIGITAL DOCENTE"},"content":{"rendered":"<ul>\n<li>\n<h6><span style=\"font-size: 8pt\"><a href=\"https:\/\/blogsaverroes.juntadeandalucia.es\/sanjosedecalasanzjaen\/actividades-dia-de-la-constitucion\/\">Actividades para el d\u00eda de la Constituci\u00f3n. <strong>Pulsa para acceder a la p\u00e1gina<\/strong><\/a><\/span><\/h6>\n<\/li>\n<\/ul>\n","protected":false},"excerpt":{"rendered":"<p>Actividades para el d\u00eda de la Constituci\u00f3n. Pulsa para acceder a la p\u00e1gina<\/p>\n","protected":false},"author":14219,"featured_media":0,"parent":0,"menu_order":0,"comment_status":"closed","ping_status":"closed","template":"","meta":{"_et_pb_use_builder":"off","_et_pb_old_content":"","_et_gb_content_width":"","ngg_post_thumbnail":0,"footnotes":""},"aioseo_notices":[],"_links":{"self":[{"href":"https:\/\/blogsaverroes.juntadeandalucia.es\/sanjosedecalasanzjaen\/wp-json\/wp\/v2\/pages\/559"}],"collection":[{"href":"https:\/\/blogsaverroes.juntadeandalucia.es\/sanjosedecalasanzjaen\/wp-json\/wp\/v2\/pages"}],"about":[{"href":"https:\/\/blogsaverroes.juntadeandalucia.es\/sanjosedecalasanzjaen\/wp-json\/wp\/v2\/types\/page"}],"author":[{"embeddable":true,"href":"https:\/\/blogsaverroes.juntadeandalucia.es\/sanjosedecalasanzjaen\/wp-json\/wp\/v2\/users\/14219"}],"replies":[{"embeddable":true,"href":"https:\/\/blogsaverroes.juntadeandalucia.es\/sanjosedecalasanzjaen\/wp-json\/wp\/v2\/comments?post=559"}],"version-history":[{"count":8,"href":"https:\/\/blogsaverroes.juntadeandalucia.es\/sanjosedecalasanzjaen\/wp-json\/wp\/v2\/pages\/559\/revisions"}],"predecessor-version":[{"id":771,"href":"https:\/\/blogsaverroes.juntadeandalucia.es\/sanjosedecalasanzjaen\/wp-json\/wp\/v2\/pages\/559\/revisions\/771"}],"wp:attachment":[{"href":"https:\/\/blogsaverroes.juntadeandalucia.es\/sanjosedecalasanzjaen\/wp-json\/wp\/v2\/media?parent=559"}],"curies":[{"name":"wp","href":"https:\/\/api.w.org\/{rel}","templated":true}]}}