{"id":564,"date":"2021-12-16T11:56:22","date_gmt":"2021-12-16T10:56:22","guid":{"rendered":"https:\/\/blogsaverroes.juntadeandalucia.es\/sanjosedecalasanzjaen\/?page_id=564"},"modified":"2021-12-28T10:27:21","modified_gmt":"2021-12-28T09:27:21","slug":"proa-transformate","status":"publish","type":"page","link":"https:\/\/blogsaverroes.juntadeandalucia.es\/sanjosedecalasanzjaen\/proa-transformate\/","title":{"rendered":"PROA + &#8220;TRANSF\u00d3RMATE&#8221;"},"content":{"rendered":"<p>En \u00e9sta p\u00e1gina iremos colgando las actividades relacionadas con este proyecto en nuestro centro.<\/p>\n","protected":false},"excerpt":{"rendered":"<p>En \u00e9sta p\u00e1gina iremos colgando las actividades relacionadas con este proyecto en nuestro centro.<\/p>\n","protected":false},"author":14219,"featured_media":0,"parent":0,"menu_order":0,"comment_status":"closed","ping_status":"closed","template":"","meta":{"_et_pb_use_builder":"","_et_pb_old_content":"","_et_gb_content_width":"","ngg_post_thumbnail":0,"footnotes":""},"aioseo_notices":[],"_links":{"self":[{"href":"https:\/\/blogsaverroes.juntadeandalucia.es\/sanjosedecalasanzjaen\/wp-json\/wp\/v2\/pages\/564"}],"collection":[{"href":"https:\/\/blogsaverroes.juntadeandalucia.es\/sanjosedecalasanzjaen\/wp-json\/wp\/v2\/pages"}],"about":[{"href":"https:\/\/blogsaverroes.juntadeandalucia.es\/sanjosedecalasanzjaen\/wp-json\/wp\/v2\/types\/page"}],"author":[{"embeddable":true,"href":"https:\/\/blogsaverroes.juntadeandalucia.es\/sanjosedecalasanzjaen\/wp-json\/wp\/v2\/users\/14219"}],"replies":[{"embeddable":true,"href":"https:\/\/blogsaverroes.juntadeandalucia.es\/sanjosedecalasanzjaen\/wp-json\/wp\/v2\/comments?post=564"}],"version-history":[{"count":2,"href":"https:\/\/blogsaverroes.juntadeandalucia.es\/sanjosedecalasanzjaen\/wp-json\/wp\/v2\/pages\/564\/revisions"}],"predecessor-version":[{"id":662,"href":"https:\/\/blogsaverroes.juntadeandalucia.es\/sanjosedecalasanzjaen\/wp-json\/wp\/v2\/pages\/564\/revisions\/662"}],"wp:attachment":[{"href":"https:\/\/blogsaverroes.juntadeandalucia.es\/sanjosedecalasanzjaen\/wp-json\/wp\/v2\/media?parent=564"}],"curies":[{"name":"wp","href":"https:\/\/api.w.org\/{rel}","templated":true}]}}