{"id":756,"date":"2022-12-01T19:50:40","date_gmt":"2022-12-01T18:50:40","guid":{"rendered":"https:\/\/blogsaverroes.juntadeandalucia.es\/sanjosedecalasanzjaen\/?page_id=756"},"modified":"2022-12-01T23:41:42","modified_gmt":"2022-12-01T22:41:42","slug":"actividades-dia-de-la-constitucion","status":"publish","type":"page","link":"https:\/\/blogsaverroes.juntadeandalucia.es\/sanjosedecalasanzjaen\/actividades-dia-de-la-constitucion\/","title":{"rendered":"Actividades d\u00eda de la Constituci\u00f3n"},"content":{"rendered":"<ul>\n<li>&nbsp;El cuento de la&nbsp; Constituci\u00f3n. <span style=\"font-size: 14.5pt;font-family: 'Roboto','serif';color: black\">En esta historia, un ni\u00f1o descubre este libro y comienza a charlar con \u00e9l acerca de lo que supone este texto para la sociedad. (Infantil y Primer ciclo).<strong><a href=\"https:\/\/drive.google.com\/file\/d\/1ytP3bOj0Rw6YnyB3Aj8Ya79fmHs4zdjo\/view?usp=share_link\">Pulsa para descargar el cuento<\/a><\/strong><\/span><\/li>\n<\/ul>\n<p><a href=\"https:\/\/drive.google.com\/file\/d\/1ytP3bOj0Rw6YnyB3Aj8Ya79fmHs4zdjo\/view?usp=share_link\"><img loading=\"lazy\" decoding=\"async\" class=\"size-medium wp-image-762 aligncenter\" src=\"https:\/\/blogsaverroes.juntadeandalucia.es\/sanjosedecalasanzjaen\/files\/2022\/12\/Nueva-imagen-7-300x193.jpg\" alt=\"\" width=\"300\" height=\"193\" srcset=\"https:\/\/blogsaverroes.juntadeandalucia.es\/sanjosedecalasanzjaen\/files\/2022\/12\/Nueva-imagen-7-300x193.jpg 300w, https:\/\/blogsaverroes.juntadeandalucia.es\/sanjosedecalasanzjaen\/files\/2022\/12\/Nueva-imagen-7.jpg 457w\" sizes=\"(max-width: 300px) 100vw, 300px\" \/><\/a><\/p>\n<ul>\n<li>V\u00eddeo. <span style=\"font-size: 14.5pt;font-family: 'Roboto','serif';color: black\">La Constituci\u00f3n explicada por los ni\u00f1os y ni\u00f1as de un colegio. (Infantil y primer ciclo). <strong><a href=\"https:\/\/www.youtube.com\/watch?v=kXTuGbO9Zok\">Pulsa para verlo<\/a><\/strong><\/span><a href=\"https:\/\/www.youtube.com\/watch?v=kXTuGbO9Zok\"><img loading=\"lazy\" decoding=\"async\" class=\"wp-image-764 aligncenter\" src=\"https:\/\/blogsaverroes.juntadeandalucia.es\/sanjosedecalasanzjaen\/files\/2022\/12\/video-291x300.jpg\" alt=\"\" width=\"175\" height=\"180\" srcset=\"https:\/\/blogsaverroes.juntadeandalucia.es\/sanjosedecalasanzjaen\/files\/2022\/12\/video-291x300.jpg 291w, https:\/\/blogsaverroes.juntadeandalucia.es\/sanjosedecalasanzjaen\/files\/2022\/12\/video.jpg 411w\" sizes=\"(max-width: 175px) 100vw, 175px\" \/><\/a><\/li>\n<li>Actividad interactiva. <span style=\"font-size: 14.5pt;font-family: 'Roboto','serif';color: black\">Sencilla actividad interactiva sobre la Constituci\u00f3n (2\u00ba y 3\u00ba). <a href=\"https:\/\/es.liveworksheets.com\/qt268680nf\"><strong>Pulsa para realizarla.<\/strong><img loading=\"lazy\" decoding=\"async\" class=\" wp-image-766 aligncenter\" src=\"https:\/\/blogsaverroes.juntadeandalucia.es\/sanjosedecalasanzjaen\/files\/2022\/12\/Actividad-interactiva-1-255x300.jpg\" alt=\"\" width=\"170\" height=\"200\" srcset=\"https:\/\/blogsaverroes.juntadeandalucia.es\/sanjosedecalasanzjaen\/files\/2022\/12\/Actividad-interactiva-1-255x300.jpg 255w, https:\/\/blogsaverroes.juntadeandalucia.es\/sanjosedecalasanzjaen\/files\/2022\/12\/Actividad-interactiva-1.jpg 452w\" sizes=\"(max-width: 170px) 100vw, 170px\" \/><\/a><\/span><\/li>\n<li>V\u00eddeo y actividad interactiva. <span style=\"font-size: 14.5pt;font-family: 'Roboto','serif';color: black\">V\u00eddeo explicativo y actividades interactivas sobre la Constituci\u00f3n y las autonom\u00edas. (4\u00ba a 6\u00ba) <strong><a href=\"https:\/\/es.liveworksheets.com\/sf1414157ak\">Pulsa para acceder<\/a><\/strong><a href=\"https:\/\/es.liveworksheets.com\/sf1414157ak\"><img loading=\"lazy\" decoding=\"async\" class=\" wp-image-768 aligncenter\" src=\"https:\/\/blogsaverroes.juntadeandalucia.es\/sanjosedecalasanzjaen\/files\/2022\/12\/Actividad-interactiva-2-245x300.jpg\" alt=\"\" width=\"162\" height=\"198\" srcset=\"https:\/\/blogsaverroes.juntadeandalucia.es\/sanjosedecalasanzjaen\/files\/2022\/12\/Actividad-interactiva-2-245x300.jpg 245w, https:\/\/blogsaverroes.juntadeandalucia.es\/sanjosedecalasanzjaen\/files\/2022\/12\/Actividad-interactiva-2.jpg 463w\" sizes=\"(max-width: 162px) 100vw, 162px\" \/><\/a><\/span><\/li>\n<li>Juego la Constituci\u00f3n para ni\u00f1os. <span style=\"font-size: 14.5pt;font-family: 'Roboto','serif';color: black\">Juego, en formato jclic, sobre la Constituci\u00f3n y los s\u00edmbolos de Espa\u00f1a. (5\u00ba y 6\u00ba)<a href=\"https:\/\/clic.xtec.cat\/projects\/consti\/jclic.js\/index.html\"><strong>Pulsa para empezar<\/strong><img loading=\"lazy\" decoding=\"async\" class=\" wp-image-769 aligncenter\" src=\"https:\/\/blogsaverroes.juntadeandalucia.es\/sanjosedecalasanzjaen\/files\/2022\/12\/jclic-300x189.jpg\" alt=\"\" width=\"227\" height=\"143\"><\/a><\/span><\/li>\n<li>&nbsp;<\/li>\n<\/ul>\n","protected":false},"excerpt":{"rendered":"<p>&nbsp;El cuento de la&nbsp; Constituci\u00f3n. En esta historia, un ni\u00f1o descubre este libro y comienza a charlar con \u00e9l acerca de lo que supone este texto para la sociedad. (Infantil y Primer ciclo).Pulsa para descargar el cuento V\u00eddeo. La Constituci\u00f3n explicada por los ni\u00f1os y ni\u00f1as de un colegio. (Infantil y primer ciclo). Pulsa para [&hellip;]<\/p>\n","protected":false},"author":14222,"featured_media":0,"parent":0,"menu_order":0,"comment_status":"closed","ping_status":"closed","template":"","meta":{"_et_pb_use_builder":"","_et_pb_old_content":"","_et_gb_content_width":"","ngg_post_thumbnail":0,"footnotes":""},"aioseo_notices":[],"_links":{"self":[{"href":"https:\/\/blogsaverroes.juntadeandalucia.es\/sanjosedecalasanzjaen\/wp-json\/wp\/v2\/pages\/756"}],"collection":[{"href":"https:\/\/blogsaverroes.juntadeandalucia.es\/sanjosedecalasanzjaen\/wp-json\/wp\/v2\/pages"}],"about":[{"href":"https:\/\/blogsaverroes.juntadeandalucia.es\/sanjosedecalasanzjaen\/wp-json\/wp\/v2\/types\/page"}],"author":[{"embeddable":true,"href":"https:\/\/blogsaverroes.juntadeandalucia.es\/sanjosedecalasanzjaen\/wp-json\/wp\/v2\/users\/14222"}],"replies":[{"embeddable":true,"href":"https:\/\/blogsaverroes.juntadeandalucia.es\/sanjosedecalasanzjaen\/wp-json\/wp\/v2\/comments?post=756"}],"version-history":[{"count":8,"href":"https:\/\/blogsaverroes.juntadeandalucia.es\/sanjosedecalasanzjaen\/wp-json\/wp\/v2\/pages\/756\/revisions"}],"predecessor-version":[{"id":779,"href":"https:\/\/blogsaverroes.juntadeandalucia.es\/sanjosedecalasanzjaen\/wp-json\/wp\/v2\/pages\/756\/revisions\/779"}],"wp:attachment":[{"href":"https:\/\/blogsaverroes.juntadeandalucia.es\/sanjosedecalasanzjaen\/wp-json\/wp\/v2\/media?parent=756"}],"curies":[{"name":"wp","href":"https:\/\/api.w.org\/{rel}","templated":true}]}}