{"id":222,"date":"2024-10-20T18:20:06","date_gmt":"2024-10-20T16:20:06","guid":{"rendered":"https:\/\/blogsaverroes.juntadeandalucia.es\/sanjosemontilla\/?page_id=222"},"modified":"2025-10-31T11:40:33","modified_gmt":"2025-10-31T10:40:33","slug":"programa-aldea","status":"publish","type":"page","link":"https:\/\/blogsaverroes.juntadeandalucia.es\/sanjosemontilla\/programa-aldea\/","title":{"rendered":"Programa ALDEA"},"content":{"rendered":"\t\t<div data-elementor-type=\"wp-page\" data-elementor-id=\"222\" class=\"elementor elementor-222\">\n\t\t\t\t<div class=\"elementor-element elementor-element-85d74d6 e-flex e-con-boxed elementor-invisible e-con e-parent\" data-id=\"85d74d6\" data-element_type=\"container\" data-settings=\"{&quot;background_background&quot;:&quot;classic&quot;,&quot;animation&quot;:&quot;fadeInDown&quot;}\">\n\t\t\t\t\t<div class=\"e-con-inner\">\n\t\t\t\t<div class=\"elementor-element elementor-element-4b96edf elementor-position-left elementor-vertical-align-middle elementor-widget elementor-widget-image-box\" data-id=\"4b96edf\" data-element_type=\"widget\" data-settings=\"{&quot;_animation&quot;:&quot;none&quot;}\" data-widget_type=\"image-box.default\">\n\t\t\t\t<div class=\"elementor-widget-container\">\n\t\t\t\t\t<div class=\"elementor-image-box-wrapper\"><figure class=\"elementor-image-box-img\"><img fetchpriority=\"high\" decoding=\"async\" width=\"600\" height=\"600\" src=\"https:\/\/blogsaverroes.juntadeandalucia.es\/sanjosemontilla\/files\/2024\/10\/Aldea.png\" class=\"attachment-full size-full wp-image-223\" alt=\"\" srcset=\"https:\/\/blogsaverroes.juntadeandalucia.es\/sanjosemontilla\/files\/2024\/10\/Aldea.png 600w, https:\/\/blogsaverroes.juntadeandalucia.es\/sanjosemontilla\/files\/2024\/10\/Aldea-300x300.png 300w, https:\/\/blogsaverroes.juntadeandalucia.es\/sanjosemontilla\/files\/2024\/10\/Aldea-150x150.png 150w\" sizes=\"(max-width: 600px) 100vw, 600px\" \/><\/figure><div class=\"elementor-image-box-content\"><h3 class=\"elementor-image-box-title\">Programa ALDEA<\/h3><p class=\"elementor-image-box-description\">Con este programa promovemos el desarrollo integrado de iniciativas de educaci\u00f3n  ambiental ante la situaci\u00f3n de emergencia clim\u00e1tica actual, la conexi\u00f3n con la naturaleza y renaturalizaci\u00f3n de espacios, el cambio clim\u00e1tico, el desarrollo sostenible y las relaciones del ser humano con su entorno social y natural.<\/p><\/div><\/div>\t\t\t\t<\/div>\n\t\t\t\t<\/div>\n\t\t\t\t\t<\/div>\n\t\t\t\t<\/div>\n\t\t<div class=\"elementor-element elementor-element-b226708 e-flex e-con-boxed e-con e-parent\" data-id=\"b226708\" data-element_type=\"container\">\n\t\t\t\t\t<div class=\"e-con-inner\">\n\t\t\t\t<div class=\"elementor-element elementor-element-8faf2a7 elementor-widget-divider--view-line elementor-widget elementor-widget-divider\" data-id=\"8faf2a7\" data-element_type=\"widget\" data-widget_type=\"divider.default\">\n\t\t\t\t<div class=\"elementor-widget-container\">\n\t\t\t\t\t\t\t<div class=\"elementor-divider\">\n\t\t\t<span class=\"elementor-divider-separator\">\n\t\t\t\t\t\t<\/span>\n\t\t<\/div>\n\t\t\t\t\t\t<\/div>\n\t\t\t\t<\/div>\n\t\t\t\t\t<\/div>\n\t\t\t\t<\/div>\n\t\t<div class=\"elementor-element elementor-element-ced470f e-flex e-con-boxed e-con e-parent\" data-id=\"ced470f\" data-element_type=\"container\" data-settings=\"{&quot;background_background&quot;:&quot;classic&quot;}\">\n\t\t\t\t\t<div class=\"e-con-inner\">\n\t\t\t\t<div class=\"elementor-element elementor-element-68b4103 elementor-widget elementor-widget-text-editor\" data-id=\"68b4103\" data-element_type=\"widget\" data-widget_type=\"text-editor.default\">\n\t\t\t\t<div class=\"elementor-widget-container\">\n\t\t\t\t\t\t\t\t\t<p style=\"text-align: center\"><strong><span id=\"semillero\" style=\"font-size: 14pt\">NUESTRO SEMILLERO<\/span><\/strong><\/p><p style=\"text-align: justify\">Los alumnos\/as de sexto han participado en el taller \u00bb Semillateca Escolar: \u00bfQu\u00e9 pasar\u00eda si desaparecieran las semillas?\u00bb dirigido por la asociaci\u00f3n \u00abSomos Naturaleza\u00bb. En \u00e9l, han podido reflexionar sobre la importancia de las semillas y han practicado con la siembra de algunas semillas locales.<\/p>\t\t\t\t\t\t\t\t<\/div>\n\t\t\t\t<\/div>\n\t\t\t\t<div class=\"elementor-element elementor-element-9220111 elementor-arrows-position-inside elementor-pagination-position-outside elementor-widget elementor-widget-image-carousel\" data-id=\"9220111\" data-element_type=\"widget\" data-settings=\"{&quot;slides_to_scroll&quot;:&quot;1&quot;,&quot;speed&quot;:&quot;5&quot;,&quot;navigation&quot;:&quot;both&quot;,&quot;autoplay&quot;:&quot;yes&quot;,&quot;pause_on_hover&quot;:&quot;yes&quot;,&quot;pause_on_interaction&quot;:&quot;yes&quot;,&quot;autoplay_speed&quot;:5000}\" data-widget_type=\"image-carousel.default\">\n\t\t\t\t<div class=\"elementor-widget-container\">\n\t\t\t\t\t\t\t<div class=\"elementor-image-carousel-wrapper swiper\" role=\"region\" aria-roledescription=\"carousel\" aria-label=\"Carrusel de im\u00e1genes\" dir=\"ltr\">\n\t\t\t<div class=\"elementor-image-carousel swiper-wrapper\" aria-live=\"off\">\n\t\t\t\t\t\t\t\t<div class=\"swiper-slide\" role=\"group\" aria-roledescription=\"slide\" aria-label=\"1 de 12\"><a data-elementor-open-lightbox=\"yes\" data-elementor-lightbox-slideshow=\"9220111\" data-elementor-lightbox-title=\"IMG-20251023-WA0002\" data-e-action-hash=\"#elementor-action%3Aaction%3Dlightbox%26settings%3DeyJpZCI6IjIxMTYiLCJ1cmwiOiJodHRwczpcL1wvYmxvZ3NhdmVycm9lcy5qdW50YWRlYW5kYWx1Y2lhLmVzXC9zYW5qb3NlbW9udGlsbGFcL2ZpbGVzXC8yMDI1XC8xMFwvSU1HLTIwMjUxMDIzLVdBMDAwMi5qcGciLCJzbGlkZXNob3ciOiI5MjIwMTExIn0%3D\" href=\"https:\/\/blogsaverroes.juntadeandalucia.es\/sanjosemontilla\/files\/2025\/10\/IMG-20251023-WA0002.jpg\"><figure class=\"swiper-slide-inner\"><img decoding=\"async\" class=\"swiper-slide-image\" src=\"https:\/\/blogsaverroes.juntadeandalucia.es\/sanjosemontilla\/files\/2025\/10\/IMG-20251023-WA0002-150x150.jpg\" alt=\"IMG-20251023-WA0002\" \/><\/figure><\/a><\/div><div class=\"swiper-slide\" role=\"group\" aria-roledescription=\"slide\" aria-label=\"2 de 12\"><a data-elementor-open-lightbox=\"yes\" data-elementor-lightbox-slideshow=\"9220111\" data-elementor-lightbox-title=\"IMG-20251023-WA0003\" data-e-action-hash=\"#elementor-action%3Aaction%3Dlightbox%26settings%3DeyJpZCI6IjIxMTciLCJ1cmwiOiJodHRwczpcL1wvYmxvZ3NhdmVycm9lcy5qdW50YWRlYW5kYWx1Y2lhLmVzXC9zYW5qb3NlbW9udGlsbGFcL2ZpbGVzXC8yMDI1XC8xMFwvSU1HLTIwMjUxMDIzLVdBMDAwMy5qcGciLCJzbGlkZXNob3ciOiI5MjIwMTExIn0%3D\" href=\"https:\/\/blogsaverroes.juntadeandalucia.es\/sanjosemontilla\/files\/2025\/10\/IMG-20251023-WA0003.jpg\"><figure class=\"swiper-slide-inner\"><img decoding=\"async\" class=\"swiper-slide-image\" src=\"https:\/\/blogsaverroes.juntadeandalucia.es\/sanjosemontilla\/files\/2025\/10\/IMG-20251023-WA0003-150x150.jpg\" alt=\"IMG-20251023-WA0003\" \/><\/figure><\/a><\/div><div class=\"swiper-slide\" role=\"group\" aria-roledescription=\"slide\" aria-label=\"3 de 12\"><a data-elementor-open-lightbox=\"yes\" data-elementor-lightbox-slideshow=\"9220111\" data-elementor-lightbox-title=\"IMG-20251023-WA0004\" data-e-action-hash=\"#elementor-action%3Aaction%3Dlightbox%26settings%3DeyJpZCI6IjIxMTgiLCJ1cmwiOiJodHRwczpcL1wvYmxvZ3NhdmVycm9lcy5qdW50YWRlYW5kYWx1Y2lhLmVzXC9zYW5qb3NlbW9udGlsbGFcL2ZpbGVzXC8yMDI1XC8xMFwvSU1HLTIwMjUxMDIzLVdBMDAwNC5qcGciLCJzbGlkZXNob3ciOiI5MjIwMTExIn0%3D\" href=\"https:\/\/blogsaverroes.juntadeandalucia.es\/sanjosemontilla\/files\/2025\/10\/IMG-20251023-WA0004.jpg\"><figure class=\"swiper-slide-inner\"><img decoding=\"async\" class=\"swiper-slide-image\" src=\"https:\/\/blogsaverroes.juntadeandalucia.es\/sanjosemontilla\/files\/2025\/10\/IMG-20251023-WA0004-150x150.jpg\" alt=\"IMG-20251023-WA0004\" \/><\/figure><\/a><\/div><div class=\"swiper-slide\" role=\"group\" aria-roledescription=\"slide\" aria-label=\"4 de 12\"><a data-elementor-open-lightbox=\"yes\" data-elementor-lightbox-slideshow=\"9220111\" data-elementor-lightbox-title=\"IMG-20251023-WA0005\" data-e-action-hash=\"#elementor-action%3Aaction%3Dlightbox%26settings%3DeyJpZCI6IjIxMTkiLCJ1cmwiOiJodHRwczpcL1wvYmxvZ3NhdmVycm9lcy5qdW50YWRlYW5kYWx1Y2lhLmVzXC9zYW5qb3NlbW9udGlsbGFcL2ZpbGVzXC8yMDI1XC8xMFwvSU1HLTIwMjUxMDIzLVdBMDAwNS5qcGciLCJzbGlkZXNob3ciOiI5MjIwMTExIn0%3D\" href=\"https:\/\/blogsaverroes.juntadeandalucia.es\/sanjosemontilla\/files\/2025\/10\/IMG-20251023-WA0005.jpg\"><figure class=\"swiper-slide-inner\"><img decoding=\"async\" class=\"swiper-slide-image\" src=\"https:\/\/blogsaverroes.juntadeandalucia.es\/sanjosemontilla\/files\/2025\/10\/IMG-20251023-WA0005-150x150.jpg\" alt=\"IMG-20251023-WA0005\" \/><\/figure><\/a><\/div><div class=\"swiper-slide\" role=\"group\" aria-roledescription=\"slide\" aria-label=\"5 de 12\"><a data-elementor-open-lightbox=\"yes\" data-elementor-lightbox-slideshow=\"9220111\" data-elementor-lightbox-title=\"IMG-20251023-WA0006\" data-e-action-hash=\"#elementor-action%3Aaction%3Dlightbox%26settings%3DeyJpZCI6IjIxMjAiLCJ1cmwiOiJodHRwczpcL1wvYmxvZ3NhdmVycm9lcy5qdW50YWRlYW5kYWx1Y2lhLmVzXC9zYW5qb3NlbW9udGlsbGFcL2ZpbGVzXC8yMDI1XC8xMFwvSU1HLTIwMjUxMDIzLVdBMDAwNi5qcGciLCJzbGlkZXNob3ciOiI5MjIwMTExIn0%3D\" href=\"https:\/\/blogsaverroes.juntadeandalucia.es\/sanjosemontilla\/files\/2025\/10\/IMG-20251023-WA0006.jpg\"><figure class=\"swiper-slide-inner\"><img decoding=\"async\" class=\"swiper-slide-image\" src=\"https:\/\/blogsaverroes.juntadeandalucia.es\/sanjosemontilla\/files\/2025\/10\/IMG-20251023-WA0006-150x150.jpg\" alt=\"IMG-20251023-WA0006\" \/><\/figure><\/a><\/div><div class=\"swiper-slide\" role=\"group\" aria-roledescription=\"slide\" aria-label=\"6 de 12\"><a data-elementor-open-lightbox=\"yes\" data-elementor-lightbox-slideshow=\"9220111\" data-elementor-lightbox-title=\"IMG-20251023-WA0007\" data-e-action-hash=\"#elementor-action%3Aaction%3Dlightbox%26settings%3DeyJpZCI6IjIxMjEiLCJ1cmwiOiJodHRwczpcL1wvYmxvZ3NhdmVycm9lcy5qdW50YWRlYW5kYWx1Y2lhLmVzXC9zYW5qb3NlbW9udGlsbGFcL2ZpbGVzXC8yMDI1XC8xMFwvSU1HLTIwMjUxMDIzLVdBMDAwNy5qcGciLCJzbGlkZXNob3ciOiI5MjIwMTExIn0%3D\" href=\"https:\/\/blogsaverroes.juntadeandalucia.es\/sanjosemontilla\/files\/2025\/10\/IMG-20251023-WA0007.jpg\"><figure class=\"swiper-slide-inner\"><img decoding=\"async\" class=\"swiper-slide-image\" src=\"https:\/\/blogsaverroes.juntadeandalucia.es\/sanjosemontilla\/files\/2025\/10\/IMG-20251023-WA0007-150x150.jpg\" alt=\"IMG-20251023-WA0007\" \/><\/figure><\/a><\/div><div class=\"swiper-slide\" role=\"group\" aria-roledescription=\"slide\" aria-label=\"7 de 12\"><a data-elementor-open-lightbox=\"yes\" data-elementor-lightbox-slideshow=\"9220111\" data-elementor-lightbox-title=\"IMG-20251023-WA0008\" data-e-action-hash=\"#elementor-action%3Aaction%3Dlightbox%26settings%3DeyJpZCI6IjIxMjIiLCJ1cmwiOiJodHRwczpcL1wvYmxvZ3NhdmVycm9lcy5qdW50YWRlYW5kYWx1Y2lhLmVzXC9zYW5qb3NlbW9udGlsbGFcL2ZpbGVzXC8yMDI1XC8xMFwvSU1HLTIwMjUxMDIzLVdBMDAwOC5qcGciLCJzbGlkZXNob3ciOiI5MjIwMTExIn0%3D\" href=\"https:\/\/blogsaverroes.juntadeandalucia.es\/sanjosemontilla\/files\/2025\/10\/IMG-20251023-WA0008.jpg\"><figure class=\"swiper-slide-inner\"><img decoding=\"async\" class=\"swiper-slide-image\" src=\"https:\/\/blogsaverroes.juntadeandalucia.es\/sanjosemontilla\/files\/2025\/10\/IMG-20251023-WA0008-150x150.jpg\" alt=\"IMG-20251023-WA0008\" \/><\/figure><\/a><\/div><div class=\"swiper-slide\" role=\"group\" aria-roledescription=\"slide\" aria-label=\"8 de 12\"><a data-elementor-open-lightbox=\"yes\" data-elementor-lightbox-slideshow=\"9220111\" data-elementor-lightbox-title=\"IMG-20251023-WA0009\" data-e-action-hash=\"#elementor-action%3Aaction%3Dlightbox%26settings%3DeyJpZCI6IjIxMjMiLCJ1cmwiOiJodHRwczpcL1wvYmxvZ3NhdmVycm9lcy5qdW50YWRlYW5kYWx1Y2lhLmVzXC9zYW5qb3NlbW9udGlsbGFcL2ZpbGVzXC8yMDI1XC8xMFwvSU1HLTIwMjUxMDIzLVdBMDAwOS5qcGciLCJzbGlkZXNob3ciOiI5MjIwMTExIn0%3D\" href=\"https:\/\/blogsaverroes.juntadeandalucia.es\/sanjosemontilla\/files\/2025\/10\/IMG-20251023-WA0009.jpg\"><figure class=\"swiper-slide-inner\"><img decoding=\"async\" class=\"swiper-slide-image\" src=\"https:\/\/blogsaverroes.juntadeandalucia.es\/sanjosemontilla\/files\/2025\/10\/IMG-20251023-WA0009-150x150.jpg\" alt=\"IMG-20251023-WA0009\" \/><\/figure><\/a><\/div><div class=\"swiper-slide\" role=\"group\" aria-roledescription=\"slide\" aria-label=\"9 de 12\"><a data-elementor-open-lightbox=\"yes\" data-elementor-lightbox-slideshow=\"9220111\" data-elementor-lightbox-title=\"IMG-20251023-WA0010\" data-e-action-hash=\"#elementor-action%3Aaction%3Dlightbox%26settings%3DeyJpZCI6IjIxMjQiLCJ1cmwiOiJodHRwczpcL1wvYmxvZ3NhdmVycm9lcy5qdW50YWRlYW5kYWx1Y2lhLmVzXC9zYW5qb3NlbW9udGlsbGFcL2ZpbGVzXC8yMDI1XC8xMFwvSU1HLTIwMjUxMDIzLVdBMDAxMC5qcGciLCJzbGlkZXNob3ciOiI5MjIwMTExIn0%3D\" href=\"https:\/\/blogsaverroes.juntadeandalucia.es\/sanjosemontilla\/files\/2025\/10\/IMG-20251023-WA0010.jpg\"><figure class=\"swiper-slide-inner\"><img decoding=\"async\" class=\"swiper-slide-image\" src=\"https:\/\/blogsaverroes.juntadeandalucia.es\/sanjosemontilla\/files\/2025\/10\/IMG-20251023-WA0010-150x150.jpg\" alt=\"IMG-20251023-WA0010\" \/><\/figure><\/a><\/div><div class=\"swiper-slide\" role=\"group\" aria-roledescription=\"slide\" aria-label=\"10 de 12\"><a data-elementor-open-lightbox=\"yes\" data-elementor-lightbox-slideshow=\"9220111\" data-elementor-lightbox-title=\"IMG-20251023-WA0011\" data-e-action-hash=\"#elementor-action%3Aaction%3Dlightbox%26settings%3DeyJpZCI6IjIxMjUiLCJ1cmwiOiJodHRwczpcL1wvYmxvZ3NhdmVycm9lcy5qdW50YWRlYW5kYWx1Y2lhLmVzXC9zYW5qb3NlbW9udGlsbGFcL2ZpbGVzXC8yMDI1XC8xMFwvSU1HLTIwMjUxMDIzLVdBMDAxMS5qcGciLCJzbGlkZXNob3ciOiI5MjIwMTExIn0%3D\" href=\"https:\/\/blogsaverroes.juntadeandalucia.es\/sanjosemontilla\/files\/2025\/10\/IMG-20251023-WA0011.jpg\"><figure class=\"swiper-slide-inner\"><img decoding=\"async\" class=\"swiper-slide-image\" src=\"https:\/\/blogsaverroes.juntadeandalucia.es\/sanjosemontilla\/files\/2025\/10\/IMG-20251023-WA0011-150x150.jpg\" alt=\"IMG-20251023-WA0011\" \/><\/figure><\/a><\/div><div class=\"swiper-slide\" role=\"group\" aria-roledescription=\"slide\" aria-label=\"11 de 12\"><a data-elementor-open-lightbox=\"yes\" data-elementor-lightbox-slideshow=\"9220111\" data-elementor-lightbox-title=\"IMG-20251023-WA0012\" data-e-action-hash=\"#elementor-action%3Aaction%3Dlightbox%26settings%3DeyJpZCI6IjIxMjYiLCJ1cmwiOiJodHRwczpcL1wvYmxvZ3NhdmVycm9lcy5qdW50YWRlYW5kYWx1Y2lhLmVzXC9zYW5qb3NlbW9udGlsbGFcL2ZpbGVzXC8yMDI1XC8xMFwvSU1HLTIwMjUxMDIzLVdBMDAxMi5qcGciLCJzbGlkZXNob3ciOiI5MjIwMTExIn0%3D\" href=\"https:\/\/blogsaverroes.juntadeandalucia.es\/sanjosemontilla\/files\/2025\/10\/IMG-20251023-WA0012.jpg\"><figure class=\"swiper-slide-inner\"><img decoding=\"async\" class=\"swiper-slide-image\" src=\"https:\/\/blogsaverroes.juntadeandalucia.es\/sanjosemontilla\/files\/2025\/10\/IMG-20251023-WA0012-150x150.jpg\" alt=\"IMG-20251023-WA0012\" \/><\/figure><\/a><\/div><div class=\"swiper-slide\" role=\"group\" aria-roledescription=\"slide\" aria-label=\"12 de 12\"><a data-elementor-open-lightbox=\"yes\" data-elementor-lightbox-slideshow=\"9220111\" data-elementor-lightbox-title=\"IMG-20251023-WA0013\" data-e-action-hash=\"#elementor-action%3Aaction%3Dlightbox%26settings%3DeyJpZCI6IjIxMjciLCJ1cmwiOiJodHRwczpcL1wvYmxvZ3NhdmVycm9lcy5qdW50YWRlYW5kYWx1Y2lhLmVzXC9zYW5qb3NlbW9udGlsbGFcL2ZpbGVzXC8yMDI1XC8xMFwvSU1HLTIwMjUxMDIzLVdBMDAxMy5qcGciLCJzbGlkZXNob3ciOiI5MjIwMTExIn0%3D\" href=\"https:\/\/blogsaverroes.juntadeandalucia.es\/sanjosemontilla\/files\/2025\/10\/IMG-20251023-WA0013.jpg\"><figure class=\"swiper-slide-inner\"><img decoding=\"async\" class=\"swiper-slide-image\" src=\"https:\/\/blogsaverroes.juntadeandalucia.es\/sanjosemontilla\/files\/2025\/10\/IMG-20251023-WA0013-150x150.jpg\" alt=\"IMG-20251023-WA0013\" \/><\/figure><\/a><\/div>\t\t\t<\/div>\n\t\t\t\t\t\t\t\t\t\t\t\t<div class=\"elementor-swiper-button elementor-swiper-button-prev\" role=\"button\" tabindex=\"0\">\n\t\t\t\t\t\t<svg aria-hidden=\"true\" class=\"e-font-icon-svg e-eicon-chevron-left\" viewBox=\"0 0 1000 1000\" xmlns=\"http:\/\/www.w3.org\/2000\/svg\"><path d=\"M646 125C629 125 613 133 604 142L308 442C296 454 292 471 292 487 292 504 296 521 308 533L604 854C617 867 629 875 646 875 663 875 679 871 692 858 704 846 713 829 713 812 713 796 708 779 692 767L438 487 692 225C700 217 708 204 708 187 708 171 704 154 692 142 675 129 663 125 646 125Z\"><\/path><\/svg>\t\t\t\t\t<\/div>\n\t\t\t\t\t<div class=\"elementor-swiper-button elementor-swiper-button-next\" role=\"button\" tabindex=\"0\">\n\t\t\t\t\t\t<svg aria-hidden=\"true\" class=\"e-font-icon-svg e-eicon-chevron-right\" viewBox=\"0 0 1000 1000\" xmlns=\"http:\/\/www.w3.org\/2000\/svg\"><path d=\"M696 533C708 521 713 504 713 487 713 471 708 454 696 446L400 146C388 133 375 125 354 125 338 125 325 129 313 142 300 154 292 171 292 187 292 204 296 221 308 233L563 492 304 771C292 783 288 800 288 817 288 833 296 850 308 863 321 871 338 875 354 875 371 875 388 867 400 854L696 533Z\"><\/path><\/svg>\t\t\t\t\t<\/div>\n\t\t\t\t\n\t\t\t\t\t\t\t\t\t<div class=\"swiper-pagination\"><\/div>\n\t\t\t\t\t\t\t\t\t<\/div>\n\t\t\t\t\t\t<\/div>\n\t\t\t\t<\/div>\n\t\t\t\t\t<\/div>\n\t\t\t\t<\/div>\n\t\t<div class=\"elementor-element elementor-element-4acb9a4 e-flex e-con-boxed e-con e-parent\" data-id=\"4acb9a4\" data-element_type=\"container\">\n\t\t\t\t\t<div class=\"e-con-inner\">\n\t\t\t\t<div class=\"elementor-element elementor-element-802aa48 elementor-widget-divider--view-line elementor-widget elementor-widget-divider\" data-id=\"802aa48\" data-element_type=\"widget\" data-widget_type=\"divider.default\">\n\t\t\t\t<div class=\"elementor-widget-container\">\n\t\t\t\t\t\t\t<div class=\"elementor-divider\">\n\t\t\t<span class=\"elementor-divider-separator\">\n\t\t\t\t\t\t<\/span>\n\t\t<\/div>\n\t\t\t\t\t\t<\/div>\n\t\t\t\t<\/div>\n\t\t\t\t\t<\/div>\n\t\t\t\t<\/div>\n\t\t<div class=\"elementor-element elementor-element-6b9fd6a e-flex e-con-boxed e-con e-parent\" data-id=\"6b9fd6a\" data-element_type=\"container\" data-settings=\"{&quot;background_background&quot;:&quot;classic&quot;}\">\n\t\t\t\t\t<div class=\"e-con-inner\">\n\t\t\t\t<div class=\"elementor-element elementor-element-8ef995e elementor-position-left elementor-vertical-align-middle elementor-widget elementor-widget-image-box\" data-id=\"8ef995e\" data-element_type=\"widget\" data-widget_type=\"image-box.default\">\n\t\t\t\t<div class=\"elementor-widget-container\">\n\t\t\t\t\t<div class=\"elementor-image-box-wrapper\"><figure class=\"elementor-image-box-img\"><img decoding=\"async\" width=\"300\" height=\"301\" src=\"https:\/\/blogsaverroes.juntadeandalucia.es\/sanjosemontilla\/files\/2024\/11\/patrullas.jpg\" class=\"attachment-full size-full wp-image-428\" alt=\"\" srcset=\"https:\/\/blogsaverroes.juntadeandalucia.es\/sanjosemontilla\/files\/2024\/11\/patrullas.jpg 300w, https:\/\/blogsaverroes.juntadeandalucia.es\/sanjosemontilla\/files\/2024\/11\/patrullas-150x150.jpg 150w\" sizes=\"(max-width: 300px) 100vw, 300px\" \/><\/figure><div class=\"elementor-image-box-content\"><h3 class=\"elementor-image-box-title\">Patrullas Energ\u00e9ticas<\/h3><p class=\"elementor-image-box-description\">Dentro del programa Aldea que se desarrolla en el centro, se han creado las Patrullas Energ\u00e9ticas: un grupo de alumnos\/as velar\u00e1n para que no haya luces encendidas innecesariamente, que se apaguen los ordenadores y las PDI despu\u00e9s de su uso, que se utilice la luz natural... y otras medidas encaminadas al ahorro energ\u00e9tico con las que pretendemos tomar conciencia del problema del cambio clim\u00e1tico y generar actitudes respetuosas con el medio ambiente.<\/p><\/div><\/div>\t\t\t\t<\/div>\n\t\t\t\t<\/div>\n\t\t\t\t\t<\/div>\n\t\t\t\t<\/div>\n\t\t\t\t<\/div>\n\t\t","protected":false},"excerpt":{"rendered":"<p>Programa ALDEA Con este programa promovemos el desarrollo integrado de iniciativas de educaci\u00f3n ambiental ante la situaci\u00f3n de emergencia clim\u00e1tica actual, la conexi\u00f3n con la naturaleza y renaturalizaci\u00f3n de espacios, el cambio clim\u00e1tico, el desarrollo sostenible y las relaciones del ser humano con su entorno social y natural. NUESTRO SEMILLERO Los alumnos\/as de sexto han [&hellip;]<\/p>\n","protected":false},"author":19787,"featured_media":0,"parent":0,"menu_order":0,"comment_status":"closed","ping_status":"closed","template":"","meta":{"ngg_post_thumbnail":0,"footnotes":""},"aioseo_notices":[],"_links":{"self":[{"href":"https:\/\/blogsaverroes.juntadeandalucia.es\/sanjosemontilla\/wp-json\/wp\/v2\/pages\/222"}],"collection":[{"href":"https:\/\/blogsaverroes.juntadeandalucia.es\/sanjosemontilla\/wp-json\/wp\/v2\/pages"}],"about":[{"href":"https:\/\/blogsaverroes.juntadeandalucia.es\/sanjosemontilla\/wp-json\/wp\/v2\/types\/page"}],"author":[{"embeddable":true,"href":"https:\/\/blogsaverroes.juntadeandalucia.es\/sanjosemontilla\/wp-json\/wp\/v2\/users\/19787"}],"replies":[{"embeddable":true,"href":"https:\/\/blogsaverroes.juntadeandalucia.es\/sanjosemontilla\/wp-json\/wp\/v2\/comments?post=222"}],"version-history":[{"count":19,"href":"https:\/\/blogsaverroes.juntadeandalucia.es\/sanjosemontilla\/wp-json\/wp\/v2\/pages\/222\/revisions"}],"predecessor-version":[{"id":2169,"href":"https:\/\/blogsaverroes.juntadeandalucia.es\/sanjosemontilla\/wp-json\/wp\/v2\/pages\/222\/revisions\/2169"}],"wp:attachment":[{"href":"https:\/\/blogsaverroes.juntadeandalucia.es\/sanjosemontilla\/wp-json\/wp\/v2\/media?parent=222"}],"curies":[{"name":"wp","href":"https:\/\/api.w.org\/{rel}","templated":true}]}}