{"id":26,"date":"2024-07-18T07:57:02","date_gmt":"2024-07-18T05:57:02","guid":{"rendered":"https:\/\/blogsaverroes.juntadeandalucia.es\/sanjosemontilla\/?page_id=26"},"modified":"2026-04-30T16:50:21","modified_gmt":"2026-04-30T14:50:21","slug":"inicio","status":"publish","type":"page","link":"https:\/\/blogsaverroes.juntadeandalucia.es\/sanjosemontilla\/","title":{"rendered":"Inicio"},"content":{"rendered":"\t\t<div data-elementor-type=\"wp-page\" data-elementor-id=\"26\" class=\"elementor elementor-26\">\n\t\t\t\t<div class=\"elementor-element elementor-element-e7148d3 e-flex e-con-boxed e-con e-parent\" data-id=\"e7148d3\" data-element_type=\"container\">\n\t\t\t\t\t<div class=\"e-con-inner\">\n\t\t\t\t<div class=\"elementor-element elementor-element-cceb213 elementor-widget elementor-widget-n-accordion\" data-id=\"cceb213\" data-element_type=\"widget\" data-settings=\"{&quot;default_state&quot;:&quot;expanded&quot;,&quot;max_items_expended&quot;:&quot;one&quot;,&quot;n_accordion_animation_duration&quot;:{&quot;unit&quot;:&quot;ms&quot;,&quot;size&quot;:400,&quot;sizes&quot;:[]}}\" data-widget_type=\"nested-accordion.default\">\n\t\t\t\t<div class=\"elementor-widget-container\">\n\t\t\t\t\t\t\t<div class=\"e-n-accordion\" aria-label=\"Accordion. Open links with Enter or Space, close with Escape, and navigate with Arrow Keys\">\n\t\t\t\t\t\t<details id=\"e-n-accordion-item-2140\" class=\"e-n-accordion-item\" open>\n\t\t\t\t<summary class=\"e-n-accordion-item-title\" data-accordion-index=\"1\" tabindex=\"0\" aria-expanded=\"true\" aria-controls=\"e-n-accordion-item-2140\" >\n\t\t\t\t\t<span class='e-n-accordion-item-title-header'><div class=\"e-n-accordion-item-title-text\"> TALLERES DE COMPETENCIA COMUNICATIVA <\/div><\/span>\n\t\t\t\t\t\t\t<span class='e-n-accordion-item-title-icon'>\n\t\t\t<span class='e-opened' ><svg aria-hidden=\"true\" class=\"e-font-icon-svg e-fas-minus\" viewBox=\"0 0 448 512\" xmlns=\"http:\/\/www.w3.org\/2000\/svg\"><path d=\"M416 208H32c-17.67 0-32 14.33-32 32v32c0 17.67 14.33 32 32 32h384c17.67 0 32-14.33 32-32v-32c0-17.67-14.33-32-32-32z\"><\/path><\/svg><\/span>\n\t\t\t<span class='e-closed'><svg aria-hidden=\"true\" class=\"e-font-icon-svg e-fas-plus\" viewBox=\"0 0 448 512\" xmlns=\"http:\/\/www.w3.org\/2000\/svg\"><path d=\"M416 208H272V64c0-17.67-14.33-32-32-32h-32c-17.67 0-32 14.33-32 32v144H32c-17.67 0-32 14.33-32 32v32c0 17.67 14.33 32 32 32h144v144c0 17.67 14.33 32 32 32h32c17.67 0 32-14.33 32-32V304h144c17.67 0 32-14.33 32-32v-32c0-17.67-14.33-32-32-32z\"><\/path><\/svg><\/span>\n\t\t<\/span>\n\n\t\t\t\t\t\t<\/summary>\n\t\t\t\t<div role=\"region\" aria-labelledby=\"e-n-accordion-item-2140\" class=\"elementor-element elementor-element-af2ce51 e-flex e-con-boxed e-con e-child\" data-id=\"af2ce51\" data-element_type=\"container\">\n\t\t\t\t\t<div class=\"e-con-inner\">\n\t\t\t\t<div class=\"elementor-element elementor-element-ab7da9c elementor-widget elementor-widget-text-editor\" data-id=\"ab7da9c\" data-element_type=\"widget\" data-widget_type=\"text-editor.default\">\n\t\t\t\t<div class=\"elementor-widget-container\">\n\t\t\t\t\t\t\t\t\t<p><a href=\"https:\/\/blogsaverroes.juntadeandalucia.es\/sanjosemontilla\/files\/2026\/04\/talleres_comp_comu.mp4\" target=\"_blank\" rel=\"noopener\"><img fetchpriority=\"high\" decoding=\"async\" class=\"size-medium wp-image-3122 aligncenter\" src=\"https:\/\/blogsaverroes.juntadeandalucia.es\/sanjosemontilla\/files\/2026\/04\/taller_comp_com-300x179.jpg\" alt=\"\" width=\"300\" height=\"179\" srcset=\"https:\/\/blogsaverroes.juntadeandalucia.es\/sanjosemontilla\/files\/2026\/04\/taller_comp_com-300x179.jpg 300w, https:\/\/blogsaverroes.juntadeandalucia.es\/sanjosemontilla\/files\/2026\/04\/taller_comp_com.jpg 485w\" sizes=\"(max-width: 300px) 100vw, 300px\" \/><\/a>Inf\u00f3rmate de la jornada para impulsar el aprendizaje pr\u00e1ctico y significativo en lengua inglesa en la secci\u00f3n <a href=\"https:\/\/blogsaverroes.juntadeandalucia.es\/sanjosemontilla\/noticias\/#compcomu\">NOTICIAS<\/a>.<\/p>\t\t\t\t\t\t\t\t<\/div>\n\t\t\t\t<\/div>\n\t\t\t\t\t<\/div>\n\t\t\t\t<\/div>\n\t\t\t\t\t<\/details>\n\t\t\t\t\t\t<details id=\"e-n-accordion-item-2141\" class=\"e-n-accordion-item\" >\n\t\t\t\t<summary class=\"e-n-accordion-item-title\" data-accordion-index=\"2\" tabindex=\"-1\" aria-expanded=\"false\" aria-controls=\"e-n-accordion-item-2141\" >\n\t\t\t\t\t<span class='e-n-accordion-item-title-header'><div class=\"e-n-accordion-item-title-text\"> INFANTIL VISITA LA BIBLIOTECA <\/div><\/span>\n\t\t\t\t\t\t\t<span class='e-n-accordion-item-title-icon'>\n\t\t\t<span class='e-opened' ><svg aria-hidden=\"true\" class=\"e-font-icon-svg e-fas-minus\" viewBox=\"0 0 448 512\" xmlns=\"http:\/\/www.w3.org\/2000\/svg\"><path d=\"M416 208H32c-17.67 0-32 14.33-32 32v32c0 17.67 14.33 32 32 32h384c17.67 0 32-14.33 32-32v-32c0-17.67-14.33-32-32-32z\"><\/path><\/svg><\/span>\n\t\t\t<span class='e-closed'><svg aria-hidden=\"true\" class=\"e-font-icon-svg e-fas-plus\" viewBox=\"0 0 448 512\" xmlns=\"http:\/\/www.w3.org\/2000\/svg\"><path d=\"M416 208H272V64c0-17.67-14.33-32-32-32h-32c-17.67 0-32 14.33-32 32v144H32c-17.67 0-32 14.33-32 32v32c0 17.67 14.33 32 32 32h144v144c0 17.67 14.33 32 32 32h32c17.67 0 32-14.33 32-32V304h144c17.67 0 32-14.33 32-32v-32c0-17.67-14.33-32-32-32z\"><\/path><\/svg><\/span>\n\t\t<\/span>\n\n\t\t\t\t\t\t<\/summary>\n\t\t\t\t<div role=\"region\" aria-labelledby=\"e-n-accordion-item-2141\" class=\"elementor-element elementor-element-2f0b3c4 e-flex e-con-boxed e-con e-child\" data-id=\"2f0b3c4\" data-element_type=\"container\">\n\t\t\t\t\t<div class=\"e-con-inner\">\n\t\t\t\t<div class=\"elementor-element elementor-element-ea21673 elementor-widget elementor-widget-text-editor\" data-id=\"ea21673\" data-element_type=\"widget\" data-widget_type=\"text-editor.default\">\n\t\t\t\t<div class=\"elementor-widget-container\">\n\t\t\t\t\t\t\t\t\t<p style=\"text-align: center\"><a href=\"https:\/\/blogsaverroes.juntadeandalucia.es\/sanjosemontilla\/files\/2026\/04\/biblioteca_inf.mp4\" target=\"_blank\" rel=\"noopener\"><img decoding=\"async\" class=\"size-full wp-image-3093 aligncenter\" src=\"https:\/\/blogsaverroes.juntadeandalucia.es\/sanjosemontilla\/files\/2026\/04\/biblioteca_inf.png\" alt=\"\" width=\"272\" height=\"203\" \/><\/a>Mira c\u00f3mo ha sido la <a href=\"https:\/\/blogsaverroes.juntadeandalucia.es\/sanjosemontilla\/files\/2026\/04\/biblioteca_inf.mp4\" target=\"_blank\" rel=\"noopener\">visita de Infantil a la Biblioteca<\/a><\/p>\t\t\t\t\t\t\t\t<\/div>\n\t\t\t\t<\/div>\n\t\t\t\t\t<\/div>\n\t\t\t\t<\/div>\n\t\t\t\t\t<\/details>\n\t\t\t\t\t\t<details id=\"e-n-accordion-item-2142\" class=\"e-n-accordion-item\" >\n\t\t\t\t<summary class=\"e-n-accordion-item-title\" data-accordion-index=\"3\" tabindex=\"-1\" aria-expanded=\"false\" aria-controls=\"e-n-accordion-item-2142\" >\n\t\t\t\t\t<span class='e-n-accordion-item-title-header'><div class=\"e-n-accordion-item-title-text\"> D\u00cdA DEL LIBRO <\/div><\/span>\n\t\t\t\t\t\t\t<span class='e-n-accordion-item-title-icon'>\n\t\t\t<span class='e-opened' ><svg aria-hidden=\"true\" class=\"e-font-icon-svg e-fas-minus\" viewBox=\"0 0 448 512\" xmlns=\"http:\/\/www.w3.org\/2000\/svg\"><path d=\"M416 208H32c-17.67 0-32 14.33-32 32v32c0 17.67 14.33 32 32 32h384c17.67 0 32-14.33 32-32v-32c0-17.67-14.33-32-32-32z\"><\/path><\/svg><\/span>\n\t\t\t<span class='e-closed'><svg aria-hidden=\"true\" class=\"e-font-icon-svg e-fas-plus\" viewBox=\"0 0 448 512\" xmlns=\"http:\/\/www.w3.org\/2000\/svg\"><path d=\"M416 208H272V64c0-17.67-14.33-32-32-32h-32c-17.67 0-32 14.33-32 32v144H32c-17.67 0-32 14.33-32 32v32c0 17.67 14.33 32 32 32h144v144c0 17.67 14.33 32 32 32h32c17.67 0 32-14.33 32-32V304h144c17.67 0 32-14.33 32-32v-32c0-17.67-14.33-32-32-32z\"><\/path><\/svg><\/span>\n\t\t<\/span>\n\n\t\t\t\t\t\t<\/summary>\n\t\t\t\t<div role=\"region\" aria-labelledby=\"e-n-accordion-item-2142\" class=\"elementor-element elementor-element-2676b17 e-flex e-con-boxed e-con e-child\" data-id=\"2676b17\" data-element_type=\"container\">\n\t\t\t\t\t<div class=\"e-con-inner\">\n\t\t\t\t<div class=\"elementor-element elementor-element-8d68897 elementor-widget elementor-widget-text-editor\" data-id=\"8d68897\" data-element_type=\"widget\" data-widget_type=\"text-editor.default\">\n\t\t\t\t<div class=\"elementor-widget-container\">\n\t\t\t\t\t\t\t\t\t<p style=\"text-align: center\"><a href=\"https:\/\/blogsaverroes.juntadeandalucia.es\/sanjosemontilla\/files\/2026\/04\/LIBRO4.mp4\" target=\"_blank\" rel=\"noopener\"><img decoding=\"async\" class=\"size-medium wp-image-3088 aligncenter\" src=\"https:\/\/blogsaverroes.juntadeandalucia.es\/sanjosemontilla\/files\/2026\/04\/libro-300x220.png\" alt=\"\" width=\"300\" height=\"220\" srcset=\"https:\/\/blogsaverroes.juntadeandalucia.es\/sanjosemontilla\/files\/2026\/04\/libro-300x220.png 300w, https:\/\/blogsaverroes.juntadeandalucia.es\/sanjosemontilla\/files\/2026\/04\/libro.png 347w\" sizes=\"(max-width: 300px) 100vw, 300px\" \/><\/a>Lo mejor del D\u00eda del Libro, <a href=\"https:\/\/blogsaverroes.juntadeandalucia.es\/sanjosemontilla\/files\/2026\/04\/LIBRO4.mp4\" target=\"_blank\" rel=\"noopener\">AQU\u00cd<\/a>.<\/p>\t\t\t\t\t\t\t\t<\/div>\n\t\t\t\t<\/div>\n\t\t\t\t\t<\/div>\n\t\t\t\t<\/div>\n\t\t\t\t\t<\/details>\n\t\t\t\t\t\t<details id=\"e-n-accordion-item-2143\" class=\"e-n-accordion-item\" >\n\t\t\t\t<summary class=\"e-n-accordion-item-title\" data-accordion-index=\"4\" tabindex=\"-1\" aria-expanded=\"false\" aria-controls=\"e-n-accordion-item-2143\" >\n\t\t\t\t\t<span class='e-n-accordion-item-title-header'><div class=\"e-n-accordion-item-title-text\"> CERTAMEN DE TEATRO DE MONTILLA <\/div><\/span>\n\t\t\t\t\t\t\t<span class='e-n-accordion-item-title-icon'>\n\t\t\t<span class='e-opened' ><svg aria-hidden=\"true\" class=\"e-font-icon-svg e-fas-minus\" viewBox=\"0 0 448 512\" xmlns=\"http:\/\/www.w3.org\/2000\/svg\"><path d=\"M416 208H32c-17.67 0-32 14.33-32 32v32c0 17.67 14.33 32 32 32h384c17.67 0 32-14.33 32-32v-32c0-17.67-14.33-32-32-32z\"><\/path><\/svg><\/span>\n\t\t\t<span class='e-closed'><svg aria-hidden=\"true\" class=\"e-font-icon-svg e-fas-plus\" viewBox=\"0 0 448 512\" xmlns=\"http:\/\/www.w3.org\/2000\/svg\"><path d=\"M416 208H272V64c0-17.67-14.33-32-32-32h-32c-17.67 0-32 14.33-32 32v144H32c-17.67 0-32 14.33-32 32v32c0 17.67 14.33 32 32 32h144v144c0 17.67 14.33 32 32 32h32c17.67 0 32-14.33 32-32V304h144c17.67 0 32-14.33 32-32v-32c0-17.67-14.33-32-32-32z\"><\/path><\/svg><\/span>\n\t\t<\/span>\n\n\t\t\t\t\t\t<\/summary>\n\t\t\t\t<div role=\"region\" aria-labelledby=\"e-n-accordion-item-2143\" class=\"elementor-element elementor-element-67d0883 e-flex e-con-boxed e-con e-child\" data-id=\"67d0883\" data-element_type=\"container\">\n\t\t\t\t\t<div class=\"e-con-inner\">\n\t\t\t\t<div class=\"elementor-element elementor-element-7faabdb elementor-widget elementor-widget-text-editor\" data-id=\"7faabdb\" data-element_type=\"widget\" data-widget_type=\"text-editor.default\">\n\t\t\t\t<div class=\"elementor-widget-container\">\n\t\t\t\t\t\t\t\t\t<p><a href=\"https:\/\/blogsaverroes.juntadeandalucia.es\/sanjosemontilla\/files\/2026\/04\/TEATRO.mp4\" target=\"_blank\" rel=\"noopener\"><img loading=\"lazy\" decoding=\"async\" class=\"size-medium wp-image-3076 aligncenter\" src=\"https:\/\/blogsaverroes.juntadeandalucia.es\/sanjosemontilla\/files\/2026\/04\/TEATRO-300x153.png\" alt=\"\" width=\"300\" height=\"153\" srcset=\"https:\/\/blogsaverroes.juntadeandalucia.es\/sanjosemontilla\/files\/2026\/04\/TEATRO-300x153.png 300w, https:\/\/blogsaverroes.juntadeandalucia.es\/sanjosemontilla\/files\/2026\/04\/TEATRO.png 709w\" sizes=\"(max-width: 300px) 100vw, 300px\" \/><\/a>Nuestros compa\u00f1eros y compa\u00f1eras de 6\u00ba han representado la obra<a href=\"https:\/\/blogsaverroes.juntadeandalucia.es\/sanjosemontilla\/files\/2026\/04\/TEATRO.mp4\" target=\"_blank\" rel=\"noopener\"> \u00a1Mi madre&#8230;qu\u00e9 cabezas!<\/a> en el Certamen de Teatro de Montilla.<\/p>\t\t\t\t\t\t\t\t<\/div>\n\t\t\t\t<\/div>\n\t\t\t\t\t<\/div>\n\t\t\t\t<\/div>\n\t\t\t\t\t<\/details>\n\t\t\t\t\t\t<details id=\"e-n-accordion-item-2144\" class=\"e-n-accordion-item\" >\n\t\t\t\t<summary class=\"e-n-accordion-item-title\" data-accordion-index=\"5\" tabindex=\"-1\" aria-expanded=\"false\" aria-controls=\"e-n-accordion-item-2144\" >\n\t\t\t\t\t<span class='e-n-accordion-item-title-header'><div class=\"e-n-accordion-item-title-text\"> FUENTES DE MONTILLA <\/div><\/span>\n\t\t\t\t\t\t\t<span class='e-n-accordion-item-title-icon'>\n\t\t\t<span class='e-opened' ><svg aria-hidden=\"true\" class=\"e-font-icon-svg e-fas-minus\" viewBox=\"0 0 448 512\" xmlns=\"http:\/\/www.w3.org\/2000\/svg\"><path d=\"M416 208H32c-17.67 0-32 14.33-32 32v32c0 17.67 14.33 32 32 32h384c17.67 0 32-14.33 32-32v-32c0-17.67-14.33-32-32-32z\"><\/path><\/svg><\/span>\n\t\t\t<span class='e-closed'><svg aria-hidden=\"true\" class=\"e-font-icon-svg e-fas-plus\" viewBox=\"0 0 448 512\" xmlns=\"http:\/\/www.w3.org\/2000\/svg\"><path d=\"M416 208H272V64c0-17.67-14.33-32-32-32h-32c-17.67 0-32 14.33-32 32v144H32c-17.67 0-32 14.33-32 32v32c0 17.67 14.33 32 32 32h144v144c0 17.67 14.33 32 32 32h32c17.67 0 32-14.33 32-32V304h144c17.67 0 32-14.33 32-32v-32c0-17.67-14.33-32-32-32z\"><\/path><\/svg><\/span>\n\t\t<\/span>\n\n\t\t\t\t\t\t<\/summary>\n\t\t\t\t<div role=\"region\" aria-labelledby=\"e-n-accordion-item-2144\" class=\"elementor-element elementor-element-07deead e-flex e-con-boxed e-con e-child\" data-id=\"07deead\" data-element_type=\"container\">\n\t\t\t\t\t<div class=\"e-con-inner\">\n\t\t\t\t<div class=\"elementor-element elementor-element-2502faa elementor-widget elementor-widget-text-editor\" data-id=\"2502faa\" data-element_type=\"widget\" data-widget_type=\"text-editor.default\">\n\t\t\t\t<div class=\"elementor-widget-container\">\n\t\t\t\t\t\t\t\t\t<p><a href=\"https:\/\/blogsaverroes.juntadeandalucia.es\/sanjosemontilla\/files\/2026\/04\/fuentes.mp4\" target=\"_blank\" rel=\"noopener\"><img loading=\"lazy\" decoding=\"async\" class=\"size-medium wp-image-3063 aligncenter\" src=\"https:\/\/blogsaverroes.juntadeandalucia.es\/sanjosemontilla\/files\/2026\/04\/fuentes-300x194.png\" alt=\"\" width=\"300\" height=\"194\" srcset=\"https:\/\/blogsaverroes.juntadeandalucia.es\/sanjosemontilla\/files\/2026\/04\/fuentes-300x194.png 300w, https:\/\/blogsaverroes.juntadeandalucia.es\/sanjosemontilla\/files\/2026\/04\/fuentes.png 518w\" sizes=\"(max-width: 300px) 100vw, 300px\" \/><\/a>Mira la <a href=\"https:\/\/blogsaverroes.juntadeandalucia.es\/sanjosemontilla\/files\/2026\/04\/fuentes.mp4\" target=\"_blank\" rel=\"noopener\">ruta de senderismo<\/a> que han realizado los alumnos\/as de 5\u00ba y 6\u00ba en su trabajo sobre las fuentes de Montilla.<\/p>\t\t\t\t\t\t\t\t<\/div>\n\t\t\t\t<\/div>\n\t\t\t\t\t<\/div>\n\t\t\t\t<\/div>\n\t\t\t\t\t<\/details>\n\t\t\t\t\t\t<details id=\"e-n-accordion-item-2145\" class=\"e-n-accordion-item\" >\n\t\t\t\t<summary class=\"e-n-accordion-item-title\" data-accordion-index=\"6\" tabindex=\"-1\" aria-expanded=\"false\" aria-controls=\"e-n-accordion-item-2145\" >\n\t\t\t\t\t<span class='e-n-accordion-item-title-header'><div class=\"e-n-accordion-item-title-text\"> MULTIAVENTURAS BENAMEJ\u00cd <\/div><\/span>\n\t\t\t\t\t\t\t<span class='e-n-accordion-item-title-icon'>\n\t\t\t<span class='e-opened' ><svg aria-hidden=\"true\" class=\"e-font-icon-svg e-fas-minus\" viewBox=\"0 0 448 512\" xmlns=\"http:\/\/www.w3.org\/2000\/svg\"><path d=\"M416 208H32c-17.67 0-32 14.33-32 32v32c0 17.67 14.33 32 32 32h384c17.67 0 32-14.33 32-32v-32c0-17.67-14.33-32-32-32z\"><\/path><\/svg><\/span>\n\t\t\t<span class='e-closed'><svg aria-hidden=\"true\" class=\"e-font-icon-svg e-fas-plus\" viewBox=\"0 0 448 512\" xmlns=\"http:\/\/www.w3.org\/2000\/svg\"><path d=\"M416 208H272V64c0-17.67-14.33-32-32-32h-32c-17.67 0-32 14.33-32 32v144H32c-17.67 0-32 14.33-32 32v32c0 17.67 14.33 32 32 32h144v144c0 17.67 14.33 32 32 32h32c17.67 0 32-14.33 32-32V304h144c17.67 0 32-14.33 32-32v-32c0-17.67-14.33-32-32-32z\"><\/path><\/svg><\/span>\n\t\t<\/span>\n\n\t\t\t\t\t\t<\/summary>\n\t\t\t\t<div role=\"region\" aria-labelledby=\"e-n-accordion-item-2145\" class=\"elementor-element elementor-element-e864820 e-flex e-con-boxed e-con e-child\" data-id=\"e864820\" data-element_type=\"container\">\n\t\t\t\t\t<div class=\"e-con-inner\">\n\t\t\t\t<div class=\"elementor-element elementor-element-3c1a313 elementor-widget elementor-widget-text-editor\" data-id=\"3c1a313\" data-element_type=\"widget\" data-widget_type=\"text-editor.default\">\n\t\t\t\t<div class=\"elementor-widget-container\">\n\t\t\t\t\t\t\t\t\t<p><a href=\"https:\/\/blogsaverroes.juntadeandalucia.es\/sanjosemontilla\/files\/2026\/04\/benameji_p3_4.mp4\" target=\"_blank\" rel=\"noopener\"><img loading=\"lazy\" decoding=\"async\" class=\"size-medium wp-image-3049 aligncenter\" src=\"https:\/\/blogsaverroes.juntadeandalucia.es\/sanjosemontilla\/files\/2026\/04\/benameji_p3_4-300x172.png\" alt=\"\" width=\"300\" height=\"172\" srcset=\"https:\/\/blogsaverroes.juntadeandalucia.es\/sanjosemontilla\/files\/2026\/04\/benameji_p3_4-300x172.png 300w, https:\/\/blogsaverroes.juntadeandalucia.es\/sanjosemontilla\/files\/2026\/04\/benameji_p3_4-768x441.png 768w, https:\/\/blogsaverroes.juntadeandalucia.es\/sanjosemontilla\/files\/2026\/04\/benameji_p3_4.png 822w\" sizes=\"(max-width: 300px) 100vw, 300px\" \/><\/a>As\u00ed de bien lo han pasado nuestros compa\u00f1eros\/as de <a href=\"https:\/\/blogsaverroes.juntadeandalucia.es\/sanjosemontilla\/files\/2026\/04\/benameji_p3_4.mp4\" target=\"_blank\" rel=\"noopener\">3\u00ba y 4\u00ba en el Centro Multiaventuras<\/a> de Benamej\u00ed.<\/p>\t\t\t\t\t\t\t\t<\/div>\n\t\t\t\t<\/div>\n\t\t\t\t\t<\/div>\n\t\t\t\t<\/div>\n\t\t\t\t\t<\/details>\n\t\t\t\t\t\t<details id=\"e-n-accordion-item-2146\" class=\"e-n-accordion-item\" >\n\t\t\t\t<summary class=\"e-n-accordion-item-title\" data-accordion-index=\"7\" tabindex=\"-1\" aria-expanded=\"false\" aria-controls=\"e-n-accordion-item-2146\" >\n\t\t\t\t\t<span class='e-n-accordion-item-title-header'><div class=\"e-n-accordion-item-title-text\"> MARCHA ESCOLAR POR LA SALUD <\/div><\/span>\n\t\t\t\t\t\t\t<span class='e-n-accordion-item-title-icon'>\n\t\t\t<span class='e-opened' ><svg aria-hidden=\"true\" class=\"e-font-icon-svg e-fas-minus\" viewBox=\"0 0 448 512\" xmlns=\"http:\/\/www.w3.org\/2000\/svg\"><path d=\"M416 208H32c-17.67 0-32 14.33-32 32v32c0 17.67 14.33 32 32 32h384c17.67 0 32-14.33 32-32v-32c0-17.67-14.33-32-32-32z\"><\/path><\/svg><\/span>\n\t\t\t<span class='e-closed'><svg aria-hidden=\"true\" class=\"e-font-icon-svg e-fas-plus\" viewBox=\"0 0 448 512\" xmlns=\"http:\/\/www.w3.org\/2000\/svg\"><path d=\"M416 208H272V64c0-17.67-14.33-32-32-32h-32c-17.67 0-32 14.33-32 32v144H32c-17.67 0-32 14.33-32 32v32c0 17.67 14.33 32 32 32h144v144c0 17.67 14.33 32 32 32h32c17.67 0 32-14.33 32-32V304h144c17.67 0 32-14.33 32-32v-32c0-17.67-14.33-32-32-32z\"><\/path><\/svg><\/span>\n\t\t<\/span>\n\n\t\t\t\t\t\t<\/summary>\n\t\t\t\t<div role=\"region\" aria-labelledby=\"e-n-accordion-item-2146\" class=\"elementor-element elementor-element-d6e9302 e-flex e-con-boxed e-con e-child\" data-id=\"d6e9302\" data-element_type=\"container\">\n\t\t\t\t\t<div class=\"e-con-inner\">\n\t\t\t\t<div class=\"elementor-element elementor-element-c9751d3 elementor-widget elementor-widget-text-editor\" data-id=\"c9751d3\" data-element_type=\"widget\" data-widget_type=\"text-editor.default\">\n\t\t\t\t<div class=\"elementor-widget-container\">\n\t\t\t\t\t\t\t\t\t<p><a href=\"https:\/\/blogsaverroes.juntadeandalucia.es\/sanjosemontilla\/files\/2026\/04\/marcha_salud.mp4\" target=\"_blank\" rel=\"noopener\"><img loading=\"lazy\" decoding=\"async\" class=\"size-medium wp-image-3026 aligncenter\" src=\"https:\/\/blogsaverroes.juntadeandalucia.es\/sanjosemontilla\/files\/2026\/04\/marcha-300x156.png\" alt=\"\" width=\"300\" height=\"156\" srcset=\"https:\/\/blogsaverroes.juntadeandalucia.es\/sanjosemontilla\/files\/2026\/04\/marcha-300x156.png 300w, https:\/\/blogsaverroes.juntadeandalucia.es\/sanjosemontilla\/files\/2026\/04\/marcha.png 634w\" sizes=\"(max-width: 300px) 100vw, 300px\" \/><\/a>Aqu\u00ed est\u00e1n <a href=\"https:\/\/blogsaverroes.juntadeandalucia.es\/sanjosemontilla\/files\/2026\/04\/marcha_salud.mp4\" target=\"_blank\" rel=\"noopener\">los mejores momentos de la IV Marcha Escolar por la Salud<\/a> en la que participan nuestros compa\u00f1eros y compa\u00f1eras de 5\u00ba.<\/p>\t\t\t\t\t\t\t\t<\/div>\n\t\t\t\t<\/div>\n\t\t\t\t\t<\/div>\n\t\t\t\t<\/div>\n\t\t\t\t\t<\/details>\n\t\t\t\t\t<\/div>\n\t\t\t\t\t\t<\/div>\n\t\t\t\t<\/div>\n\t\t\t\t\t<\/div>\n\t\t\t\t<\/div>\n\t\t<div class=\"elementor-element elementor-element-771b087 e-flex e-con-boxed e-con e-parent\" data-id=\"771b087\" data-element_type=\"container\">\n\t\t\t\t\t<div class=\"e-con-inner\">\n\t\t\t\t<div class=\"elementor-element elementor-element-189b71c elementor-widget-divider--view-line elementor-widget elementor-widget-divider\" data-id=\"189b71c\" data-element_type=\"widget\" data-widget_type=\"divider.default\">\n\t\t\t\t<div class=\"elementor-widget-container\">\n\t\t\t\t\t\t\t<div class=\"elementor-divider\">\n\t\t\t<span class=\"elementor-divider-separator\">\n\t\t\t\t\t\t<\/span>\n\t\t<\/div>\n\t\t\t\t\t\t<\/div>\n\t\t\t\t<\/div>\n\t\t\t\t<div class=\"elementor-element elementor-element-f1c0195 elementor-position-left elementor-vertical-align-middle elementor-widget elementor-widget-image-box\" data-id=\"f1c0195\" data-element_type=\"widget\" data-widget_type=\"image-box.default\">\n\t\t\t\t<div class=\"elementor-widget-container\">\n\t\t\t\t\t<div class=\"elementor-image-box-wrapper\"><figure class=\"elementor-image-box-img\"><img loading=\"lazy\" decoding=\"async\" width=\"141\" height=\"200\" src=\"https:\/\/blogsaverroes.juntadeandalucia.es\/sanjosemontilla\/files\/2025\/05\/logofse.jpg\" class=\"attachment-full size-full wp-image-1546\" alt=\"\" \/><\/figure><div class=\"elementor-image-box-content\"><h5 class=\"elementor-image-box-title\">El Fondo Social Europeo invierte en Educaci\u00f3n y Formaci\u00f3n en este centro<\/h5><\/div><\/div>\t\t\t\t<\/div>\n\t\t\t\t<\/div>\n\t\t\t\t<div class=\"elementor-element elementor-element-ebe2780 elementor-widget elementor-widget-image\" data-id=\"ebe2780\" data-element_type=\"widget\" data-widget_type=\"image.default\">\n\t\t\t\t<div class=\"elementor-widget-container\">\n\t\t\t\t\t\t\t\t\t\t\t\t\t\t\t<img loading=\"lazy\" decoding=\"async\" width=\"1024\" height=\"65\" src=\"https:\/\/blogsaverroes.juntadeandalucia.es\/sanjosemontilla\/files\/2025\/05\/Encabez_logos-FSE-21-27_actualizadoFeb25-1024x65.png\" class=\"attachment-large size-large wp-image-1550\" alt=\"\" srcset=\"https:\/\/blogsaverroes.juntadeandalucia.es\/sanjosemontilla\/files\/2025\/05\/Encabez_logos-FSE-21-27_actualizadoFeb25-1024x65.png 1024w, https:\/\/blogsaverroes.juntadeandalucia.es\/sanjosemontilla\/files\/2025\/05\/Encabez_logos-FSE-21-27_actualizadoFeb25-300x19.png 300w, https:\/\/blogsaverroes.juntadeandalucia.es\/sanjosemontilla\/files\/2025\/05\/Encabez_logos-FSE-21-27_actualizadoFeb25-768x49.png 768w, https:\/\/blogsaverroes.juntadeandalucia.es\/sanjosemontilla\/files\/2025\/05\/Encabez_logos-FSE-21-27_actualizadoFeb25-1536x97.png 1536w, https:\/\/blogsaverroes.juntadeandalucia.es\/sanjosemontilla\/files\/2025\/05\/Encabez_logos-FSE-21-27_actualizadoFeb25.png 1785w\" sizes=\"(max-width: 1024px) 100vw, 1024px\" \/>\t\t\t\t\t\t\t\t\t\t\t\t\t\t\t<\/div>\n\t\t\t\t<\/div>\n\t\t\t\t\t<\/div>\n\t\t\t\t<\/div>\n\t\t\t\t<\/div>\n\t\t","protected":false},"excerpt":{"rendered":"<p>TALLERES DE COMPETENCIA COMUNICATIVA Inf\u00f3rmate de la jornada para impulsar el aprendizaje pr\u00e1ctico y significativo en lengua inglesa en la secci\u00f3n NOTICIAS. INFANTIL VISITA LA BIBLIOTECA Mira c\u00f3mo ha sido la visita de Infantil a la Biblioteca D\u00cdA DEL LIBRO Lo mejor del D\u00eda del Libro, AQU\u00cd. CERTAMEN DE TEATRO DE MONTILLA Nuestros compa\u00f1eros y [&hellip;]<\/p>\n","protected":false},"author":19787,"featured_media":0,"parent":0,"menu_order":0,"comment_status":"closed","ping_status":"closed","template":"","meta":{"ngg_post_thumbnail":0,"footnotes":""},"aioseo_notices":[],"_links":{"self":[{"href":"https:\/\/blogsaverroes.juntadeandalucia.es\/sanjosemontilla\/wp-json\/wp\/v2\/pages\/26"}],"collection":[{"href":"https:\/\/blogsaverroes.juntadeandalucia.es\/sanjosemontilla\/wp-json\/wp\/v2\/pages"}],"about":[{"href":"https:\/\/blogsaverroes.juntadeandalucia.es\/sanjosemontilla\/wp-json\/wp\/v2\/types\/page"}],"author":[{"embeddable":true,"href":"https:\/\/blogsaverroes.juntadeandalucia.es\/sanjosemontilla\/wp-json\/wp\/v2\/users\/19787"}],"replies":[{"embeddable":true,"href":"https:\/\/blogsaverroes.juntadeandalucia.es\/sanjosemontilla\/wp-json\/wp\/v2\/comments?post=26"}],"version-history":[{"count":697,"href":"https:\/\/blogsaverroes.juntadeandalucia.es\/sanjosemontilla\/wp-json\/wp\/v2\/pages\/26\/revisions"}],"predecessor-version":[{"id":3133,"href":"https:\/\/blogsaverroes.juntadeandalucia.es\/sanjosemontilla\/wp-json\/wp\/v2\/pages\/26\/revisions\/3133"}],"wp:attachment":[{"href":"https:\/\/blogsaverroes.juntadeandalucia.es\/sanjosemontilla\/wp-json\/wp\/v2\/media?parent=26"}],"curies":[{"name":"wp","href":"https:\/\/api.w.org\/{rel}","templated":true}]}}