{"id":49,"date":"2015-03-13T08:47:05","date_gmt":"2015-03-13T08:47:05","guid":{"rendered":"http:\/\/blogsaverroes.juntadeandalucia.es\/pre\/ceip\/?page_id=49"},"modified":"2023-04-03T18:41:08","modified_gmt":"2023-04-03T18:41:08","slug":"plan-de-centro","status":"publish","type":"page","link":"https:\/\/blogsaverroes.juntadeandalucia.es\/sanjuandediosjerez\/plan-de-centro\/","title":{"rendered":"Plan de Centro"},"content":{"rendered":"\t\t<div data-elementor-type=\"wp-page\" data-elementor-id=\"49\" class=\"elementor elementor-49\">\n\t\t\t\t\t\t<section class=\"elementor-section elementor-top-section elementor-element elementor-element-61c98b0b elementor-section-boxed elementor-section-height-default elementor-section-height-default\" data-id=\"61c98b0b\" data-element_type=\"section\">\n\t\t\t\t\t\t<div class=\"elementor-container elementor-column-gap-default\">\n\t\t\t\t\t<div class=\"elementor-column elementor-col-100 elementor-top-column elementor-element elementor-element-32769db9\" data-id=\"32769db9\" data-element_type=\"column\">\n\t\t\t<div class=\"elementor-widget-wrap elementor-element-populated\">\n\t\t\t\t\t\t<div class=\"elementor-element elementor-element-40a06fa6 elementor-widget elementor-widget-text-editor\" data-id=\"40a06fa6\" data-element_type=\"widget\" data-widget_type=\"text-editor.default\">\n\t\t\t\t<div class=\"elementor-widget-container\">\n\t\t\t\t\t\t\t\t\t<p><a href=\"https:\/\/blogsaverroes.juntadeandalucia.es\/sanjuandediosjerez\/files\/2019\/11\/Logo-Proyed-500-x-134.png\"><img decoding=\"async\" class=\"alignnone size-medium wp-image-2424\" src=\"https:\/\/blogsaverroes.juntadeandalucia.es\/sanjuandediosjerez\/files\/2019\/11\/Logo-Proyed-500-x-134-300x80.png\" alt=\"\" width=\"300\" height=\"80\" srcset=\"https:\/\/blogsaverroes.juntadeandalucia.es\/sanjuandediosjerez\/files\/2019\/11\/Logo-Proyed-500-x-134-300x80.png 300w, https:\/\/blogsaverroes.juntadeandalucia.es\/sanjuandediosjerez\/files\/2019\/11\/Logo-Proyed-500-x-134-24x6.png 24w, https:\/\/blogsaverroes.juntadeandalucia.es\/sanjuandediosjerez\/files\/2019\/11\/Logo-Proyed-500-x-134-36x10.png 36w, https:\/\/blogsaverroes.juntadeandalucia.es\/sanjuandediosjerez\/files\/2019\/11\/Logo-Proyed-500-x-134-48x13.png 48w, https:\/\/blogsaverroes.juntadeandalucia.es\/sanjuandediosjerez\/files\/2019\/11\/Logo-Proyed-500-x-134.png 500w\" sizes=\"(max-width: 300px) 85vw, 300px\" \/><\/a><\/p>\t\t\t\t\t\t\t\t<\/div>\n\t\t\t\t<\/div>\n\t\t\t\t<div class=\"elementor-element elementor-element-47d0203 elementor-widget-divider--view-line elementor-widget elementor-widget-divider\" data-id=\"47d0203\" data-element_type=\"widget\" data-widget_type=\"divider.default\">\n\t\t\t\t<div class=\"elementor-widget-container\">\n\t\t\t\t\t\t\t<div class=\"elementor-divider\">\n\t\t\t<span class=\"elementor-divider-separator\">\n\t\t\t\t\t\t<\/span>\n\t\t<\/div>\n\t\t\t\t\t\t<\/div>\n\t\t\t\t<\/div>\n\t\t\t\t<div class=\"elementor-element elementor-element-926b986 elementor-widget elementor-widget-text-editor\" data-id=\"926b986\" data-element_type=\"widget\" data-widget_type=\"text-editor.default\">\n\t\t\t\t<div class=\"elementor-widget-container\">\n\t\t\t\t\t\t\t\t\t<p dir=\"ltr\" style=\"line-height: 1.3800000000000001;text-align: justify;margin-top: 0pt;margin-bottom: 10pt\"><span style=\"font-size: 11pt;font-family: Calibri,sans-serif;color: #000000;background-color: transparent;font-weight: 400;font-style: normal;font-variant: normal;text-decoration: none;vertical-align: baseline\">El proyecto educativo de Centro recoge los valores, objetivos, prioridades y formas de actuaci\u00f3n del mismo. Igualmente incorpora la concreci\u00f3n del curr\u00edculo establecido por la Administraci\u00f3n educativa y aprobado por el Claustro, as\u00ed como el tratamiento transversal en las \u00e1reas, materias o \u00e1mbitos de la educaci\u00f3n en valores y otras ense\u00f1anzas.\u00a0<\/span><\/p><p>\u00a0<\/p><p dir=\"ltr\" style=\"line-height: 1.3800000000000001;text-align: justify;margin-top: 0pt;margin-bottom: 10pt\"><span style=\"font-size: 11pt;font-family: Calibri,sans-serif;color: #000000;background-color: transparent;font-weight: 400;font-style: normal;font-variant: normal;text-decoration: none;vertical-align: baseline\">El presente proyecto se enmarca dentro de las caracter\u00edsticas del contexto del Centro, recoge la respuesta a la atenci\u00f3n a la diversidad y singularidad del alumnado, la acci\u00f3n tutorial as\u00ed como el plan de convivencia, respetando los principios de no discriminaci\u00f3n y de inclusi\u00f3n educativa como valores fundamentales, as\u00ed como los principios regulados en la LOE-LOMLOE (Ley Org\u00e1nica 2\/2006 de Educaci\u00f3n, en la redacci\u00f3n dada por la Ley Org\u00e1nica 3\/2020; seg\u00fan lo establecido en el calendario de implantaci\u00f3n establecido en la disposici\u00f3n final quinta y atendiendo a la consideraci\u00f3n de las normas vigentes reguladas en la disposici\u00f3n transitoria quinta), y la LEA (Ley 17\/2007, de 10 de diciembre de Educaci\u00f3n en Andaluc\u00eda).<\/span><\/p>\t\t\t\t\t\t\t\t<\/div>\n\t\t\t\t<\/div>\n\t\t\t\t<div class=\"elementor-element elementor-element-25e3eac elementor-shape-circle elementor-grid-0 e-grid-align-center elementor-widget elementor-widget-social-icons\" data-id=\"25e3eac\" data-element_type=\"widget\" data-widget_type=\"social-icons.default\">\n\t\t\t\t<div class=\"elementor-widget-container\">\n\t\t\t\t\t\t\t<div class=\"elementor-social-icons-wrapper elementor-grid\">\n\t\t\t\t\t\t\t<span class=\"elementor-grid-item\">\n\t\t\t\t\t<a class=\"elementor-icon elementor-social-icon elementor-social-icon-book elementor-repeater-item-3363fc6\" href=\"https:\/\/docs.google.com\/document\/d\/e\/2PACX-1vSIrQJr1urY-bdEs-mfUtRVWA5Rd3C5WB7yyhdCF7XDyHPJRl1gpfn8TZ-sK_jzCCu7pvUi-ri91YB6\/pub\" target=\"_blank\">\n\t\t\t\t\t\t<span class=\"elementor-screen-only\">Book<\/span>\n\t\t\t\t\t\t<i class=\"fas fa-book\"><\/i>\t\t\t\t\t<\/a>\n\t\t\t\t<\/span>\n\t\t\t\t\t<\/div>\n\t\t\t\t\t\t<\/div>\n\t\t\t\t<\/div>\n\t\t\t\t<div class=\"elementor-element elementor-element-54c3e68 elementor-widget elementor-widget-text-editor\" data-id=\"54c3e68\" data-element_type=\"widget\" data-widget_type=\"text-editor.default\">\n\t\t\t\t<div class=\"elementor-widget-container\">\n\t\t\t\t\t\t\t\t\t<p><b>\u00a0 \u00a0 \u00a0 \u00a0 \u00a0 \u00a0 \u00a0 \u00a0 \u00a0 \u00a0 \u00a0 \u00a0 \u00a0 \u00a0 \u00a0 \u00a0 \u00a0 \u00a0 \u00a0 \u00a0 \u00a0 \u00a0 \u00a0 \u00a0 Plan de Centro<\/b><\/p>\t\t\t\t\t\t\t\t<\/div>\n\t\t\t\t<\/div>\n\t\t\t\t\t<\/div>\n\t\t<\/div>\n\t\t\t\t\t<\/div>\n\t\t<\/section>\n\t\t\t\t<\/div>\n\t\t","protected":false},"excerpt":{"rendered":"<p>El proyecto educativo de Centro recoge los valores, objetivos, prioridades y formas de actuaci\u00f3n del mismo. Igualmente incorpora la concreci\u00f3n del curr\u00edculo establecido por la Administraci\u00f3n educativa y aprobado por el Claustro, as\u00ed como el tratamiento transversal en las \u00e1reas, materias o \u00e1mbitos de la educaci\u00f3n en valores y otras ense\u00f1anzas.\u00a0 \u00a0 El presente proyecto &hellip; <a href=\"https:\/\/blogsaverroes.juntadeandalucia.es\/sanjuandediosjerez\/plan-de-centro\/\" class=\"more-link\">Continuar leyendo<span class=\"screen-reader-text\"> \u00abPlan de Centro\u00bb<\/span><\/a><\/p>\n","protected":false},"author":1,"featured_media":0,"parent":0,"menu_order":0,"comment_status":"closed","ping_status":"open","template":"","meta":{"ngg_post_thumbnail":0,"footnotes":"","_mc_calendar":[]},"aioseo_notices":[],"_links":{"self":[{"href":"https:\/\/blogsaverroes.juntadeandalucia.es\/sanjuandediosjerez\/wp-json\/wp\/v2\/pages\/49"}],"collection":[{"href":"https:\/\/blogsaverroes.juntadeandalucia.es\/sanjuandediosjerez\/wp-json\/wp\/v2\/pages"}],"about":[{"href":"https:\/\/blogsaverroes.juntadeandalucia.es\/sanjuandediosjerez\/wp-json\/wp\/v2\/types\/page"}],"author":[{"embeddable":true,"href":"https:\/\/blogsaverroes.juntadeandalucia.es\/sanjuandediosjerez\/wp-json\/wp\/v2\/users\/1"}],"replies":[{"embeddable":true,"href":"https:\/\/blogsaverroes.juntadeandalucia.es\/sanjuandediosjerez\/wp-json\/wp\/v2\/comments?post=49"}],"version-history":[{"count":30,"href":"https:\/\/blogsaverroes.juntadeandalucia.es\/sanjuandediosjerez\/wp-json\/wp\/v2\/pages\/49\/revisions"}],"predecessor-version":[{"id":2672,"href":"https:\/\/blogsaverroes.juntadeandalucia.es\/sanjuandediosjerez\/wp-json\/wp\/v2\/pages\/49\/revisions\/2672"}],"wp:attachment":[{"href":"https:\/\/blogsaverroes.juntadeandalucia.es\/sanjuandediosjerez\/wp-json\/wp\/v2\/media?parent=49"}],"curies":[{"name":"wp","href":"https:\/\/api.w.org\/{rel}","templated":true}]}}