{"id":870,"date":"2015-03-16T07:24:27","date_gmt":"2015-03-16T07:24:27","guid":{"rendered":"http:\/\/blogsaverroes.juntadeandalucia.es\/pre\/ceip\/?page_id=103"},"modified":"2020-07-31T07:50:24","modified_gmt":"2020-07-31T07:50:24","slug":"aula-matinal","status":"publish","type":"page","link":"https:\/\/blogsaverroes.juntadeandalucia.es\/sanjuandediosjerez\/aula-matinal\/","title":{"rendered":"Aula Matinal"},"content":{"rendered":"<p><a href=\"https:\/\/blogsaverroes.juntadeandalucia.es\/sanjuandediosjerez\/files\/2019\/11\/group-of-elementary-school-kids-running-at-school-PPT4HF8.jpg\"><img fetchpriority=\"high\" decoding=\"async\" class=\"size-medium wp-image-2355\" src=\"https:\/\/blogsaverroes.juntadeandalucia.es\/sanjuandediosjerez\/files\/2019\/11\/group-of-elementary-school-kids-running-at-school-PPT4HF8-300x200.jpg\" alt=\"\" width=\"300\" height=\"200\" srcset=\"https:\/\/blogsaverroes.juntadeandalucia.es\/sanjuandediosjerez\/files\/2019\/11\/group-of-elementary-school-kids-running-at-school-PPT4HF8-300x200.jpg 300w, https:\/\/blogsaverroes.juntadeandalucia.es\/sanjuandediosjerez\/files\/2019\/11\/group-of-elementary-school-kids-running-at-school-PPT4HF8-768x512.jpg 768w, https:\/\/blogsaverroes.juntadeandalucia.es\/sanjuandediosjerez\/files\/2019\/11\/group-of-elementary-school-kids-running-at-school-PPT4HF8-1024x683.jpg 1024w, https:\/\/blogsaverroes.juntadeandalucia.es\/sanjuandediosjerez\/files\/2019\/11\/group-of-elementary-school-kids-running-at-school-PPT4HF8-24x16.jpg 24w, https:\/\/blogsaverroes.juntadeandalucia.es\/sanjuandediosjerez\/files\/2019\/11\/group-of-elementary-school-kids-running-at-school-PPT4HF8-36x24.jpg 36w, https:\/\/blogsaverroes.juntadeandalucia.es\/sanjuandediosjerez\/files\/2019\/11\/group-of-elementary-school-kids-running-at-school-PPT4HF8-48x32.jpg 48w, https:\/\/blogsaverroes.juntadeandalucia.es\/sanjuandediosjerez\/files\/2019\/11\/group-of-elementary-school-kids-running-at-school-PPT4HF8.jpg 1600w\" sizes=\"(max-width: 300px) 85vw, 300px\" \/><\/a><\/p>\n<p>El <strong>Aula Matinal<\/strong> abre a las 7.00 horas de lunes a viernes, ofreciendo actividades diversas a los estudiantes hasta el comienzo del horario lectivo.<\/p>\n<p>Ampl\u00eda informaci\u00f3n contactando con&nbsp; Secretar\u00eda.<\/p>\n<p>&nbsp;<\/p>\n<p>&nbsp;<\/p>\n","protected":false},"excerpt":{"rendered":"<p>El Aula Matinal abre a las 7.00 horas de lunes a viernes, ofreciendo actividades diversas a los estudiantes hasta el comienzo del horario lectivo. Ampl\u00eda informaci\u00f3n contactando con&nbsp; Secretar\u00eda. &nbsp; &nbsp;<\/p>\n","protected":false},"author":1,"featured_media":0,"parent":0,"menu_order":0,"comment_status":"closed","ping_status":"open","template":"","meta":{"ngg_post_thumbnail":0,"footnotes":"","_mc_calendar":[]},"aioseo_notices":[],"_links":{"self":[{"href":"https:\/\/blogsaverroes.juntadeandalucia.es\/sanjuandediosjerez\/wp-json\/wp\/v2\/pages\/870"}],"collection":[{"href":"https:\/\/blogsaverroes.juntadeandalucia.es\/sanjuandediosjerez\/wp-json\/wp\/v2\/pages"}],"about":[{"href":"https:\/\/blogsaverroes.juntadeandalucia.es\/sanjuandediosjerez\/wp-json\/wp\/v2\/types\/page"}],"author":[{"embeddable":true,"href":"https:\/\/blogsaverroes.juntadeandalucia.es\/sanjuandediosjerez\/wp-json\/wp\/v2\/users\/1"}],"replies":[{"embeddable":true,"href":"https:\/\/blogsaverroes.juntadeandalucia.es\/sanjuandediosjerez\/wp-json\/wp\/v2\/comments?post=870"}],"version-history":[{"count":4,"href":"https:\/\/blogsaverroes.juntadeandalucia.es\/sanjuandediosjerez\/wp-json\/wp\/v2\/pages\/870\/revisions"}],"predecessor-version":[{"id":2534,"href":"https:\/\/blogsaverroes.juntadeandalucia.es\/sanjuandediosjerez\/wp-json\/wp\/v2\/pages\/870\/revisions\/2534"}],"wp:attachment":[{"href":"https:\/\/blogsaverroes.juntadeandalucia.es\/sanjuandediosjerez\/wp-json\/wp\/v2\/media?parent=870"}],"curies":[{"name":"wp","href":"https:\/\/api.w.org\/{rel}","templated":true}]}}