{"id":872,"date":"2015-03-16T12:50:42","date_gmt":"2015-03-16T12:50:42","guid":{"rendered":"http:\/\/blogsaverroes.juntadeandalucia.es\/pre\/ceip\/?page_id=120"},"modified":"2023-04-03T18:48:21","modified_gmt":"2023-04-03T18:48:21","slug":"contactar","status":"publish","type":"page","link":"https:\/\/blogsaverroes.juntadeandalucia.es\/sanjuandediosjerez\/contactar\/","title":{"rendered":"Contacto"},"content":{"rendered":"\t\t<div data-elementor-type=\"wp-page\" data-elementor-id=\"872\" class=\"elementor elementor-872\">\n\t\t\t\t\t\t<section class=\"elementor-section elementor-top-section elementor-element elementor-element-ed949db elementor-section-boxed elementor-section-height-default elementor-section-height-default\" data-id=\"ed949db\" data-element_type=\"section\">\n\t\t\t\t\t\t<div class=\"elementor-container elementor-column-gap-default\">\n\t\t\t\t\t<div class=\"elementor-column elementor-col-100 elementor-top-column elementor-element elementor-element-695c85f4\" data-id=\"695c85f4\" data-element_type=\"column\">\n\t\t\t<div class=\"elementor-widget-wrap elementor-element-populated\">\n\t\t\t\t\t\t<div class=\"elementor-element elementor-element-e5bac16 elementor-widget elementor-widget-image\" data-id=\"e5bac16\" data-element_type=\"widget\" data-widget_type=\"image.default\">\n\t\t\t\t<div class=\"elementor-widget-container\">\n\t\t\t\t\t\t\t\t\t\t\t\t\t\t\t<img decoding=\"async\" width=\"150\" height=\"150\" src=\"https:\/\/blogsaverroes.juntadeandalucia.es\/sanjuandediosjerez\/files\/2023\/04\/pngwing.com_-150x150.png\" class=\"attachment-thumbnail size-thumbnail wp-image-2676\" alt=\"\" srcset=\"https:\/\/blogsaverroes.juntadeandalucia.es\/sanjuandediosjerez\/files\/2023\/04\/pngwing.com_-150x150.png 150w, https:\/\/blogsaverroes.juntadeandalucia.es\/sanjuandediosjerez\/files\/2023\/04\/pngwing.com_-300x300.png 300w, https:\/\/blogsaverroes.juntadeandalucia.es\/sanjuandediosjerez\/files\/2023\/04\/pngwing.com_.png 512w\" sizes=\"(max-width: 150px) 85vw, 150px\" \/>\t\t\t\t\t\t\t\t\t\t\t\t\t\t\t<\/div>\n\t\t\t\t<\/div>\n\t\t\t\t<div class=\"elementor-element elementor-element-8c9ebe6 elementor-widget elementor-widget-text-editor\" data-id=\"8c9ebe6\" data-element_type=\"widget\" data-widget_type=\"text-editor.default\">\n\t\t\t\t<div class=\"elementor-widget-container\">\n\t\t\t\t\t\t\t\t\t<h3 class=\"sppb-addon-title sppb-feature-box-title\"><strong style=\"font-size: 1rem\">Direcci\u00f3n\u00a0 \u00a0<\/strong><span style=\"font-size: 1rem\">Bda. San Valent\u00edn s\/n<\/span><\/h3><div class=\"sppb-addon-text\"><p><strong>Tel\u00e9fono:\u00a0 \u00a0 856811654<\/strong><\/p><p><strong>Fax: 856811655<\/strong><\/p><p><strong>C\u00f3digo Postal : 11408 Jerez de la frontera ( C\u00e1diz)<\/strong><\/p><p><strong>C\u00f3digo del Centro:<\/strong> 11003281<\/p><p><strong>Email:\u00a0<\/strong><a href=\"mailto:11003281.edu@juntadeandalucia.es\">11003181.edu@juntadeandalucia.es<\/a><\/p><\/div><h3 class=\"sppb-addon-title sppb-feature-box-title\"><strong style=\"font-size: 1rem\"><a href=\"https:\/\/blogsaverroes.juntadeandalucia.es\/sanjuandediosjerez\/files\/2023\/04\/pngwing.com-copia.png\"><img decoding=\"async\" class=\"alignnone  wp-image-2678\" src=\"https:\/\/blogsaverroes.juntadeandalucia.es\/sanjuandediosjerez\/files\/2023\/04\/pngwing.com-copia-300x300.png\" alt=\"\" width=\"39\" height=\"39\" srcset=\"https:\/\/blogsaverroes.juntadeandalucia.es\/sanjuandediosjerez\/files\/2023\/04\/pngwing.com-copia-300x300.png 300w, https:\/\/blogsaverroes.juntadeandalucia.es\/sanjuandediosjerez\/files\/2023\/04\/pngwing.com-copia-150x150.png 150w, https:\/\/blogsaverroes.juntadeandalucia.es\/sanjuandediosjerez\/files\/2023\/04\/pngwing.com-copia.png 512w\" sizes=\"(max-width: 39px) 85vw, 39px\" \/><\/a><\/strong><\/h3><p>Si desea contactar con nosotros, rellene el siguiente formulario. Intentaremos contestarle a la mayor brevedad posible.<br \/>*(campo obligatorio)<\/p><p><form method=\"post\" id=\"cntctfrm_contact_form\" class=\"cntctfrm_contact_form cntctfrm_one_column cntctfrm_ltr cntctfrm_width_default\" action=\"\/sanjuandediosjerez\/wp-json\/wp\/v2\/pages\/872#cntctfrm_contact_form\" enctype=\"multipart\/form-data\"><div id=\"cntctfrm_first_column\" class=\"cntctfrm_column\"><div class=\"cntctfrm_field_wrap cntctfrm_field_name_wrap\"namecontact><div class=\"cntctfrm_label cntctfrm_label_name\">\n\t\t\t\t\t\t\t\t\t<label for=\"cntctfrm_contact_name\">Nombre: <span class=\"required\">*<\/span><\/label><\/div><div class=\"cntctfrm_input cntctfrm_input_name\">\n\t\t\t\t\t\t\t\t\t<input namecontact class=\"text\" type=\"text\" size=\"40\" pattern=\"^[\\p{L}\\p{M}]{3,}(\\s\\p{M}*\\p{L}+)*\" title=\"Please enter only letters at least 3 characters, words seperated by spaces\" value=\"\" name=\"cntctfrm_contact_name\" id=\"cntctfrm_contact_name\" \/><\/div><\/div><div class=\"cntctfrm_field_wrap cntctfrm_field_email_wrap\"email><div class=\"cntctfrm_label cntctfrm_label_email\">\n\t\t\t\t\t\t\t\t\t<label for=\"cntctfrm_contact_email\">Direcci\u00f3n de correo electr\u00f3nico: <span class=\"required\">*<\/span><\/label>\n\t\t\t\t\t\t\t\t<\/div><div class=\"cntctfrm_input cntctfrm_input_email\">\n\t\t\t\t\t\t\t\t\t<input email class=\"text\" type=\"email\" size=\"40\" value=\"\" name=\"cntctfrm_contact_email\" id=\"cntctfrm_contact_email\" \/><\/div><\/div><div class=\"cntctfrm_field_wrap cntctfrm_field_subject_wrap\"subject><div class=\"cntctfrm_label cntctfrm_label_subject\">\n\t\t\t\t\t\t\t\t\t<label for=\"cntctfrm_contact_subject\">Asunto: <span class=\"required\">*<\/span><\/label>\n\t\t\t\t\t\t\t\t<\/div><div class=\"cntctfrm_input cntctfrm_input_subject\">\n\t\t\t\t\t\t\t\t<input subject pattern=\"^[\\p{M}\\p{L}]{3,}(\\s\\p{M}*\\p{L}+)*\" title=\"Please enter only letters at least 3 characters, words seperated by spaces\" class=\"text\" type=\"text\" size=\"40\" value=\"\" name=\"cntctfrm_contact_subject\" id=\"cntctfrm_contact_subject\" \/><\/div><\/div><div class=\"cntctfrm_field_wrap cntctfrm_field_message_wrap\"message><div class=\"cntctfrm_label cntctfrm_label_message\">\n\t\t\t\t\t\t\t\t<label for=\"cntctfrm_contact_message\">Mensaje: <span class=\"required\">*<\/span><\/label>\n\t\t\t\t\t\t\t<\/div><div class=\"cntctfrm_input cntctfrm_input_message\">\n\t\t\t\t\t\t\t\t<textarea message rows=\"5\" cols=\"30\"name=\"cntctfrm_contact_message\" id=\"cntctfrm_contact_message\"><\/textarea><\/div><\/div><\/div><div class=\"clear\"><\/div><div class=\"cntctfrm_submit_wrap\"><div id=\"cntctfrm_submit_first_column\" class=\"cntctfrm_column\"><div class=\"cntctfrm_input cntctfrm_input_submit\"><input type=\"hidden\" value=\"send\" name=\"cntctfrm_contact_action\">\n\t\t\t\t\t\t\t<input type=\"hidden\" value=\"default\" name=\"cntctfrm_language\">\n\t\t\t\t\t\t\t<input type=\"hidden\" value=\"1\" name=\"cntctfrm_form_submited\">\n\t\t\t\t\t\t\t<input type=\"hidden\" value=\"cntctfrm_options\" name=\"cntctfrm_options_name\">\n\t\t\t\t\t\t\t<input type=\"submit\" value=\"Enviar\" class=\"cntctfrm_contact_submit\" \/>\n\t\t\t\t\t\t<\/div><\/div><div id=\"cntctfrm_submit_second_column\" class=\"cntctfrm_column\"><\/div><div class=\"clear\"><\/div>\n\t\t\t<\/div>\n\t\t\t<\/form><\/p>\t\t\t\t\t\t\t\t<\/div>\n\t\t\t\t<\/div>\n\t\t\t\t<div class=\"elementor-element elementor-element-8288470 elementor-widget elementor-widget-google_maps\" data-id=\"8288470\" data-element_type=\"widget\" data-widget_type=\"google_maps.default\">\n\t\t\t\t<div class=\"elementor-widget-container\">\n\t\t\t\t\t\t\t<div class=\"elementor-custom-embed\">\n\t\t\t<iframe loading=\"lazy\"\n\t\t\t\t\tsrc=\"https:\/\/maps.google.com\/maps?q=ceip%20san%20juan%20de%20dios%2C%20jerez&#038;t=m&#038;z=10&#038;output=embed&#038;iwloc=near\"\n\t\t\t\t\ttitle=\"ceip san juan de dios, jerez\"\n\t\t\t\t\taria-label=\"ceip san juan de dios, jerez\"\n\t\t\t><\/iframe>\n\t\t<\/div>\n\t\t\t\t\t\t<\/div>\n\t\t\t\t<\/div>\n\t\t\t\t\t<\/div>\n\t\t<\/div>\n\t\t\t\t\t<\/div>\n\t\t<\/section>\n\t\t\t\t<\/div>\n\t\t","protected":false},"excerpt":{"rendered":"<p>Direcci\u00f3n\u00a0 \u00a0Bda. San Valent\u00edn s\/n Tel\u00e9fono:\u00a0 \u00a0 856811654 Fax: 856811655 C\u00f3digo Postal : 11408 Jerez de la frontera ( C\u00e1diz) C\u00f3digo del Centro: 11003281 Email:\u00a011003181.edu@juntadeandalucia.es Si desea contactar con nosotros, rellene el siguiente formulario. Intentaremos contestarle a la mayor brevedad posible.*(campo obligatorio)<\/p>\n","protected":false},"author":1,"featured_media":0,"parent":0,"menu_order":0,"comment_status":"closed","ping_status":"open","template":"","meta":{"ngg_post_thumbnail":0,"footnotes":"","_mc_calendar":[]},"aioseo_notices":[],"_links":{"self":[{"href":"https:\/\/blogsaverroes.juntadeandalucia.es\/sanjuandediosjerez\/wp-json\/wp\/v2\/pages\/872"}],"collection":[{"href":"https:\/\/blogsaverroes.juntadeandalucia.es\/sanjuandediosjerez\/wp-json\/wp\/v2\/pages"}],"about":[{"href":"https:\/\/blogsaverroes.juntadeandalucia.es\/sanjuandediosjerez\/wp-json\/wp\/v2\/types\/page"}],"author":[{"embeddable":true,"href":"https:\/\/blogsaverroes.juntadeandalucia.es\/sanjuandediosjerez\/wp-json\/wp\/v2\/users\/1"}],"replies":[{"embeddable":true,"href":"https:\/\/blogsaverroes.juntadeandalucia.es\/sanjuandediosjerez\/wp-json\/wp\/v2\/comments?post=872"}],"version-history":[{"count":10,"href":"https:\/\/blogsaverroes.juntadeandalucia.es\/sanjuandediosjerez\/wp-json\/wp\/v2\/pages\/872\/revisions"}],"predecessor-version":[{"id":2681,"href":"https:\/\/blogsaverroes.juntadeandalucia.es\/sanjuandediosjerez\/wp-json\/wp\/v2\/pages\/872\/revisions\/2681"}],"wp:attachment":[{"href":"https:\/\/blogsaverroes.juntadeandalucia.es\/sanjuandediosjerez\/wp-json\/wp\/v2\/media?parent=872"}],"curies":[{"name":"wp","href":"https:\/\/api.w.org\/{rel}","templated":true}]}}