{"id":141,"date":"2015-03-17T07:13:24","date_gmt":"2015-03-17T07:13:24","guid":{"rendered":"http:\/\/blogsaverroes.juntadeandalucia.es\/pre\/ceip\/?page_id=141"},"modified":"2024-10-02T15:13:57","modified_gmt":"2024-10-02T15:13:57","slug":"escolarizacion","status":"publish","type":"page","link":"https:\/\/blogsaverroes.juntadeandalucia.es\/sanlorenzo\/escolarizacion\/","title":{"rendered":"Escolarizaci\u00f3n (Informaci\u00f3n)"},"content":{"rendered":"<p style=\"text-align: center\"><a href=\"https:\/\/blogsaverroes.juntadeandalucia.es\/sanlorenzo\/files\/2023\/02\/CARTEL-PLAZO-INSCRIPCI\u00d3N-24-25_pages-to-jpg-0001.jpg\"><img loading=\"lazy\" decoding=\"async\" class=\"alignnone  wp-image-3495\" src=\"https:\/\/blogsaverroes.juntadeandalucia.es\/sanlorenzo\/files\/2023\/02\/CARTEL-PLAZO-INSCRIPCI\u00d3N-24-25_pages-to-jpg-0001-212x300.jpg\" alt=\"\" width=\"404\" height=\"572\" srcset=\"https:\/\/blogsaverroes.juntadeandalucia.es\/sanlorenzo\/files\/2023\/02\/CARTEL-PLAZO-INSCRIPCI\u00d3N-24-25_pages-to-jpg-0001-212x300.jpg 212w, https:\/\/blogsaverroes.juntadeandalucia.es\/sanlorenzo\/files\/2023\/02\/CARTEL-PLAZO-INSCRIPCI\u00d3N-24-25_pages-to-jpg-0001-724x1024.jpg 724w, https:\/\/blogsaverroes.juntadeandalucia.es\/sanlorenzo\/files\/2023\/02\/CARTEL-PLAZO-INSCRIPCI\u00d3N-24-25_pages-to-jpg-0001-768x1086.jpg 768w, https:\/\/blogsaverroes.juntadeandalucia.es\/sanlorenzo\/files\/2023\/02\/CARTEL-PLAZO-INSCRIPCI\u00d3N-24-25_pages-to-jpg-0001-1086x1536.jpg 1086w, https:\/\/blogsaverroes.juntadeandalucia.es\/sanlorenzo\/files\/2023\/02\/CARTEL-PLAZO-INSCRIPCI\u00d3N-24-25_pages-to-jpg-0001-1448x2048.jpg 1448w, https:\/\/blogsaverroes.juntadeandalucia.es\/sanlorenzo\/files\/2023\/02\/CARTEL-PLAZO-INSCRIPCI\u00d3N-24-25_pages-to-jpg-0001.jpg 1131w\" sizes=\"(max-width: 404px) 100vw, 404px\" \/><\/a><\/p>\n<h2>&nbsp; &nbsp; &nbsp; Recordamos a las familias que la documentaci\u00f3n necesaria para formalizar la matr\u00edcula en el centro es la siguiente:<\/h2>\n<ul>\n<li>\n<h3>Fotocopia del Documento Nacional de Identidad de los tutores legales.<\/h3>\n<\/li>\n<li>\n<h3>Fotocopia del la hoja del Libro de familia correspondiente al ni\u00f1o\/a o en su caso el DNI del mismo.<\/h3>\n<\/li>\n<li>\n<h3>Cartilla de vacunaci\u00f3n.<\/h3>\n<\/li>\n<li>\n<h3>4 Fotograf\u00edas tama\u00f1o carnet.&nbsp;<\/h3>\n<\/li>\n<li>\n<h3>Pinche en el enlace para descargar el <a href=\"https:\/\/blogsaverroes.juntadeandalucia.es\/sanlorenzo\/files\/2015\/03\/DocMatri.pdf\">impreso de matr\u00edcula<\/a>.<\/h3>\n<\/li>\n<\/ul>\n<h2>&nbsp; &nbsp; &nbsp; &nbsp;Igualmente recordamos que el periodo de matriculaci\u00f3n ser\u00e1 del <span style=\"text-decoration: underline\"><strong>1 al 31<\/strong> <\/span>de marzo. M\u00e1s informaci\u00f3n sobre el proceso de matriculaci\u00f3n en el enlace siguiente.<\/h2>\n<p><a title=\"Portal escolarizaci\u00f3n\" href=\"http:\/\/www.juntadeandalucia.es\/educacion\/webportal\/web\/portal-escolarizacion\/infantil-primaria-eso-bachillerato\" target=\"_blank\" rel=\"noopener noreferrer\">Enlace al portal de escolarizaci\u00f3n.<\/a><\/p>\n<p><a title=\"Procedimiento\" href=\"http:\/\/portal.ced.junta-andalucia.es\/educacion\/webportal\/abaco-portlet\/content\/f2f9bdb4-4717-409f-8dbc-da5b8ed61e38\" target=\"_blank\" rel=\"noopener noreferrer\">Normativa<\/a>&nbsp;sobre el proceso de escolarizaci\u00f3n.<\/p>\n","protected":false},"excerpt":{"rendered":"<p>&nbsp; &nbsp; &nbsp; Recordamos a las familias que la documentaci\u00f3n necesaria para formalizar la matr\u00edcula en el centro es la siguiente: Fotocopia del Documento Nacional de Identidad de los tutores legales. Fotocopia del la hoja del Libro de familia correspondiente al ni\u00f1o\/a o en su caso el DNI del mismo. Cartilla de vacunaci\u00f3n. 4 Fotograf\u00edas &hellip; <\/p>\n<p class=\"link-more\"><a href=\"https:\/\/blogsaverroes.juntadeandalucia.es\/sanlorenzo\/escolarizacion\/\" class=\"more-link\">Continuar leyendo<span class=\"screen-reader-text\"> \u00abEscolarizaci\u00f3n (Informaci\u00f3n)\u00bb<\/span><\/a><\/p>\n","protected":false},"author":1,"featured_media":0,"parent":0,"menu_order":0,"comment_status":"closed","ping_status":"open","template":"page-cs.php","meta":{"ngg_post_thumbnail":0,"footnotes":"","_mc_calendar":[]},"aioseo_notices":[],"_links":{"self":[{"href":"https:\/\/blogsaverroes.juntadeandalucia.es\/sanlorenzo\/wp-json\/wp\/v2\/pages\/141"}],"collection":[{"href":"https:\/\/blogsaverroes.juntadeandalucia.es\/sanlorenzo\/wp-json\/wp\/v2\/pages"}],"about":[{"href":"https:\/\/blogsaverroes.juntadeandalucia.es\/sanlorenzo\/wp-json\/wp\/v2\/types\/page"}],"author":[{"embeddable":true,"href":"https:\/\/blogsaverroes.juntadeandalucia.es\/sanlorenzo\/wp-json\/wp\/v2\/users\/1"}],"replies":[{"embeddable":true,"href":"https:\/\/blogsaverroes.juntadeandalucia.es\/sanlorenzo\/wp-json\/wp\/v2\/comments?post=141"}],"version-history":[{"count":15,"href":"https:\/\/blogsaverroes.juntadeandalucia.es\/sanlorenzo\/wp-json\/wp\/v2\/pages\/141\/revisions"}],"predecessor-version":[{"id":3523,"href":"https:\/\/blogsaverroes.juntadeandalucia.es\/sanlorenzo\/wp-json\/wp\/v2\/pages\/141\/revisions\/3523"}],"wp:attachment":[{"href":"https:\/\/blogsaverroes.juntadeandalucia.es\/sanlorenzo\/wp-json\/wp\/v2\/media?parent=141"}],"curies":[{"name":"wp","href":"https:\/\/api.w.org\/{rel}","templated":true}]}}