{"id":2442,"date":"2019-02-21T09:54:01","date_gmt":"2019-02-21T09:54:01","guid":{"rendered":"https:\/\/blogsaverroes.juntadeandalucia.es\/sanlorenzo\/?page_id=2442"},"modified":"2019-02-22T08:06:57","modified_gmt":"2019-02-22T08:06:57","slug":"e-p-2o-ciclo-noticias","status":"publish","type":"page","link":"https:\/\/blogsaverroes.juntadeandalucia.es\/sanlorenzo\/e-p-2o-ciclo-noticias\/","title":{"rendered":"E.P. 2\u00ba Ciclo. Noticias"},"content":{"rendered":"<h2><strong><u>Excursi\u00f3n a Mercac\u00f3rdoba<\/u><\/strong><\/h2>\n<p>El viernes 18 de enero fui con mi clase a Mercac\u00f3rdoba de excursi\u00f3n.<\/p>\n<p>Mercac\u00f3rdoba es la tienda central para mayoristas, es decir, d\u00f3nde todos los comercios de todos los barrios de la ciudad compran frutas, verduras, carne y pescado, para despu\u00e9s venderlos al p\u00fablico.<a href=\"https:\/\/blogsaverroes.juntadeandalucia.es\/sanlorenzo\/files\/2019\/02\/WhatsApp-Image-2019-01-18-at-13.13.26-1.jpeg\"><img loading=\"lazy\" decoding=\"async\" class=\"wp-image-2458 alignleft\" src=\"https:\/\/blogsaverroes.juntadeandalucia.es\/sanlorenzo\/files\/2019\/02\/WhatsApp-Image-2019-01-18-at-13.13.26-1-300x169.jpeg\" alt=\"\" width=\"217\" height=\"122\" \/><\/a><\/p>\n<p>Me lo pas\u00e9 genial, nos ense\u00f1aron comida sana y nos invitaron a un desayuno muy variado con fruta y zumo de naranja natural. \u00a1Estaba todo buen\u00edsimo!<\/p>\n<p>Despu\u00e9s del desayuno, entramos en una sala d\u00f3nde vimos un peque\u00f1o v\u00eddeo y por equipos participamos en un juego en el cu\u00e1l hab\u00eda que ir respondiendo a preguntas. Terminamos cantando una bonita canci\u00f3n sobre \u201calimentaci\u00f3n sana\u201d. <a href=\"https:\/\/blogsaverroes.juntadeandalucia.es\/sanlorenzo\/files\/2019\/02\/WhatsApp-Image-2019-01-18-at-13.13.03.jpeg\"><img loading=\"lazy\" decoding=\"async\" class=\"wp-image-2459 alignright\" src=\"https:\/\/blogsaverroes.juntadeandalucia.es\/sanlorenzo\/files\/2019\/02\/WhatsApp-Image-2019-01-18-at-13.13.03-300x169.jpeg\" alt=\"\" width=\"220\" height=\"124\" \/><\/a>Antes de irnos nos regalaron muchas cosas: una camiseta, una peque\u00f1a libreta con un bol\u00edgrafo y un monedero.<\/p>\n<p>\u00a1Me lo pas\u00e9 fenomenal!<\/p>\n<p>&nbsp;<\/p>\n<p style=\"text-align: right\">\u00a0\u00a0\u00a0\u00a0\u00a0\u00a0\u00a0\u00a0\u00a0\u00a0\u00a0\u00a0\u00a0\u00a0\u00a0\u00a0\u00a0\u00a0\u00a0\u00a0\u00a0 \u00a0\u00a0\u00a0\u00a0\u00a0\u00a0\u00a0\u00a0\u00a0\u00a0\u00a0\u00a0\u00a0\u00a0\u00a0\u00a0\u00a0\u00a0\u00a0\u00a0\u00a0\u00a0\u00a0<strong><em>Fran J. Prior Guti\u00e9rrez 4\u00ba A<\/em><\/strong><\/p>\n<p>&nbsp;<\/p>\n<p>&nbsp;<\/p>\n<p>&nbsp;<\/p>\n","protected":false},"excerpt":{"rendered":"<p>Excursi\u00f3n a Mercac\u00f3rdoba El viernes 18 de enero fui con mi clase a Mercac\u00f3rdoba de excursi\u00f3n. Mercac\u00f3rdoba es la tienda central para mayoristas, es decir, d\u00f3nde todos los comercios de todos los barrios de la ciudad compran frutas, verduras, carne y pescado, para despu\u00e9s venderlos al p\u00fablico. Me lo pas\u00e9 genial, nos ense\u00f1aron comida sana &hellip; <\/p>\n<p class=\"link-more\"><a href=\"https:\/\/blogsaverroes.juntadeandalucia.es\/sanlorenzo\/e-p-2o-ciclo-noticias\/\" class=\"more-link\">Continuar leyendo<span class=\"screen-reader-text\"> \u00abE.P. 2\u00ba Ciclo. Noticias\u00bb<\/span><\/a><\/p>\n","protected":false},"author":6860,"featured_media":0,"parent":0,"menu_order":0,"comment_status":"closed","ping_status":"closed","template":"","meta":{"ngg_post_thumbnail":0,"footnotes":"","_mc_calendar":[]},"aioseo_notices":[],"_links":{"self":[{"href":"https:\/\/blogsaverroes.juntadeandalucia.es\/sanlorenzo\/wp-json\/wp\/v2\/pages\/2442"}],"collection":[{"href":"https:\/\/blogsaverroes.juntadeandalucia.es\/sanlorenzo\/wp-json\/wp\/v2\/pages"}],"about":[{"href":"https:\/\/blogsaverroes.juntadeandalucia.es\/sanlorenzo\/wp-json\/wp\/v2\/types\/page"}],"author":[{"embeddable":true,"href":"https:\/\/blogsaverroes.juntadeandalucia.es\/sanlorenzo\/wp-json\/wp\/v2\/users\/6860"}],"replies":[{"embeddable":true,"href":"https:\/\/blogsaverroes.juntadeandalucia.es\/sanlorenzo\/wp-json\/wp\/v2\/comments?post=2442"}],"version-history":[{"count":7,"href":"https:\/\/blogsaverroes.juntadeandalucia.es\/sanlorenzo\/wp-json\/wp\/v2\/pages\/2442\/revisions"}],"predecessor-version":[{"id":2467,"href":"https:\/\/blogsaverroes.juntadeandalucia.es\/sanlorenzo\/wp-json\/wp\/v2\/pages\/2442\/revisions\/2467"}],"wp:attachment":[{"href":"https:\/\/blogsaverroes.juntadeandalucia.es\/sanlorenzo\/wp-json\/wp\/v2\/media?parent=2442"}],"curies":[{"name":"wp","href":"https:\/\/api.w.org\/{rel}","templated":true}]}}