{"id":3375,"date":"2022-10-15T20:24:55","date_gmt":"2022-10-15T20:24:55","guid":{"rendered":"https:\/\/blogsaverroes.juntadeandalucia.es\/sanlorenzo\/?page_id=3375"},"modified":"2025-02-15T18:49:11","modified_gmt":"2025-02-15T18:49:11","slug":"escuela-espacio-de-paz","status":"publish","type":"page","link":"https:\/\/blogsaverroes.juntadeandalucia.es\/sanlorenzo\/escuela-espacio-de-paz\/","title":{"rendered":"Escuela Espacio de Paz"},"content":{"rendered":"<p><img loading=\"lazy\" decoding=\"async\" class=\"aligncenter\" src=\"https:\/\/blogsaverroes.juntadeandalucia.es\/sanlorenzo\/files\/2022\/10\/WhatsApp-Image-2022-10-12-at-12.39.36.jpeg\" width=\"372\" height=\"245\">\u201cLA VIDA ES DEL COLOR QUE T\u00da QUIERAS SO\u00d1AR\u201d<br \/>\nEl pasado lunes 30 de Enero, un curso m\u00e1s, nuestro cole ha celebrado el D\u00eda<br \/>\nde la Paz.<br \/>\nNuestro proyecto de \u201cEscuela Espacio de Paz\u201d, este a\u00f1o persigue por objetivo<br \/>\nla mejora del clima de convivencia en las aulas y en el centro. De un lado,<br \/>\ntrabajamos desde las tutor\u00edas la prevenci\u00f3n con actividades que promueven el<br \/>\naprendizaje socioemocional del alumnado, y de otro lado, iniciamos una<br \/>\nformaci\u00f3n en mediaci\u00f3n, para la resoluci\u00f3n pac\u00edfica y dialogante de los<br \/>\nconflictos.<br \/>\nLa celebraci\u00f3n de este d\u00eda ha sido muy especial. Todo el alumnado del centro<br \/>\nse dispuso en el patio del cole, vestidos con camisetas de distintos colores, y<br \/>\nun grupo de cuatro alumnos y alumnas de sexto, nos presentaron el acto de<br \/>\nmanera muy \u201cdivertida\u201d:<br \/>\n-\u201c\u00bfSab\u00e9is qu\u00e9 d\u00eda es hoy?&#8230;<br \/>\nLas se\u00f1os, nuestra se\u00f1o de Religi\u00f3n, nuestra se\u00f1o de Audici\u00f3n y Lenguaje, y<br \/>\nyo, se\u00f1o de Apoyo a la Integraci\u00f3n, coordinadora del programa, preparamos un<br \/>\ngran mural, que colocamos en el patio frente a todo el alumnado, con un<br \/>\ncoraz\u00f3n enorme central, representando al mundo, con el lema en letras<br \/>\ngrandes: \u201cLa\u2026es del\u2026que\u2026\u2026so\u00f1ar\u201d\u2026<br \/>\nNuestros presentadores se dispon\u00edan a leerlo, pero\u2026<br \/>\n-\u201cChicos, esto no tiene sentido\u2026 \u00bfalguno de vosotros tiene alguna palabra que<br \/>\nparece que falta en nuestro mural?&#8230;<br \/>\nAs\u00ed, distintos alumnos y alumnas de distintas clases, sal\u00edan para pegar esas<br \/>\npalabras que faltaban en nuestro lema.<br \/>\n-\u201cAhora si tiene sentido, ayudadme a leerlo: La vida es del color que t\u00fa quieras<br \/>\nso\u00f1ar\u201d.<br \/>\nM\u00e1s tarde, nos invitaban a \u201centrar en calor\u201d bailando la canci\u00f3n: \u201cManos de<br \/>\ncolores. Happining\u201d, cuya coreograf\u00eda hab\u00eda ensayado nuestra se\u00f1o de Religi\u00f3n<br \/>\nd\u00edas anteriores con cada una de las clases.<br \/>\nPara finalizar, nuestros presentadores, iban llamando a cada uno de los<br \/>\ngrupos, para que acompa\u00f1ados por sus tutores y tutoras, fu\u00e9ramos pegando<br \/>\nnuestras manos de colores alrededor del coraz\u00f3n del mural, que previamente<br \/>\nhab\u00edamos decorado en clase.<br \/>\nHa sido un d\u00eda \u201cespecial\u201d, hemos compartido un ratito muy divertido y en \u201cpaz\u201d.<\/p>\n","protected":false},"excerpt":{"rendered":"<p>\u201cLA VIDA ES DEL COLOR QUE T\u00da QUIERAS SO\u00d1AR\u201d El pasado lunes 30 de Enero, un curso m\u00e1s, nuestro cole ha celebrado el D\u00eda de la Paz. Nuestro proyecto de \u201cEscuela Espacio de Paz\u201d, este a\u00f1o persigue por objetivo la mejora del clima de convivencia en las aulas y en el centro. De un lado, &hellip; <\/p>\n<p class=\"link-more\"><a href=\"https:\/\/blogsaverroes.juntadeandalucia.es\/sanlorenzo\/escuela-espacio-de-paz\/\" class=\"more-link\">Continuar leyendo<span class=\"screen-reader-text\"> \u00abEscuela Espacio de Paz\u00bb<\/span><\/a><\/p>\n","protected":false},"author":6860,"featured_media":0,"parent":0,"menu_order":0,"comment_status":"closed","ping_status":"closed","template":"","meta":{"ngg_post_thumbnail":0,"footnotes":"","_mc_calendar":[]},"aioseo_notices":[],"_links":{"self":[{"href":"https:\/\/blogsaverroes.juntadeandalucia.es\/sanlorenzo\/wp-json\/wp\/v2\/pages\/3375"}],"collection":[{"href":"https:\/\/blogsaverroes.juntadeandalucia.es\/sanlorenzo\/wp-json\/wp\/v2\/pages"}],"about":[{"href":"https:\/\/blogsaverroes.juntadeandalucia.es\/sanlorenzo\/wp-json\/wp\/v2\/types\/page"}],"author":[{"embeddable":true,"href":"https:\/\/blogsaverroes.juntadeandalucia.es\/sanlorenzo\/wp-json\/wp\/v2\/users\/6860"}],"replies":[{"embeddable":true,"href":"https:\/\/blogsaverroes.juntadeandalucia.es\/sanlorenzo\/wp-json\/wp\/v2\/comments?post=3375"}],"version-history":[{"count":6,"href":"https:\/\/blogsaverroes.juntadeandalucia.es\/sanlorenzo\/wp-json\/wp\/v2\/pages\/3375\/revisions"}],"predecessor-version":[{"id":3594,"href":"https:\/\/blogsaverroes.juntadeandalucia.es\/sanlorenzo\/wp-json\/wp\/v2\/pages\/3375\/revisions\/3594"}],"wp:attachment":[{"href":"https:\/\/blogsaverroes.juntadeandalucia.es\/sanlorenzo\/wp-json\/wp\/v2\/media?parent=3375"}],"curies":[{"name":"wp","href":"https:\/\/api.w.org\/{rel}","templated":true}]}}