{"id":3557,"date":"2025-01-14T13:15:03","date_gmt":"2025-01-14T13:15:03","guid":{"rendered":"https:\/\/blogsaverroes.juntadeandalucia.es\/sanlorenzo\/?page_id=3557"},"modified":"2025-01-17T11:25:31","modified_gmt":"2025-01-17T11:25:31","slug":"actividades-extraescolares-2","status":"publish","type":"page","link":"https:\/\/blogsaverroes.juntadeandalucia.es\/sanlorenzo\/actividades-extraescolares-2\/","title":{"rendered":"Actividades Extraescolares"},"content":{"rendered":"<ul>\n<li><a href=\"https:\/\/drive.google.com\/file\/d\/1Yj9fM7zwsBTWgNBZbPbIMT5cmve86Rtv\/view?usp=drive_link\" target=\"_blank\" rel=\"noopener\">ANEXO II. SOLICITUD<\/a>.<\/li>\n<li><a href=\"https:\/\/drive.google.com\/file\/d\/1Yzdx4NIKnP6t83EJJ4ShSbfctsxLRyRC\/view?usp=drive_link\" target=\"_blank\" rel=\"noopener\">BAJA EN SERVICIOS<\/a>.&nbsp;<\/li>\n<li><a href=\"https:\/\/drive.google.com\/file\/d\/1Yij_lKDdjrSjabTfWEQDG2ImDTI0lC3F\/view?usp=drive_link\" target=\"_blank\" rel=\"noopener\">ANEXO V. BONIFICACI\u00d3N<\/a>.<\/li>\n<li><a href=\"https:\/\/drive.google.com\/file\/d\/1kXLFxah2QOs5oKxcPHUqIgtfrBhE5O63\/view?usp=drive_link\" target=\"_blank\" rel=\"noopener\">DECLARACI\u00d3N JURADA<\/a>.<\/li>\n<li><a href=\"https:\/\/drive.google.com\/file\/d\/1ESKV3t-xlgjXeYmKcDwksyVgvH4juCuF\/view?usp=drive_link\" target=\"_blank\" rel=\"noopener\">DECLARACI\u00d3N JURADA HIJO<\/a>.<\/li>\n<li><a href=\"https:\/\/drive.google.com\/file\/d\/1Z5kft_IT_seuTa1MU57q21ReQejPTLik\/view?usp=drive_link\" target=\"_blank\" rel=\"noopener\">SOLICITUD PROA<\/a>.<\/li>\n<li><a href=\"https:\/\/drive.google.com\/file\/d\/1YbYIY181BuhLTTCF7EJ8Ftn4tRiA8zBW\/view?usp=drive_link\" target=\"_blank\" rel=\"noopener\">BAJA PROA<\/a>.&nbsp;<\/li>\n<li><a href=\"https:\/\/drive.google.com\/file\/d\/1YEY8lbjCcKtUk6b2sT-s5pnjJ5rMJQG1\/view?usp=drive_link\" target=\"_blank\" rel=\"noopener\">SOLICITUD PRAI (SYGA)<\/a>.&nbsp;<\/li>\n<\/ul>\n","protected":false},"excerpt":{"rendered":"<p>ANEXO II. SOLICITUD. BAJA EN SERVICIOS.&nbsp; ANEXO V. BONIFICACI\u00d3N. DECLARACI\u00d3N JURADA. DECLARACI\u00d3N JURADA HIJO. SOLICITUD PROA. BAJA PROA.&nbsp; SOLICITUD PRAI (SYGA).&nbsp;<\/p>\n","protected":false},"author":6860,"featured_media":0,"parent":0,"menu_order":0,"comment_status":"closed","ping_status":"closed","template":"","meta":{"ngg_post_thumbnail":0,"footnotes":"","_mc_calendar":[]},"aioseo_notices":[],"_links":{"self":[{"href":"https:\/\/blogsaverroes.juntadeandalucia.es\/sanlorenzo\/wp-json\/wp\/v2\/pages\/3557"}],"collection":[{"href":"https:\/\/blogsaverroes.juntadeandalucia.es\/sanlorenzo\/wp-json\/wp\/v2\/pages"}],"about":[{"href":"https:\/\/blogsaverroes.juntadeandalucia.es\/sanlorenzo\/wp-json\/wp\/v2\/types\/page"}],"author":[{"embeddable":true,"href":"https:\/\/blogsaverroes.juntadeandalucia.es\/sanlorenzo\/wp-json\/wp\/v2\/users\/6860"}],"replies":[{"embeddable":true,"href":"https:\/\/blogsaverroes.juntadeandalucia.es\/sanlorenzo\/wp-json\/wp\/v2\/comments?post=3557"}],"version-history":[{"count":5,"href":"https:\/\/blogsaverroes.juntadeandalucia.es\/sanlorenzo\/wp-json\/wp\/v2\/pages\/3557\/revisions"}],"predecessor-version":[{"id":3578,"href":"https:\/\/blogsaverroes.juntadeandalucia.es\/sanlorenzo\/wp-json\/wp\/v2\/pages\/3557\/revisions\/3578"}],"wp:attachment":[{"href":"https:\/\/blogsaverroes.juntadeandalucia.es\/sanlorenzo\/wp-json\/wp\/v2\/media?parent=3557"}],"curies":[{"name":"wp","href":"https:\/\/api.w.org\/{rel}","templated":true}]}}