{"id":3561,"date":"2025-01-14T13:20:33","date_gmt":"2025-01-14T13:20:33","guid":{"rendered":"https:\/\/blogsaverroes.juntadeandalucia.es\/sanlorenzo\/?page_id=3561"},"modified":"2025-01-17T11:57:48","modified_gmt":"2025-01-17T11:57:48","slug":"privacidad-autorizaciones","status":"publish","type":"page","link":"https:\/\/blogsaverroes.juntadeandalucia.es\/sanlorenzo\/privacidad-autorizaciones\/","title":{"rendered":"Privacidad\/Autorizaciones"},"content":{"rendered":"<ul>\n<li><a href=\"https:\/\/drive.google.com\/file\/d\/1ZCOS7Jiwed6EuZeZ6s003CJPV22a_18q\/view?usp=drive_link\" target=\"_blank\" rel=\"noopener\">CONSENTIMIENTO INFORMADO SALIR S\u00d3LO<\/a>.<\/li>\n<li><a href=\"https:\/\/drive.google.com\/file\/d\/1YYLxpbZacne3vtJaAAkFWHhqlBLwH6M5\/view?usp=drive_link\" target=\"_blank\" rel=\"noopener\">AUTORIZACI\u00d3N PARA RECOGIDA<\/a>.&nbsp;<\/li>\n<li><a href=\"https:\/\/drive.google.com\/file\/d\/1Xq2vcrMTfDHwLqR5o84Fbb9jjLU4kq16\/view?usp=drive_link\" target=\"_blank\" rel=\"noopener\">TRASLADO MENOR OTRO MENOR<\/a>.<\/li>\n<li><a href=\"https:\/\/drive.google.com\/file\/d\/1ZNXRXyy6wBv9yYAcrzLgcXj_MkH8qysc\/view?usp=drive_link\" target=\"_blank\" rel=\"noopener\">TRATAMIENTO DE LA IMAGEN<\/a>.<\/li>\n<li><a href=\"https:\/\/docs.google.com\/document\/d\/1Y8qAW7EwIIgYLmntPLUAQ_RteM_lkt3M\/edit?usp=drive_link&amp;ouid=108581388618500616234&amp;rtpof=true&amp;sd=true\" target=\"_blank\" rel=\"noopener\">AUTORIZACI\u00d3N PARA SALIDA PROGRAMADA<\/a>.<\/li>\n<\/ul>\n","protected":false},"excerpt":{"rendered":"<p>CONSENTIMIENTO INFORMADO SALIR S\u00d3LO. AUTORIZACI\u00d3N PARA RECOGIDA.&nbsp; TRASLADO MENOR OTRO MENOR. TRATAMIENTO DE LA IMAGEN. AUTORIZACI\u00d3N PARA SALIDA PROGRAMADA.<\/p>\n","protected":false},"author":6860,"featured_media":0,"parent":0,"menu_order":0,"comment_status":"closed","ping_status":"closed","template":"","meta":{"ngg_post_thumbnail":0,"footnotes":"","_mc_calendar":[]},"aioseo_notices":[],"_links":{"self":[{"href":"https:\/\/blogsaverroes.juntadeandalucia.es\/sanlorenzo\/wp-json\/wp\/v2\/pages\/3561"}],"collection":[{"href":"https:\/\/blogsaverroes.juntadeandalucia.es\/sanlorenzo\/wp-json\/wp\/v2\/pages"}],"about":[{"href":"https:\/\/blogsaverroes.juntadeandalucia.es\/sanlorenzo\/wp-json\/wp\/v2\/types\/page"}],"author":[{"embeddable":true,"href":"https:\/\/blogsaverroes.juntadeandalucia.es\/sanlorenzo\/wp-json\/wp\/v2\/users\/6860"}],"replies":[{"embeddable":true,"href":"https:\/\/blogsaverroes.juntadeandalucia.es\/sanlorenzo\/wp-json\/wp\/v2\/comments?post=3561"}],"version-history":[{"count":5,"href":"https:\/\/blogsaverroes.juntadeandalucia.es\/sanlorenzo\/wp-json\/wp\/v2\/pages\/3561\/revisions"}],"predecessor-version":[{"id":3579,"href":"https:\/\/blogsaverroes.juntadeandalucia.es\/sanlorenzo\/wp-json\/wp\/v2\/pages\/3561\/revisions\/3579"}],"wp:attachment":[{"href":"https:\/\/blogsaverroes.juntadeandalucia.es\/sanlorenzo\/wp-json\/wp\/v2\/media?parent=3561"}],"curies":[{"name":"wp","href":"https:\/\/api.w.org\/{rel}","templated":true}]}}