{"id":3635,"date":"2026-04-29T07:02:06","date_gmt":"2026-04-29T07:02:06","guid":{"rendered":"https:\/\/blogsaverroes.juntadeandalucia.es\/sanlorenzo\/?page_id=3635"},"modified":"2026-04-29T09:03:55","modified_gmt":"2026-04-29T09:03:55","slug":"rice","status":"publish","type":"page","link":"https:\/\/blogsaverroes.juntadeandalucia.es\/sanlorenzo\/rice\/","title":{"rendered":"RICE"},"content":{"rendered":"<h4><em>Espacio dedicado a la actualizaci\u00f3n del programa RICE<\/em><\/h4>\n<div style=\"text-align: left\">El&nbsp;<b>CEIP San Lorenzo<\/b>, ubicado en un palacio del siglo XVII&nbsp;, impulsa el proyecto biling\u00fce&nbsp;<b>\u00abDigital Heritage: Aprendiendo el futuro en un Palacio del Siglo XVII\u00bb<\/b>.&nbsp;Mediante el uso de un&nbsp;<b>estudio de radio\/TV con croma<\/b>,&nbsp;<b>impresi\u00f3n 3D<\/b>&nbsp;y metodolog\u00edas activas (ABP)&nbsp;, el centro busca socios europeos para colaborar en&nbsp;<b>transformaci\u00f3n digital<\/b>&nbsp;y&nbsp;<b>conservaci\u00f3n del patrimonio cultural<\/b>.&nbsp;Su objetivo es que el alumnado (3-12 a\u00f1os) lidere la creaci\u00f3n de contenidos multimedia internacionales.<\/div>\n<div style=\"text-align: left\">&nbsp;<\/div>\n<div style=\"text-align: left\">\u00c9chale un vistazo a nuestro programa <a href=\"https:\/\/blogsaverroes.juntadeandalucia.es\/sanlorenzo\/files\/2026\/04\/RICE-CEIP-SAN-LORENZO.pdf\" target=\"_blank\" rel=\"noopener\">Aqu\u00ed<\/a>.<\/div>\n<div style=\"text-align: left\">&nbsp;<\/div>\n<div style=\"text-align: left\"><b>San Lorenzo school<\/b>&nbsp;(C\u00f3rdoba), based in a 17th-century palace&nbsp;, presents&nbsp;<b>\u00abDigital Heritage: Learning the Future in a 17th-Century Palace\u00bb<\/b>.&nbsp;Combining history with cutting-edge tech\u2014such as a&nbsp;<b>green screen studio<\/b>&nbsp;and&nbsp;<b>3D printing<\/b>&nbsp;\u2014the school seeks European partners for projects focused on&nbsp;<b>digital transformation<\/b>&nbsp;and&nbsp;<b>cultural heritage<\/b>.&nbsp;The goal is for students (ages 3-12) to develop digital and cultural skills through international multimedia collaboration.<\/div>\n<div style=\"text-align: left\">&nbsp;<\/div>\n<div style=\"text-align: left\">Check out our program <a href=\"https:\/\/blogsaverroes.juntadeandalucia.es\/sanlorenzo\/files\/2026\/04\/RICE-CEIP-SAN-LORENZO.pdf\" target=\"_blank\" rel=\"noopener\">here<\/a>.<\/div>\n<div>&nbsp;<\/div>\n<div>\n<pre id=\"tw-target-text\" class=\"tw-data-text tw-text-large tw-ta\" dir=\"ltr\" role=\"text\" data-placeholder=\"Traducci\u00f3n\" data-ved=\"2ahUKEwj9npr62JKUAxXlP_sDHTJLKd0Q3ewLegQIDBAV\" aria-label=\"Texto traducido: Check out our program here\">&nbsp;<\/pre>\n<\/div>\n<div>&nbsp;<\/div>\n","protected":false},"excerpt":{"rendered":"<p>Espacio dedicado a la actualizaci\u00f3n del programa RICE El&nbsp;CEIP San Lorenzo, ubicado en un palacio del siglo XVII&nbsp;, impulsa el proyecto biling\u00fce&nbsp;\u00abDigital Heritage: Aprendiendo el futuro en un Palacio del Siglo XVII\u00bb.&nbsp;Mediante el uso de un&nbsp;estudio de radio\/TV con croma,&nbsp;impresi\u00f3n 3D&nbsp;y metodolog\u00edas activas (ABP)&nbsp;, el centro busca socios europeos para colaborar en&nbsp;transformaci\u00f3n digital&nbsp;y&nbsp;conservaci\u00f3n del patrimonio &hellip; <\/p>\n<p class=\"link-more\"><a href=\"https:\/\/blogsaverroes.juntadeandalucia.es\/sanlorenzo\/rice\/\" class=\"more-link\">Continuar leyendo<span class=\"screen-reader-text\"> \u00abRICE\u00bb<\/span><\/a><\/p>\n","protected":false},"author":2206,"featured_media":0,"parent":0,"menu_order":0,"comment_status":"closed","ping_status":"closed","template":"","meta":{"ngg_post_thumbnail":0,"footnotes":"","_mc_calendar":[]},"aioseo_notices":[],"_links":{"self":[{"href":"https:\/\/blogsaverroes.juntadeandalucia.es\/sanlorenzo\/wp-json\/wp\/v2\/pages\/3635"}],"collection":[{"href":"https:\/\/blogsaverroes.juntadeandalucia.es\/sanlorenzo\/wp-json\/wp\/v2\/pages"}],"about":[{"href":"https:\/\/blogsaverroes.juntadeandalucia.es\/sanlorenzo\/wp-json\/wp\/v2\/types\/page"}],"author":[{"embeddable":true,"href":"https:\/\/blogsaverroes.juntadeandalucia.es\/sanlorenzo\/wp-json\/wp\/v2\/users\/2206"}],"replies":[{"embeddable":true,"href":"https:\/\/blogsaverroes.juntadeandalucia.es\/sanlorenzo\/wp-json\/wp\/v2\/comments?post=3635"}],"version-history":[{"count":6,"href":"https:\/\/blogsaverroes.juntadeandalucia.es\/sanlorenzo\/wp-json\/wp\/v2\/pages\/3635\/revisions"}],"predecessor-version":[{"id":3643,"href":"https:\/\/blogsaverroes.juntadeandalucia.es\/sanlorenzo\/wp-json\/wp\/v2\/pages\/3635\/revisions\/3643"}],"wp:attachment":[{"href":"https:\/\/blogsaverroes.juntadeandalucia.es\/sanlorenzo\/wp-json\/wp\/v2\/media?parent=3635"}],"curies":[{"name":"wp","href":"https:\/\/api.w.org\/{rel}","templated":true}]}}