{"id":434,"date":"2015-03-20T07:07:50","date_gmt":"2015-03-20T07:07:50","guid":{"rendered":"http:\/\/blogsaverroes.juntadeandalucia.es\/pre\/ceip\/?page_id=434"},"modified":"2019-05-09T17:13:43","modified_gmt":"2019-05-09T17:13:43","slug":"materiales-recursos","status":"publish","type":"page","link":"https:\/\/blogsaverroes.juntadeandalucia.es\/sanlorenzo\/ed-primaria-2o-ciclo\/materiales-recursos\/","title":{"rendered":"E.P. 2\u00ba ciclo. Materiales, recursos&#8230;"},"content":{"rendered":"<p>Paula presenta su trabajo sobre ping\u00fcinos.<\/p>\n<div style=\"margin-bottom: 5px\">&nbsp;<iframe loading=\"lazy\" src=\"\/\/www.slideshare.net\/slideshow\/embed_code\/key\/AwFi6LJSNiDJGY\" width=\"340\" height=\"290\" frameborder=\"0\" marginwidth=\"0\" marginheight=\"0\" scrolling=\"no\"> <\/iframe><\/div>\n<p>&nbsp;<\/p>\n<p>Luc\u00eda nos habla sobre dragones.<\/p>\n<p><iframe loading=\"lazy\" src=\"\/\/www.slideshare.net\/slideshow\/embed_code\/key\/AhkVjQYqO8GEGJ\" width=\"340\" height=\"290\" frameborder=\"0\" marginwidth=\"0\" marginheight=\"0\" scrolling=\"no\"> <\/iframe><\/p>\n<div style=\"margin-bottom: 5px\">&nbsp;<\/div>\n<p>Alejandro nos aporta su punto de vista sobre la Magia.<\/p>\n<p><iframe loading=\"lazy\" src=\"\/\/www.slideshare.net\/slideshow\/embed_code\/key\/1Ue0t8TSMVitnj\" width=\"340\" height=\"290\" frameborder=\"0\" marginwidth=\"0\" marginheight=\"0\" scrolling=\"no\"> <\/iframe><\/p>\n<div style=\"margin-bottom: 5px\">&nbsp;<\/div>\n<p>Clara presenta informaci\u00f3n sobre \u00abEl Quidditch\u00bb<\/p>\n<p><iframe loading=\"lazy\" src=\"\/\/www.slideshare.net\/slideshow\/embed_code\/key\/2fb8AoUWiJkxTq\" width=\"340\" height=\"290\" frameborder=\"0\" marginwidth=\"0\" marginheight=\"0\" scrolling=\"no\"> <\/iframe><\/p>\n<div style=\"margin-bottom: 5px\"><strong> <a title=\"Clara\" href=\"\/\/www.slideshare.net\/luquejuan\/clara1-144633885\" target=\"_blank\" rel=\"noopener\">Clara<\/a> <\/strong> de <strong><a href=\"\/\/www.slideshare.net\/luquejuan\" target=\"_blank\" rel=\"noopener\">luquejuan<\/a><\/strong><\/div>\n<p>&nbsp;<\/p>\n<p>&nbsp;<\/p>\n<h4>Las plantas<\/h4>\n<p><a title=\"Plantas\" href=\"http:\/\/agrega.juntadeandalucia.es\/visualizador-1\/es\/pode\/presentacion\/visualizadorSinSecuencia\/visualizar-datos.jsp\" target=\"_blank\" rel=\"noopener\"><img loading=\"lazy\" decoding=\"async\" class=\"alignnone size-medium wp-image-1595\" src=\"http:\/\/blogsaverroes.juntadeandalucia.es\/sanlorenzo\/files\/2015\/03\/plantas-300x225.jpg\" alt=\"plantas\" width=\"300\" height=\"225\" srcset=\"https:\/\/blogsaverroes.juntadeandalucia.es\/sanlorenzo\/files\/2015\/03\/plantas-300x225.jpg 300w, https:\/\/blogsaverroes.juntadeandalucia.es\/sanlorenzo\/files\/2015\/03\/plantas.jpg 800w\" sizes=\"(max-width: 300px) 100vw, 300px\" \/><\/a><\/p>\n<p>Secuencia did\u00e1ctica con actividades para trabajar las plantas.<\/p>\n<p>&nbsp;<\/p>\n<h4>El espacio. El Sistema Solar<\/h4>\n<p><a title=\"Sistema Solar\" href=\"http:\/\/agrega.juntadeandalucia.es\/visualizador-1\/Visualizar\/Visualizar.do?identificador=es-an_2015020913_9142518&amp;secuencia=true&amp;idioma=es\" target=\"_blank\" rel=\"noopener\"><img loading=\"lazy\" decoding=\"async\" class=\"alignnone size-medium wp-image-1597\" src=\"http:\/\/blogsaverroes.juntadeandalucia.es\/sanlorenzo\/files\/2015\/03\/sistema_solar-300x188.jpg\" alt=\"sistema_solar\" width=\"300\" height=\"188\" srcset=\"https:\/\/blogsaverroes.juntadeandalucia.es\/sanlorenzo\/files\/2015\/03\/sistema_solar-300x188.jpg 300w, https:\/\/blogsaverroes.juntadeandalucia.es\/sanlorenzo\/files\/2015\/03\/sistema_solar.jpg 640w\" sizes=\"(max-width: 300px) 100vw, 300px\" \/><\/a><\/p>\n<p>El Sistema Solar. El universo es un tema muy atractivo para los ni\u00f1os, del que poseen algunos conocimientos previos, adem\u00e1s de sus propias observaciones. El objetivo de esta unidad es permitirles tener una visi\u00f3n global de c\u00f3mo es su planeta y del lugar que ocupa en el espacio, y en \u00faltimo t\u00e9rmino invitarlos a observar el cielo para comprender algunos de los conceptos sobre Astronom\u00eda.<\/p>\n","protected":false},"excerpt":{"rendered":"<p>Paula presenta su trabajo sobre ping\u00fcinos. &nbsp; &nbsp; Luc\u00eda nos habla sobre dragones. &nbsp; Alejandro nos aporta su punto de vista sobre la Magia. &nbsp; Clara presenta informaci\u00f3n sobre \u00abEl Quidditch\u00bb Clara de luquejuan &nbsp; &nbsp; Las plantas Secuencia did\u00e1ctica con actividades para trabajar las plantas. &nbsp; El espacio. El Sistema Solar El Sistema Solar. &hellip; <\/p>\n<p class=\"link-more\"><a href=\"https:\/\/blogsaverroes.juntadeandalucia.es\/sanlorenzo\/ed-primaria-2o-ciclo\/materiales-recursos\/\" class=\"more-link\">Continuar leyendo<span class=\"screen-reader-text\"> \u00abE.P. 2\u00ba ciclo. Materiales, recursos&#8230;\u00bb<\/span><\/a><\/p>\n","protected":false},"author":1,"featured_media":0,"parent":432,"menu_order":0,"comment_status":"closed","ping_status":"open","template":"page-sc.php","meta":{"ngg_post_thumbnail":0,"footnotes":"","_mc_calendar":[]},"aioseo_notices":[],"_links":{"self":[{"href":"https:\/\/blogsaverroes.juntadeandalucia.es\/sanlorenzo\/wp-json\/wp\/v2\/pages\/434"}],"collection":[{"href":"https:\/\/blogsaverroes.juntadeandalucia.es\/sanlorenzo\/wp-json\/wp\/v2\/pages"}],"about":[{"href":"https:\/\/blogsaverroes.juntadeandalucia.es\/sanlorenzo\/wp-json\/wp\/v2\/types\/page"}],"author":[{"embeddable":true,"href":"https:\/\/blogsaverroes.juntadeandalucia.es\/sanlorenzo\/wp-json\/wp\/v2\/users\/1"}],"replies":[{"embeddable":true,"href":"https:\/\/blogsaverroes.juntadeandalucia.es\/sanlorenzo\/wp-json\/wp\/v2\/comments?post=434"}],"version-history":[{"count":12,"href":"https:\/\/blogsaverroes.juntadeandalucia.es\/sanlorenzo\/wp-json\/wp\/v2\/pages\/434\/revisions"}],"predecessor-version":[{"id":2728,"href":"https:\/\/blogsaverroes.juntadeandalucia.es\/sanlorenzo\/wp-json\/wp\/v2\/pages\/434\/revisions\/2728"}],"up":[{"embeddable":true,"href":"https:\/\/blogsaverroes.juntadeandalucia.es\/sanlorenzo\/wp-json\/wp\/v2\/pages\/432"}],"wp:attachment":[{"href":"https:\/\/blogsaverroes.juntadeandalucia.es\/sanlorenzo\/wp-json\/wp\/v2\/media?parent=434"}],"curies":[{"name":"wp","href":"https:\/\/api.w.org\/{rel}","templated":true}]}}