{"id":438,"date":"2015-03-20T07:09:31","date_gmt":"2015-03-20T07:09:31","guid":{"rendered":"http:\/\/blogsaverroes.juntadeandalucia.es\/pre\/ceip\/?page_id=438"},"modified":"2022-11-09T11:03:44","modified_gmt":"2022-11-09T11:03:44","slug":"materiales-recursos","status":"publish","type":"page","link":"https:\/\/blogsaverroes.juntadeandalucia.es\/sanlorenzo\/ed-primaria-3o-ciclo\/materiales-recursos\/","title":{"rendered":"E.P. 3\u00ba ciclo. Materiales, recursos&#8230;"},"content":{"rendered":"<h4>El nivel de 6\u00ba participar\u00e1 en una actividad de orientaci\u00f3n el pr\u00f3ximo d\u00eda 9 de mayo. Al terminar, nos reuniremos 1700 personas en la plaza de La Corredera para hacer un FlashMob. Estos son los movimientos que tendremos que practicar.<\/h4>\n<p><!--nextpage--><\/p>\n<p>[youtube https:\/\/www.youtube.com\/watch?v=gaIpGaYJkL4]<\/p>\n<p>&nbsp;<\/p>\n<p>&nbsp;<\/p>\n<h4>Pincha en la imagen para acceder al blog de Cultura y Pr\u00e1ctica digital de la clase 6\u00baB.<\/h4>\n<h4>&nbsp;<a href=\"https:\/\/blogsaverroes.juntadeandalucia.es\/culturaypracticadigitalceipsanlorenzo\/\" target=\"_blank\" rel=\"noopener noreferrer\"><img loading=\"lazy\" decoding=\"async\" class=\"alignnone wp-image-2547\" src=\"https:\/\/blogsaverroes.juntadeandalucia.es\/sanlorenzo\/files\/2015\/03\/digi2-300x224.png\" alt=\"\" width=\"297\" height=\"222\" srcset=\"https:\/\/blogsaverroes.juntadeandalucia.es\/sanlorenzo\/files\/2015\/03\/digi2-300x224.png 300w, https:\/\/blogsaverroes.juntadeandalucia.es\/sanlorenzo\/files\/2015\/03\/digi2-768x574.png 768w, https:\/\/blogsaverroes.juntadeandalucia.es\/sanlorenzo\/files\/2015\/03\/digi2-1024x766.png 1024w, https:\/\/blogsaverroes.juntadeandalucia.es\/sanlorenzo\/files\/2015\/03\/digi2-24x18.png 24w, https:\/\/blogsaverroes.juntadeandalucia.es\/sanlorenzo\/files\/2015\/03\/digi2-36x27.png 36w, https:\/\/blogsaverroes.juntadeandalucia.es\/sanlorenzo\/files\/2015\/03\/digi2-48x36.png 48w, https:\/\/blogsaverroes.juntadeandalucia.es\/sanlorenzo\/files\/2015\/03\/digi2.png 1600w\" sizes=\"(max-width: 297px) 100vw, 297px\" \/><\/a><\/h4>\n<h4>Animals in our world<\/h4>\n<p><a title=\"Animals\" href=\"http:\/\/agrega.juntadeandalucia.es\/visualizar\/es\/es-an_2010032213_9120327\/false\" target=\"_blank\" rel=\"noopener noreferrer\"><img loading=\"lazy\" decoding=\"async\" class=\"alignnone size-medium wp-image-1599\" src=\"http:\/\/blogsaverroes.juntadeandalucia.es\/sanlorenzo\/files\/2015\/03\/animales-300x225.jpg\" alt=\"animales\" width=\"300\" height=\"225\" srcset=\"https:\/\/blogsaverroes.juntadeandalucia.es\/sanlorenzo\/files\/2015\/03\/animales-300x225.jpg 300w, https:\/\/blogsaverroes.juntadeandalucia.es\/sanlorenzo\/files\/2015\/03\/animales.jpg 800w\" sizes=\"(max-width: 300px) 100vw, 300px\" \/><\/a><\/p>\n<p>En esta secuencia did\u00e1ctica utilizaremos el tema de los animales para trabajar el Present simple incidiendo especialmente en la forma interrogativa (preguntas y respuestas) y en la tercera persona del singular. L\u00f3gicamente incidiremos tambi\u00e9n en los pronombres interrogativos. Veremos c\u00f3mo y d\u00f3nde viven animales y mascotas (tambi\u00e9n de d\u00f3nde proceden) sus h\u00e1bitos lo que comen, los compararemos y describiremos.<\/p>\n<p>&nbsp;<\/p>\n<h4>Los valores democr\u00e1ticos<\/h4>\n<p><a title=\"Europa\" href=\"http:\/\/agrega.juntadeandalucia.es\/visualizar\/es\/es-an_2010040613_9102340\/false\" target=\"_blank\" rel=\"noopener noreferrer\"><img loading=\"lazy\" decoding=\"async\" class=\"alignnone size-medium wp-image-1601\" src=\"http:\/\/blogsaverroes.juntadeandalucia.es\/sanlorenzo\/files\/2015\/03\/europa-300x225.jpg\" alt=\"europa\" width=\"300\" height=\"225\" srcset=\"https:\/\/blogsaverroes.juntadeandalucia.es\/sanlorenzo\/files\/2015\/03\/europa-300x225.jpg 300w, https:\/\/blogsaverroes.juntadeandalucia.es\/sanlorenzo\/files\/2015\/03\/europa.jpg 800w\" sizes=\"(max-width: 300px) 100vw, 300px\" \/><\/a><\/p>\n<p>En esta secuencia did\u00e1ctica se trabajan las instituciones democr\u00e1ticas, la organizaci\u00f3n del estado democr\u00e1tico y los agentes y participaciones ciudadanas en el desarrollo y maduraci\u00f3n de la democracia, a partir del estudio, en algunos casos, de la historia democr\u00e1tica de Espa\u00f1a.<\/p>\n<p>&nbsp;<\/p>\n<h4>Llevarme bien conmigo mismo. Competencia emocional<\/h4>\n<p><a title=\"Conocerse\" href=\"http:\/\/agrega.juntadeandalucia.es\/visualizar\/es\/es-an_2010040613_9102918\/false\" target=\"_blank\" rel=\"noopener noreferrer\"><img loading=\"lazy\" decoding=\"async\" class=\"alignnone size-medium wp-image-1602\" src=\"http:\/\/blogsaverroes.juntadeandalucia.es\/sanlorenzo\/files\/2015\/03\/conocerse-300x225.jpg\" alt=\"conocerse\" width=\"300\" height=\"225\" srcset=\"https:\/\/blogsaverroes.juntadeandalucia.es\/sanlorenzo\/files\/2015\/03\/conocerse-300x225.jpg 300w, https:\/\/blogsaverroes.juntadeandalucia.es\/sanlorenzo\/files\/2015\/03\/conocerse.jpg 800w\" sizes=\"(max-width: 300px) 100vw, 300px\" \/><\/a><\/p>\n<p>Se pretende que el alumnado reconozca la importancia del autoconocimiento y el control de las emociones y los impulsos como elemento para su sentirse bien consigo mismo (autoestima)<\/p>\n<p><!--nextpage--><\/p>\n<p>&nbsp;<\/p>\n<p><a href=\"https:\/\/blogsaverroes.juntadeandalucia.es\/sanlorenzo\/files\/2022\/11\/C\u00f3rdoba1_page-0001.jpg\"><img loading=\"lazy\" decoding=\"async\" class=\" wp-image-3387 aligncenter\" src=\"https:\/\/blogsaverroes.juntadeandalucia.es\/sanlorenzo\/files\/2022\/11\/C\u00f3rdoba1_page-0001-212x300.jpg\" alt=\"\" width=\"276\" height=\"390\" srcset=\"https:\/\/blogsaverroes.juntadeandalucia.es\/sanlorenzo\/files\/2022\/11\/C\u00f3rdoba1_page-0001-212x300.jpg 212w, https:\/\/blogsaverroes.juntadeandalucia.es\/sanlorenzo\/files\/2022\/11\/C\u00f3rdoba1_page-0001-723x1024.jpg 723w, https:\/\/blogsaverroes.juntadeandalucia.es\/sanlorenzo\/files\/2022\/11\/C\u00f3rdoba1_page-0001-768x1088.jpg 768w, https:\/\/blogsaverroes.juntadeandalucia.es\/sanlorenzo\/files\/2022\/11\/C\u00f3rdoba1_page-0001-1085x1536.jpg 1085w, https:\/\/blogsaverroes.juntadeandalucia.es\/sanlorenzo\/files\/2022\/11\/C\u00f3rdoba1_page-0001.jpg 1130w\" sizes=\"(max-width: 276px) 100vw, 276px\" \/><\/a><\/p>\n<p>&nbsp;<\/p>\n<p><!--nextpage--><\/p>\n<p><a href=\"https:\/\/blogsaverroes.juntadeandalucia.es\/sanlorenzo\/files\/2022\/11\/C\u00f3rdoba2_page-0001.jpg\"><img loading=\"lazy\" decoding=\"async\" class=\" wp-image-3392 aligncenter\" src=\"https:\/\/blogsaverroes.juntadeandalucia.es\/sanlorenzo\/files\/2022\/11\/C\u00f3rdoba2_page-0001-212x300.jpg\" alt=\"\" width=\"318\" height=\"450\" srcset=\"https:\/\/blogsaverroes.juntadeandalucia.es\/sanlorenzo\/files\/2022\/11\/C\u00f3rdoba2_page-0001-212x300.jpg 212w, https:\/\/blogsaverroes.juntadeandalucia.es\/sanlorenzo\/files\/2022\/11\/C\u00f3rdoba2_page-0001-724x1024.jpg 724w, https:\/\/blogsaverroes.juntadeandalucia.es\/sanlorenzo\/files\/2022\/11\/C\u00f3rdoba2_page-0001-768x1086.jpg 768w, https:\/\/blogsaverroes.juntadeandalucia.es\/sanlorenzo\/files\/2022\/11\/C\u00f3rdoba2_page-0001-1086x1536.jpg 1086w, https:\/\/blogsaverroes.juntadeandalucia.es\/sanlorenzo\/files\/2022\/11\/C\u00f3rdoba2_page-0001.jpg 1131w\" sizes=\"(max-width: 318px) 100vw, 318px\" \/><\/a><\/p>\n<p>&nbsp;<\/p>\n<p><!--nextpage--><\/p>\n<p><a href=\"https:\/\/blogsaverroes.juntadeandalucia.es\/sanlorenzo\/files\/2022\/11\/C\u00f3rdoba-3_page-0001.jpg\"><img loading=\"lazy\" decoding=\"async\" class=\"size-medium wp-image-3395 aligncenter\" src=\"https:\/\/blogsaverroes.juntadeandalucia.es\/sanlorenzo\/files\/2022\/11\/C\u00f3rdoba-3_page-0001-212x300.jpg\" alt=\"\" width=\"212\" height=\"300\" srcset=\"https:\/\/blogsaverroes.juntadeandalucia.es\/sanlorenzo\/files\/2022\/11\/C\u00f3rdoba-3_page-0001-212x300.jpg 212w, https:\/\/blogsaverroes.juntadeandalucia.es\/sanlorenzo\/files\/2022\/11\/C\u00f3rdoba-3_page-0001-724x1024.jpg 724w, https:\/\/blogsaverroes.juntadeandalucia.es\/sanlorenzo\/files\/2022\/11\/C\u00f3rdoba-3_page-0001-768x1086.jpg 768w, https:\/\/blogsaverroes.juntadeandalucia.es\/sanlorenzo\/files\/2022\/11\/C\u00f3rdoba-3_page-0001-1086x1536.jpg 1086w, https:\/\/blogsaverroes.juntadeandalucia.es\/sanlorenzo\/files\/2022\/11\/C\u00f3rdoba-3_page-0001.jpg 1131w\" sizes=\"(max-width: 212px) 100vw, 212px\" \/><\/a><!--nextpage--><\/p>\n<p><a href=\"https:\/\/blogsaverroes.juntadeandalucia.es\/sanlorenzo\/files\/2022\/11\/C\u00f3rdoba4_page-0001.jpg\"><img loading=\"lazy\" decoding=\"async\" class=\"size-medium wp-image-3396 aligncenter\" src=\"https:\/\/blogsaverroes.juntadeandalucia.es\/sanlorenzo\/files\/2022\/11\/C\u00f3rdoba4_page-0001-212x300.jpg\" alt=\"\" width=\"212\" height=\"300\" srcset=\"https:\/\/blogsaverroes.juntadeandalucia.es\/sanlorenzo\/files\/2022\/11\/C\u00f3rdoba4_page-0001-212x300.jpg 212w, https:\/\/blogsaverroes.juntadeandalucia.es\/sanlorenzo\/files\/2022\/11\/C\u00f3rdoba4_page-0001-724x1024.jpg 724w, https:\/\/blogsaverroes.juntadeandalucia.es\/sanlorenzo\/files\/2022\/11\/C\u00f3rdoba4_page-0001-768x1086.jpg 768w, https:\/\/blogsaverroes.juntadeandalucia.es\/sanlorenzo\/files\/2022\/11\/C\u00f3rdoba4_page-0001-1086x1536.jpg 1086w, https:\/\/blogsaverroes.juntadeandalucia.es\/sanlorenzo\/files\/2022\/11\/C\u00f3rdoba4_page-0001.jpg 1131w\" sizes=\"(max-width: 212px) 100vw, 212px\" \/><\/a><!--nextpage--><\/p>\n<p><a href=\"https:\/\/blogsaverroes.juntadeandalucia.es\/sanlorenzo\/files\/2022\/11\/C\u00f3rdoba5_page-0001.jpg\"><img loading=\"lazy\" decoding=\"async\" class=\"size-medium wp-image-3399 aligncenter\" src=\"https:\/\/blogsaverroes.juntadeandalucia.es\/sanlorenzo\/files\/2022\/11\/C\u00f3rdoba5_page-0001-212x300.jpg\" alt=\"\" width=\"212\" height=\"300\" srcset=\"https:\/\/blogsaverroes.juntadeandalucia.es\/sanlorenzo\/files\/2022\/11\/C\u00f3rdoba5_page-0001-212x300.jpg 212w, https:\/\/blogsaverroes.juntadeandalucia.es\/sanlorenzo\/files\/2022\/11\/C\u00f3rdoba5_page-0001-724x1024.jpg 724w, https:\/\/blogsaverroes.juntadeandalucia.es\/sanlorenzo\/files\/2022\/11\/C\u00f3rdoba5_page-0001-768x1086.jpg 768w, https:\/\/blogsaverroes.juntadeandalucia.es\/sanlorenzo\/files\/2022\/11\/C\u00f3rdoba5_page-0001-1086x1536.jpg 1086w, https:\/\/blogsaverroes.juntadeandalucia.es\/sanlorenzo\/files\/2022\/11\/C\u00f3rdoba5_page-0001.jpg 1131w\" sizes=\"(max-width: 212px) 100vw, 212px\" \/><\/a><!--nextpage--><\/p>\n<p><a href=\"https:\/\/blogsaverroes.juntadeandalucia.es\/sanlorenzo\/files\/2022\/11\/C\u00f3rdoba6_page-0001.jpg\"><img loading=\"lazy\" decoding=\"async\" class=\"size-medium wp-image-3400 aligncenter\" src=\"https:\/\/blogsaverroes.juntadeandalucia.es\/sanlorenzo\/files\/2022\/11\/C\u00f3rdoba6_page-0001-212x300.jpg\" alt=\"\" width=\"212\" height=\"300\" srcset=\"https:\/\/blogsaverroes.juntadeandalucia.es\/sanlorenzo\/files\/2022\/11\/C\u00f3rdoba6_page-0001-212x300.jpg 212w, https:\/\/blogsaverroes.juntadeandalucia.es\/sanlorenzo\/files\/2022\/11\/C\u00f3rdoba6_page-0001-724x1024.jpg 724w, https:\/\/blogsaverroes.juntadeandalucia.es\/sanlorenzo\/files\/2022\/11\/C\u00f3rdoba6_page-0001-768x1086.jpg 768w, https:\/\/blogsaverroes.juntadeandalucia.es\/sanlorenzo\/files\/2022\/11\/C\u00f3rdoba6_page-0001-1086x1536.jpg 1086w, https:\/\/blogsaverroes.juntadeandalucia.es\/sanlorenzo\/files\/2022\/11\/C\u00f3rdoba6_page-0001.jpg 1131w\" sizes=\"(max-width: 212px) 100vw, 212px\" \/><\/a><!--nextpage--><\/p>\n<p><a href=\"https:\/\/blogsaverroes.juntadeandalucia.es\/sanlorenzo\/files\/2022\/11\/C\u00f3rdoba7_page-0001.jpg\"><img loading=\"lazy\" decoding=\"async\" class=\"size-medium wp-image-3403 aligncenter\" src=\"https:\/\/blogsaverroes.juntadeandalucia.es\/sanlorenzo\/files\/2022\/11\/C\u00f3rdoba7_page-0001-212x300.jpg\" alt=\"\" width=\"212\" height=\"300\" srcset=\"https:\/\/blogsaverroes.juntadeandalucia.es\/sanlorenzo\/files\/2022\/11\/C\u00f3rdoba7_page-0001-212x300.jpg 212w, https:\/\/blogsaverroes.juntadeandalucia.es\/sanlorenzo\/files\/2022\/11\/C\u00f3rdoba7_page-0001-724x1024.jpg 724w, https:\/\/blogsaverroes.juntadeandalucia.es\/sanlorenzo\/files\/2022\/11\/C\u00f3rdoba7_page-0001-768x1086.jpg 768w, https:\/\/blogsaverroes.juntadeandalucia.es\/sanlorenzo\/files\/2022\/11\/C\u00f3rdoba7_page-0001-1086x1536.jpg 1086w, https:\/\/blogsaverroes.juntadeandalucia.es\/sanlorenzo\/files\/2022\/11\/C\u00f3rdoba7_page-0001.jpg 1131w\" sizes=\"(max-width: 212px) 100vw, 212px\" \/><\/a><!--nextpage--><\/p>\n<p><a href=\"https:\/\/blogsaverroes.juntadeandalucia.es\/sanlorenzo\/files\/2022\/11\/Documento8_page-0001.jpg\"><img loading=\"lazy\" decoding=\"async\" class=\"size-medium wp-image-3406 aligncenter\" src=\"https:\/\/blogsaverroes.juntadeandalucia.es\/sanlorenzo\/files\/2022\/11\/Documento8_page-0001-212x300.jpg\" alt=\"\" width=\"212\" height=\"300\" srcset=\"https:\/\/blogsaverroes.juntadeandalucia.es\/sanlorenzo\/files\/2022\/11\/Documento8_page-0001-212x300.jpg 212w, https:\/\/blogsaverroes.juntadeandalucia.es\/sanlorenzo\/files\/2022\/11\/Documento8_page-0001-724x1024.jpg 724w, https:\/\/blogsaverroes.juntadeandalucia.es\/sanlorenzo\/files\/2022\/11\/Documento8_page-0001-768x1086.jpg 768w, https:\/\/blogsaverroes.juntadeandalucia.es\/sanlorenzo\/files\/2022\/11\/Documento8_page-0001-1086x1536.jpg 1086w, https:\/\/blogsaverroes.juntadeandalucia.es\/sanlorenzo\/files\/2022\/11\/Documento8_page-0001.jpg 1131w\" sizes=\"(max-width: 212px) 100vw, 212px\" \/><\/a><\/p>\n<p><!--nextpage--><\/p>\n<p><a href=\"https:\/\/blogsaverroes.juntadeandalucia.es\/sanlorenzo\/files\/2022\/11\/C\u00f3rdoba9_page-0001.jpg\"><img loading=\"lazy\" decoding=\"async\" class=\"size-medium wp-image-3409 aligncenter\" src=\"https:\/\/blogsaverroes.juntadeandalucia.es\/sanlorenzo\/files\/2022\/11\/C\u00f3rdoba9_page-0001-212x300.jpg\" alt=\"\" width=\"212\" height=\"300\" srcset=\"https:\/\/blogsaverroes.juntadeandalucia.es\/sanlorenzo\/files\/2022\/11\/C\u00f3rdoba9_page-0001-212x300.jpg 212w, https:\/\/blogsaverroes.juntadeandalucia.es\/sanlorenzo\/files\/2022\/11\/C\u00f3rdoba9_page-0001-724x1024.jpg 724w, https:\/\/blogsaverroes.juntadeandalucia.es\/sanlorenzo\/files\/2022\/11\/C\u00f3rdoba9_page-0001-768x1086.jpg 768w, https:\/\/blogsaverroes.juntadeandalucia.es\/sanlorenzo\/files\/2022\/11\/C\u00f3rdoba9_page-0001-1086x1536.jpg 1086w, https:\/\/blogsaverroes.juntadeandalucia.es\/sanlorenzo\/files\/2022\/11\/C\u00f3rdoba9_page-0001.jpg 1131w\" sizes=\"(max-width: 212px) 100vw, 212px\" \/><\/a><!--nextpage--><\/p>\n<p style=\"text-align: center\"><a href=\"https:\/\/blogsaverroes.juntadeandalucia.es\/sanlorenzo\/files\/2022\/11\/Cor10_page-0001.jpg\"><img loading=\"lazy\" decoding=\"async\" class=\"alignnone size-medium wp-image-3419\" src=\"https:\/\/blogsaverroes.juntadeandalucia.es\/sanlorenzo\/files\/2022\/11\/Cor10_page-0001-212x300.jpg\" alt=\"\" width=\"212\" height=\"300\" srcset=\"https:\/\/blogsaverroes.juntadeandalucia.es\/sanlorenzo\/files\/2022\/11\/Cor10_page-0001-212x300.jpg 212w, https:\/\/blogsaverroes.juntadeandalucia.es\/sanlorenzo\/files\/2022\/11\/Cor10_page-0001-724x1024.jpg 724w, https:\/\/blogsaverroes.juntadeandalucia.es\/sanlorenzo\/files\/2022\/11\/Cor10_page-0001-768x1086.jpg 768w, https:\/\/blogsaverroes.juntadeandalucia.es\/sanlorenzo\/files\/2022\/11\/Cor10_page-0001-1086x1536.jpg 1086w, https:\/\/blogsaverroes.juntadeandalucia.es\/sanlorenzo\/files\/2022\/11\/Cor10_page-0001.jpg 1131w\" sizes=\"(max-width: 212px) 100vw, 212px\" \/><\/a><\/p>\n<p><!--nextpage--><\/p>\n<p><a href=\"https:\/\/blogsaverroes.juntadeandalucia.es\/sanlorenzo\/files\/2022\/11\/C\u00f3rdoba11_page-0001.jpg\"><img loading=\"lazy\" decoding=\"async\" class=\"size-medium wp-image-3421 aligncenter\" src=\"https:\/\/blogsaverroes.juntadeandalucia.es\/sanlorenzo\/files\/2022\/11\/C\u00f3rdoba11_page-0001-212x300.jpg\" alt=\"\" width=\"212\" height=\"300\" srcset=\"https:\/\/blogsaverroes.juntadeandalucia.es\/sanlorenzo\/files\/2022\/11\/C\u00f3rdoba11_page-0001-212x300.jpg 212w, https:\/\/blogsaverroes.juntadeandalucia.es\/sanlorenzo\/files\/2022\/11\/C\u00f3rdoba11_page-0001-724x1024.jpg 724w, https:\/\/blogsaverroes.juntadeandalucia.es\/sanlorenzo\/files\/2022\/11\/C\u00f3rdoba11_page-0001-768x1086.jpg 768w, https:\/\/blogsaverroes.juntadeandalucia.es\/sanlorenzo\/files\/2022\/11\/C\u00f3rdoba11_page-0001-1086x1536.jpg 1086w, https:\/\/blogsaverroes.juntadeandalucia.es\/sanlorenzo\/files\/2022\/11\/C\u00f3rdoba11_page-0001.jpg 1131w\" sizes=\"(max-width: 212px) 100vw, 212px\" \/><\/a><!--nextpage--><\/p>\n<p style=\"text-align: center\"><a href=\"https:\/\/blogsaverroes.juntadeandalucia.es\/sanlorenzo\/files\/2022\/11\/C\u00f3rdob11.jpg\"><img loading=\"lazy\" decoding=\"async\" class=\"alignnone size-medium wp-image-3423\" src=\"https:\/\/blogsaverroes.juntadeandalucia.es\/sanlorenzo\/files\/2022\/11\/C\u00f3rdob11-212x300.jpg\" alt=\"\" width=\"212\" height=\"300\" srcset=\"https:\/\/blogsaverroes.juntadeandalucia.es\/sanlorenzo\/files\/2022\/11\/C\u00f3rdob11-212x300.jpg 212w, https:\/\/blogsaverroes.juntadeandalucia.es\/sanlorenzo\/files\/2022\/11\/C\u00f3rdob11-724x1024.jpg 724w, https:\/\/blogsaverroes.juntadeandalucia.es\/sanlorenzo\/files\/2022\/11\/C\u00f3rdob11-768x1086.jpg 768w, https:\/\/blogsaverroes.juntadeandalucia.es\/sanlorenzo\/files\/2022\/11\/C\u00f3rdob11-1086x1536.jpg 1086w, https:\/\/blogsaverroes.juntadeandalucia.es\/sanlorenzo\/files\/2022\/11\/C\u00f3rdob11-1448x2048.jpg 1448w, https:\/\/blogsaverroes.juntadeandalucia.es\/sanlorenzo\/files\/2022\/11\/C\u00f3rdob11.jpg 1131w\" sizes=\"(max-width: 212px) 100vw, 212px\" \/><\/a><\/p>\n<p>&nbsp;<\/p>\n","protected":false},"excerpt":{"rendered":"<p>El nivel de 6\u00ba participar\u00e1 en una actividad de orientaci\u00f3n el pr\u00f3ximo d\u00eda 9 de mayo. Al terminar, nos reuniremos 1700 personas en la plaza de La Corredera para hacer un FlashMob. Estos son los movimientos que tendremos que practicar.<\/p>\n","protected":false},"author":1,"featured_media":0,"parent":436,"menu_order":0,"comment_status":"closed","ping_status":"open","template":"page-sc.php","meta":{"ngg_post_thumbnail":0,"footnotes":"","_mc_calendar":[]},"aioseo_notices":[],"_links":{"self":[{"href":"https:\/\/blogsaverroes.juntadeandalucia.es\/sanlorenzo\/wp-json\/wp\/v2\/pages\/438"}],"collection":[{"href":"https:\/\/blogsaverroes.juntadeandalucia.es\/sanlorenzo\/wp-json\/wp\/v2\/pages"}],"about":[{"href":"https:\/\/blogsaverroes.juntadeandalucia.es\/sanlorenzo\/wp-json\/wp\/v2\/types\/page"}],"author":[{"embeddable":true,"href":"https:\/\/blogsaverroes.juntadeandalucia.es\/sanlorenzo\/wp-json\/wp\/v2\/users\/1"}],"replies":[{"embeddable":true,"href":"https:\/\/blogsaverroes.juntadeandalucia.es\/sanlorenzo\/wp-json\/wp\/v2\/comments?post=438"}],"version-history":[{"count":34,"href":"https:\/\/blogsaverroes.juntadeandalucia.es\/sanlorenzo\/wp-json\/wp\/v2\/pages\/438\/revisions"}],"predecessor-version":[{"id":3424,"href":"https:\/\/blogsaverroes.juntadeandalucia.es\/sanlorenzo\/wp-json\/wp\/v2\/pages\/438\/revisions\/3424"}],"up":[{"embeddable":true,"href":"https:\/\/blogsaverroes.juntadeandalucia.es\/sanlorenzo\/wp-json\/wp\/v2\/pages\/436"}],"wp:attachment":[{"href":"https:\/\/blogsaverroes.juntadeandalucia.es\/sanlorenzo\/wp-json\/wp\/v2\/media?parent=438"}],"curies":[{"name":"wp","href":"https:\/\/api.w.org\/{rel}","templated":true}]}}