{"id":49,"date":"2015-03-13T08:47:05","date_gmt":"2015-03-13T08:47:05","guid":{"rendered":"http:\/\/blogsaverroes.juntadeandalucia.es\/pre\/ceip\/?page_id=49"},"modified":"2025-01-27T12:18:59","modified_gmt":"2025-01-27T12:18:59","slug":"plan-de-centro-2","status":"publish","type":"page","link":"https:\/\/blogsaverroes.juntadeandalucia.es\/sanlorenzo\/plan-de-centro-2\/","title":{"rendered":"Plan de Centro"},"content":{"rendered":"<h5>Pinche en los enlaces para acceder a los distintos documentos.<\/h5>\n<ul>\n<li><a title=\"Plan de Centro. Act 2024\" href=\"https:\/\/blogsaverroes.juntadeandalucia.es\/sanlorenzo\/files\/2024\/11\/Plan_de_Centro.pdf\" target=\"_blank\" rel=\"noopener\">PLAN DE CENTRO (Actualizaci\u00f3n 2024).<\/a><\/li>\n<li><a href=\"https:\/\/blogsaverroes.juntadeandalucia.es\/sanlorenzo\/files\/2022\/10\/PLAN-CONVIVENCIA-SL.pdf\">Plan de Convivencia (Act 2022)<\/a> \/ <a href=\"https:\/\/blogsaverroes.juntadeandalucia.es\/sanlorenzo\/files\/2022\/10\/Anexo-I-Conv.pdf\">Anexo I<\/a> \/ <a href=\"https:\/\/blogsaverroes.juntadeandalucia.es\/sanlorenzo\/files\/2022\/10\/ANEXO-II-Conv.pdf\">Anexo II<\/a> \/ <a href=\"https:\/\/blogsaverroes.juntadeandalucia.es\/sanlorenzo\/files\/2022\/10\/Plan_Convivencia_Resumen.pdf\">Cuadro resumen<\/a><\/li>\n<li><a href=\"https:\/\/blogsaverroes.juntadeandalucia.es\/sanlorenzo\/files\/2024\/10\/C.-Evaluacion-Infantil.pdf\" target=\"_blank\" rel=\"noopener\">C. DE EVALUACI\u00d3N ED. INFANTIL<\/a>.<\/li>\n<li><a href=\"https:\/\/blogsaverroes.juntadeandalucia.es\/sanlorenzo\/files\/2024\/10\/CRITERIOS-PRIMER-CICLO.pdf\" target=\"_blank\" rel=\"noopener\">C. DE EVALUACI\u00d3N 1ER. CICLO<\/a>.<\/li>\n<li><a href=\"https:\/\/blogsaverroes.juntadeandalucia.es\/sanlorenzo\/files\/2024\/10\/C.-EVALUACION-SEGUNDO-CICLO.pdf\" target=\"_blank\" rel=\"noopener\">C. DE EVALUACI\u00d3N 2\u00ba CICLO.<\/a><\/li>\n<li><a href=\"https:\/\/blogsaverroes.juntadeandalucia.es\/sanlorenzo\/files\/2024\/10\/C.-EVALUACION-TERCER-CICLO.pdf\" target=\"_blank\" rel=\"noopener\">C. DE EVALUACI\u00d3N 3ER. CICLO.<\/a><br \/>\n<hr>\n<p><a href=\"https:\/\/drive.google.com\/file\/d\/1eiRvtgVMoLJljBDEa8lf_W0ItG91zTwA\/view?usp=drive_link\" target=\"_blank\" rel=\"noopener\">PLAN ANUAL DE CENTRO 24\/25.<\/a><\/li>\n<\/ul>\n","protected":false},"excerpt":{"rendered":"<p>Pinche en los enlaces para acceder a los distintos documentos. PLAN DE CENTRO (Actualizaci\u00f3n 2024). Plan de Convivencia (Act 2022) \/ Anexo I \/ Anexo II \/ Cuadro resumen C. DE EVALUACI\u00d3N ED. INFANTIL. C. DE EVALUACI\u00d3N 1ER. CICLO. C. DE EVALUACI\u00d3N 2\u00ba CICLO. C. DE EVALUACI\u00d3N 3ER. CICLO. PLAN ANUAL DE CENTRO 24\/25.<\/p>\n","protected":false},"author":1,"featured_media":0,"parent":0,"menu_order":0,"comment_status":"closed","ping_status":"open","template":"page-cs.php","meta":{"ngg_post_thumbnail":0,"footnotes":"","_mc_calendar":[]},"aioseo_notices":[],"_links":{"self":[{"href":"https:\/\/blogsaverroes.juntadeandalucia.es\/sanlorenzo\/wp-json\/wp\/v2\/pages\/49"}],"collection":[{"href":"https:\/\/blogsaverroes.juntadeandalucia.es\/sanlorenzo\/wp-json\/wp\/v2\/pages"}],"about":[{"href":"https:\/\/blogsaverroes.juntadeandalucia.es\/sanlorenzo\/wp-json\/wp\/v2\/types\/page"}],"author":[{"embeddable":true,"href":"https:\/\/blogsaverroes.juntadeandalucia.es\/sanlorenzo\/wp-json\/wp\/v2\/users\/1"}],"replies":[{"embeddable":true,"href":"https:\/\/blogsaverroes.juntadeandalucia.es\/sanlorenzo\/wp-json\/wp\/v2\/comments?post=49"}],"version-history":[{"count":24,"href":"https:\/\/blogsaverroes.juntadeandalucia.es\/sanlorenzo\/wp-json\/wp\/v2\/pages\/49\/revisions"}],"predecessor-version":[{"id":3585,"href":"https:\/\/blogsaverroes.juntadeandalucia.es\/sanlorenzo\/wp-json\/wp\/v2\/pages\/49\/revisions\/3585"}],"wp:attachment":[{"href":"https:\/\/blogsaverroes.juntadeandalucia.es\/sanlorenzo\/wp-json\/wp\/v2\/media?parent=49"}],"curies":[{"name":"wp","href":"https:\/\/api.w.org\/{rel}","templated":true}]}}