{"id":82,"date":"2015-03-16T06:59:55","date_gmt":"2015-03-16T06:59:55","guid":{"rendered":"http:\/\/blogsaverroes.juntadeandalucia.es\/pre\/ceip\/?page_id=82"},"modified":"2024-10-02T14:46:18","modified_gmt":"2024-10-02T14:46:18","slug":"horarios","status":"publish","type":"page","link":"https:\/\/blogsaverroes.juntadeandalucia.es\/sanlorenzo\/horarios\/","title":{"rendered":"Horarios"},"content":{"rendered":"<p><span style=\"text-decoration: underline\"><strong>HORARIOS DEL CENTRO 24\/25<\/strong><\/span><\/p>\n<ul>\n<li>AULA MATINAL:&nbsp;<\/li>\n<\/ul>\n<p>&nbsp; &nbsp; &nbsp; &nbsp; &nbsp; &nbsp;7:30 &#8211; 9:00&nbsp;<\/p>\n<ul>\n<li>HORARIO LECTIVO:<\/li>\n<\/ul>\n<p>&nbsp; &nbsp; &nbsp; &nbsp; &nbsp; &nbsp;9:00 &#8211; 14:00 (Recreo a las 11:30)<\/p>\n<ul>\n<li>COMEDOR:<\/li>\n<\/ul>\n<p>&nbsp; &nbsp; &nbsp; &nbsp; &nbsp; &nbsp;14:00 &#8211; 16:00<\/p>\n<p>TUTOR\u00cdAS CON FAMILIAS:<\/p>\n<p>&nbsp; &nbsp; &nbsp; &nbsp; &nbsp; &nbsp; Lunes de 16:30 a 17:30 (Ser\u00e1n presenciales. Excepcionalmente y de manera justificada podr\u00e1n ser telem\u00e1ticas)<\/p>\n<p>ACTIVIDADES COMPLEMENTARIAS EN EDIFICIO <strong>MU\u00d1ICES<\/strong><\/p>\n<table style=\"border-collapse: collapse;width: 100%\">\n<tbody>\n<tr>\n<td style=\"width: 25%;text-align: center\"><strong>L<\/strong><\/td>\n<td style=\"width: 25%;text-align: center\"><strong>M<\/strong><\/td>\n<td style=\"width: 25%;text-align: center\"><strong>X<\/strong><\/td>\n<td style=\"width: 25%;text-align: center\"><strong>J<\/strong><\/td>\n<\/tr>\n<tr>\n<td style=\"width: 25%\">M\u00fasica y Movimiento (16:00-17:00)<\/td>\n<td style=\"width: 25%\">Baloncesto (16:00-18:00)<\/td>\n<td style=\"width: 25%\">M\u00fasica y Movimiento (16:00-17:00)<\/td>\n<td style=\"width: 25%\">Baloncesto (16:00-18:00)<\/td>\n<\/tr>\n<tr>\n<td style=\"width: 25%\">PROA (16:00-18:00)<\/td>\n<td style=\"width: 25%\">PROA (16:00-18:00)<\/td>\n<td style=\"width: 25%\">PROA (16:00-18:00)<\/td>\n<td style=\"width: 25%\">PROA (16:00-18:00)<\/td>\n<\/tr>\n<tr>\n<td style=\"width: 25%\">Inform\u00e1tica (<strong>Por confirmar<\/strong>)<\/td>\n<td style=\"width: 25%\">Patinaje (17:00-18:00)<\/td>\n<td style=\"width: 25%\">&nbsp;<\/td>\n<td style=\"width: 25%\">Patinaje (17:00-18:00)<\/td>\n<\/tr>\n<\/tbody>\n<\/table>\n<p>ACTIVIDADES COMPLEMENTARIAS EN EDIFICIO <strong>ESCA\u00d1UELA<\/strong><\/p>\n<table style=\"border-collapse: collapse;width: 100%;height: 84px\">\n<tbody>\n<tr style=\"height: 24px\">\n<td style=\"width: 25%;text-align: center;height: 24px\"><strong>L<\/strong><\/td>\n<td style=\"width: 25%;text-align: center;height: 24px\"><strong>M<\/strong><\/td>\n<td style=\"width: 25%;text-align: center;height: 24px\"><strong>X<\/strong><\/td>\n<td style=\"width: 25%;text-align: center;height: 24px\"><strong>J<\/strong><\/td>\n<\/tr>\n<tr style=\"height: 48px\">\n<td style=\"width: 25%;text-align: center;height: 48px\">M\u00fasica y Movimiento (16:00-17:00)<\/td>\n<td style=\"width: 25%;height: 48px\">&nbsp;<\/td>\n<td style=\"width: 25%;text-align: center;height: 48px\">M\u00fasica y Movimiento (16:00-17:00)<\/td>\n<td style=\"width: 25%;height: 48px\">&nbsp;<\/td>\n<\/tr>\n<tr style=\"height: 12px\">\n<td style=\"width: 25%;height: 12px\">&nbsp;<\/td>\n<td style=\"width: 25%;height: 12px\">&nbsp;<\/td>\n<td style=\"width: 25%;height: 12px\">&nbsp;<\/td>\n<td style=\"width: 25%;height: 12px\">&nbsp;<\/td>\n<\/tr>\n<\/tbody>\n<\/table>\n","protected":false},"excerpt":{"rendered":"<p>HORARIOS DEL CENTRO 24\/25 AULA MATINAL:&nbsp; &nbsp; &nbsp; &nbsp; &nbsp; &nbsp; &nbsp;7:30 &#8211; 9:00&nbsp; HORARIO LECTIVO: &nbsp; &nbsp; &nbsp; &nbsp; &nbsp; &nbsp;9:00 &#8211; 14:00 (Recreo a las 11:30) COMEDOR: &nbsp; &nbsp; &nbsp; &nbsp; &nbsp; &nbsp;14:00 &#8211; 16:00 TUTOR\u00cdAS CON FAMILIAS: &nbsp; &nbsp; &nbsp; &nbsp; &nbsp; &nbsp; Lunes de 16:30 a 17:30 (Ser\u00e1n presenciales. Excepcionalmente y &hellip; <\/p>\n<p class=\"link-more\"><a href=\"https:\/\/blogsaverroes.juntadeandalucia.es\/sanlorenzo\/horarios\/\" class=\"more-link\">Continuar leyendo<span class=\"screen-reader-text\"> \u00abHorarios\u00bb<\/span><\/a><\/p>\n","protected":false},"author":1,"featured_media":0,"parent":0,"menu_order":0,"comment_status":"closed","ping_status":"open","template":"page-cs.php","meta":{"ngg_post_thumbnail":0,"footnotes":"","_mc_calendar":[]},"aioseo_notices":[],"_links":{"self":[{"href":"https:\/\/blogsaverroes.juntadeandalucia.es\/sanlorenzo\/wp-json\/wp\/v2\/pages\/82"}],"collection":[{"href":"https:\/\/blogsaverroes.juntadeandalucia.es\/sanlorenzo\/wp-json\/wp\/v2\/pages"}],"about":[{"href":"https:\/\/blogsaverroes.juntadeandalucia.es\/sanlorenzo\/wp-json\/wp\/v2\/types\/page"}],"author":[{"embeddable":true,"href":"https:\/\/blogsaverroes.juntadeandalucia.es\/sanlorenzo\/wp-json\/wp\/v2\/users\/1"}],"replies":[{"embeddable":true,"href":"https:\/\/blogsaverroes.juntadeandalucia.es\/sanlorenzo\/wp-json\/wp\/v2\/comments?post=82"}],"version-history":[{"count":8,"href":"https:\/\/blogsaverroes.juntadeandalucia.es\/sanlorenzo\/wp-json\/wp\/v2\/pages\/82\/revisions"}],"predecessor-version":[{"id":3516,"href":"https:\/\/blogsaverroes.juntadeandalucia.es\/sanlorenzo\/wp-json\/wp\/v2\/pages\/82\/revisions\/3516"}],"wp:attachment":[{"href":"https:\/\/blogsaverroes.juntadeandalucia.es\/sanlorenzo\/wp-json\/wp\/v2\/media?parent=82"}],"curies":[{"name":"wp","href":"https:\/\/api.w.org\/{rel}","templated":true}]}}