{"id":869,"date":"2015-03-16T07:03:52","date_gmt":"2015-03-16T07:03:52","guid":{"rendered":"http:\/\/blogsaverroes.juntadeandalucia.es\/pre\/ceip\/?page_id=84"},"modified":"2024-10-16T06:44:22","modified_gmt":"2024-10-16T06:44:22","slug":"calendario-escolar","status":"publish","type":"page","link":"https:\/\/blogsaverroes.juntadeandalucia.es\/sanlorenzo\/calendario-escolar\/","title":{"rendered":"Calendario escolar"},"content":{"rendered":"<h2>Calendario para el curso escolar 2024\/25<\/h2>\n<h2>Calendario24-25. <a href=\"https:\/\/blogsaverroes.juntadeandalucia.es\/sanlorenzo\/files\/2024\/10\/Calendario-24-25.jpg\" target=\"_blank\" rel=\"noopener\">Enlace<\/a><\/h2>\n<p>Ser\u00e1n festivos de \u00e1mbito nacional:<\/p>\n<ul>\n<li class=\"article-body__text \">&nbsp;<\/li>\n<\/ul>\n<p>Ser\u00e1n festivos de \u00e1mbito auton\u00f3mico:<\/p>\n<ul>\n<li class=\"article-body__text \">&nbsp;<\/li>\n<\/ul>\n<p>Ser\u00e1n d\u00edas no lectivos provinciales:<\/p>\n<ul>\n<li>&nbsp;<\/li>\n<\/ul>\n<p>Ser\u00e1n festivos de \u00e1mbito local:<\/p>\n<ul>\n<li>24 de octubre \/ 29 y 30 de mayo.<\/li>\n<\/ul>\n","protected":false},"excerpt":{"rendered":"<p>Calendario para el curso escolar 2024\/25 Calendario24-25. Enlace Ser\u00e1n festivos de \u00e1mbito nacional: &nbsp; Ser\u00e1n festivos de \u00e1mbito auton\u00f3mico: &nbsp; Ser\u00e1n d\u00edas no lectivos provinciales: &nbsp; Ser\u00e1n festivos de \u00e1mbito local: 24 de octubre \/ 29 y 30 de mayo.<\/p>\n","protected":false},"author":1,"featured_media":0,"parent":0,"menu_order":0,"comment_status":"closed","ping_status":"open","template":"page-cs.php","meta":{"ngg_post_thumbnail":0,"footnotes":"","_mc_calendar":{"weekends":"true","shortcode":"[my_calendar weekends=&quot;true&quot;]","append":""}},"aioseo_notices":[],"_links":{"self":[{"href":"https:\/\/blogsaverroes.juntadeandalucia.es\/sanlorenzo\/wp-json\/wp\/v2\/pages\/869"}],"collection":[{"href":"https:\/\/blogsaverroes.juntadeandalucia.es\/sanlorenzo\/wp-json\/wp\/v2\/pages"}],"about":[{"href":"https:\/\/blogsaverroes.juntadeandalucia.es\/sanlorenzo\/wp-json\/wp\/v2\/types\/page"}],"author":[{"embeddable":true,"href":"https:\/\/blogsaverroes.juntadeandalucia.es\/sanlorenzo\/wp-json\/wp\/v2\/users\/1"}],"replies":[{"embeddable":true,"href":"https:\/\/blogsaverroes.juntadeandalucia.es\/sanlorenzo\/wp-json\/wp\/v2\/comments?post=869"}],"version-history":[{"count":16,"href":"https:\/\/blogsaverroes.juntadeandalucia.es\/sanlorenzo\/wp-json\/wp\/v2\/pages\/869\/revisions"}],"predecessor-version":[{"id":3533,"href":"https:\/\/blogsaverroes.juntadeandalucia.es\/sanlorenzo\/wp-json\/wp\/v2\/pages\/869\/revisions\/3533"}],"wp:attachment":[{"href":"https:\/\/blogsaverroes.juntadeandalucia.es\/sanlorenzo\/wp-json\/wp\/v2\/media?parent=869"}],"curies":[{"name":"wp","href":"https:\/\/api.w.org\/{rel}","templated":true}]}}