{"id":871,"date":"2015-03-16T07:25:46","date_gmt":"2015-03-16T07:25:46","guid":{"rendered":"http:\/\/blogsaverroes.juntadeandalucia.es\/pre\/ceip\/?page_id=106"},"modified":"2024-10-02T14:33:31","modified_gmt":"2024-10-02T14:33:31","slug":"actividades-extraescolares","status":"publish","type":"page","link":"https:\/\/blogsaverroes.juntadeandalucia.es\/sanlorenzo\/actividades-extraescolares\/","title":{"rendered":"Actividades extraescolares"},"content":{"rendered":"<h4>Informaci\u00f3n sobre las actividades extraescolares<\/h4>\n<p style=\"text-align: left\"><a href=\"http:\/\/blogsaverroes.juntadeandalucia.es\/sanlorenzo\/files\/2015\/03\/talleres.jpg\"><img loading=\"lazy\" decoding=\"async\" class=\" alignnone wp-image-228 alignleft\" src=\"http:\/\/blogsaverroes.juntadeandalucia.es\/sanlorenzo\/files\/2015\/03\/talleres-300x199.jpg\" alt=\"\" width=\"298\" height=\"198\" srcset=\"https:\/\/blogsaverroes.juntadeandalucia.es\/sanlorenzo\/files\/2015\/03\/talleres-300x199.jpg 300w, https:\/\/blogsaverroes.juntadeandalucia.es\/sanlorenzo\/files\/2015\/03\/talleres-1024x682.jpg 1024w, https:\/\/blogsaverroes.juntadeandalucia.es\/sanlorenzo\/files\/2015\/03\/talleres.jpg 1280w\" sizes=\"(max-width: 298px) 100vw, 298px\" \/><\/a><\/p>\n<p>Durante el mes de octubre dar\u00e1n comienzo las actividades extraescolares para el curso 24\/25. Como viene siendo habitual, <strong>esta oferta seguir\u00e1 vigente si se mantiene con regularidad el n\u00famero m\u00ednimo&nbsp;<\/strong>de alumnos\/as que se nos exige. Partimos con las siguientes actividades:<\/p>\n<p><strong>ESCA\u00d1UELA<\/strong> (Ed. Infantil):<\/p>\n<ul>\n<li>Lunes y Mi\u00e9rcoles: M\u00fasica y Movimiento.<\/li>\n<li>Martes y Jueves:&nbsp;<strong>No sale la actividad de patinaje<\/strong>&nbsp;por no haber suficientes inscritos. (Estas familias tienen la opci\u00f3n de traer a los ni\u00f1os\/as a la sede de Mu\u00f1ices para la misma actividad)<\/li>\n<\/ul>\n<p>&nbsp;&nbsp;&nbsp;&nbsp;&nbsp;&nbsp;&nbsp;&nbsp;&nbsp;&nbsp;&nbsp; <strong>MU\u00d1ICES<\/strong> (Ed. Primaria):<\/p>\n<ul>\n<li>Lunes y Mi\u00e9rcoles: M\u00fasica y movimiento en Ingl\u00e9s. (comienza en mi\u00e9rcoles 02)<\/li>\n<li>Lunes y Mi\u00e9rcoles: PROA 6\u00ba. Comienza el d\u00eda 07 (Alumnos propuestos por el equipo docente)<\/li>\n<li>Martes y Jueves: PROA 5\u00ba. Comienza el d\u00eda 08 (Alumnos propuestos por el equipo docente)<\/li>\n<li>Martes y Jueves: Baloncesto (comienza el martes 01)<\/li>\n<li>Martes y Jueves: Patinaje (comienza el martes 01)<\/li>\n<li>Actividad de Inform\u00e1tica (CRI-TIC). Para niveles desde 4\u00ba a 6\u00ba. Ser\u00e1 un d\u00eda a la semana por concretar. (Se facilitar\u00e1 la informaci\u00f3n)<\/li>\n<\/ul>\n<p>&nbsp;<\/p>\n<p>&nbsp;<\/p>\n<p>&nbsp;<\/p>\n<p>&nbsp;<\/p>\n","protected":false},"excerpt":{"rendered":"<p>Informaci\u00f3n sobre las actividades extraescolares Durante el mes de octubre dar\u00e1n comienzo las actividades extraescolares para el curso 24\/25. Como viene siendo habitual, esta oferta seguir\u00e1 vigente si se mantiene con regularidad el n\u00famero m\u00ednimo&nbsp;de alumnos\/as que se nos exige. Partimos con las siguientes actividades: ESCA\u00d1UELA (Ed. Infantil): Lunes y Mi\u00e9rcoles: M\u00fasica y Movimiento. Martes &hellip; <\/p>\n<p class=\"link-more\"><a href=\"https:\/\/blogsaverroes.juntadeandalucia.es\/sanlorenzo\/actividades-extraescolares\/\" class=\"more-link\">Continuar leyendo<span class=\"screen-reader-text\"> \u00abActividades extraescolares\u00bb<\/span><\/a><\/p>\n","protected":false},"author":1,"featured_media":0,"parent":0,"menu_order":0,"comment_status":"closed","ping_status":"open","template":"page-cs.php","meta":{"ngg_post_thumbnail":0,"footnotes":"","_mc_calendar":[]},"aioseo_notices":[],"_links":{"self":[{"href":"https:\/\/blogsaverroes.juntadeandalucia.es\/sanlorenzo\/wp-json\/wp\/v2\/pages\/871"}],"collection":[{"href":"https:\/\/blogsaverroes.juntadeandalucia.es\/sanlorenzo\/wp-json\/wp\/v2\/pages"}],"about":[{"href":"https:\/\/blogsaverroes.juntadeandalucia.es\/sanlorenzo\/wp-json\/wp\/v2\/types\/page"}],"author":[{"embeddable":true,"href":"https:\/\/blogsaverroes.juntadeandalucia.es\/sanlorenzo\/wp-json\/wp\/v2\/users\/1"}],"replies":[{"embeddable":true,"href":"https:\/\/blogsaverroes.juntadeandalucia.es\/sanlorenzo\/wp-json\/wp\/v2\/comments?post=871"}],"version-history":[{"count":12,"href":"https:\/\/blogsaverroes.juntadeandalucia.es\/sanlorenzo\/wp-json\/wp\/v2\/pages\/871\/revisions"}],"predecessor-version":[{"id":3514,"href":"https:\/\/blogsaverroes.juntadeandalucia.es\/sanlorenzo\/wp-json\/wp\/v2\/pages\/871\/revisions\/3514"}],"wp:attachment":[{"href":"https:\/\/blogsaverroes.juntadeandalucia.es\/sanlorenzo\/wp-json\/wp\/v2\/media?parent=871"}],"curies":[{"name":"wp","href":"https:\/\/api.w.org\/{rel}","templated":true}]}}