{"id":99,"date":"2015-03-16T07:22:54","date_gmt":"2015-03-16T07:22:54","guid":{"rendered":"http:\/\/blogsaverroes.juntadeandalucia.es\/pre\/ceip\/?page_id=99"},"modified":"2022-10-06T15:51:55","modified_gmt":"2022-10-06T15:51:55","slug":"comedor-escolar","status":"publish","type":"page","link":"https:\/\/blogsaverroes.juntadeandalucia.es\/sanlorenzo\/comedor-escolar\/","title":{"rendered":"Comedor escolar"},"content":{"rendered":"<p>A LA ATENCI\u00d3N DE LAS FAMILIAS USUARIAS DEL SERVICIO DE COMEDOR ESCOLAR 2022\/23<\/p>\n<p>&nbsp;&nbsp;&nbsp;&nbsp;&nbsp;&nbsp;&nbsp;&nbsp;&nbsp;&nbsp;&nbsp;&nbsp;&nbsp;&nbsp;&nbsp; Estimadas familias,<\/p>\n<p>Nos ponemos en contacto con ustedes para comunicarles ciertos procedimientos relacionados con el servicio de comedor:<\/p>\n<ul>\n<li>El pago se realizar\u00e1 s\u00f3lo y exclusivamente a trav\u00e9s de domiciliaci\u00f3n bancaria.<\/li>\n<li>La comunicaci\u00f3n de la NO asistencia deber\u00e1 ser con preaviso m\u00ednimo de <strong>tres<\/strong> d\u00edas. En el supuesto de la NO asistencia sin aviso previo (d\u00edas sueltos), el comensal deber\u00e1 abonar el 100%.<\/li>\n<li>La notificaci\u00f3n de la NO asistencia se debe tramitar a trav\u00e9s del correo de la empresa que presta el servicio:<\/li>\n<\/ul>\n<p><a href=\"mailto:administracion.andalucia@mediterranea-group.com\">administracion.andalucia@mediterranea-group.com<\/a><\/p>\n<ul>\n<li>Si el alumno requiere una dieta especial debe aportar informe del alerg\u00f3logo al mail <a href=\"mailto:dietetica.andalucia@mediterranea-group.com\">andalucia@mediterranea-group.com<\/a>, la dieta la recibir\u00e1 el centro a los 10 d\u00edas de la recepci\u00f3n del informe m\u00e9dico.<\/li>\n<li>Excepcionalmente, y debido a la incorporaci\u00f3n an\u00f3mala de este mes, se empezar\u00e1 a contabilizar el uso del comedor desde el primer d\u00eda de uso, a partir de entonces habr\u00e1 que avisar con antelaci\u00f3n de tres d\u00edas para que no pase a cobro el servicio<\/li>\n<\/ul>\n<p>&nbsp;<\/p>\n<p>Para cualquier duda o consulta pueden contactar con la gesti\u00f3n del servicio en el <strong>952038248<\/strong><\/p>\n<p>Mediterr\u00e1nea Educaci\u00f3n<\/p>\n<hr>\n<p>&nbsp;<\/p>\n<h3>Enlace al <a href=\"https:\/\/drive.google.com\/drive\/folders\/1VNpqga1P2BNBV9bo-gmsQkCUE4fF7kXj\" target=\"_blank\" rel=\"noopener noreferrer\">Men\u00fa del mes<\/a>.<\/h3>\n<p>&nbsp;<\/p>\n<p>&nbsp;<\/p>\n<p>&nbsp;<\/p>\n<p>&nbsp;<\/p>\n<p>&nbsp;<\/p>\n<p>&nbsp;<\/p>\n","protected":false},"excerpt":{"rendered":"<p>A LA ATENCI\u00d3N DE LAS FAMILIAS USUARIAS DEL SERVICIO DE COMEDOR ESCOLAR 2022\/23 &nbsp;&nbsp;&nbsp;&nbsp;&nbsp;&nbsp;&nbsp;&nbsp;&nbsp;&nbsp;&nbsp;&nbsp;&nbsp;&nbsp;&nbsp; Estimadas familias, Nos ponemos en contacto con ustedes para comunicarles ciertos procedimientos relacionados con el servicio de comedor: El pago se realizar\u00e1 s\u00f3lo y exclusivamente a trav\u00e9s de domiciliaci\u00f3n bancaria. La comunicaci\u00f3n de la NO asistencia deber\u00e1 ser con preaviso m\u00ednimo &hellip; <\/p>\n<p class=\"link-more\"><a href=\"https:\/\/blogsaverroes.juntadeandalucia.es\/sanlorenzo\/comedor-escolar\/\" class=\"more-link\">Continuar leyendo<span class=\"screen-reader-text\"> \u00abComedor escolar\u00bb<\/span><\/a><\/p>\n","protected":false},"author":1,"featured_media":0,"parent":0,"menu_order":0,"comment_status":"closed","ping_status":"open","template":"page-cs.php","meta":{"ngg_post_thumbnail":0,"footnotes":"","_mc_calendar":[]},"aioseo_notices":[],"_links":{"self":[{"href":"https:\/\/blogsaverroes.juntadeandalucia.es\/sanlorenzo\/wp-json\/wp\/v2\/pages\/99"}],"collection":[{"href":"https:\/\/blogsaverroes.juntadeandalucia.es\/sanlorenzo\/wp-json\/wp\/v2\/pages"}],"about":[{"href":"https:\/\/blogsaverroes.juntadeandalucia.es\/sanlorenzo\/wp-json\/wp\/v2\/types\/page"}],"author":[{"embeddable":true,"href":"https:\/\/blogsaverroes.juntadeandalucia.es\/sanlorenzo\/wp-json\/wp\/v2\/users\/1"}],"replies":[{"embeddable":true,"href":"https:\/\/blogsaverroes.juntadeandalucia.es\/sanlorenzo\/wp-json\/wp\/v2\/comments?post=99"}],"version-history":[{"count":33,"href":"https:\/\/blogsaverroes.juntadeandalucia.es\/sanlorenzo\/wp-json\/wp\/v2\/pages\/99\/revisions"}],"predecessor-version":[{"id":3361,"href":"https:\/\/blogsaverroes.juntadeandalucia.es\/sanlorenzo\/wp-json\/wp\/v2\/pages\/99\/revisions\/3361"}],"wp:attachment":[{"href":"https:\/\/blogsaverroes.juntadeandalucia.es\/sanlorenzo\/wp-json\/wp\/v2\/media?parent=99"}],"curies":[{"name":"wp","href":"https:\/\/api.w.org\/{rel}","templated":true}]}}