{"id":141,"date":"2015-03-17T07:13:24","date_gmt":"2015-03-17T07:13:24","guid":{"rendered":"http:\/\/blogsaverroes.juntadeandalucia.es\/pre\/ceip\/?page_id=141"},"modified":"2021-03-03T09:02:35","modified_gmt":"2021-03-03T09:02:35","slug":"escolarizacion","status":"publish","type":"page","link":"https:\/\/blogsaverroes.juntadeandalucia.es\/sansebastianpuntaumbria\/escolarizacion\/","title":{"rendered":"Escolarizaci\u00f3n"},"content":{"rendered":"<p>FOLLETO <a href=\"https:\/\/blogsaverroes.juntadeandalucia.es\/sansebastianpuntaumbria\/files\/2021\/03\/INFORMACION-ESCOLARIZACI\u00d3N-b.pdf\"><img loading=\"lazy\" decoding=\"async\" class=\"alignnone wp-image-3176 size-full\" src=\"https:\/\/blogsaverroes.juntadeandalucia.es\/sansebastianpuntaumbria\/files\/2021\/03\/Informacion.png\" alt=\"\" width=\"644\" height=\"456\" srcset=\"https:\/\/blogsaverroes.juntadeandalucia.es\/sansebastianpuntaumbria\/files\/2021\/03\/Informacion.png 644w, https:\/\/blogsaverroes.juntadeandalucia.es\/sansebastianpuntaumbria\/files\/2021\/03\/Informacion-300x212.png 300w\" sizes=\"(max-width: 644px) 100vw, 644px\" \/><\/a><\/p>\n<p><a href=\"https:\/\/blogsaverroes.juntadeandalucia.es\/sansebastianpuntaumbria\/files\/2021\/03\/FOLLETO.pdf\"><img loading=\"lazy\" decoding=\"async\" class=\"alignnone wp-image-3174 size-full\" src=\"https:\/\/blogsaverroes.juntadeandalucia.es\/sansebastianpuntaumbria\/files\/2021\/03\/Folleto.jpg\" alt=\"\" width=\"895\" height=\"635\" srcset=\"https:\/\/blogsaverroes.juntadeandalucia.es\/sansebastianpuntaumbria\/files\/2021\/03\/Folleto.jpg 895w, https:\/\/blogsaverroes.juntadeandalucia.es\/sansebastianpuntaumbria\/files\/2021\/03\/Folleto-300x213.jpg 300w, https:\/\/blogsaverroes.juntadeandalucia.es\/sansebastianpuntaumbria\/files\/2021\/03\/Folleto-768x545.jpg 768w, https:\/\/blogsaverroes.juntadeandalucia.es\/sansebastianpuntaumbria\/files\/2021\/03\/Folleto-700x497.jpg 700w\" sizes=\"(max-width: 895px) 100vw, 895px\" \/><\/a><\/p>\n<p><a href=\"https:\/\/blogsaverroes.juntadeandalucia.es\/sansebastianpuntaumbria\/files\/2021\/03\/oferta-educativa.pdf.pdf\">Oferta educativa<\/a><\/p>\n<p><a href=\"https:\/\/blogsaverroes.juntadeandalucia.es\/sansebastianpuntaumbria\/files\/2021\/03\/Relaci\u00f3n-de-normativa-procedimiento-de-admisi\u00f3n.odt.pdf\">Relaci\u00f3n de Normativa en el proceso de admisi\u00f3n<\/a><\/p>\n<p><a title=\"Portal escolarizaci\u00f3n\" href=\"http:\/\/www.juntadeandalucia.es\/educacion\/webportal\/web\/portal-escolarizacion\/infantil-primaria-eso-bachillerato\" target=\"_blank\" rel=\"noopener noreferrer\">Enlace al portal de escolarizaci\u00f3n<\/a><\/p>\n<p><iframe loading=\"lazy\" src=\"https:\/\/www.youtube.com\/embed\/HHPoC72AAmY\" width=\"560\" height=\"315\" frameborder=\"0\"><\/iframe><\/p>\n<p><a href=\"https:\/\/blogsaverroes.juntadeandalucia.es\/sansebastianpuntaumbria\/files\/2021\/03\/Anexo-I.-Calendario-de-admisi\u00f3n-2\u00ba-Ciclo-de-Infantil-y-Primaria.pdf\">Anexo I. Calendario de admisi\u00f3n 2\u00ba Ciclo de Infantil y Primaria<\/a><\/p>\n<p><a href=\"https:\/\/blogsaverroes.juntadeandalucia.es\/sansebastianpuntaumbria\/files\/2021\/03\/Anexo-III-admisi\u00f3n-2021.pdf\">Anexo III. Admisi\u00f3n 2021<\/a><\/p>\n<p><a href=\"https:\/\/blogsaverroes.juntadeandalucia.es\/sansebastianpuntaumbria\/files\/2021\/03\/Anexo-IV.-Criterios-Baremac-Desempat-Sorteo.-CEIP.-IES.pdf\">Anexo IV. Criterios de baremaci\u00f3n, desempate, sorteo&#8230;<\/a><\/p>\n<p><a href=\"https:\/\/blogsaverroes.juntadeandalucia.es\/sansebastianpuntaumbria\/files\/2021\/03\/Anexo-V-\u00c1reas-de-influencia.-2\u00ba-ciclo-Infantil-y-Primaria.pdf\">Anexo V. \u00c1reas de influencia. 2\u00ba Ciclo de Infantil y Primaria<\/a><\/p>\n<p><a href=\"https:\/\/blogsaverroes.juntadeandalucia.es\/sansebastianpuntaumbria\/files\/2021\/03\/Anexo-VIII-Reserva-ANEAE-3-a\u00f1os.pdf\">Anexo VIII. Reserva ANEAE 3 a\u00f1os<\/a><\/p>\n<p>&nbsp;<\/p>\n<p>&nbsp;<\/p>\n","protected":false},"excerpt":{"rendered":"<p>FOLLETO Oferta educativa Relaci\u00f3n de Normativa en el proceso de admisi\u00f3n Enlace al portal de escolarizaci\u00f3n Anexo I. Calendario de admisi\u00f3n 2\u00ba Ciclo de Infantil y Primaria Anexo III. Admisi\u00f3n 2021 Anexo IV. Criterios&#46;&#46;&#46;<\/p>\n","protected":false},"author":1,"featured_media":2837,"parent":0,"menu_order":0,"comment_status":"closed","ping_status":"open","template":"","meta":{"ngg_post_thumbnail":0,"footnotes":"","_mc_calendar":[]},"aioseo_notices":[],"_links":{"self":[{"href":"https:\/\/blogsaverroes.juntadeandalucia.es\/sansebastianpuntaumbria\/wp-json\/wp\/v2\/pages\/141"}],"collection":[{"href":"https:\/\/blogsaverroes.juntadeandalucia.es\/sansebastianpuntaumbria\/wp-json\/wp\/v2\/pages"}],"about":[{"href":"https:\/\/blogsaverroes.juntadeandalucia.es\/sansebastianpuntaumbria\/wp-json\/wp\/v2\/types\/page"}],"author":[{"embeddable":true,"href":"https:\/\/blogsaverroes.juntadeandalucia.es\/sansebastianpuntaumbria\/wp-json\/wp\/v2\/users\/1"}],"replies":[{"embeddable":true,"href":"https:\/\/blogsaverroes.juntadeandalucia.es\/sansebastianpuntaumbria\/wp-json\/wp\/v2\/comments?post=141"}],"version-history":[{"count":8,"href":"https:\/\/blogsaverroes.juntadeandalucia.es\/sansebastianpuntaumbria\/wp-json\/wp\/v2\/pages\/141\/revisions"}],"predecessor-version":[{"id":3186,"href":"https:\/\/blogsaverroes.juntadeandalucia.es\/sansebastianpuntaumbria\/wp-json\/wp\/v2\/pages\/141\/revisions\/3186"}],"wp:featuredmedia":[{"embeddable":true,"href":"https:\/\/blogsaverroes.juntadeandalucia.es\/sansebastianpuntaumbria\/wp-json\/wp\/v2\/media\/2837"}],"wp:attachment":[{"href":"https:\/\/blogsaverroes.juntadeandalucia.es\/sansebastianpuntaumbria\/wp-json\/wp\/v2\/media?parent=141"}],"curies":[{"name":"wp","href":"https:\/\/api.w.org\/{rel}","templated":true}]}}