{"id":2370,"date":"2018-03-19T12:12:16","date_gmt":"2018-03-19T12:12:16","guid":{"rendered":"https:\/\/blogsaverroes.juntadeandalucia.es\/sansebastianpuntaumbria\/?page_id=2370"},"modified":"2019-01-09T11:09:28","modified_gmt":"2019-01-09T11:09:28","slug":"personal-del-centro","status":"publish","type":"page","link":"https:\/\/blogsaverroes.juntadeandalucia.es\/sansebastianpuntaumbria\/personal-del-centro\/","title":{"rendered":"Personal del centro"},"content":{"rendered":"<ul>\n<li><span style=\"text-decoration: underline\"><em>Administraci\u00f3n<\/em><\/span>: Carmen Carrasco Rodr\u00edguez<\/li>\n<\/ul>\n<p>&nbsp;<\/p>\n<ul>\n<li><span style=\"text-decoration: underline\"><em>Conserjer\u00eda<\/em><\/span>: Miguel Acedo Amigo<\/li>\n<\/ul>\n","protected":false},"excerpt":{"rendered":"<p>Administraci\u00f3n: Carmen Carrasco Rodr\u00edguez &nbsp; Conserjer\u00eda: Miguel Acedo Amigo<\/p>\n","protected":false},"author":5929,"featured_media":0,"parent":0,"menu_order":0,"comment_status":"closed","ping_status":"closed","template":"","meta":{"ngg_post_thumbnail":0,"footnotes":"","_mc_calendar":[]},"aioseo_notices":[],"_links":{"self":[{"href":"https:\/\/blogsaverroes.juntadeandalucia.es\/sansebastianpuntaumbria\/wp-json\/wp\/v2\/pages\/2370"}],"collection":[{"href":"https:\/\/blogsaverroes.juntadeandalucia.es\/sansebastianpuntaumbria\/wp-json\/wp\/v2\/pages"}],"about":[{"href":"https:\/\/blogsaverroes.juntadeandalucia.es\/sansebastianpuntaumbria\/wp-json\/wp\/v2\/types\/page"}],"author":[{"embeddable":true,"href":"https:\/\/blogsaverroes.juntadeandalucia.es\/sansebastianpuntaumbria\/wp-json\/wp\/v2\/users\/5929"}],"replies":[{"embeddable":true,"href":"https:\/\/blogsaverroes.juntadeandalucia.es\/sansebastianpuntaumbria\/wp-json\/wp\/v2\/comments?post=2370"}],"version-history":[{"count":3,"href":"https:\/\/blogsaverroes.juntadeandalucia.es\/sansebastianpuntaumbria\/wp-json\/wp\/v2\/pages\/2370\/revisions"}],"predecessor-version":[{"id":2612,"href":"https:\/\/blogsaverroes.juntadeandalucia.es\/sansebastianpuntaumbria\/wp-json\/wp\/v2\/pages\/2370\/revisions\/2612"}],"wp:attachment":[{"href":"https:\/\/blogsaverroes.juntadeandalucia.es\/sansebastianpuntaumbria\/wp-json\/wp\/v2\/media?parent=2370"}],"curies":[{"name":"wp","href":"https:\/\/api.w.org\/{rel}","templated":true}]}}